{"id":203,"date":"2024-05-15T02:30:54","date_gmt":"2024-05-15T02:30:54","guid":{"rendered":"https:\/\/showerglasshardware.com\/?page_id=203"},"modified":"2025-11-15T16:01:27","modified_gmt":"2025-11-15T16:01:27","slug":"refund_returns","status":"publish","type":"page","link":"https:\/\/showerglasshardware.com\/de-de\/refund_returns\/","title":{"rendered":"R\u00fcckerstattungs- und R\u00fcckgaberecht"},"content":{"rendered":"<div data-elementor-type=\"wp-page\" data-elementor-id=\"203\" class=\"elementor elementor-203\" data-elementor-post-type=\"page\">\n\t\t\t\t<div class=\"elementor-element elementor-element-03f6c55 e-flex e-con-boxed e-con e-parent\" data-id=\"03f6c55\" data-element_type=\"container\" data-e-type=\"container\">\n\t\t\t\t\t<div class=\"e-con-inner\">\n\t\t\t\t<div class=\"elementor-element elementor-element-0c45c87 elementor-widget elementor-widget-heading\" data-id=\"0c45c87\" data-element_type=\"widget\" data-e-type=\"widget\" data-widget_type=\"heading.default\">\n\t\t\t\t\t<h1 class=\"elementor-heading-title elementor-size-default\">Erstattung und R\u00fcckgabe<\/h1>\t\t\t\t<\/div>\n\t\t\t\t\t<\/div>\n\t\t\t\t<\/div>\n\t\t<div class=\"elementor-element elementor-element-ea29af8 e-flex e-con-boxed e-con e-parent\" data-id=\"ea29af8\" data-element_type=\"container\" data-e-type=\"container\">\n\t\t\t\t\t<div class=\"e-con-inner\">\n\t\t\t\t<div class=\"elementor-element elementor-element-814e929 elementor-widget elementor-widget-heading\" data-id=\"814e929\" data-element_type=\"widget\" data-e-type=\"widget\" data-widget_type=\"heading.default\">\n\t\t\t\t\t<h2 class=\"elementor-heading-title elementor-size-default\">R\u00fcckgaberecht<\/h2>\t\t\t\t<\/div>\n\t\t\t\t<div class=\"elementor-element elementor-element-aa9214c elementor-widget elementor-widget-text-editor\" data-id=\"aa9214c\" data-element_type=\"widget\" data-e-type=\"widget\" data-widget_type=\"text-editor.default\">\n\t\t\t\t\t\t\t\t\t<p>Sie k\u00f6nnen die meisten neuen, unge\u00f6ffneten Artikel innerhalb von 30 Tagen nach Lieferung gegen volle R\u00fcckerstattung zur\u00fcckgeben. Wir \u00fcbernehmen auch die R\u00fccksendekosten, wenn die R\u00fccksendung auf einen Fehler unsererseits zur\u00fcckzuf\u00fchren ist (Sie haben einen falschen oder defekten Artikel erhalten usw.). Wenn die R\u00fccksendung nicht auf einen Fehler unsererseits zur\u00fcckzuf\u00fchren ist, tr\u00e4gt der Kunde die Kosten f\u00fcr die R\u00fccksendung und es f\u00e4llt eine 35% Wiedereinlagerungsgeb\u00fchr an.<\/p><p>Die vollst\u00e4ndigen R\u00fcckgabebedingungen finden Sie weiter unten.\u00a0<\/p><p>Sie sollten damit rechnen, Ihre R\u00fcckerstattung innerhalb von vier Wochen nach \u00dcbergabe Ihres Pakets an den R\u00fccksendeversender zu erhalten. In vielen F\u00e4llen erhalten Sie die R\u00fcckerstattung jedoch schneller. Dieser Zeitraum umfasst die Transportzeit, die wir ben\u00f6tigen, um Ihre R\u00fccksendung vom Versender zu erhalten (5 bis 10 Werktage), die Zeit, die wir ben\u00f6tigen, um Ihre R\u00fccksendung nach Erhalt zu bearbeiten (3 bis 5 Werktage) und die Zeit, die Ihre Bank ben\u00f6tigt, um unseren R\u00fcckerstattungsantrag zu bearbeiten (5 bis 10 Werktage).<\/p><p><strong data-immersive-translate-walked=\"947564be-88b1-4c91-bd5d-3735e231154f\" data-immersive-translate-paragraph=\"1\">Wenn Sie einen Artikel zur\u00fcckgeben m\u00fcssen, bitte <a href=\"https:\/\/showerglasshardware.com\/index.php\/contact\/\">kontaktiere uns<\/a>\u00a0mit Ihrer Bestellnummer und Einzelheiten zu dem Produkt, das Sie zur\u00fcckgeben m\u00f6chten. Wir werden Ihnen umgehend antworten und Ihnen Anweisungen zur R\u00fcckgabe von Artikeln aus Ihrer Bestellung geben.<\/strong><\/p>\t\t\t\t\t\t\t\t<\/div>\n\t\t\t\t\t<\/div>\n\t\t\t\t<\/div>\n\t\t<div class=\"elementor-element elementor-element-6e3e508 e-flex e-con-boxed e-con e-parent\" data-id=\"6e3e508\" data-element_type=\"container\" data-e-type=\"container\">\n\t\t\t\t\t<div class=\"e-con-inner\">\n\t\t\t\t<div class=\"elementor-element elementor-element-6304eab elementor-widget elementor-widget-heading\" data-id=\"6304eab\" data-element_type=\"widget\" data-e-type=\"widget\" data-widget_type=\"heading.default\">\n\t\t\t\t\t<h2 class=\"elementor-heading-title elementor-size-default\">Versand<\/h2>\t\t\t\t<\/div>\n\t\t\t\t<div class=\"elementor-element elementor-element-22c902d elementor-widget elementor-widget-text-editor\" data-id=\"22c902d\" data-element_type=\"widget\" data-e-type=\"widget\" data-widget_type=\"text-editor.default\">\n\t\t\t\t\t\t\t\t\t<p>Wir k\u00f6nnen an praktisch jede Adresse weltweit in jedem Land versenden. Beachten Sie, dass f\u00fcr einige Produkte Einschr\u00e4nkungen gelten und wir nicht an internationale Ziele versenden k\u00f6nnen.<\/p>\n<p>Wenn Sie eine Bestellung aufgeben, sch\u00e4tzen wir f\u00fcr Sie die Versand- und Liefertermine basierend auf der Verf\u00fcgbarkeit Ihrer Artikel.<\/p>\n<p>Bitte beachten Sie auch, dass die Versandkosten f\u00fcr viele von uns verkaufte Artikel gewichtsabh\u00e4ngig sind. Das Gewicht eines solchen Artikels finden Sie auf der jeweiligen Detailseite. Um den Richtlinien der von uns genutzten Versandunternehmen zu entsprechen, werden alle Gewichte auf das n\u00e4chste volle Pfund aufgerundet.<strong data-immersive-translate-walked=\"947564be-88b1-4c91-bd5d-3735e231154f\" data-immersive-translate-paragraph=\"1\">.<\/strong><\/p>\n<p><span data-immersive-translate-walked=\"947564be-88b1-4c91-bd5d-3735e231154f\">Bestellungen werden in der Regel innerhalb von 1-2 Werktagen versandt. Bitte beachten Sie, dass Bestellungen, die nach\u00a0<\/span><span data-immersive-translate-walked=\"947564be-88b1-4c91-bd5d-3735e231154f\">15:00 Uhr ET wird normalerweise erst am n\u00e4chsten Werktag versendet. Wenn Sie eine Expressversandmethode wie zwei Tage oder \u00fcber Nacht w\u00e4hlen, m\u00fcssen Sie die Bearbeitungszeit ber\u00fccksichtigen. Bestellungen, die am Freitag nach 15:00 Uhr ET eingehen, werden erst am folgenden Montag bearbeitet. An Feiertagen und Wochenenden bearbeiten wir keine Bestellungen.<\/span><\/p>\t\t\t\t\t\t\t\t<\/div>\n\t\t\t\t\t<\/div>\n\t\t\t\t<\/div>\n\t\t<div class=\"elementor-element elementor-element-b9aa0ff e-flex e-con-boxed e-con e-parent\" data-id=\"b9aa0ff\" data-element_type=\"container\" data-e-type=\"container\">\n\t\t\t\t\t<div class=\"e-con-inner\">\n\t\t\t\t<div class=\"elementor-element elementor-element-becb14a elementor-widget elementor-widget-text-editor\" data-id=\"becb14a\" data-element_type=\"widget\" data-e-type=\"widget\" data-widget_type=\"text-editor.default\">\n\t\t\t\t\t\t\t\t\t<p>Wenn Sie einen Kommentar oder eine Frage haben, senden Sie uns bitte eine E-Mail \u00fcber das unten stehende Formular.<\/p>\t\t\t\t\t\t\t\t<\/div>\n\t\t\t\t<div class=\"elementor-element elementor-element-5d53d7b elementor-widget elementor-widget-wpforms\" data-id=\"5d53d7b\" data-element_type=\"widget\" data-e-type=\"widget\" data-widget_type=\"wpforms.default\">\n\t\t\t\t<div class=\"elementor-widget-container\">\n\t\t\t\t\t<div class=\"wpforms-container wpforms-container-full wpforms-render-modern\" id=\"wpforms-275\"><form id=\"wpforms-form-275\" class=\"wpforms-validate wpforms-form wpforms-ajax-form\" data-formid=\"275\" method=\"post\" enctype=\"multipart\/form-data\" action=\"\/de-de\/wp-json\/wp\/v2\/pages\/203\" data-token=\"8e1df6f8229a5aec1fb3dc303871e9c7\" data-token-time=\"1776760596\" data-trp-original-action=\"\/de-de\/wp-json\/wp\/v2\/pages\/203\"><noscript class=\"wpforms-error-noscript\">Bitte aktivieren Sie JavaScript in Ihrem Browser, um dieses Formular fertigzustellen.<\/noscript><div id=\"wpforms-error-noscript\" style=\"display: none;\">Bitte aktivieren Sie JavaScript in Ihrem Browser, um dieses Formular fertigzustellen.<\/div><div class=\"wpforms-field-container\"><div id=\"wpforms-275-field_0-container\" class=\"wpforms-field wpforms-field-name\" data-field-id=\"0\"><label class=\"wpforms-field-label\" for=\"wpforms-275-field_0\">Name <span class=\"wpforms-required-label\" aria-hidden=\"true\">*<\/span><\/label><input type=\"text\" id=\"wpforms-275-field_0\" class=\"wpforms-field-large wpforms-field-required\" name=\"wpforms[fields][0]\" aria-errormessage=\"wpforms-275-field_0-error\" required><\/div><div id=\"wpforms-275-field_4-container\" class=\"wpforms-field wpforms-field-text\" data-field-id=\"4\"><label class=\"wpforms-field-label\" for=\"wpforms-275-field_4\">Name des Unternehmens<\/label><input type=\"text\" id=\"wpforms-275-field_4\" class=\"wpforms-field-large\" name=\"wpforms[fields][4]\" aria-errormessage=\"wpforms-275-field_4-error\" ><\/div><div id=\"wpforms-275-field_5-container\" class=\"wpforms-field wpforms-field-text\" data-field-id=\"5\"><label class=\"wpforms-field-label\" for=\"wpforms-275-field_5\">Erforderliches monatliches Volumen \/ Projektgr\u00f6\u00dfe<\/label><input type=\"text\" id=\"wpforms-275-field_5\" class=\"wpforms-field-large\" name=\"wpforms[fields][5]\" aria-errormessage=\"wpforms-275-field_5-error\" ><\/div><div id=\"wpforms-275-field_3-container\" class=\"wpforms-field wpforms-field-email\" data-field-id=\"3\"><label class=\"wpforms-field-label\" for=\"wpforms-275-field_3\">Email <span class=\"wpforms-required-label\" aria-hidden=\"true\">*<\/span><\/label><input type=\"email\" id=\"wpforms-275-field_3\" class=\"wpforms-field-large wpforms-field-required\" name=\"wpforms[fields][3]\" spellcheck=\"false\" aria-errormessage=\"wpforms-275-field_3-error\" required><\/div><div id=\"wpforms-275-field_2-container\" class=\"wpforms-field wpforms-field-textarea\" data-field-id=\"2\"><label class=\"wpforms-field-label\" for=\"wpforms-275-field_2\">Kommentar oder Nachricht<\/label><textarea id=\"wpforms-275-field_2\" class=\"wpforms-field-medium\" name=\"wpforms[fields][2]\" aria-errormessage=\"wpforms-275-field_2-error\" ><\/textarea><\/div><div id=\"wpforms-275-field_6-container\" class=\"wpforms-field wpforms-field-hidden\" data-field-id=\"6\"><input type=\"hidden\" id=\"wpforms-275-field_6\" name=\"wpforms[fields][6]\"><\/div><\/div><!-- .wpforms-field-container --><div class=\"wpforms-recaptcha-container wpforms-is-recaptcha wpforms-is-recaptcha-type-v3\" ><input type=\"hidden\" name=\"wpforms[recaptcha]\" value=\"\"><\/div><div class=\"wpforms-submit-container\" ><input type=\"hidden\" name=\"wpforms[id]\" value=\"275\"><input type=\"hidden\" name=\"page_title\" value=\"\"><input type=\"hidden\" name=\"page_url\" value=\"https:\/\/showerglasshardware.com\/de-de\/wp-json\/wp\/v2\/pages\/203\"><input type=\"hidden\" name=\"url_referer\" value=\"\"><button type=\"submit\" name=\"wpforms[submit]\" id=\"wpforms-submit-275\" class=\"wpforms-submit\" data-alt-text=\"Sending...\" data-submit-text=\"Get Wholesale Catalog\" aria-live=\"assertive\" value=\"wpforms-submit\">Gro\u00dfhandelskatalog erhalten<\/button><img decoding=\"async\" src=\"https:\/\/showerglasshardware.com\/wp-content\/plugins\/wpforms\/assets\/images\/submit-spin.svg\" class=\"wpforms-submit-spinner\" style=\"display: none;\" width=\"26\" height=\"26\" alt=\"Wird geladen\" title=\"\"><\/div><input type=\"hidden\" name=\"trp-form-language\" value=\"de-de\"\/><\/form><\/div>  <!-- .wpforms-container -->\t\t\t\t<\/div>\n\t\t\t\t<\/div>\n\t\t\t\t\t<\/div>\n\t\t\t\t<\/div>\n\t\t\t\t<\/div>","protected":false},"excerpt":{"rendered":"<p>R\u00fcckerstattung und R\u00fcckgabe R\u00fcckgaberichtlinien Sie k\u00f6nnen die meisten neuen, unge\u00f6ffneten Artikel innerhalb von 30 Tagen nach Lieferung gegen volle R\u00fcckerstattung zur\u00fcckgeben. Wir \u00fcbernehmen auch die Kosten f\u00fcr die R\u00fccksendung, wenn die R\u00fcckgabe auf einen Fehler unsererseits zur\u00fcckzuf\u00fchren ist (Sie haben einen falschen oder defekten Artikel erhalten usw.). Wenn die R\u00fcckgabe nicht auf einen Fehler unsererseits zur\u00fcckzuf\u00fchren ist, [...]<\/p>","protected":false},"author":1,"featured_media":0,"parent":0,"menu_order":0,"comment_status":"closed","ping_status":"closed","template":"","meta":{"_acf_changed":false,"footnotes":""},"class_list":["post-203","page","type-page","status-publish","hentry"],"acf":[],"_links":{"self":[{"href":"https:\/\/showerglasshardware.com\/de-de\/wp-json\/wp\/v2\/pages\/203","targetHints":{"allow":["GET"]}}],"collection":[{"href":"https:\/\/showerglasshardware.com\/de-de\/wp-json\/wp\/v2\/pages"}],"about":[{"href":"https:\/\/showerglasshardware.com\/de-de\/wp-json\/wp\/v2\/types\/page"}],"author":[{"embeddable":true,"href":"https:\/\/showerglasshardware.com\/de-de\/wp-json\/wp\/v2\/users\/1"}],"replies":[{"embeddable":true,"href":"https:\/\/showerglasshardware.com\/de-de\/wp-json\/wp\/v2\/comments?post=203"}],"version-history":[{"count":7,"href":"https:\/\/showerglasshardware.com\/de-de\/wp-json\/wp\/v2\/pages\/203\/revisions"}],"predecessor-version":[{"id":4974,"href":"https:\/\/showerglasshardware.com\/de-de\/wp-json\/wp\/v2\/pages\/203\/revisions\/4974"}],"wp:attachment":[{"href":"https:\/\/showerglasshardware.com\/de-de\/wp-json\/wp\/v2\/media?parent=203"}],"curies":[{"name":"wp","href":"https:\/\/api.w.org\/{rel}","templated":true}]}}