{"id":32,"date":"2024-03-20T01:19:06","date_gmt":"2024-03-20T01:19:06","guid":{"rendered":"https:\/\/showerglasshardware.com\/?page_id=32"},"modified":"2025-09-25T14:34:31","modified_gmt":"2025-09-25T14:34:31","slug":"contact","status":"publish","type":"page","link":"https:\/\/showerglasshardware.com\/de-de\/contact\/","title":{"rendered":"Kontakt"},"content":{"rendered":"<div data-elementor-type=\"wp-page\" data-elementor-id=\"32\" class=\"elementor elementor-32\" data-elementor-post-type=\"page\">\n\t\t\t\t<div class=\"elementor-element elementor-element-600f5997 e-flex e-con-boxed e-con e-parent\" data-id=\"600f5997\" data-element_type=\"container\" data-e-type=\"container\" data-settings=\"{&quot;background_background&quot;:&quot;classic&quot;}\">\n\t\t\t\t\t<div class=\"e-con-inner\">\n\t\t\t\t<div class=\"elementor-element elementor-element-1a54671a elementor-widget__width-initial elementor-widget elementor-widget-heading\" data-id=\"1a54671a\" data-element_type=\"widget\" data-e-type=\"widget\" data-widget_type=\"heading.default\">\n\t\t\t\t\t<h1 class=\"elementor-heading-title elementor-size-default\">Kontaktiere uns<\/h1>\t\t\t\t<\/div>\n\t\t\t\t<div class=\"elementor-element elementor-element-64d41f30 elementor-widget__width-initial elementor-widget elementor-widget-text-editor\" data-id=\"64d41f30\" data-element_type=\"widget\" data-e-type=\"widget\" data-widget_type=\"text-editor.default\">\n\t\t\t\t\t\t\t\t\t<p>Lassen Sie Shower Glass Hardware Ihr vertrauensvoller Partner bei der Gestaltung des perfekten Duschbereichs sein. Erleben Sie den Unterschied mit unserer hochwertigen Hardware und au\u00dfergew\u00f6hnlichen Service.<\/p>\t\t\t\t\t\t\t\t<\/div>\n\t\t\t\t\t<\/div>\n\t\t\t\t<\/div>\n\t\t<div class=\"elementor-element elementor-element-8d1c1b5 e-flex e-con-boxed e-con e-parent\" data-id=\"8d1c1b5\" data-element_type=\"container\" data-e-type=\"container\">\n\t\t\t\t\t<div class=\"e-con-inner\">\n\t\t<div class=\"elementor-element elementor-element-ab13eb8 e-con-full e-flex e-con e-child\" data-id=\"ab13eb8\" data-element_type=\"container\" data-e-type=\"container\">\n\t\t\t\t<div class=\"elementor-element elementor-element-0b96aa0 elementor-widget elementor-widget-heading\" data-id=\"0b96aa0\" data-element_type=\"widget\" data-e-type=\"widget\" data-widget_type=\"heading.default\">\n\t\t\t\t\t<h2 class=\"elementor-heading-title elementor-size-default\">Wie k\u00f6nnen wir helfen?<\/h2>\t\t\t\t<\/div>\n\t\t\t\t<\/div>\n\t\t<div class=\"elementor-element elementor-element-bf4e39f e-con-full e-flex e-con e-child\" data-id=\"bf4e39f\" data-element_type=\"container\" data-e-type=\"container\">\n\t\t\t\t<div class=\"elementor-element elementor-element-40653d35 elementor-widget elementor-widget-heading\" data-id=\"40653d35\" data-element_type=\"widget\" data-e-type=\"widget\" data-widget_type=\"heading.default\">\n\t\t\t\t\t<h2 class=\"elementor-heading-title elementor-size-default\">Wir sind bereit zu helfen<\/h2>\t\t\t\t<\/div>\n\t\t\t\t<div class=\"elementor-element elementor-element-2a861825 elementor-widget__width-initial elementor-widget elementor-widget-text-editor\" data-id=\"2a861825\" data-element_type=\"widget\" data-e-type=\"widget\" data-widget_type=\"text-editor.default\">\n\t\t\t\t\t\t\t\t\t<p>Z\u00f6gern Sie nicht \u2013 wir helfen Ihnen gerne weiter<\/p>\t\t\t\t\t\t\t\t<\/div>\n\t\t\t\t<div class=\"elementor-element elementor-element-157abfb3 elementor-invisible elementor-widget elementor-widget-image-box\" data-id=\"157abfb3\" data-element_type=\"widget\" data-e-type=\"widget\" data-settings=\"{&quot;_animation&quot;:&quot;slideInUp&quot;,&quot;_animation_delay&quot;:100}\" data-widget_type=\"image-box.default\">\n\t\t\t\t\t<div class=\"elementor-image-box-wrapper\"><div class=\"elementor-image-box-content\"><h3 class=\"elementor-image-box-title\">Email Kontakt<\/h3><p class=\"elementor-image-box-description\">info@showerglasshardware.com<\/p><\/div><\/div>\t\t\t\t<\/div>\n\t\t\t\t<div class=\"elementor-element elementor-element-d0525e elementor-invisible elementor-widget elementor-widget-image-box\" data-id=\"d0525e\" data-element_type=\"widget\" data-e-type=\"widget\" data-settings=\"{&quot;_animation&quot;:&quot;slideInUp&quot;,&quot;_animation_delay&quot;:300}\" data-widget_type=\"image-box.default\">\n\t\t\t\t\t<div class=\"elementor-image-box-wrapper\"><div class=\"elementor-image-box-content\"><h3 class=\"elementor-image-box-title\">Arbeitszeit<\/h3><p class=\"elementor-image-box-description\">Mo - Fr<br>\n10:00 - 18:00 Uhr<\/p><\/div><\/div>\t\t\t\t<\/div>\n\t\t\t\t<div class=\"elementor-element elementor-element-5689c7e elementor-invisible elementor-widget elementor-widget-image-box\" data-id=\"5689c7e\" data-element_type=\"widget\" data-e-type=\"widget\" data-settings=\"{&quot;_animation&quot;:&quot;slideInUp&quot;,&quot;_animation_delay&quot;:300}\" data-widget_type=\"image-box.default\">\n\t\t\t\t\t<div class=\"elementor-image-box-wrapper\"><div class=\"elementor-image-box-content\"><h3 class=\"elementor-image-box-title\">Adresse<\/h3><p class=\"elementor-image-box-description\">Dorf Sha shui, Gemeinde Laobian, Stadt Danzao, Nanhai, Foshan, Guangdong, China<\/p><\/div><\/div>\t\t\t\t<\/div>\n\t\t\t\t<\/div>\n\t\t\t\t\t<\/div>\n\t\t\t\t<\/div>\n\t\t\t\t<\/div>","protected":false},"excerpt":{"rendered":"<p>Kontaktieren Sie uns Lassen Sie Shower Glass Hardware Ihr zuverl\u00e4ssiger Partner sein, wenn es darum geht, den perfekten Duschraum zu schaffen. Erleben Sie den Unterschied mit unseren qualitativ hochwertigen Beschl\u00e4gen und unserem au\u00dfergew\u00f6hnlichen Service. Wie k\u00f6nnen wir helfen? \u8bf7\u5728\u6d4f\u89c8\u5668\u4e2d\u542f\u7528JavaScript\u6765\u5b8c\u6210\u6b64\u8868\u5355\u3002\u8bf7\u5728\u6d4f\u89c8\u5668\u4e2d\u542f\u7528JavaScript\u6765\u5b8c\u6210\u6b64\u8868\u5355\u3002Name *Email *Kommentar oder Nachricht senden Wir sind bereit zu helfen Z\u00f6gern Sie nicht - wir sind hier, um Ihnen zu helfen, was auch immer Sie brauchen E-Mail-Kontakt [...]<\/p>","protected":false},"author":1,"featured_media":0,"parent":0,"menu_order":0,"comment_status":"closed","ping_status":"closed","template":"","meta":{"_acf_changed":false,"footnotes":""},"class_list":["post-32","page","type-page","status-publish","hentry"],"acf":[],"_links":{"self":[{"href":"https:\/\/showerglasshardware.com\/de-de\/wp-json\/wp\/v2\/pages\/32","targetHints":{"allow":["GET"]}}],"collection":[{"href":"https:\/\/showerglasshardware.com\/de-de\/wp-json\/wp\/v2\/pages"}],"about":[{"href":"https:\/\/showerglasshardware.com\/de-de\/wp-json\/wp\/v2\/types\/page"}],"author":[{"embeddable":true,"href":"https:\/\/showerglasshardware.com\/de-de\/wp-json\/wp\/v2\/users\/1"}],"replies":[{"embeddable":true,"href":"https:\/\/showerglasshardware.com\/de-de\/wp-json\/wp\/v2\/comments?post=32"}],"version-history":[{"count":10,"href":"https:\/\/showerglasshardware.com\/de-de\/wp-json\/wp\/v2\/pages\/32\/revisions"}],"predecessor-version":[{"id":4783,"href":"https:\/\/showerglasshardware.com\/de-de\/wp-json\/wp\/v2\/pages\/32\/revisions\/4783"}],"wp:attachment":[{"href":"https:\/\/showerglasshardware.com\/de-de\/wp-json\/wp\/v2\/media?parent=32"}],"curies":[{"name":"wp","href":"https:\/\/api.w.org\/{rel}","templated":true}]}}