{"id":3436,"date":"2024-09-26T04:10:28","date_gmt":"2024-09-26T04:10:28","guid":{"rendered":"https:\/\/showerglasshardware.com\/?page_id=3436"},"modified":"2024-11-07T06:51:48","modified_gmt":"2024-11-07T06:51:48","slug":"line-shower-enclosure","status":"publish","type":"page","link":"https:\/\/showerglasshardware.com\/de-de\/line-shower-enclosure\/","title":{"rendered":"Line Duschabtrennung"},"content":{"rendered":"<div data-elementor-type=\"wp-page\" data-elementor-id=\"3436\" class=\"elementor elementor-3436\" data-elementor-post-type=\"page\">\n\t\t\t\t<div class=\"elementor-element elementor-element-73207bb6 e-con-full e-flex e-con e-parent\" data-id=\"73207bb6\" data-element_type=\"container\" data-e-type=\"container\" data-settings=\"{&quot;background_background&quot;:&quot;classic&quot;}\">\n\t\t<div class=\"elementor-element elementor-element-1ea432b0 e-flex e-con-boxed e-con e-child\" data-id=\"1ea432b0\" data-element_type=\"container\" data-e-type=\"container\">\n\t\t\t\t\t<div class=\"e-con-inner\">\n\t\t\t\t<div class=\"elementor-element elementor-element-44e6f158 animated-slow elementor-invisible elementor-widget elementor-widget-heading\" data-id=\"44e6f158\" data-element_type=\"widget\" data-e-type=\"widget\" data-settings=\"{&quot;_animation&quot;:&quot;slideInUp&quot;}\" data-widget_type=\"heading.default\">\n\t\t\t\t\t<h1 class=\"elementor-heading-title elementor-size-default\">Lineare Duschabtrennung<\/h1>\t\t\t\t<\/div>\n\t\t\t\t\t<\/div>\n\t\t\t\t<\/div>\n\t\t<div class=\"elementor-element elementor-element-18fdb236 e-con-full e-flex e-con e-child\" data-id=\"18fdb236\" data-element_type=\"container\" data-e-type=\"container\">\n\t\t<div class=\"elementor-element elementor-element-26d6461e animated-slow e-con-full e-flex elementor-invisible e-con e-child\" data-id=\"26d6461e\" data-element_type=\"container\" data-e-type=\"container\" data-settings=\"{&quot;background_background&quot;:&quot;classic&quot;,&quot;animation&quot;:&quot;fadeInUp&quot;,&quot;animation_delay&quot;:600}\">\n\t\t\t\t<\/div>\n\t\t<div class=\"elementor-element elementor-element-72c480a7 e-con-full e-flex e-con e-child\" data-id=\"72c480a7\" data-element_type=\"container\" data-e-type=\"container\">\n\t\t\t\t<div class=\"elementor-element elementor-element-2bf05c9 elementor-widget elementor-widget-text-editor\" data-id=\"2bf05c9\" data-element_type=\"widget\" data-e-type=\"widget\" data-widget_type=\"text-editor.default\">\n\t\t\t\t\t\t\t\t\t<p>Eine in-line Duschabtrennung ist ein Glasduschsystem, bei dem eine Glast\u00fcr im 180-Grad-Winkel mit einem oder mehreren festen Glasplatten verbunden ist. Diese lineare Konfiguration erm\u00f6glicht eine nahtlose und optisch ansprechende Duschabtrennung, die sich \u00fcber die gesamte Breite des Badezimmers erstrecken kann.<\/p>\t\t\t\t\t\t\t\t<\/div>\n\t\t\t\t<div class=\"elementor-element elementor-element-42d1d24 elementor-widget elementor-widget-heading\" data-id=\"42d1d24\" data-element_type=\"widget\" data-e-type=\"widget\" data-widget_type=\"heading.default\">\n\t\t\t\t\t<h2 class=\"elementor-heading-title elementor-size-default\">Vorteile von in-line Duschabtrennungen<\/h2>\t\t\t\t<\/div>\n\t\t\t\t<div class=\"elementor-element elementor-element-68ab9a6 elementor-widget elementor-widget-text-editor\" data-id=\"68ab9a6\" data-element_type=\"widget\" data-e-type=\"widget\" data-widget_type=\"text-editor.default\">\n\t\t\t\t\t\t\t\t\t<ul><li><span data-immersive-translate-walked=\"da5775a3-1162-4993-801e-90b9ec445f51\"><strong data-immersive-translate-walked=\"da5775a3-1162-4993-801e-90b9ec445f51\">Verbessertes Erscheinungsbild<\/strong><\/span><span data-immersive-translate-walked=\"da5775a3-1162-4993-801e-90b9ec445f51\">: In-line Duschabtrennungen bieten ein luxuri\u00f6seres und hochwertigeres Erscheinungsbild im Vergleich zu Duschvorh\u00e4ngen.<\/span><\/li><li><span data-immersive-translate-walked=\"da5775a3-1162-4993-801e-90b9ec445f51\"><strong data-immersive-translate-walked=\"da5775a3-1162-4993-801e-90b9ec445f51\">Komfort und einfache Reinigung<\/strong><\/span><span data-immersive-translate-walked=\"da5775a3-1162-4993-801e-90b9ec445f51\">: <a href=\"https:\/\/showerglasshardware.com\/de-de\/shower-glass-hardware\/\"  data-wpil-monitor-id=\"903\">Glas-Dusche<\/a> Geh\u00e4use bieten Funktionen und Vorteile, die mit Vorh\u00e4ngen und \u00e4lteren T\u00fcrsystemen nicht zu vergleichen sind.<\/span><\/li><li><span data-immersive-translate-walked=\"da5775a3-1162-4993-801e-90b9ec445f51\"><strong data-immersive-translate-walked=\"da5775a3-1162-4993-801e-90b9ec445f51\">Anpassungsoptionen<\/strong><\/span><span data-immersive-translate-walked=\"da5775a3-1162-4993-801e-90b9ec445f51\">: In-line Duschabtrennungen k\u00f6nnen an einzigartige Duschsituationen angepasst werden, mit Optionen f\u00fcr ma\u00dfgeschneiderte Gr\u00f6\u00dfen, Formen und Glasarten.<\/span><\/li><\/ul>\t\t\t\t\t\t\t\t<\/div>\n\t\t\t\t<div class=\"elementor-element elementor-element-907c4b7 elementor-widget elementor-widget-button\" data-id=\"907c4b7\" data-element_type=\"widget\" data-e-type=\"widget\" data-widget_type=\"button.default\">\n\t\t\t\t\t\t\t\t\t\t<a class=\"elementor-button elementor-button-link elementor-size-sm\" href=\"https:\/\/showerglasshardware.com\/de-de\/contact\/\">\n\t\t\t\t\t\t<span class=\"elementor-button-content-wrapper\">\n\t\t\t\t\t\t\t\t\t<span class=\"elementor-button-text\">Angebot f\u00fcr Inline-Duschabtrennungen anfordern<\/span>\n\t\t\t\t\t<\/span>\n\t\t\t\t\t<\/a>\n\t\t\t\t\t\t\t\t<\/div>\n\t\t\t\t<\/div>\n\t\t\t\t<\/div>\n\t\t\t\t<\/div>\n\t\t<div class=\"elementor-element elementor-element-41bd636 e-flex e-con-boxed e-con e-parent\" data-id=\"41bd636\" data-element_type=\"container\" data-e-type=\"container\">\n\t\t\t\t\t<div class=\"e-con-inner\">\n\t\t\t\t<div class=\"elementor-element elementor-element-160701f elementor-widget elementor-widget-heading\" data-id=\"160701f\" data-element_type=\"widget\" data-e-type=\"widget\" data-widget_type=\"heading.default\">\n\t\t\t\t\t<h2 class=\"elementor-heading-title elementor-size-default\">Bibliothek der Kundenf\u00e4lle<\/h2>\t\t\t\t<\/div>\n\t\t\t\t\t<\/div>\n\t\t\t\t<\/div>\n\t\t<div class=\"elementor-element elementor-element-5ade45d e-flex e-con-boxed e-con e-parent\" data-id=\"5ade45d\" data-element_type=\"container\" data-e-type=\"container\">\n\t\t\t\t\t<div class=\"e-con-inner\">\n\t\t\t\t\t<\/div>\n\t\t\t\t<\/div>\n\t\t\t\t<\/div>","protected":false},"excerpt":{"rendered":"<p>Line Shower Enclosure\u200b\u200b An in-line shower enclosure is a type of glass shower system that features a glass door panel connected to one or more fixed glass panels at a 180-degree angle. This linear configuration allows for a seamless and visually appealing shower enclosure that can span the width of a bathroom Benefits of In-Line [&hellip;]<\/p>","protected":false},"author":1,"featured_media":0,"parent":0,"menu_order":0,"comment_status":"closed","ping_status":"closed","template":"","meta":{"_acf_changed":false,"footnotes":""},"class_list":["post-3436","page","type-page","status-publish","hentry"],"acf":[],"_links":{"self":[{"href":"https:\/\/showerglasshardware.com\/de-de\/wp-json\/wp\/v2\/pages\/3436","targetHints":{"allow":["GET"]}}],"collection":[{"href":"https:\/\/showerglasshardware.com\/de-de\/wp-json\/wp\/v2\/pages"}],"about":[{"href":"https:\/\/showerglasshardware.com\/de-de\/wp-json\/wp\/v2\/types\/page"}],"author":[{"embeddable":true,"href":"https:\/\/showerglasshardware.com\/de-de\/wp-json\/wp\/v2\/users\/1"}],"replies":[{"embeddable":true,"href":"https:\/\/showerglasshardware.com\/de-de\/wp-json\/wp\/v2\/comments?post=3436"}],"version-history":[{"count":11,"href":"https:\/\/showerglasshardware.com\/de-de\/wp-json\/wp\/v2\/pages\/3436\/revisions"}],"predecessor-version":[{"id":3461,"href":"https:\/\/showerglasshardware.com\/de-de\/wp-json\/wp\/v2\/pages\/3436\/revisions\/3461"}],"wp:attachment":[{"href":"https:\/\/showerglasshardware.com\/de-de\/wp-json\/wp\/v2\/media?parent=3436"}],"curies":[{"name":"wp","href":"https:\/\/api.w.org\/{rel}","templated":true}]}}