{"id":1043,"date":"2024-04-23T01:41:49","date_gmt":"2024-04-23T01:41:49","guid":{"rendered":"https:\/\/showerglasshardware.com\/?post_type=product&#038;p=1043"},"modified":"2025-10-12T15:36:56","modified_gmt":"2025-10-12T15:36:56","slug":"brass-shower-door-clamps-sgh-1001l","status":"publish","type":"product","link":"https:\/\/showerglasshardware.com\/de-de\/product\/brass-shower-door-clamps-sgh-1001l\/","title":{"rendered":"Messing Duscht\u00fcr Klammern Glas an der Wand mit Deckel 90 Grad SGH-SD1001L"},"content":{"rendered":"<p data-start=\"525\" data-end=\"786\">Die SGH-1001L Messing-Duscht\u00fcrklammer ist eine hochwertige Beschlagsl\u00f6sung zur Befestigung von rahmenlosen Glasduscht\u00fcren an der Wand in einem 90\u00b0-Winkel. Sie ist aus massivem Messing gefertigt und bietet au\u00dfergew\u00f6hnliche Haltbarkeit, Korrosionsbest\u00e4ndigkeit und ein hochwertiges Aussehen.<\/p>\n<p data-start=\"788\" data-end=\"978\">Das Glas-Wand-Design mit einer Schutzabdeckung verdeckt die Schrauben und sorgt f\u00fcr ein sauberes, modernes Finish, wodurch es sich ideal f\u00fcr luxuri\u00f6se Wohnb\u00e4der und stark frequentierte gewerbliche Installationen eignet.<\/p>\n<p data-start=\"980\" data-end=\"1190\">Zwei Klemmen k\u00f6nnen T\u00fcren mit einem Gewicht von bis zu 40 kg sicher halten und sind f\u00fcr 6-10 mm dickes Glas geeignet, was Stabilit\u00e4t und langfristige Leistung gew\u00e4hrleistet. Es sind mehrere Ausf\u00fchrungen erh\u00e4ltlich, die zu Ihrem Badezimmerstil passen.<\/p>\n<p data-start=\"1192\" data-end=\"1211\"><strong data-start=\"1192\" data-end=\"1209\">Hauptmerkmale:<\/strong><\/p>\n<ul data-start=\"1212\" data-end=\"1644\">\n<li data-start=\"1212\" data-end=\"1288\">\n<p data-start=\"1214\" data-end=\"1288\"><strong data-start=\"1214\" data-end=\"1227\">Material:<\/strong> Massives Messing f\u00fcr h\u00f6chste Festigkeit und Korrosionsbest\u00e4ndigkeit<\/p>\n<\/li>\n<li data-start=\"1289\" data-end=\"1362\">\n<p data-start=\"1291\" data-end=\"1362\"><strong data-start=\"1291\" data-end=\"1302\">Entwurf:<\/strong> 90\u00b0 Glas-zu-Wand-Klemme mit Abdeckung f\u00fcr ein elegantes Aussehen<\/p>\n<\/li>\n<li data-start=\"1363\" data-end=\"1415\">\n<p data-start=\"1365\" data-end=\"1415\"><strong data-start=\"1365\" data-end=\"1389\">Glaskompatibilit\u00e4t:<\/strong> Geeignet f\u00fcr 6-10 mm dickes Glas<\/p>\n<\/li>\n<li data-start=\"1416\" data-end=\"1458\">\n<p data-start=\"1418\" data-end=\"1458\"><strong data-start=\"1418\" data-end=\"1436\">Tragf\u00e4higkeit:<\/strong> 40kg pro zwei Klammern<\/p>\n<\/li>\n<li data-start=\"1459\" data-end=\"1557\">\n<p data-start=\"1461\" data-end=\"1557\"><strong data-start=\"1461\" data-end=\"1484\">Verf\u00fcgbare Ausf\u00fchrungen:<\/strong> Chrom poliert, Gold poliert, Nickel geb\u00fcrstet, Gun Metal, Schwarz matt<\/p>\n<\/li>\n<li data-start=\"1558\" data-end=\"1644\">\n<p data-start=\"1560\" data-end=\"1644\"><strong data-start=\"1560\" data-end=\"1576\">Anwendung:<\/strong> Rahmenlose Duscht\u00fcren aus Glas in Wohn- und Gesch\u00e4ftsr\u00e4umen<\/p>\n<\/li>\n<\/ul>\n<p data-start=\"1646\" data-end=\"1667\"><strong data-start=\"1646\" data-end=\"1665\">Spezifikationen:<\/strong><\/p>\n<ul data-start=\"1668\" data-end=\"1996\">\n<li data-start=\"1668\" data-end=\"1692\">\n<p data-start=\"1670\" data-end=\"1692\"><strong data-start=\"1670\" data-end=\"1680\">Modell:<\/strong> SGH-1001L<\/p>\n<\/li>\n<li data-start=\"1693\" data-end=\"1716\">\n<p data-start=\"1695\" data-end=\"1716\"><strong data-start=\"1695\" data-end=\"1708\">Material:<\/strong> Messing<\/p>\n<\/li>\n<li data-start=\"1717\" data-end=\"1777\">\n<p data-start=\"1719\" data-end=\"1777\"><strong data-start=\"1719\" data-end=\"1728\">Typ:<\/strong> 90\u00b0 Glas-Wand-Duscht\u00fcrklemme mit Abdeckung<\/p>\n<\/li>\n<li data-start=\"1778\" data-end=\"1814\">\n<p data-start=\"1780\" data-end=\"1814\"><strong data-start=\"1780\" data-end=\"1805\">Passt zur Glasdicke:<\/strong> 6-10mm<\/p>\n<\/li>\n<li data-start=\"1815\" data-end=\"1857\">\n<p data-start=\"1817\" data-end=\"1857\"><strong data-start=\"1817\" data-end=\"1835\">Tragf\u00e4higkeit:<\/strong> 40kg pro zwei Klammern<\/p>\n<\/li>\n<li data-start=\"1858\" data-end=\"1946\">\n<p data-start=\"1860\" data-end=\"1946\"><strong data-start=\"1860\" data-end=\"1873\">Ausf\u00fchrungen:<\/strong> Chrom poliert, Gold poliert, Nickel geb\u00fcrstet, Gun Metal, Schwarz matt<\/p>\n<\/li>\n<li data-start=\"1947\" data-end=\"1996\">\n<p data-start=\"1949\" data-end=\"1996\"><strong data-start=\"1949\" data-end=\"1965\">Anwendung:<\/strong> Rahmenlose Duscht\u00fcren aus Glas<\/p>\n<\/li>\n<\/ul>\n<h2 id=\"tablepress-5-name\" class=\"tablepress-table-name tablepress-table-name-id-5\">Messing-Duscht\u00fcrklammern SD10xx Serie<\/h2>\n\n<table id=\"tablepress-5\" class=\"tablepress tablepress-id-5\" aria-labelledby=\"tablepress-5-name\">\n<thead>\n<tr class=\"row-1\">\n\t<th class=\"column-1\"><strong>Modell<\/strong><\/th><th class=\"column-2\"><strong>Bild<\/strong><\/th><th class=\"column-3\"><strong>Typ<\/strong><\/th><th class=\"column-4\"><strong>Winkel<\/strong><\/th><th class=\"column-5\"><strong>Form<\/strong><\/th><th class=\"column-6\"><strong>Besonderheit<\/strong><\/th>\n<\/tr>\n<\/thead>\n<tbody class=\"row-striping row-hover\">\n<tr class=\"row-2\">\n\t<td class=\"column-1\"><a href=\"https:\/\/showerglasshardware.com\/de-de\/product\/glass-to-wall-clamps-with-cover-180-degree-sgh-1000l\/\">SD1000L<\/a><\/td><td class=\"column-2\"><a href=\"https:\/\/showerglasshardware.com\/wp-content\/uploads\/2024\/04\/FC1000-Black.jpg\"><img decoding=\"async\" src=\"https:\/\/showerglasshardware.com\/wp-content\/uploads\/2024\/04\/FC1000-Black-300x300.jpg\" alt=\"Schwarze Glas-Glas-Klemme mit Deckel\" width=\"60\" height=\"60\" class=\"alignnone size-medium wp-image-2305\" title=\"\" srcset=\"https:\/\/showerglasshardware.com\/wp-content\/uploads\/2024\/04\/FC1000-Black-300x300.jpg 300w, https:\/\/showerglasshardware.com\/wp-content\/uploads\/2024\/04\/FC1000-Black-100x100.jpg 100w, https:\/\/showerglasshardware.com\/wp-content\/uploads\/2024\/04\/FC1000-Black-150x150.jpg 150w, https:\/\/showerglasshardware.com\/wp-content\/uploads\/2024\/04\/FC1000-Black-12x12.jpg 12w, https:\/\/showerglasshardware.com\/wp-content\/uploads\/2024\/04\/FC1000-Black.jpg 500w\" sizes=\"(max-width: 60px) 100vw, 60px\" \/><\/a><\/td><td class=\"column-3\">Glas an Wand<\/td><td class=\"column-4\">180\u00b0<\/td><td class=\"column-5\">Rechteck<\/td><td class=\"column-6\">Mit Abdeckung<\/td>\n<\/tr>\n<tr class=\"row-3\">\n\t<td class=\"column-1\"><a href=\"https:\/\/showerglasshardware.com\/de-de\/product\/brass-shower-door-clamps-sgh-1001l\/\">SD1001L<\/a><\/td><td class=\"column-2\"><a href=\"https:\/\/showerglasshardware.com\/wp-content\/uploads\/2024\/04\/SGH1001L-Black.jpg\"><img decoding=\"async\" src=\"https:\/\/showerglasshardware.com\/wp-content\/uploads\/2024\/04\/SGH1001L-Black-300x300.jpg\" alt=\"Duscht\u00fcrklammer aus Messing mit schwarzer Abdeckung, die das Glas in einem Winkel von 90 Grad h\u00e4lt\" width=\"60\" height=\"60\" class=\"alignnone size-medium wp-image-2367\" title=\"\" srcset=\"https:\/\/showerglasshardware.com\/wp-content\/uploads\/2024\/04\/SGH1001L-Black-300x300.jpg 300w, https:\/\/showerglasshardware.com\/wp-content\/uploads\/2024\/04\/SGH1001L-Black-100x100.jpg 100w, https:\/\/showerglasshardware.com\/wp-content\/uploads\/2024\/04\/SGH1001L-Black-150x150.jpg 150w, https:\/\/showerglasshardware.com\/wp-content\/uploads\/2024\/04\/SGH1001L-Black-12x12.jpg 12w, https:\/\/showerglasshardware.com\/wp-content\/uploads\/2024\/04\/SGH1001L-Black.jpg 500w\" sizes=\"(max-width: 60px) 100vw, 60px\" \/><\/a><\/td><td class=\"column-3\">Glas an Wand<\/td><td class=\"column-4\">90\u00b0<\/td><td class=\"column-5\">Rechteck<\/td><td class=\"column-6\">Mit Abdeckung<\/td>\n<\/tr>\n<tr class=\"row-4\">\n\t<td class=\"column-1\"><a href=\"https:\/\/showerglasshardware.com\/de-de\/product\/glass-to-glass-clamps-with-cover-90-degree-sgh1002\/\">SD1002<\/a><\/td><td class=\"column-2\"><a href=\"https:\/\/showerglasshardware.com\/wp-content\/uploads\/2024\/04\/SGH-1002_Black.jpg\"><img decoding=\"async\" src=\"https:\/\/showerglasshardware.com\/wp-content\/uploads\/2024\/04\/SGH-1002_Black-300x300.jpg\" alt=\"Glas-Duscht\u00fcrklammern mit Abdeckung 90 Grad SGH-1002 Schwarz\" width=\"60\" height=\"60\" class=\"alignnone size-medium wp-image-2356\" title=\"\" srcset=\"https:\/\/showerglasshardware.com\/wp-content\/uploads\/2024\/04\/SGH-1002_Black-300x300.jpg 300w, https:\/\/showerglasshardware.com\/wp-content\/uploads\/2024\/04\/SGH-1002_Black-100x100.jpg 100w, https:\/\/showerglasshardware.com\/wp-content\/uploads\/2024\/04\/SGH-1002_Black-150x150.jpg 150w, https:\/\/showerglasshardware.com\/wp-content\/uploads\/2024\/04\/SGH-1002_Black-12x12.jpg 12w, https:\/\/showerglasshardware.com\/wp-content\/uploads\/2024\/04\/SGH-1002_Black.jpg 500w\" sizes=\"(max-width: 60px) 100vw, 60px\" \/><\/a><\/td><td class=\"column-3\">Von Glas zu Glas<\/td><td class=\"column-4\">90\u00b0<\/td><td class=\"column-5\">Rechteck<\/td><td class=\"column-6\">Mit Abdeckung<\/td>\n<\/tr>\n<tr class=\"row-5\">\n\t<td class=\"column-1\"><a href=\"https:\/\/showerglasshardware.com\/de-de\/product\/glass-to-glass-clamps-with-cover-135-degree-sgh-1003\/\">SD1003<\/a><\/td><td class=\"column-2\"><a href=\"https:\/\/showerglasshardware.com\/wp-content\/uploads\/2024\/04\/SGH1003-Black.jpg\"><img loading=\"lazy\" decoding=\"async\" src=\"https:\/\/showerglasshardware.com\/wp-content\/uploads\/2024\/04\/SGH1003-Black-300x300.jpg\" alt=\"Schwarze rahmenlose Duscht\u00fcrklammer mit Abdeckung im 135-Grad-Winkel\" width=\"60\" height=\"60\" class=\"alignnone size-medium wp-image-2345\" title=\"\" srcset=\"https:\/\/showerglasshardware.com\/wp-content\/uploads\/2024\/04\/SGH1003-Black-300x300.jpg 300w, https:\/\/showerglasshardware.com\/wp-content\/uploads\/2024\/04\/SGH1003-Black-100x100.jpg 100w, https:\/\/showerglasshardware.com\/wp-content\/uploads\/2024\/04\/SGH1003-Black-150x150.jpg 150w, https:\/\/showerglasshardware.com\/wp-content\/uploads\/2024\/04\/SGH1003-Black-12x12.jpg 12w, https:\/\/showerglasshardware.com\/wp-content\/uploads\/2024\/04\/SGH1003-Black.jpg 500w\" sizes=\"(max-width: 60px) 100vw, 60px\" \/><\/a><\/td><td class=\"column-3\">Von Glas zu Glas<\/td><td class=\"column-4\">135\u00b0<\/td><td class=\"column-5\">Rechteck<\/td><td class=\"column-6\">Mit Abdeckung<\/td>\n<\/tr>\n<tr class=\"row-6\">\n\t<td class=\"column-1\"><a href=\"https:\/\/showerglasshardware.com\/de-de\/product\/glass-to-glass-clamps-with-cover-180-degree-sgh-1004\/\">SD1004<\/a><\/td><td class=\"column-2\"><a href=\"https:\/\/showerglasshardware.com\/wp-content\/uploads\/2024\/04\/SGH1004-Black.jpg\"><img loading=\"lazy\" decoding=\"async\" src=\"https:\/\/showerglasshardware.com\/wp-content\/uploads\/2024\/04\/SGH1004-Black-300x300.jpg\" alt=\"Schwarze Glas-Glas-Klemme mit Abdeckung bei 180 Grad\" width=\"60\" height=\"60\" class=\"alignnone size-medium wp-image-2316\" title=\"\" srcset=\"https:\/\/showerglasshardware.com\/wp-content\/uploads\/2024\/04\/SGH1004-Black-300x300.jpg 300w, https:\/\/showerglasshardware.com\/wp-content\/uploads\/2024\/04\/SGH1004-Black-100x100.jpg 100w, https:\/\/showerglasshardware.com\/wp-content\/uploads\/2024\/04\/SGH1004-Black-150x150.jpg 150w, https:\/\/showerglasshardware.com\/wp-content\/uploads\/2024\/04\/SGH1004-Black-12x12.jpg 12w, https:\/\/showerglasshardware.com\/wp-content\/uploads\/2024\/04\/SGH1004-Black.jpg 500w\" sizes=\"(max-width: 60px) 100vw, 60px\" \/><\/a><\/td><td class=\"column-3\">Von Glas zu Glas<\/td><td class=\"column-4\">180\u00b0<\/td><td class=\"column-5\">Rechteck<\/td><td class=\"column-6\">Mit Abdeckung<\/td>\n<\/tr>\n<\/tbody>\n<\/table>\n<!-- #tablepress-5 from cache -->","protected":false},"excerpt":{"rendered":"<ul>\n<li>Messing<\/li>\n<li>Glasklemme mit Abdeckung<\/li>\n<li>90\u00b0-Messing-Duscht\u00fcrklammern<\/li>\n<li>Glasdicke: 6-10mm;<\/li>\n<li>Maximales Gewicht der Glast\u00fcr: 40 kg (2 St\u00fcck);<\/li>\n<li>Oberfl\u00e4che: Chrom poliert; Poliertes Gold; Geb\u00fcrstetes Nickel; Gun Metal; Mattschwarz<\/li>\n<\/ul>\n<p><!-- notionvc: 5d8ef03b-8726-45ed-97aa-03865ac595dd --><\/p>","protected":false},"featured_media":4778,"comment_status":"open","ping_status":"closed","template":"","meta":{"_acf_changed":false},"product_brand":[],"product_cat":[24,110],"product_tag":[55],"class_list":{"0":"post-1043","1":"product","2":"type-product","3":"status-publish","4":"has-post-thumbnail","6":"product_cat-shower-glass-clamps","7":"product_cat-wall-mount-clamps","8":"product_tag-90-degree-glass-to-wall-clamp","9":"pa_finish-brushed-nickel","10":"pa_finish-chrome","11":"pa_finish-gold","12":"pa_finish-gun-metal","13":"pa_finish-black","14":"pa_glass-thickness-1-4-inch-6mm","15":"pa_glass-thickness-3-8-inch-10mm","16":"pa_glass-thickness-5-16-inch-8mm","17":"pa_material-brass","19":"first","20":"instock","21":"purchasable","22":"product-type-variable"},"acf":[],"_links":{"self":[{"href":"https:\/\/showerglasshardware.com\/de-de\/wp-json\/wp\/v2\/product\/1043","targetHints":{"allow":["GET"]}}],"collection":[{"href":"https:\/\/showerglasshardware.com\/de-de\/wp-json\/wp\/v2\/product"}],"about":[{"href":"https:\/\/showerglasshardware.com\/de-de\/wp-json\/wp\/v2\/types\/product"}],"replies":[{"embeddable":true,"href":"https:\/\/showerglasshardware.com\/de-de\/wp-json\/wp\/v2\/comments?post=1043"}],"version-history":[{"count":6,"href":"https:\/\/showerglasshardware.com\/de-de\/wp-json\/wp\/v2\/product\/1043\/revisions"}],"predecessor-version":[{"id":4879,"href":"https:\/\/showerglasshardware.com\/de-de\/wp-json\/wp\/v2\/product\/1043\/revisions\/4879"}],"wp:featuredmedia":[{"embeddable":true,"href":"https:\/\/showerglasshardware.com\/de-de\/wp-json\/wp\/v2\/media\/4778"}],"wp:attachment":[{"href":"https:\/\/showerglasshardware.com\/de-de\/wp-json\/wp\/v2\/media?parent=1043"}],"wp:term":[{"taxonomy":"product_brand","embeddable":true,"href":"https:\/\/showerglasshardware.com\/de-de\/wp-json\/wp\/v2\/product_brand?post=1043"},{"taxonomy":"product_cat","embeddable":true,"href":"https:\/\/showerglasshardware.com\/de-de\/wp-json\/wp\/v2\/product_cat?post=1043"},{"taxonomy":"product_tag","embeddable":true,"href":"https:\/\/showerglasshardware.com\/de-de\/wp-json\/wp\/v2\/product_tag?post=1043"}],"curies":[{"name":"wp","href":"https:\/\/api.w.org\/{rel}","templated":true}]}}