{"id":1054,"date":"2024-04-23T01:53:14","date_gmt":"2024-04-23T01:53:14","guid":{"rendered":"https:\/\/showerglasshardware.com\/?post_type=product&#038;p=1054"},"modified":"2025-10-12T15:36:42","modified_gmt":"2025-10-12T15:36:42","slug":"glass-to-glass-clamps-with-cover-90-degree-sgh1002","status":"publish","type":"product","link":"https:\/\/showerglasshardware.com\/de-de\/product\/glass-to-glass-clamps-with-cover-90-degree-sgh1002\/","title":{"rendered":"Glas-Duscht\u00fcrklammern mit Abdeckung 90 Grad SGH-SD1002"},"content":{"rendered":"<p data-start=\"441\" data-end=\"702\">Die SGH-1002 90\u00b0-Duscht\u00fcrklammern mit Deckel sind f\u00fcr sichere und stilvolle Glas-Glas-Verbindungen in rahmenlosen Duschkabinen konzipiert. Aus massivem Messing gefertigt, bieten diese Klemmen au\u00dfergew\u00f6hnliche St\u00e4rke, Haltbarkeit und Korrosionsbest\u00e4ndigkeit.<\/p>\n<p data-start=\"704\" data-end=\"998\">Diese 90\u00b0-Glas-zu-Glas-Klemmen sind mit 6-10 mm dickem Glas kompatibel und k\u00f6nnen bis zu 40 kg pro zwei Klemmen tragen, was einen reibungslosen, stabilen Betrieb gew\u00e4hrleistet. Die integrierte Abdeckung verbirgt die Schrauben und verleiht den Klemmen ein sauberes, elegantes Finish, das sich nahtlos in moderne Badezimmerdesigns einf\u00fcgt.<\/p>\n<p data-start=\"1000\" data-end=\"1154\">Erh\u00e4ltlich in den Ausf\u00fchrungen Chrom poliert, Gold poliert, Nickel geb\u00fcrstet, Gun Metal und Schwarz matt, passen diese Klemmen zu einer Vielzahl von Badstilen.<\/p>\n<p data-start=\"1156\" data-end=\"1175\"><strong data-start=\"1156\" data-end=\"1173\">Hauptmerkmale:<\/strong><\/p>\n<ul data-start=\"1176\" data-end=\"1582\">\n<li data-start=\"1176\" data-end=\"1243\">\n<p data-start=\"1178\" data-end=\"1243\"><strong data-start=\"1178\" data-end=\"1191\">Material:<\/strong> Massives Messing f\u00fcr St\u00e4rke und Korrosionsbest\u00e4ndigkeit<\/p>\n<\/li>\n<li data-start=\"1244\" data-end=\"1320\">\n<p data-start=\"1246\" data-end=\"1320\"><strong data-start=\"1246\" data-end=\"1257\">Entwurf:<\/strong> 90\u00b0 Glas-Glas-Klemme mit Abdeckung f\u00fcr ein sauberes, modernes Aussehen<\/p>\n<\/li>\n<li data-start=\"1321\" data-end=\"1373\">\n<p data-start=\"1323\" data-end=\"1373\"><strong data-start=\"1323\" data-end=\"1347\">Glaskompatibilit\u00e4t:<\/strong> Geeignet f\u00fcr 6-10 mm dickes Glas<\/p>\n<\/li>\n<li data-start=\"1374\" data-end=\"1431\">\n<p data-start=\"1376\" data-end=\"1431\"><strong data-start=\"1376\" data-end=\"1394\">Tragf\u00e4higkeit:<\/strong> Tr\u00e4gt bis zu 40 kg pro zwei Klammern<\/p>\n<\/li>\n<li data-start=\"1432\" data-end=\"1526\">\n<p data-start=\"1434\" data-end=\"1526\"><strong data-start=\"1434\" data-end=\"1453\">Ausf\u00fchrungsoptionen:<\/strong> Chrom poliert, Gold poliert, Nickel geb\u00fcrstet, Gun Metal, Schwarz matt<\/p>\n<\/li>\n<li data-start=\"1527\" data-end=\"1582\">\n<p data-start=\"1529\" data-end=\"1582\"><strong data-start=\"1529\" data-end=\"1546\">Anwendungen:<\/strong> Rahmenlose Duschabtrennungen aus Glas<\/p>\n<\/li>\n<\/ul>\n<p data-start=\"1584\" data-end=\"1605\"><strong data-start=\"1584\" data-end=\"1603\">Spezifikationen:<\/strong><\/p>\n<ul data-start=\"1606\" data-end=\"1926\">\n<li data-start=\"1606\" data-end=\"1629\">\n<p data-start=\"1608\" data-end=\"1629\"><strong data-start=\"1608\" data-end=\"1618\">Modell:<\/strong> SGH-1002<\/p>\n<\/li>\n<li data-start=\"1630\" data-end=\"1653\">\n<p data-start=\"1632\" data-end=\"1653\"><strong data-start=\"1632\" data-end=\"1645\">Material:<\/strong> Messing<\/p>\n<\/li>\n<li data-start=\"1654\" data-end=\"1707\">\n<p data-start=\"1656\" data-end=\"1707\"><strong data-start=\"1656\" data-end=\"1665\">Typ:<\/strong> 90\u00b0-Glasduscht\u00fcrklammern mit Abdeckung<\/p>\n<\/li>\n<li data-start=\"1708\" data-end=\"1744\">\n<p data-start=\"1710\" data-end=\"1744\"><strong data-start=\"1710\" data-end=\"1735\">Passt zur Glasdicke:<\/strong> 6-10mm<\/p>\n<\/li>\n<li data-start=\"1745\" data-end=\"1787\">\n<p data-start=\"1747\" data-end=\"1787\"><strong data-start=\"1747\" data-end=\"1765\">Tragf\u00e4higkeit:<\/strong> 40kg pro zwei Klammern<\/p>\n<\/li>\n<li data-start=\"1788\" data-end=\"1876\">\n<p data-start=\"1790\" data-end=\"1876\"><strong data-start=\"1790\" data-end=\"1803\">Ausf\u00fchrungen:<\/strong> Chrom poliert, Gold poliert, Nickel geb\u00fcrstet, Gun Metal, Schwarz matt<\/p>\n<\/li>\n<li data-start=\"1877\" data-end=\"1926\">\n<p data-start=\"1879\" data-end=\"1926\"><strong data-start=\"1879\" data-end=\"1895\">Anwendung:<\/strong> Rahmenlose Duscht\u00fcren aus Glas<\/p>\n<\/li>\n<\/ul>\n<h2 id=\"tablepress-5-name\" class=\"tablepress-table-name tablepress-table-name-id-5\">Messing-Duscht\u00fcrklammern SD10xx Serie<\/h2>\n\n<table id=\"tablepress-5\" class=\"tablepress tablepress-id-5\" aria-labelledby=\"tablepress-5-name\">\n<thead>\n<tr class=\"row-1\">\n\t<th class=\"column-1\"><strong>Modell<\/strong><\/th><th class=\"column-2\"><strong>Bild<\/strong><\/th><th class=\"column-3\"><strong>Typ<\/strong><\/th><th class=\"column-4\"><strong>Winkel<\/strong><\/th><th class=\"column-5\"><strong>Form<\/strong><\/th><th class=\"column-6\"><strong>Besonderheit<\/strong><\/th>\n<\/tr>\n<\/thead>\n<tbody class=\"row-striping row-hover\">\n<tr class=\"row-2\">\n\t<td class=\"column-1\"><a href=\"https:\/\/showerglasshardware.com\/de-de\/product\/glass-to-wall-clamps-with-cover-180-degree-sgh-1000l\/\">SD1000L<\/a><\/td><td class=\"column-2\"><a href=\"https:\/\/showerglasshardware.com\/wp-content\/uploads\/2024\/04\/FC1000-Black.jpg\"><img decoding=\"async\" src=\"https:\/\/showerglasshardware.com\/wp-content\/uploads\/2024\/04\/FC1000-Black-300x300.jpg\" alt=\"Schwarze Glas-Glas-Klemme mit Deckel\" width=\"60\" height=\"60\" class=\"alignnone size-medium wp-image-2305\" title=\"\" srcset=\"https:\/\/showerglasshardware.com\/wp-content\/uploads\/2024\/04\/FC1000-Black-300x300.jpg 300w, https:\/\/showerglasshardware.com\/wp-content\/uploads\/2024\/04\/FC1000-Black-100x100.jpg 100w, https:\/\/showerglasshardware.com\/wp-content\/uploads\/2024\/04\/FC1000-Black-150x150.jpg 150w, https:\/\/showerglasshardware.com\/wp-content\/uploads\/2024\/04\/FC1000-Black-12x12.jpg 12w, https:\/\/showerglasshardware.com\/wp-content\/uploads\/2024\/04\/FC1000-Black.jpg 500w\" sizes=\"(max-width: 60px) 100vw, 60px\" \/><\/a><\/td><td class=\"column-3\">Glas an Wand<\/td><td class=\"column-4\">180\u00b0<\/td><td class=\"column-5\">Rechteck<\/td><td class=\"column-6\">Mit Abdeckung<\/td>\n<\/tr>\n<tr class=\"row-3\">\n\t<td class=\"column-1\"><a href=\"https:\/\/showerglasshardware.com\/de-de\/product\/brass-shower-door-clamps-sgh-1001l\/\">SD1001L<\/a><\/td><td class=\"column-2\"><a href=\"https:\/\/showerglasshardware.com\/wp-content\/uploads\/2024\/04\/SGH1001L-Black.jpg\"><img decoding=\"async\" src=\"https:\/\/showerglasshardware.com\/wp-content\/uploads\/2024\/04\/SGH1001L-Black-300x300.jpg\" alt=\"Duscht\u00fcrklammer aus Messing mit schwarzer Abdeckung, die das Glas in einem Winkel von 90 Grad h\u00e4lt\" width=\"60\" height=\"60\" class=\"alignnone size-medium wp-image-2367\" title=\"\" srcset=\"https:\/\/showerglasshardware.com\/wp-content\/uploads\/2024\/04\/SGH1001L-Black-300x300.jpg 300w, https:\/\/showerglasshardware.com\/wp-content\/uploads\/2024\/04\/SGH1001L-Black-100x100.jpg 100w, https:\/\/showerglasshardware.com\/wp-content\/uploads\/2024\/04\/SGH1001L-Black-150x150.jpg 150w, https:\/\/showerglasshardware.com\/wp-content\/uploads\/2024\/04\/SGH1001L-Black-12x12.jpg 12w, https:\/\/showerglasshardware.com\/wp-content\/uploads\/2024\/04\/SGH1001L-Black.jpg 500w\" sizes=\"(max-width: 60px) 100vw, 60px\" \/><\/a><\/td><td class=\"column-3\">Glas an Wand<\/td><td class=\"column-4\">90\u00b0<\/td><td class=\"column-5\">Rechteck<\/td><td class=\"column-6\">Mit Abdeckung<\/td>\n<\/tr>\n<tr class=\"row-4\">\n\t<td class=\"column-1\"><a href=\"https:\/\/showerglasshardware.com\/de-de\/product\/glass-to-glass-clamps-with-cover-90-degree-sgh1002\/\">SD1002<\/a><\/td><td class=\"column-2\"><a href=\"https:\/\/showerglasshardware.com\/wp-content\/uploads\/2024\/04\/SGH-1002_Black.jpg\"><img decoding=\"async\" src=\"https:\/\/showerglasshardware.com\/wp-content\/uploads\/2024\/04\/SGH-1002_Black-300x300.jpg\" alt=\"Glas-Duscht\u00fcrklammern mit Abdeckung 90 Grad SGH-1002 Schwarz\" width=\"60\" height=\"60\" class=\"alignnone size-medium wp-image-2356\" title=\"\" srcset=\"https:\/\/showerglasshardware.com\/wp-content\/uploads\/2024\/04\/SGH-1002_Black-300x300.jpg 300w, https:\/\/showerglasshardware.com\/wp-content\/uploads\/2024\/04\/SGH-1002_Black-100x100.jpg 100w, https:\/\/showerglasshardware.com\/wp-content\/uploads\/2024\/04\/SGH-1002_Black-150x150.jpg 150w, https:\/\/showerglasshardware.com\/wp-content\/uploads\/2024\/04\/SGH-1002_Black-12x12.jpg 12w, https:\/\/showerglasshardware.com\/wp-content\/uploads\/2024\/04\/SGH-1002_Black.jpg 500w\" sizes=\"(max-width: 60px) 100vw, 60px\" \/><\/a><\/td><td class=\"column-3\">Von Glas zu Glas<\/td><td class=\"column-4\">90\u00b0<\/td><td class=\"column-5\">Rechteck<\/td><td class=\"column-6\">Mit Abdeckung<\/td>\n<\/tr>\n<tr class=\"row-5\">\n\t<td class=\"column-1\"><a href=\"https:\/\/showerglasshardware.com\/de-de\/product\/glass-to-glass-clamps-with-cover-135-degree-sgh-1003\/\">SD1003<\/a><\/td><td class=\"column-2\"><a href=\"https:\/\/showerglasshardware.com\/wp-content\/uploads\/2024\/04\/SGH1003-Black.jpg\"><img loading=\"lazy\" decoding=\"async\" src=\"https:\/\/showerglasshardware.com\/wp-content\/uploads\/2024\/04\/SGH1003-Black-300x300.jpg\" alt=\"Schwarze rahmenlose Duscht\u00fcrklammer mit Abdeckung im 135-Grad-Winkel\" width=\"60\" height=\"60\" class=\"alignnone size-medium wp-image-2345\" title=\"\" srcset=\"https:\/\/showerglasshardware.com\/wp-content\/uploads\/2024\/04\/SGH1003-Black-300x300.jpg 300w, https:\/\/showerglasshardware.com\/wp-content\/uploads\/2024\/04\/SGH1003-Black-100x100.jpg 100w, https:\/\/showerglasshardware.com\/wp-content\/uploads\/2024\/04\/SGH1003-Black-150x150.jpg 150w, https:\/\/showerglasshardware.com\/wp-content\/uploads\/2024\/04\/SGH1003-Black-12x12.jpg 12w, https:\/\/showerglasshardware.com\/wp-content\/uploads\/2024\/04\/SGH1003-Black.jpg 500w\" sizes=\"(max-width: 60px) 100vw, 60px\" \/><\/a><\/td><td class=\"column-3\">Von Glas zu Glas<\/td><td class=\"column-4\">135\u00b0<\/td><td class=\"column-5\">Rechteck<\/td><td class=\"column-6\">Mit Abdeckung<\/td>\n<\/tr>\n<tr class=\"row-6\">\n\t<td class=\"column-1\"><a href=\"https:\/\/showerglasshardware.com\/de-de\/product\/glass-to-glass-clamps-with-cover-180-degree-sgh-1004\/\">SD1004<\/a><\/td><td class=\"column-2\"><a href=\"https:\/\/showerglasshardware.com\/wp-content\/uploads\/2024\/04\/SGH1004-Black.jpg\"><img loading=\"lazy\" decoding=\"async\" src=\"https:\/\/showerglasshardware.com\/wp-content\/uploads\/2024\/04\/SGH1004-Black-300x300.jpg\" alt=\"Schwarze Glas-Glas-Klemme mit Abdeckung bei 180 Grad\" width=\"60\" height=\"60\" class=\"alignnone size-medium wp-image-2316\" title=\"\" srcset=\"https:\/\/showerglasshardware.com\/wp-content\/uploads\/2024\/04\/SGH1004-Black-300x300.jpg 300w, https:\/\/showerglasshardware.com\/wp-content\/uploads\/2024\/04\/SGH1004-Black-100x100.jpg 100w, https:\/\/showerglasshardware.com\/wp-content\/uploads\/2024\/04\/SGH1004-Black-150x150.jpg 150w, https:\/\/showerglasshardware.com\/wp-content\/uploads\/2024\/04\/SGH1004-Black-12x12.jpg 12w, https:\/\/showerglasshardware.com\/wp-content\/uploads\/2024\/04\/SGH1004-Black.jpg 500w\" sizes=\"(max-width: 60px) 100vw, 60px\" \/><\/a><\/td><td class=\"column-3\">Von Glas zu Glas<\/td><td class=\"column-4\">180\u00b0<\/td><td class=\"column-5\">Rechteck<\/td><td class=\"column-6\">Mit Abdeckung<\/td>\n<\/tr>\n<\/tbody>\n<\/table>\n<!-- #tablepress-5 from cache -->","protected":false},"excerpt":{"rendered":"<ul>\n<li>Messing<\/li>\n<li>Glasklemme mit Abdeckung<\/li>\n<li>90\u00b0 Glast\u00fcrklammern f\u00fcr Duscht\u00fcren<\/li>\n<li>Glasdicke: 6-10mm;<\/li>\n<li>Maximales Gewicht der Glast\u00fcr: 40 kg (2 St\u00fcck);<\/li>\n<li>Oberfl\u00e4che: Chrom poliert; Poliertes Gold; Geb\u00fcrstetes Nickel; Gun Metal; Mattschwarz<\/li>\n<\/ul>\n<p><!-- notionvc: 5d8ef03b-8726-45ed-97aa-03865ac595dd --><\/p>","protected":false},"featured_media":4787,"comment_status":"open","ping_status":"closed","template":"","meta":{"_acf_changed":false},"product_brand":[],"product_cat":[24,109],"product_tag":[58],"class_list":{"0":"post-1054","1":"product","2":"type-product","3":"status-publish","4":"has-post-thumbnail","6":"product_cat-shower-glass-clamps","7":"product_cat-glass-to-glass-clamps","8":"product_tag-90-degree-glass-to-glass-clamps","9":"pa_finish-brushed-nickel","10":"pa_finish-chrome","11":"pa_finish-gold","12":"pa_finish-gun-metal","13":"pa_finish-black","14":"pa_glass-thickness-1-4-inch-6mm","15":"pa_glass-thickness-3-8-inch-10mm","16":"pa_glass-thickness-5-16-inch-8mm","17":"pa_material-brass","19":"first","20":"instock","21":"purchasable","22":"product-type-variable"},"acf":[],"_links":{"self":[{"href":"https:\/\/showerglasshardware.com\/de-de\/wp-json\/wp\/v2\/product\/1054","targetHints":{"allow":["GET"]}}],"collection":[{"href":"https:\/\/showerglasshardware.com\/de-de\/wp-json\/wp\/v2\/product"}],"about":[{"href":"https:\/\/showerglasshardware.com\/de-de\/wp-json\/wp\/v2\/types\/product"}],"replies":[{"embeddable":true,"href":"https:\/\/showerglasshardware.com\/de-de\/wp-json\/wp\/v2\/comments?post=1054"}],"version-history":[{"count":6,"href":"https:\/\/showerglasshardware.com\/de-de\/wp-json\/wp\/v2\/product\/1054\/revisions"}],"predecessor-version":[{"id":4878,"href":"https:\/\/showerglasshardware.com\/de-de\/wp-json\/wp\/v2\/product\/1054\/revisions\/4878"}],"wp:featuredmedia":[{"embeddable":true,"href":"https:\/\/showerglasshardware.com\/de-de\/wp-json\/wp\/v2\/media\/4787"}],"wp:attachment":[{"href":"https:\/\/showerglasshardware.com\/de-de\/wp-json\/wp\/v2\/media?parent=1054"}],"wp:term":[{"taxonomy":"product_brand","embeddable":true,"href":"https:\/\/showerglasshardware.com\/de-de\/wp-json\/wp\/v2\/product_brand?post=1054"},{"taxonomy":"product_cat","embeddable":true,"href":"https:\/\/showerglasshardware.com\/de-de\/wp-json\/wp\/v2\/product_cat?post=1054"},{"taxonomy":"product_tag","embeddable":true,"href":"https:\/\/showerglasshardware.com\/de-de\/wp-json\/wp\/v2\/product_tag?post=1054"}],"curies":[{"name":"wp","href":"https:\/\/api.w.org\/{rel}","templated":true}]}}