{"id":1059,"date":"2024-04-23T02:13:32","date_gmt":"2024-04-23T02:13:32","guid":{"rendered":"https:\/\/showerglasshardware.com\/?post_type=product&#038;p=1059"},"modified":"2025-10-12T15:36:25","modified_gmt":"2025-10-12T15:36:25","slug":"glass-to-glass-clamps-with-cover-135-degree-sgh-1003","status":"publish","type":"product","link":"https:\/\/showerglasshardware.com\/de-de\/product\/glass-to-glass-clamps-with-cover-135-degree-sgh-1003\/","title":{"rendered":"Glas auf Glas Rahmenlose Duscht\u00fcrklammern mit Abdeckung 135 Grad SGH-SD1003"},"content":{"rendered":"<p data-start=\"579\" data-end=\"763\">Der <strong data-start=\"583\" data-end=\"641\">SGH-SD1003 Klammern f\u00fcr rahmenlose Duscht\u00fcren von Glas auf Glas<\/strong> sind f\u00fcr die Verbindung von Glasscheiben in einem <strong data-start=\"688\" data-end=\"702\">135\u00b0-Winkel<\/strong>Dadurch sind sie ideal f\u00fcr rahmenlose Eck-Duschabtrennungen.<\/p>\n<p data-start=\"765\" data-end=\"1046\">Hergestellt aus <strong data-start=\"775\" data-end=\"790\">massives Messing<\/strong>Diese Klemmen bieten eine ausgezeichnete Festigkeit und Korrosionsbest\u00e4ndigkeit und gew\u00e4hrleisten eine langfristige Zuverl\u00e4ssigkeit in feuchten Badezimmern. Die <strong data-start=\"923\" data-end=\"943\">dekorative Abdeckung<\/strong> sorgt f\u00fcr ein sauberes, professionelles Finish und verbirgt gleichzeitig Schrauben und Befestigungsdetails f\u00fcr ein elegantes Aussehen.<\/p>\n<p data-start=\"1048\" data-end=\"1340\">Geeignet f\u00fcr <strong data-start=\"1061\" data-end=\"1084\">6-10mm Glasscheiben<\/strong>kann jedes Klammerpaar bis zu <strong data-start=\"1124\" data-end=\"1132\">40 kg<\/strong>Damit sind sie perfekt f\u00fcr mittelgro\u00dfe rahmenlose Duscht\u00fcren geeignet. Erh\u00e4ltlich in einer Reihe von Oberfl\u00e4chen, diese Klammern koordinieren nahtlos mit anderen Messing Dusche Hardware f\u00fcr eine moderne und koh\u00e4rente Bad Stil.<\/p>\n<p data-start=\"1342\" data-end=\"1361\"><strong data-start=\"1342\" data-end=\"1359\">Hauptmerkmale:<\/strong><\/p>\n<ul data-start=\"1362\" data-end=\"1776\">\n<li data-start=\"1362\" data-end=\"1431\">\n<p data-start=\"1364\" data-end=\"1431\"><strong data-start=\"1364\" data-end=\"1373\">Typ:<\/strong> 135\u00b0 Glas-Glas-Duscht\u00fcrklammern aus Messing mit Abdeckung<\/p>\n<\/li>\n<li data-start=\"1432\" data-end=\"1496\">\n<p data-start=\"1434\" data-end=\"1496\"><strong data-start=\"1434\" data-end=\"1447\">Material:<\/strong> Massives Messing f\u00fcr Haltbarkeit und Rostbest\u00e4ndigkeit<\/p>\n<\/li>\n<li data-start=\"1497\" data-end=\"1549\">\n<p data-start=\"1499\" data-end=\"1549\"><strong data-start=\"1499\" data-end=\"1523\">Glaskompatibilit\u00e4t:<\/strong> Geeignet f\u00fcr 6-10 mm dickes Glas<\/p>\n<\/li>\n<li data-start=\"1550\" data-end=\"1607\">\n<p data-start=\"1552\" data-end=\"1607\"><strong data-start=\"1552\" data-end=\"1570\">Tragf\u00e4higkeit:<\/strong> Tr\u00e4gt bis zu 40 kg pro zwei Klammern<\/p>\n<\/li>\n<li data-start=\"1608\" data-end=\"1685\">\n<p data-start=\"1610\" data-end=\"1685\"><strong data-start=\"1610\" data-end=\"1621\">Entwurf:<\/strong> Rahmenloses Design mit dekorativer Abdeckung f\u00fcr ein sauberes Erscheinungsbild<\/p>\n<\/li>\n<li data-start=\"1686\" data-end=\"1776\">\n<p data-start=\"1688\" data-end=\"1776\"><strong data-start=\"1688\" data-end=\"1705\">Anwendungen:<\/strong> Ideal f\u00fcr rahmenlose Glasduschabtrennungen und abgewinkelte Installationen<\/p>\n<\/li>\n<\/ul>\n<p data-start=\"1778\" data-end=\"1799\"><strong data-start=\"1778\" data-end=\"1797\">Spezifikationen:<\/strong><\/p>\n<ul data-start=\"1800\" data-end=\"2070\">\n<li data-start=\"1800\" data-end=\"1825\">\n<p data-start=\"1802\" data-end=\"1825\"><strong data-start=\"1802\" data-end=\"1812\">Modell:<\/strong> SGH-SD1003<\/p>\n<\/li>\n<li data-start=\"1826\" data-end=\"1877\">\n<p data-start=\"1828\" data-end=\"1877\"><strong data-start=\"1828\" data-end=\"1837\">Typ:<\/strong> Glas-Glas-Klemme, 135\u00b0 mit Abdeckung<\/p>\n<\/li>\n<li data-start=\"1878\" data-end=\"1901\">\n<p data-start=\"1880\" data-end=\"1901\"><strong data-start=\"1880\" data-end=\"1893\">Material:<\/strong> Messing<\/p>\n<\/li>\n<li data-start=\"1902\" data-end=\"1938\">\n<p data-start=\"1904\" data-end=\"1938\"><strong data-start=\"1904\" data-end=\"1929\">Passt zur Glasdicke:<\/strong> 6-10mm<\/p>\n<\/li>\n<li data-start=\"1939\" data-end=\"1975\">\n<p data-start=\"1941\" data-end=\"1975\"><strong data-start=\"1941\" data-end=\"1961\">Max. T\u00fcrgewicht:<\/strong> 40kg \/ 2St\u00fcck<\/p>\n<\/li>\n<li data-start=\"1976\" data-end=\"2070\">\n<p data-start=\"1978\" data-end=\"2070\"><strong data-start=\"1978\" data-end=\"1997\">Ausf\u00fchrungsoptionen:<\/strong> Chrom poliert, Gold poliert, Nickel geb\u00fcrstet, Gun Metal, Schwarz matt<\/p>\n<\/li>\n<\/ul>\n<h2 id=\"tablepress-5-name\" class=\"tablepress-table-name tablepress-table-name-id-5\">Messing-Duscht\u00fcrklammern SD10xx Serie<\/h2>\n\n<table id=\"tablepress-5\" class=\"tablepress tablepress-id-5\" aria-labelledby=\"tablepress-5-name\">\n<thead>\n<tr class=\"row-1\">\n\t<th class=\"column-1\"><strong>Modell<\/strong><\/th><th class=\"column-2\"><strong>Bild<\/strong><\/th><th class=\"column-3\"><strong>Typ<\/strong><\/th><th class=\"column-4\"><strong>Winkel<\/strong><\/th><th class=\"column-5\"><strong>Form<\/strong><\/th><th class=\"column-6\"><strong>Besonderheit<\/strong><\/th>\n<\/tr>\n<\/thead>\n<tbody class=\"row-striping row-hover\">\n<tr class=\"row-2\">\n\t<td class=\"column-1\"><a href=\"https:\/\/showerglasshardware.com\/de-de\/product\/glass-to-wall-clamps-with-cover-180-degree-sgh-1000l\/\">SD1000L<\/a><\/td><td class=\"column-2\"><a href=\"https:\/\/showerglasshardware.com\/wp-content\/uploads\/2024\/04\/FC1000-Black.jpg\"><img decoding=\"async\" src=\"https:\/\/showerglasshardware.com\/wp-content\/uploads\/2024\/04\/FC1000-Black-300x300.jpg\" alt=\"Schwarze Glas-Glas-Klemme mit Deckel\" width=\"60\" height=\"60\" class=\"alignnone size-medium wp-image-2305\" title=\"\" srcset=\"https:\/\/showerglasshardware.com\/wp-content\/uploads\/2024\/04\/FC1000-Black-300x300.jpg 300w, https:\/\/showerglasshardware.com\/wp-content\/uploads\/2024\/04\/FC1000-Black-100x100.jpg 100w, https:\/\/showerglasshardware.com\/wp-content\/uploads\/2024\/04\/FC1000-Black-150x150.jpg 150w, https:\/\/showerglasshardware.com\/wp-content\/uploads\/2024\/04\/FC1000-Black-12x12.jpg 12w, https:\/\/showerglasshardware.com\/wp-content\/uploads\/2024\/04\/FC1000-Black.jpg 500w\" sizes=\"(max-width: 60px) 100vw, 60px\" \/><\/a><\/td><td class=\"column-3\">Glas an Wand<\/td><td class=\"column-4\">180\u00b0<\/td><td class=\"column-5\">Rechteck<\/td><td class=\"column-6\">Mit Abdeckung<\/td>\n<\/tr>\n<tr class=\"row-3\">\n\t<td class=\"column-1\"><a href=\"https:\/\/showerglasshardware.com\/de-de\/product\/brass-shower-door-clamps-sgh-1001l\/\">SD1001L<\/a><\/td><td class=\"column-2\"><a href=\"https:\/\/showerglasshardware.com\/wp-content\/uploads\/2024\/04\/SGH1001L-Black.jpg\"><img decoding=\"async\" src=\"https:\/\/showerglasshardware.com\/wp-content\/uploads\/2024\/04\/SGH1001L-Black-300x300.jpg\" alt=\"Duscht\u00fcrklammer aus Messing mit schwarzer Abdeckung, die das Glas in einem Winkel von 90 Grad h\u00e4lt\" width=\"60\" height=\"60\" class=\"alignnone size-medium wp-image-2367\" title=\"\" srcset=\"https:\/\/showerglasshardware.com\/wp-content\/uploads\/2024\/04\/SGH1001L-Black-300x300.jpg 300w, https:\/\/showerglasshardware.com\/wp-content\/uploads\/2024\/04\/SGH1001L-Black-100x100.jpg 100w, https:\/\/showerglasshardware.com\/wp-content\/uploads\/2024\/04\/SGH1001L-Black-150x150.jpg 150w, https:\/\/showerglasshardware.com\/wp-content\/uploads\/2024\/04\/SGH1001L-Black-12x12.jpg 12w, https:\/\/showerglasshardware.com\/wp-content\/uploads\/2024\/04\/SGH1001L-Black.jpg 500w\" sizes=\"(max-width: 60px) 100vw, 60px\" \/><\/a><\/td><td class=\"column-3\">Glas an Wand<\/td><td class=\"column-4\">90\u00b0<\/td><td class=\"column-5\">Rechteck<\/td><td class=\"column-6\">Mit Abdeckung<\/td>\n<\/tr>\n<tr class=\"row-4\">\n\t<td class=\"column-1\"><a href=\"https:\/\/showerglasshardware.com\/de-de\/product\/glass-to-glass-clamps-with-cover-90-degree-sgh1002\/\">SD1002<\/a><\/td><td class=\"column-2\"><a href=\"https:\/\/showerglasshardware.com\/wp-content\/uploads\/2024\/04\/SGH-1002_Black.jpg\"><img decoding=\"async\" src=\"https:\/\/showerglasshardware.com\/wp-content\/uploads\/2024\/04\/SGH-1002_Black-300x300.jpg\" alt=\"Glas-Duscht\u00fcrklammern mit Abdeckung 90 Grad SGH-1002 Schwarz\" width=\"60\" height=\"60\" class=\"alignnone size-medium wp-image-2356\" title=\"\" srcset=\"https:\/\/showerglasshardware.com\/wp-content\/uploads\/2024\/04\/SGH-1002_Black-300x300.jpg 300w, https:\/\/showerglasshardware.com\/wp-content\/uploads\/2024\/04\/SGH-1002_Black-100x100.jpg 100w, https:\/\/showerglasshardware.com\/wp-content\/uploads\/2024\/04\/SGH-1002_Black-150x150.jpg 150w, https:\/\/showerglasshardware.com\/wp-content\/uploads\/2024\/04\/SGH-1002_Black-12x12.jpg 12w, https:\/\/showerglasshardware.com\/wp-content\/uploads\/2024\/04\/SGH-1002_Black.jpg 500w\" sizes=\"(max-width: 60px) 100vw, 60px\" \/><\/a><\/td><td class=\"column-3\">Von Glas zu Glas<\/td><td class=\"column-4\">90\u00b0<\/td><td class=\"column-5\">Rechteck<\/td><td class=\"column-6\">Mit Abdeckung<\/td>\n<\/tr>\n<tr class=\"row-5\">\n\t<td class=\"column-1\"><a href=\"https:\/\/showerglasshardware.com\/de-de\/product\/glass-to-glass-clamps-with-cover-135-degree-sgh-1003\/\">SD1003<\/a><\/td><td class=\"column-2\"><a href=\"https:\/\/showerglasshardware.com\/wp-content\/uploads\/2024\/04\/SGH1003-Black.jpg\"><img loading=\"lazy\" decoding=\"async\" src=\"https:\/\/showerglasshardware.com\/wp-content\/uploads\/2024\/04\/SGH1003-Black-300x300.jpg\" alt=\"Schwarze rahmenlose Duscht\u00fcrklammer mit Abdeckung im 135-Grad-Winkel\" width=\"60\" height=\"60\" class=\"alignnone size-medium wp-image-2345\" title=\"\" srcset=\"https:\/\/showerglasshardware.com\/wp-content\/uploads\/2024\/04\/SGH1003-Black-300x300.jpg 300w, https:\/\/showerglasshardware.com\/wp-content\/uploads\/2024\/04\/SGH1003-Black-100x100.jpg 100w, https:\/\/showerglasshardware.com\/wp-content\/uploads\/2024\/04\/SGH1003-Black-150x150.jpg 150w, https:\/\/showerglasshardware.com\/wp-content\/uploads\/2024\/04\/SGH1003-Black-12x12.jpg 12w, https:\/\/showerglasshardware.com\/wp-content\/uploads\/2024\/04\/SGH1003-Black.jpg 500w\" sizes=\"(max-width: 60px) 100vw, 60px\" \/><\/a><\/td><td class=\"column-3\">Von Glas zu Glas<\/td><td class=\"column-4\">135\u00b0<\/td><td class=\"column-5\">Rechteck<\/td><td class=\"column-6\">Mit Abdeckung<\/td>\n<\/tr>\n<tr class=\"row-6\">\n\t<td class=\"column-1\"><a href=\"https:\/\/showerglasshardware.com\/de-de\/product\/glass-to-glass-clamps-with-cover-180-degree-sgh-1004\/\">SD1004<\/a><\/td><td class=\"column-2\"><a href=\"https:\/\/showerglasshardware.com\/wp-content\/uploads\/2024\/04\/SGH1004-Black.jpg\"><img loading=\"lazy\" decoding=\"async\" src=\"https:\/\/showerglasshardware.com\/wp-content\/uploads\/2024\/04\/SGH1004-Black-300x300.jpg\" alt=\"Schwarze Glas-Glas-Klemme mit Abdeckung bei 180 Grad\" width=\"60\" height=\"60\" class=\"alignnone size-medium wp-image-2316\" title=\"\" srcset=\"https:\/\/showerglasshardware.com\/wp-content\/uploads\/2024\/04\/SGH1004-Black-300x300.jpg 300w, https:\/\/showerglasshardware.com\/wp-content\/uploads\/2024\/04\/SGH1004-Black-100x100.jpg 100w, https:\/\/showerglasshardware.com\/wp-content\/uploads\/2024\/04\/SGH1004-Black-150x150.jpg 150w, https:\/\/showerglasshardware.com\/wp-content\/uploads\/2024\/04\/SGH1004-Black-12x12.jpg 12w, https:\/\/showerglasshardware.com\/wp-content\/uploads\/2024\/04\/SGH1004-Black.jpg 500w\" sizes=\"(max-width: 60px) 100vw, 60px\" \/><\/a><\/td><td class=\"column-3\">Von Glas zu Glas<\/td><td class=\"column-4\">180\u00b0<\/td><td class=\"column-5\">Rechteck<\/td><td class=\"column-6\">Mit Abdeckung<\/td>\n<\/tr>\n<\/tbody>\n<\/table>\n<!-- #tablepress-5 from cache -->","protected":false},"excerpt":{"rendered":"<ul>\n<li>Messing<\/li>\n<li>Glasklemme mit Abdeckung<\/li>\n<li>135\u00b0 Klammern f\u00fcr rahmenlose Duscht\u00fcren<\/li>\n<li>Glasdicke: 6-10mm;<\/li>\n<li>Maximales Gewicht der Glast\u00fcr: 40 kg (2 St\u00fcck);<\/li>\n<li>Oberfl\u00e4che: Chrom poliert; Poliertes Gold; Geb\u00fcrstetes Nickel; Gun Metal; Mattschwarz<\/li>\n<\/ul>\n<p><!-- notionvc: 5d8ef03b-8726-45ed-97aa-03865ac595dd --><\/p>","protected":false},"featured_media":4788,"comment_status":"open","ping_status":"closed","template":"","meta":{"_acf_changed":false},"product_brand":[],"product_cat":[24,109],"product_tag":[59],"class_list":{"0":"post-1059","1":"product","2":"type-product","3":"status-publish","4":"has-post-thumbnail","6":"product_cat-shower-glass-clamps","7":"product_cat-glass-to-glass-clamps","8":"product_tag-135-degree-glass-to-glass-clamps","9":"pa_finish-brushed-nickel","10":"pa_finish-chrome","11":"pa_finish-gold","12":"pa_finish-gun-metal","13":"pa_finish-black","14":"pa_glass-thickness-1-4-inch-6mm","15":"pa_glass-thickness-3-8-inch-10mm","16":"pa_glass-thickness-5-16-inch-8mm","17":"pa_material-brass","19":"first","20":"instock","21":"purchasable","22":"product-type-variable"},"acf":[],"_links":{"self":[{"href":"https:\/\/showerglasshardware.com\/de-de\/wp-json\/wp\/v2\/product\/1059","targetHints":{"allow":["GET"]}}],"collection":[{"href":"https:\/\/showerglasshardware.com\/de-de\/wp-json\/wp\/v2\/product"}],"about":[{"href":"https:\/\/showerglasshardware.com\/de-de\/wp-json\/wp\/v2\/types\/product"}],"replies":[{"embeddable":true,"href":"https:\/\/showerglasshardware.com\/de-de\/wp-json\/wp\/v2\/comments?post=1059"}],"version-history":[{"count":6,"href":"https:\/\/showerglasshardware.com\/de-de\/wp-json\/wp\/v2\/product\/1059\/revisions"}],"predecessor-version":[{"id":4877,"href":"https:\/\/showerglasshardware.com\/de-de\/wp-json\/wp\/v2\/product\/1059\/revisions\/4877"}],"wp:featuredmedia":[{"embeddable":true,"href":"https:\/\/showerglasshardware.com\/de-de\/wp-json\/wp\/v2\/media\/4788"}],"wp:attachment":[{"href":"https:\/\/showerglasshardware.com\/de-de\/wp-json\/wp\/v2\/media?parent=1059"}],"wp:term":[{"taxonomy":"product_brand","embeddable":true,"href":"https:\/\/showerglasshardware.com\/de-de\/wp-json\/wp\/v2\/product_brand?post=1059"},{"taxonomy":"product_cat","embeddable":true,"href":"https:\/\/showerglasshardware.com\/de-de\/wp-json\/wp\/v2\/product_cat?post=1059"},{"taxonomy":"product_tag","embeddable":true,"href":"https:\/\/showerglasshardware.com\/de-de\/wp-json\/wp\/v2\/product_tag?post=1059"}],"curies":[{"name":"wp","href":"https:\/\/api.w.org\/{rel}","templated":true}]}}