{"id":1069,"date":"2024-04-23T02:32:03","date_gmt":"2024-04-23T02:32:03","guid":{"rendered":"https:\/\/showerglasshardware.com\/?post_type=product&#038;p=1069"},"modified":"2025-10-12T15:35:51","modified_gmt":"2025-10-12T15:35:51","slug":"glass-to-glass-clamps-with-cover-180-degree-sgh-1004","status":"publish","type":"product","link":"https:\/\/showerglasshardware.com\/de-de\/product\/glass-to-glass-clamps-with-cover-180-degree-sgh-1004\/","title":{"rendered":"Glas-Glas-Klemmen mit Deckel 180 Grad SGH-SD1004"},"content":{"rendered":"<p data-start=\"457\" data-end=\"632\">Die SGH-1004 180\u00b0 Glas-Glas-Duscht\u00fcrklammern mit Abdeckung sind f\u00fcr sichere und stilvolle Verbindungen zwischen zwei rahmenlosen Glasduschpaneelen in einem Winkel von 180\u00b0 konzipiert.<\/p>\n<p data-start=\"634\" data-end=\"913\">Diese aus massivem Messing gefertigten Klemmen bieten au\u00dfergew\u00f6hnliche Festigkeit, Korrosionsbest\u00e4ndigkeit und lange Haltbarkeit. Das integrierte Abdeckungsdesign verbirgt die Schrauben f\u00fcr ein sauberes, modernes Aussehen und macht sie ideal f\u00fcr hochwertige Wohnb\u00e4der und gewerbliche Duschkabinen.<\/p>\n<p data-start=\"915\" data-end=\"1182\">Kompatibel mit 6-10 mm dickem Glas, k\u00f6nnen zwei Klammern sicher bis zu 40 kg tragen und gew\u00e4hrleisten Stabilit\u00e4t und zuverl\u00e4ssige Leistung. Erh\u00e4ltlich in den Ausf\u00fchrungen Chrom poliert, Gold poliert, Nickel geb\u00fcrstet, Gun Metal und Mattschwarz, passend zu verschiedenen Badstilen.<\/p>\n<p data-start=\"1184\" data-end=\"1203\"><strong data-start=\"1184\" data-end=\"1201\">Hauptmerkmale:<\/strong><\/p>\n<ul data-start=\"1204\" data-end=\"1641\">\n<li data-start=\"1204\" data-end=\"1271\">\n<p data-start=\"1206\" data-end=\"1271\"><strong data-start=\"1206\" data-end=\"1219\">Material:<\/strong> Massives Messing f\u00fcr St\u00e4rke und Korrosionsbest\u00e4ndigkeit<\/p>\n<\/li>\n<li data-start=\"1272\" data-end=\"1347\">\n<p data-start=\"1274\" data-end=\"1347\"><strong data-start=\"1274\" data-end=\"1285\">Entwurf:<\/strong> 180\u00b0 Glas-Glas-Klemme mit Abdeckung f\u00fcr ein elegantes Aussehen<\/p>\n<\/li>\n<li data-start=\"1348\" data-end=\"1400\">\n<p data-start=\"1350\" data-end=\"1400\"><strong data-start=\"1350\" data-end=\"1374\">Glaskompatibilit\u00e4t:<\/strong> Geeignet f\u00fcr 6-10 mm dickes Glas<\/p>\n<\/li>\n<li data-start=\"1401\" data-end=\"1452\">\n<p data-start=\"1403\" data-end=\"1452\"><strong data-start=\"1403\" data-end=\"1421\">Tragf\u00e4higkeit:<\/strong> Unterst\u00fctzt 40kg pro zwei Klammern<\/p>\n<\/li>\n<li data-start=\"1453\" data-end=\"1547\">\n<p data-start=\"1455\" data-end=\"1547\"><strong data-start=\"1455\" data-end=\"1474\">Ausf\u00fchrungsoptionen:<\/strong> Chrom poliert, Gold poliert, Nickel geb\u00fcrstet, Gun Metal, Schwarz matt<\/p>\n<\/li>\n<li data-start=\"1548\" data-end=\"1641\">\n<p data-start=\"1550\" data-end=\"1641\"><strong data-start=\"1550\" data-end=\"1567\">Anwendungen:<\/strong> Rahmenlose Duschabtrennungen aus Glas f\u00fcr Wohnungen, Hotels und gewerbliche Zwecke<\/p>\n<\/li>\n<\/ul>\n<p data-start=\"1643\" data-end=\"1664\"><strong data-start=\"1643\" data-end=\"1662\">Spezifikationen:<\/strong><\/p>\n<ul data-start=\"1665\" data-end=\"1993\">\n<li data-start=\"1665\" data-end=\"1688\">\n<p data-start=\"1667\" data-end=\"1688\"><strong data-start=\"1667\" data-end=\"1677\">Modell:<\/strong> SGH-1004<\/p>\n<\/li>\n<li data-start=\"1689\" data-end=\"1739\">\n<p data-start=\"1691\" data-end=\"1739\"><strong data-start=\"1691\" data-end=\"1700\">Typ:<\/strong> 180\u00b0 Glas-Glas-Klemme mit Deckel<\/p>\n<\/li>\n<li data-start=\"1740\" data-end=\"1763\">\n<p data-start=\"1742\" data-end=\"1763\"><strong data-start=\"1742\" data-end=\"1755\">Material:<\/strong> Messing<\/p>\n<\/li>\n<li data-start=\"1764\" data-end=\"1800\">\n<p data-start=\"1766\" data-end=\"1800\"><strong data-start=\"1766\" data-end=\"1791\">Passt zur Glasdicke:<\/strong> 6-10mm<\/p>\n<\/li>\n<li data-start=\"1801\" data-end=\"1843\">\n<p data-start=\"1803\" data-end=\"1843\"><strong data-start=\"1803\" data-end=\"1821\">Tragf\u00e4higkeit:<\/strong> 40kg pro zwei Klammern<\/p>\n<\/li>\n<li data-start=\"1844\" data-end=\"1932\">\n<p data-start=\"1846\" data-end=\"1932\"><strong data-start=\"1846\" data-end=\"1859\">Ausf\u00fchrungen:<\/strong> Chrom poliert, Gold poliert, Nickel geb\u00fcrstet, Gun Metal, Schwarz matt<\/p>\n<\/li>\n<li data-start=\"1933\" data-end=\"1993\">\n<p data-start=\"1935\" data-end=\"1993\"><strong data-start=\"1935\" data-end=\"1951\">Anwendung:<\/strong> Rahmenlose Duscht\u00fcren und -paneele aus Glas<\/p>\n<\/li>\n<\/ul>\n<h2 id=\"tablepress-5-name\" class=\"tablepress-table-name tablepress-table-name-id-5\">Messing-Duscht\u00fcrklammern SD10xx Serie<\/h2>\n\n<table id=\"tablepress-5\" class=\"tablepress tablepress-id-5\" aria-labelledby=\"tablepress-5-name\">\n<thead>\n<tr class=\"row-1\">\n\t<th class=\"column-1\"><strong>Modell<\/strong><\/th><th class=\"column-2\"><strong>Bild<\/strong><\/th><th class=\"column-3\"><strong>Typ<\/strong><\/th><th class=\"column-4\"><strong>Winkel<\/strong><\/th><th class=\"column-5\"><strong>Form<\/strong><\/th><th class=\"column-6\"><strong>Besonderheit<\/strong><\/th>\n<\/tr>\n<\/thead>\n<tbody class=\"row-striping row-hover\">\n<tr class=\"row-2\">\n\t<td class=\"column-1\"><a href=\"https:\/\/showerglasshardware.com\/de-de\/product\/glass-to-wall-clamps-with-cover-180-degree-sgh-1000l\/\">SD1000L<\/a><\/td><td class=\"column-2\"><a href=\"https:\/\/showerglasshardware.com\/wp-content\/uploads\/2024\/04\/FC1000-Black.jpg\"><img decoding=\"async\" src=\"https:\/\/showerglasshardware.com\/wp-content\/uploads\/2024\/04\/FC1000-Black-300x300.jpg\" alt=\"Schwarze Glas-Glas-Klemme mit Deckel\" width=\"60\" height=\"60\" class=\"alignnone size-medium wp-image-2305\" title=\"\" srcset=\"https:\/\/showerglasshardware.com\/wp-content\/uploads\/2024\/04\/FC1000-Black-300x300.jpg 300w, https:\/\/showerglasshardware.com\/wp-content\/uploads\/2024\/04\/FC1000-Black-100x100.jpg 100w, https:\/\/showerglasshardware.com\/wp-content\/uploads\/2024\/04\/FC1000-Black-150x150.jpg 150w, https:\/\/showerglasshardware.com\/wp-content\/uploads\/2024\/04\/FC1000-Black-12x12.jpg 12w, https:\/\/showerglasshardware.com\/wp-content\/uploads\/2024\/04\/FC1000-Black.jpg 500w\" sizes=\"(max-width: 60px) 100vw, 60px\" \/><\/a><\/td><td class=\"column-3\">Glas an Wand<\/td><td class=\"column-4\">180\u00b0<\/td><td class=\"column-5\">Rechteck<\/td><td class=\"column-6\">Mit Abdeckung<\/td>\n<\/tr>\n<tr class=\"row-3\">\n\t<td class=\"column-1\"><a href=\"https:\/\/showerglasshardware.com\/de-de\/product\/brass-shower-door-clamps-sgh-1001l\/\">SD1001L<\/a><\/td><td class=\"column-2\"><a href=\"https:\/\/showerglasshardware.com\/wp-content\/uploads\/2024\/04\/SGH1001L-Black.jpg\"><img decoding=\"async\" src=\"https:\/\/showerglasshardware.com\/wp-content\/uploads\/2024\/04\/SGH1001L-Black-300x300.jpg\" alt=\"Duscht\u00fcrklammer aus Messing mit schwarzer Abdeckung, die das Glas in einem Winkel von 90 Grad h\u00e4lt\" width=\"60\" height=\"60\" class=\"alignnone size-medium wp-image-2367\" title=\"\" srcset=\"https:\/\/showerglasshardware.com\/wp-content\/uploads\/2024\/04\/SGH1001L-Black-300x300.jpg 300w, https:\/\/showerglasshardware.com\/wp-content\/uploads\/2024\/04\/SGH1001L-Black-100x100.jpg 100w, https:\/\/showerglasshardware.com\/wp-content\/uploads\/2024\/04\/SGH1001L-Black-150x150.jpg 150w, https:\/\/showerglasshardware.com\/wp-content\/uploads\/2024\/04\/SGH1001L-Black-12x12.jpg 12w, https:\/\/showerglasshardware.com\/wp-content\/uploads\/2024\/04\/SGH1001L-Black.jpg 500w\" sizes=\"(max-width: 60px) 100vw, 60px\" \/><\/a><\/td><td class=\"column-3\">Glas an Wand<\/td><td class=\"column-4\">90\u00b0<\/td><td class=\"column-5\">Rechteck<\/td><td class=\"column-6\">Mit Abdeckung<\/td>\n<\/tr>\n<tr class=\"row-4\">\n\t<td class=\"column-1\"><a href=\"https:\/\/showerglasshardware.com\/de-de\/product\/glass-to-glass-clamps-with-cover-90-degree-sgh1002\/\">SD1002<\/a><\/td><td class=\"column-2\"><a href=\"https:\/\/showerglasshardware.com\/wp-content\/uploads\/2024\/04\/SGH-1002_Black.jpg\"><img decoding=\"async\" src=\"https:\/\/showerglasshardware.com\/wp-content\/uploads\/2024\/04\/SGH-1002_Black-300x300.jpg\" alt=\"Glas-Duscht\u00fcrklammern mit Abdeckung 90 Grad SGH-1002 Schwarz\" width=\"60\" height=\"60\" class=\"alignnone size-medium wp-image-2356\" title=\"\" srcset=\"https:\/\/showerglasshardware.com\/wp-content\/uploads\/2024\/04\/SGH-1002_Black-300x300.jpg 300w, https:\/\/showerglasshardware.com\/wp-content\/uploads\/2024\/04\/SGH-1002_Black-100x100.jpg 100w, https:\/\/showerglasshardware.com\/wp-content\/uploads\/2024\/04\/SGH-1002_Black-150x150.jpg 150w, https:\/\/showerglasshardware.com\/wp-content\/uploads\/2024\/04\/SGH-1002_Black-12x12.jpg 12w, https:\/\/showerglasshardware.com\/wp-content\/uploads\/2024\/04\/SGH-1002_Black.jpg 500w\" sizes=\"(max-width: 60px) 100vw, 60px\" \/><\/a><\/td><td class=\"column-3\">Von Glas zu Glas<\/td><td class=\"column-4\">90\u00b0<\/td><td class=\"column-5\">Rechteck<\/td><td class=\"column-6\">Mit Abdeckung<\/td>\n<\/tr>\n<tr class=\"row-5\">\n\t<td class=\"column-1\"><a href=\"https:\/\/showerglasshardware.com\/de-de\/product\/glass-to-glass-clamps-with-cover-135-degree-sgh-1003\/\">SD1003<\/a><\/td><td class=\"column-2\"><a href=\"https:\/\/showerglasshardware.com\/wp-content\/uploads\/2024\/04\/SGH1003-Black.jpg\"><img loading=\"lazy\" decoding=\"async\" src=\"https:\/\/showerglasshardware.com\/wp-content\/uploads\/2024\/04\/SGH1003-Black-300x300.jpg\" alt=\"Schwarze rahmenlose Duscht\u00fcrklammer mit Abdeckung im 135-Grad-Winkel\" width=\"60\" height=\"60\" class=\"alignnone size-medium wp-image-2345\" title=\"\" srcset=\"https:\/\/showerglasshardware.com\/wp-content\/uploads\/2024\/04\/SGH1003-Black-300x300.jpg 300w, https:\/\/showerglasshardware.com\/wp-content\/uploads\/2024\/04\/SGH1003-Black-100x100.jpg 100w, https:\/\/showerglasshardware.com\/wp-content\/uploads\/2024\/04\/SGH1003-Black-150x150.jpg 150w, https:\/\/showerglasshardware.com\/wp-content\/uploads\/2024\/04\/SGH1003-Black-12x12.jpg 12w, https:\/\/showerglasshardware.com\/wp-content\/uploads\/2024\/04\/SGH1003-Black.jpg 500w\" sizes=\"(max-width: 60px) 100vw, 60px\" \/><\/a><\/td><td class=\"column-3\">Von Glas zu Glas<\/td><td class=\"column-4\">135\u00b0<\/td><td class=\"column-5\">Rechteck<\/td><td class=\"column-6\">Mit Abdeckung<\/td>\n<\/tr>\n<tr class=\"row-6\">\n\t<td class=\"column-1\"><a href=\"https:\/\/showerglasshardware.com\/de-de\/product\/glass-to-glass-clamps-with-cover-180-degree-sgh-1004\/\">SD1004<\/a><\/td><td class=\"column-2\"><a href=\"https:\/\/showerglasshardware.com\/wp-content\/uploads\/2024\/04\/SGH1004-Black.jpg\"><img loading=\"lazy\" decoding=\"async\" src=\"https:\/\/showerglasshardware.com\/wp-content\/uploads\/2024\/04\/SGH1004-Black-300x300.jpg\" alt=\"Schwarze Glas-Glas-Klemme mit Abdeckung bei 180 Grad\" width=\"60\" height=\"60\" class=\"alignnone size-medium wp-image-2316\" title=\"\" srcset=\"https:\/\/showerglasshardware.com\/wp-content\/uploads\/2024\/04\/SGH1004-Black-300x300.jpg 300w, https:\/\/showerglasshardware.com\/wp-content\/uploads\/2024\/04\/SGH1004-Black-100x100.jpg 100w, https:\/\/showerglasshardware.com\/wp-content\/uploads\/2024\/04\/SGH1004-Black-150x150.jpg 150w, https:\/\/showerglasshardware.com\/wp-content\/uploads\/2024\/04\/SGH1004-Black-12x12.jpg 12w, https:\/\/showerglasshardware.com\/wp-content\/uploads\/2024\/04\/SGH1004-Black.jpg 500w\" sizes=\"(max-width: 60px) 100vw, 60px\" \/><\/a><\/td><td class=\"column-3\">Von Glas zu Glas<\/td><td class=\"column-4\">180\u00b0<\/td><td class=\"column-5\">Rechteck<\/td><td class=\"column-6\">Mit Abdeckung<\/td>\n<\/tr>\n<\/tbody>\n<\/table>\n<!-- #tablepress-5 from cache -->","protected":false},"excerpt":{"rendered":"<ul>\n<li>Messing<\/li>\n<li>Glasklemme mit Abdeckung<\/li>\n<li>180\u00b0 Glas-Glas-Klemmen<\/li>\n<li>Glasdicke: 6-10mm;<\/li>\n<li>Maximales Gewicht der Glast\u00fcr: 40 kg (2 St\u00fcck);<\/li>\n<li>Oberfl\u00e4che: Chrom poliert; Poliertes Gold; Geb\u00fcrstetes Nickel; Gun Metal; Mattschwarz<\/li>\n<\/ul>\n<p><!-- notionvc: 5d8ef03b-8726-45ed-97aa-03865ac595dd --><\/p>","protected":false},"featured_media":4786,"comment_status":"open","ping_status":"closed","template":"","meta":{"_acf_changed":false},"product_brand":[],"product_cat":[24,109],"product_tag":[60],"class_list":{"0":"post-1069","1":"product","2":"type-product","3":"status-publish","4":"has-post-thumbnail","6":"product_cat-shower-glass-clamps","7":"product_cat-glass-to-glass-clamps","8":"product_tag-180-degree-glass-to-glass-clamps","9":"pa_finish-brushed-nickel","10":"pa_finish-chrome","11":"pa_finish-gold","12":"pa_finish-gun-metal","13":"pa_finish-black","14":"pa_glass-thickness-1-4-inch-6mm","15":"pa_glass-thickness-3-8-inch-10mm","16":"pa_glass-thickness-5-16-inch-8mm","17":"pa_material-brass","19":"first","20":"instock","21":"purchasable","22":"product-type-variable","23":"has-default-attributes"},"acf":[],"_links":{"self":[{"href":"https:\/\/showerglasshardware.com\/de-de\/wp-json\/wp\/v2\/product\/1069","targetHints":{"allow":["GET"]}}],"collection":[{"href":"https:\/\/showerglasshardware.com\/de-de\/wp-json\/wp\/v2\/product"}],"about":[{"href":"https:\/\/showerglasshardware.com\/de-de\/wp-json\/wp\/v2\/types\/product"}],"replies":[{"embeddable":true,"href":"https:\/\/showerglasshardware.com\/de-de\/wp-json\/wp\/v2\/comments?post=1069"}],"version-history":[{"count":5,"href":"https:\/\/showerglasshardware.com\/de-de\/wp-json\/wp\/v2\/product\/1069\/revisions"}],"predecessor-version":[{"id":4874,"href":"https:\/\/showerglasshardware.com\/de-de\/wp-json\/wp\/v2\/product\/1069\/revisions\/4874"}],"wp:featuredmedia":[{"embeddable":true,"href":"https:\/\/showerglasshardware.com\/de-de\/wp-json\/wp\/v2\/media\/4786"}],"wp:attachment":[{"href":"https:\/\/showerglasshardware.com\/de-de\/wp-json\/wp\/v2\/media?parent=1069"}],"wp:term":[{"taxonomy":"product_brand","embeddable":true,"href":"https:\/\/showerglasshardware.com\/de-de\/wp-json\/wp\/v2\/product_brand?post=1069"},{"taxonomy":"product_cat","embeddable":true,"href":"https:\/\/showerglasshardware.com\/de-de\/wp-json\/wp\/v2\/product_cat?post=1069"},{"taxonomy":"product_tag","embeddable":true,"href":"https:\/\/showerglasshardware.com\/de-de\/wp-json\/wp\/v2\/product_tag?post=1069"}],"curies":[{"name":"wp","href":"https:\/\/api.w.org\/{rel}","templated":true}]}}