{"id":1088,"date":"2024-04-24T07:40:09","date_gmt":"2024-04-24T07:40:09","guid":{"rendered":"https:\/\/showerglasshardware.com\/?post_type=product&#038;p=1088"},"modified":"2025-09-25T08:29:14","modified_gmt":"2025-09-25T08:29:14","slug":"brass-glass-shower-door-knobs-sgh-k11b","status":"publish","type":"product","link":"https:\/\/showerglasshardware.com\/de-de\/product\/brass-glass-shower-door-knobs-sgh-k11b\/","title":{"rendered":"Duscht\u00fcrgriffe aus Messing und Glas SGH-K11B"},"content":{"rendered":"<p data-start=\"473\" data-end=\"596\">Die SGH-K11B Messing-Duscht\u00fcrkn\u00f6pfe sind eine stilvolle und funktionelle Wahl f\u00fcr rahmenlose Glasduschabtrennungen.<\/p>\n<p data-start=\"598\" data-end=\"936\">Diese aus massivem Messing gefertigten Kn\u00f6pfe sind langlebig und korrosionsbest\u00e4ndig und gew\u00e4hrleisten eine lange Lebensdauer in feuchten Badezimmern. Ihr R\u00fccken-an-R\u00fccken-Design erm\u00f6glicht eine einfache Bedienung von beiden Seiten der T\u00fcr, w\u00e4hrend die kompakte Gr\u00f6\u00dfe \u03a630 \u00d7 25 mm sie f\u00fcr eine breite Palette von Duscht\u00fcranwendungen geeignet macht.<\/p>\n<p data-start=\"938\" data-end=\"1186\">Die in den Farben Chrom poliert, Gold poliert und Nickel geb\u00fcrstet erh\u00e4ltlichen Kn\u00f6pfe SGH-K11B passen zu verschiedenen Duscharmaturen und Badstilen. Sie wurden f\u00fcr 6-12 mm dickes Glas entwickelt und bieten eine sichere Installation und einen komfortablen Griff.<\/p>\n<p data-start=\"1188\" data-end=\"1207\"><strong data-start=\"1188\" data-end=\"1205\">Hauptmerkmale:<\/strong><\/p>\n<ul data-start=\"1208\" data-end=\"1605\">\n<li data-start=\"1208\" data-end=\"1258\">\n<p data-start=\"1210\" data-end=\"1258\"><strong data-start=\"1210\" data-end=\"1219\">Typ:<\/strong> R\u00fccken an R\u00fccken liegende Duscht\u00fcrkn\u00f6pfe aus Glas<\/p>\n<\/li>\n<li data-start=\"1259\" data-end=\"1326\">\n<p data-start=\"1261\" data-end=\"1326\"><strong data-start=\"1261\" data-end=\"1274\">Material:<\/strong> Massives Messing f\u00fcr St\u00e4rke und Korrosionsbest\u00e4ndigkeit<\/p>\n<\/li>\n<li data-start=\"1327\" data-end=\"1351\">\n<p data-start=\"1329\" data-end=\"1351\"><strong data-start=\"1329\" data-end=\"1338\">Gr\u00f6\u00dfe:<\/strong> \u03a630 \u00d7 25 mm<\/p>\n<\/li>\n<li data-start=\"1352\" data-end=\"1404\">\n<p data-start=\"1354\" data-end=\"1404\"><strong data-start=\"1354\" data-end=\"1378\">Glaskompatibilit\u00e4t:<\/strong> Geeignet f\u00fcr 6-12 mm dickes Glas<\/p>\n<\/li>\n<li data-start=\"1405\" data-end=\"1457\">\n<p data-start=\"1407\" data-end=\"1457\"><strong data-start=\"1407\" data-end=\"1418\">Entwurf:<\/strong> R\u00fccken-an-R\u00fccken-Stil f\u00fcr einfache Handhabung<\/p>\n<\/li>\n<li data-start=\"1458\" data-end=\"1528\">\n<p data-start=\"1460\" data-end=\"1528\"><strong data-start=\"1460\" data-end=\"1479\">Ausf\u00fchrungsoptionen:<\/strong> Chrom poliert, Gold poliert, Nickel geb\u00fcrstet<\/p>\n<\/li>\n<li data-start=\"1529\" data-end=\"1605\">\n<p data-start=\"1531\" data-end=\"1605\"><strong data-start=\"1531\" data-end=\"1548\">Anwendungen:<\/strong> Rahmenlose Duschabtrennungen in Wohnungen, Hotels und Spas<\/p>\n<\/li>\n<\/ul>\n<p data-start=\"1607\" data-end=\"1628\"><strong data-start=\"1607\" data-end=\"1626\">Spezifikationen:<\/strong><\/p>\n<ul data-start=\"1629\" data-end=\"1848\">\n<li data-start=\"1629\" data-end=\"1652\">\n<p data-start=\"1631\" data-end=\"1652\"><strong data-start=\"1631\" data-end=\"1641\">Modell:<\/strong> SGH-K11B<\/p>\n<\/li>\n<li data-start=\"1653\" data-end=\"1697\">\n<p data-start=\"1655\" data-end=\"1697\"><strong data-start=\"1655\" data-end=\"1664\">Typ:<\/strong> Duscht\u00fcrknopf, R\u00fccken-an-R\u00fccken<\/p>\n<\/li>\n<li data-start=\"1698\" data-end=\"1721\">\n<p data-start=\"1700\" data-end=\"1721\"><strong data-start=\"1700\" data-end=\"1713\">Material:<\/strong> Messing<\/p>\n<\/li>\n<li data-start=\"1722\" data-end=\"1746\">\n<p data-start=\"1724\" data-end=\"1746\"><strong data-start=\"1724\" data-end=\"1733\">Gr\u00f6\u00dfe:<\/strong> \u03a630 \u00d7 25 mm<\/p>\n<\/li>\n<li data-start=\"1747\" data-end=\"1783\">\n<p data-start=\"1749\" data-end=\"1783\"><strong data-start=\"1749\" data-end=\"1774\">Passt zur Glasdicke:<\/strong> 6-12mm<\/p>\n<\/li>\n<li data-start=\"1784\" data-end=\"1848\">\n<p data-start=\"1786\" data-end=\"1848\"><strong data-start=\"1786\" data-end=\"1799\">Ausf\u00fchrungen:<\/strong> Chrom poliert, Gold poliert, Nickel geb\u00fcrstet<\/p>\n<\/li>\n<\/ul>","protected":false},"excerpt":{"rendered":"<ul>\n<li>SGH-K11B<\/li>\n<li>\u03a630 \u00d7 25 mm<\/li>\n<li>Messing<\/li>\n<li>R\u00fccken-an-R\u00fccken-Duscht\u00fcrgriffe<\/li>\n<li>Glasst\u00e4rke: 6\u201312 mm;<\/li>\n<li>Oberfl\u00e4che: Chrom poliert; Poliertes Gold; Geb\u00fcrstetes Nickel<\/li>\n<\/ul>\n<p><!-- notionvc: 9788d432-087f-4fa0-88dc-86333bad9bb6 --><\/p>","protected":false},"featured_media":4732,"comment_status":"open","ping_status":"closed","template":"","meta":{"_acf_changed":false},"product_brand":[],"product_cat":[26,111],"product_tag":[],"class_list":{"0":"post-1088","1":"product","2":"type-product","3":"status-publish","4":"has-post-thumbnail","6":"product_cat-shower-door-knobs","7":"product_cat-back-to-back-knobs","8":"pa_finish-brushed-nickel","9":"pa_finish-chrome","10":"pa_finish-gold","11":"pa_finish-gun-metal","12":"pa_finish-black","13":"pa_glass-thickness-1-2-inch-12mm","14":"pa_glass-thickness-1-4-inch-6mm","15":"pa_glass-thickness-3-8-inch-10mm","16":"pa_glass-thickness-5-16-inch-8mm","17":"pa_material-brass","19":"first","20":"instock","21":"purchasable","22":"product-type-variable"},"acf":[],"_links":{"self":[{"href":"https:\/\/showerglasshardware.com\/de-de\/wp-json\/wp\/v2\/product\/1088","targetHints":{"allow":["GET"]}}],"collection":[{"href":"https:\/\/showerglasshardware.com\/de-de\/wp-json\/wp\/v2\/product"}],"about":[{"href":"https:\/\/showerglasshardware.com\/de-de\/wp-json\/wp\/v2\/types\/product"}],"replies":[{"embeddable":true,"href":"https:\/\/showerglasshardware.com\/de-de\/wp-json\/wp\/v2\/comments?post=1088"}],"version-history":[{"count":3,"href":"https:\/\/showerglasshardware.com\/de-de\/wp-json\/wp\/v2\/product\/1088\/revisions"}],"predecessor-version":[{"id":4731,"href":"https:\/\/showerglasshardware.com\/de-de\/wp-json\/wp\/v2\/product\/1088\/revisions\/4731"}],"wp:featuredmedia":[{"embeddable":true,"href":"https:\/\/showerglasshardware.com\/de-de\/wp-json\/wp\/v2\/media\/4732"}],"wp:attachment":[{"href":"https:\/\/showerglasshardware.com\/de-de\/wp-json\/wp\/v2\/media?parent=1088"}],"wp:term":[{"taxonomy":"product_brand","embeddable":true,"href":"https:\/\/showerglasshardware.com\/de-de\/wp-json\/wp\/v2\/product_brand?post=1088"},{"taxonomy":"product_cat","embeddable":true,"href":"https:\/\/showerglasshardware.com\/de-de\/wp-json\/wp\/v2\/product_cat?post=1088"},{"taxonomy":"product_tag","embeddable":true,"href":"https:\/\/showerglasshardware.com\/de-de\/wp-json\/wp\/v2\/product_tag?post=1088"}],"curies":[{"name":"wp","href":"https:\/\/api.w.org\/{rel}","templated":true}]}}