{"id":1101,"date":"2024-04-24T07:48:32","date_gmt":"2024-04-24T07:48:32","guid":{"rendered":"https:\/\/showerglasshardware.com\/?post_type=product&#038;p=1101"},"modified":"2025-09-25T08:43:47","modified_gmt":"2025-09-25T08:43:47","slug":"brass-glass-shower-door-knob-sgh-k11f","status":"publish","type":"product","link":"https:\/\/showerglasshardware.com\/de-de\/product\/brass-glass-shower-door-knob-sgh-k11f\/","title":{"rendered":"Duscht\u00fcrgriff aus Messing und Glas SGH-K11F"},"content":{"rendered":"<p data-start=\"504\" data-end=\"630\">Der SGH-K11F Messing-Duscht\u00fcrknopf ist ein hochwertiger R\u00fccken-an-R\u00fccken-Knopf, der f\u00fcr rahmenlose Glasduschkabinen entwickelt wurde.<\/p>\n<p data-start=\"632\" data-end=\"952\">Dieser aus massivem Messing gefertigte Knopf bietet St\u00e4rke, Haltbarkeit und Korrosionsbest\u00e4ndigkeit f\u00fcr den dauerhaften Einsatz in feuchten Badumgebungen. Seine R\u00fccken-an-R\u00fccken-Konfiguration gew\u00e4hrleistet eine einfache Bedienung von beiden Seiten der T\u00fcr, w\u00e4hrend die Gr\u00f6\u00dfe \u03a647 \u00d7 42 mm einen bequemen Griff und einen auff\u00e4lligen dekorativen Akzent bietet.<\/p>\n<p data-start=\"954\" data-end=\"1198\">Die SGH-K11F ist in den Ausf\u00fchrungen Chrom poliert, Gold poliert und Nickel geb\u00fcrstet erh\u00e4ltlich und passt zu einer Vielzahl von Duscharmaturen und Badstilen. Sie wurde f\u00fcr 6-12 mm dickes Glas entwickelt und bietet eine sichere Installation und modernes Design.<\/p>\n<p data-start=\"1200\" data-end=\"1219\"><strong data-start=\"1200\" data-end=\"1217\">Hauptmerkmale:<\/strong><\/p>\n<ul data-start=\"1220\" data-end=\"1637\">\n<li data-start=\"1220\" data-end=\"1269\">\n<p data-start=\"1222\" data-end=\"1269\"><strong data-start=\"1222\" data-end=\"1231\">Typ:<\/strong> R\u00fccken an R\u00fccken liegende Glast\u00fcrkn\u00f6pfe f\u00fcr Duschen<\/p>\n<\/li>\n<li data-start=\"1270\" data-end=\"1323\">\n<p data-start=\"1272\" data-end=\"1323\"><strong data-start=\"1272\" data-end=\"1285\">Material:<\/strong> Massives Messing f\u00fcr \u00fcberlegene Haltbarkeit<\/p>\n<\/li>\n<li data-start=\"1324\" data-end=\"1348\">\n<p data-start=\"1326\" data-end=\"1348\"><strong data-start=\"1326\" data-end=\"1335\">Gr\u00f6\u00dfe:<\/strong> \u03a647 \u00d7 42 mm<\/p>\n<\/li>\n<li data-start=\"1349\" data-end=\"1401\">\n<p data-start=\"1351\" data-end=\"1401\"><strong data-start=\"1351\" data-end=\"1375\">Glaskompatibilit\u00e4t:<\/strong> Geeignet f\u00fcr 6-12 mm dickes Glas<\/p>\n<\/li>\n<li data-start=\"1402\" data-end=\"1460\">\n<p data-start=\"1404\" data-end=\"1460\"><strong data-start=\"1404\" data-end=\"1415\">Entwurf:<\/strong> R\u00fccken-an-R\u00fccken-Bauweise f\u00fcr beidseitigen Betrieb<\/p>\n<\/li>\n<li data-start=\"1461\" data-end=\"1531\">\n<p data-start=\"1463\" data-end=\"1531\"><strong data-start=\"1463\" data-end=\"1482\">Ausf\u00fchrungsoptionen:<\/strong> Chrom poliert, Gold poliert, Nickel geb\u00fcrstet<\/p>\n<\/li>\n<li data-start=\"1532\" data-end=\"1637\">\n<p data-start=\"1534\" data-end=\"1637\"><strong data-start=\"1534\" data-end=\"1551\">Anwendungen:<\/strong> Geeignet f\u00fcr rahmenlose Duschabtrennungen in Wohnungen, Hotels und gewerblichen B\u00e4dern<\/p>\n<\/li>\n<\/ul>\n<p data-start=\"1639\" data-end=\"1660\"><strong data-start=\"1639\" data-end=\"1658\">Spezifikationen:<\/strong><\/p>\n<ul data-start=\"1661\" data-end=\"1880\">\n<li data-start=\"1661\" data-end=\"1684\">\n<p data-start=\"1663\" data-end=\"1684\"><strong data-start=\"1663\" data-end=\"1673\">Modell:<\/strong> SGH-K11F<\/p>\n<\/li>\n<li data-start=\"1685\" data-end=\"1729\">\n<p data-start=\"1687\" data-end=\"1729\"><strong data-start=\"1687\" data-end=\"1696\">Typ:<\/strong> Duscht\u00fcrknopf, R\u00fccken-an-R\u00fccken<\/p>\n<\/li>\n<li data-start=\"1730\" data-end=\"1753\">\n<p data-start=\"1732\" data-end=\"1753\"><strong data-start=\"1732\" data-end=\"1745\">Material:<\/strong> Messing<\/p>\n<\/li>\n<li data-start=\"1754\" data-end=\"1778\">\n<p data-start=\"1756\" data-end=\"1778\"><strong data-start=\"1756\" data-end=\"1765\">Gr\u00f6\u00dfe:<\/strong> \u03a647 \u00d7 42 mm<\/p>\n<\/li>\n<li data-start=\"1779\" data-end=\"1815\">\n<p data-start=\"1781\" data-end=\"1815\"><strong data-start=\"1781\" data-end=\"1806\">Passt zur Glasdicke:<\/strong> 6-12mm<\/p>\n<\/li>\n<li data-start=\"1816\" data-end=\"1880\">\n<p data-start=\"1818\" data-end=\"1880\"><strong data-start=\"1818\" data-end=\"1831\">Ausf\u00fchrungen:<\/strong> Chrom poliert, Gold poliert, Nickel geb\u00fcrstet<\/p>\n<\/li>\n<\/ul>","protected":false},"excerpt":{"rendered":"<ul>\n<li>SGH-K11F<\/li>\n<li>\u03a647 \u00d7 42 mm<\/li>\n<li>Messing<\/li>\n<li>R\u00fccken an R\u00fccken<\/li>\n<li>Glasst\u00e4rke: 6\u201312 mm;<\/li>\n<li>Oberfl\u00e4che: Chrom poliert; Poliertes Gold; Geb\u00fcrstetes Nickel<\/li>\n<\/ul>\n<p><!-- notionvc: 9788d432-087f-4fa0-88dc-86333bad9bb6 --><\/p>","protected":false},"featured_media":4734,"comment_status":"open","ping_status":"closed","template":"","meta":{"_acf_changed":false},"product_brand":[],"product_cat":[26,111],"product_tag":[],"class_list":{"0":"post-1101","1":"product","2":"type-product","3":"status-publish","4":"has-post-thumbnail","6":"product_cat-shower-door-knobs","7":"product_cat-back-to-back-knobs","8":"pa_finish-brushed-nickel","9":"pa_finish-chrome","10":"pa_finish-gold","11":"pa_finish-gun-metal","12":"pa_finish-black","13":"pa_glass-thickness-1-2-inch-12mm","14":"pa_glass-thickness-1-4-inch-6mm","15":"pa_glass-thickness-3-8-inch-10mm","16":"pa_glass-thickness-5-16-inch-8mm","17":"pa_material-brass","19":"first","20":"instock","21":"purchasable","22":"product-type-variable"},"acf":[],"_links":{"self":[{"href":"https:\/\/showerglasshardware.com\/de-de\/wp-json\/wp\/v2\/product\/1101","targetHints":{"allow":["GET"]}}],"collection":[{"href":"https:\/\/showerglasshardware.com\/de-de\/wp-json\/wp\/v2\/product"}],"about":[{"href":"https:\/\/showerglasshardware.com\/de-de\/wp-json\/wp\/v2\/types\/product"}],"replies":[{"embeddable":true,"href":"https:\/\/showerglasshardware.com\/de-de\/wp-json\/wp\/v2\/comments?post=1101"}],"version-history":[{"count":3,"href":"https:\/\/showerglasshardware.com\/de-de\/wp-json\/wp\/v2\/product\/1101\/revisions"}],"predecessor-version":[{"id":4735,"href":"https:\/\/showerglasshardware.com\/de-de\/wp-json\/wp\/v2\/product\/1101\/revisions\/4735"}],"wp:featuredmedia":[{"embeddable":true,"href":"https:\/\/showerglasshardware.com\/de-de\/wp-json\/wp\/v2\/media\/4734"}],"wp:attachment":[{"href":"https:\/\/showerglasshardware.com\/de-de\/wp-json\/wp\/v2\/media?parent=1101"}],"wp:term":[{"taxonomy":"product_brand","embeddable":true,"href":"https:\/\/showerglasshardware.com\/de-de\/wp-json\/wp\/v2\/product_brand?post=1101"},{"taxonomy":"product_cat","embeddable":true,"href":"https:\/\/showerglasshardware.com\/de-de\/wp-json\/wp\/v2\/product_cat?post=1101"},{"taxonomy":"product_tag","embeddable":true,"href":"https:\/\/showerglasshardware.com\/de-de\/wp-json\/wp\/v2\/product_tag?post=1101"}],"curies":[{"name":"wp","href":"https:\/\/api.w.org\/{rel}","templated":true}]}}