{"id":1124,"date":"2024-04-26T02:41:28","date_gmt":"2024-04-26T02:41:28","guid":{"rendered":"https:\/\/showerglasshardware.com\/?post_type=product&#038;p=1124"},"modified":"2025-09-25T13:21:54","modified_gmt":"2025-09-25T13:21:54","slug":"brass-glass-shower-door-knob-sgh-k14j","status":"publish","type":"product","link":"https:\/\/showerglasshardware.com\/de-de\/product\/brass-glass-shower-door-knob-sgh-k14j\/","title":{"rendered":"Duscht\u00fcrgriffe aus Messing und Glas SGH-K14J"},"content":{"rendered":"<p data-start=\"512\" data-end=\"648\">Die Messing-Duscht\u00fcrkn\u00f6pfe SGH-K14J bieten eine dauerhafte, elegante und praktische L\u00f6sung f\u00fcr rahmenlose Glasduschkabinen.<\/p>\n<p data-start=\"650\" data-end=\"991\">Diese aus massivem Messing gefertigten Kn\u00f6pfe sind robust und korrosionsbest\u00e4ndig und gew\u00e4hrleisten eine langfristige Leistung in feuchten Badezimmern. Ihr R\u00fccken-an-R\u00fccken-Design erm\u00f6glicht die Bedienung von beiden Seiten der Glast\u00fcr, w\u00e4hrend die kompakte Gr\u00f6\u00dfe \u03a627 \u00d7 30 mm sie zur perfekten Wahl f\u00fcr kleinere oder leichtere rahmenlose Duscht\u00fcren macht.<\/p>\n<p data-start=\"993\" data-end=\"1278\">Der SGH-K14J ist in den Ausf\u00fchrungen Chrom poliert, Gold poliert und Nickel geb\u00fcrstet erh\u00e4ltlich. Er passt zu einer Vielzahl von Badezimmerstilen und l\u00e4sst sich mit anderen Duscharmaturen aus Messing kombinieren. Diese Kn\u00f6pfe sind f\u00fcr 6-12 mm dickes Glas ausgelegt und bieten eine sichere Installation und ein modernes Aussehen.<\/p>\n<p data-start=\"1280\" data-end=\"1299\"><strong data-start=\"1280\" data-end=\"1297\">Hauptmerkmale:<\/strong><\/p>\n<ul data-start=\"1300\" data-end=\"1720\">\n<li data-start=\"1300\" data-end=\"1356\">\n<p data-start=\"1302\" data-end=\"1356\"><strong data-start=\"1302\" data-end=\"1311\">Typ:<\/strong> R\u00fccken an R\u00fccken liegende Messing-Duscht\u00fcrkn\u00f6pfe aus Glas<\/p>\n<\/li>\n<li data-start=\"1357\" data-end=\"1421\">\n<p data-start=\"1359\" data-end=\"1421\"><strong data-start=\"1359\" data-end=\"1372\">Material:<\/strong> Massives Messing f\u00fcr Haltbarkeit und Rostbest\u00e4ndigkeit<\/p>\n<\/li>\n<li data-start=\"1422\" data-end=\"1446\">\n<p data-start=\"1424\" data-end=\"1446\"><strong data-start=\"1424\" data-end=\"1433\">Gr\u00f6\u00dfe:<\/strong> \u03a627 \u00d7 30 mm<\/p>\n<\/li>\n<li data-start=\"1447\" data-end=\"1499\">\n<p data-start=\"1449\" data-end=\"1499\"><strong data-start=\"1449\" data-end=\"1473\">Glaskompatibilit\u00e4t:<\/strong> Geeignet f\u00fcr 6-12 mm dickes Glas<\/p>\n<\/li>\n<li data-start=\"1500\" data-end=\"1558\">\n<p data-start=\"1502\" data-end=\"1558\"><strong data-start=\"1502\" data-end=\"1513\">Entwurf:<\/strong> R\u00fccken-an-R\u00fccken-Bauweise f\u00fcr beidseitigen Betrieb<\/p>\n<\/li>\n<li data-start=\"1559\" data-end=\"1629\">\n<p data-start=\"1561\" data-end=\"1629\"><strong data-start=\"1561\" data-end=\"1580\">Ausf\u00fchrungsoptionen:<\/strong> Chrom poliert, Gold poliert, Nickel geb\u00fcrstet<\/p>\n<\/li>\n<li data-start=\"1630\" data-end=\"1720\">\n<p data-start=\"1632\" data-end=\"1720\"><strong data-start=\"1632\" data-end=\"1649\">Anwendungen:<\/strong> Rahmenlose Duscht\u00fcren aus Glas in privaten und gewerblichen B\u00e4dern<\/p>\n<\/li>\n<\/ul>\n<p data-start=\"1722\" data-end=\"1743\"><strong data-start=\"1722\" data-end=\"1741\">Spezifikationen:<\/strong><\/p>\n<ul data-start=\"1744\" data-end=\"1963\">\n<li data-start=\"1744\" data-end=\"1767\">\n<p data-start=\"1746\" data-end=\"1767\"><strong data-start=\"1746\" data-end=\"1756\">Modell:<\/strong> SGH-K14J<\/p>\n<\/li>\n<li data-start=\"1768\" data-end=\"1812\">\n<p data-start=\"1770\" data-end=\"1812\"><strong data-start=\"1770\" data-end=\"1779\">Typ:<\/strong> Duscht\u00fcrknopf, R\u00fccken-an-R\u00fccken<\/p>\n<\/li>\n<li data-start=\"1813\" data-end=\"1836\">\n<p data-start=\"1815\" data-end=\"1836\"><strong data-start=\"1815\" data-end=\"1828\">Material:<\/strong> Messing<\/p>\n<\/li>\n<li data-start=\"1837\" data-end=\"1861\">\n<p data-start=\"1839\" data-end=\"1861\"><strong data-start=\"1839\" data-end=\"1848\">Gr\u00f6\u00dfe:<\/strong> \u03a627 \u00d7 30 mm<\/p>\n<\/li>\n<li data-start=\"1862\" data-end=\"1898\">\n<p data-start=\"1864\" data-end=\"1898\"><strong data-start=\"1864\" data-end=\"1889\">Passt zur Glasdicke:<\/strong> 6-12mm<\/p>\n<\/li>\n<li data-start=\"1899\" data-end=\"1963\">\n<p data-start=\"1901\" data-end=\"1963\"><strong data-start=\"1901\" data-end=\"1914\">Ausf\u00fchrungen:<\/strong> Chrom poliert, Gold poliert, Nickel geb\u00fcrstet<\/p>\n<\/li>\n<\/ul>\n<h2 id=\"tablepress-2-name\" class=\"tablepress-table-name tablepress-table-name-id-2\">Messing Glas Dusche T\u00fcrkn\u00f6pfe K14 Serie<\/h2>\n\n<table id=\"tablepress-2\" class=\"tablepress tablepress-id-2\" aria-labelledby=\"tablepress-2-name\">\n<thead>\n<tr class=\"row-1\">\n\t<th class=\"column-1\"><strong>Modell<\/strong><\/th><th class=\"column-2\"><strong>Bild<\/strong><\/th><th class=\"column-3\"><strong>Gr\u00f6\u00dfe (mm)<\/strong><\/th><th class=\"column-4\"><strong>Form<\/strong><\/th><th class=\"column-5\"><strong>Material<\/strong><\/th><th class=\"column-6\"><strong>Struktur<\/strong><\/th><th class=\"column-7\"><strong>Glasdicke<\/strong><\/th><th class=\"column-8\"><strong>Beendet<\/strong><\/th>\n<\/tr>\n<\/thead>\n<tbody class=\"row-striping row-hover\">\n<tr class=\"row-2\">\n\t<td class=\"column-1\"><a href=\"https:\/\/showerglasshardware.com\/de-de\/product\/brass-glass-shower-door-knob-sgh-k14j\/\">K14J<\/a><\/td><td class=\"column-2\"><a href=\"https:\/\/showerglasshardware.com\/wp-content\/uploads\/2024\/04\/Brass-Glass-Shower-Door-Knobs-K14J.png\"><img decoding=\"async\" src=\"https:\/\/showerglasshardware.com\/wp-content\/uploads\/2024\/04\/Brass-Glass-Shower-Door-Knobs-K14J-300x300.png\" alt=\"Kompakte Messing-Duscht\u00fcrkn\u00f6pfe SGH-K14J. Gr\u00f6\u00dfe \u03a627 \u00d7 30mm, passend f\u00fcr 6-12mm Glas. Erh\u00e4ltlich in den Oberfl\u00e4chen Chrom, Gold und geb\u00fcrstetem Nickel.\" width=\"60\" height=\"60\" class=\"alignnone size-medium wp-image-4737\" title=\"\" srcset=\"https:\/\/showerglasshardware.com\/wp-content\/uploads\/2024\/04\/Brass-Glass-Shower-Door-Knobs-K14J-300x300.png 300w, https:\/\/showerglasshardware.com\/wp-content\/uploads\/2024\/04\/Brass-Glass-Shower-Door-Knobs-K14J-150x150.png 150w, https:\/\/showerglasshardware.com\/wp-content\/uploads\/2024\/04\/Brass-Glass-Shower-Door-Knobs-K14J-768x768.png 768w, https:\/\/showerglasshardware.com\/wp-content\/uploads\/2024\/04\/Brass-Glass-Shower-Door-Knobs-K14J-12x12.png 12w, https:\/\/showerglasshardware.com\/wp-content\/uploads\/2024\/04\/Brass-Glass-Shower-Door-Knobs-K14J-600x600.png 600w, https:\/\/showerglasshardware.com\/wp-content\/uploads\/2024\/04\/Brass-Glass-Shower-Door-Knobs-K14J-100x100.png 100w, https:\/\/showerglasshardware.com\/wp-content\/uploads\/2024\/04\/Brass-Glass-Shower-Door-Knobs-K14J.png 800w\" sizes=\"(max-width: 60px) 100vw, 60px\" \/><\/a><\/td><td class=\"column-3\">\u03a627 \u00d7 30<\/td><td class=\"column-4\">Rund<\/td><td class=\"column-5\">Messing<\/td><td class=\"column-6\">R\u00fccken an R\u00fccken<\/td><td class=\"column-7\">6-12mm<\/td><td class=\"column-8\">Mattschwarz oder andere<\/td>\n<\/tr>\n<tr class=\"row-3\">\n\t<td class=\"column-1\"><a href=\"https:\/\/showerglasshardware.com\/de-de\/product\/modern-brass-glass-shower-door-knobs-sgh-k14k\/\">K14K<\/a><\/td><td class=\"column-2\"><a href=\"https:\/\/showerglasshardware.com\/wp-content\/uploads\/2024\/04\/Modern-Brass-Glass-Shower-Door-Knobs-SGH-K14K-800.png\"><img decoding=\"async\" src=\"https:\/\/showerglasshardware.com\/wp-content\/uploads\/2024\/04\/Modern-Brass-Glass-Shower-Door-Knobs-SGH-K14K-800-300x300.png\" alt=\"SGH-K14K moderne Messing-Duscht\u00fcrgriffe aus Glas. R\u00fccken-an-R\u00fccken-Design, \u03a630 \u00d7 30mm, passend f\u00fcr 6-12mm Glas. Erh\u00e4ltlich in den Oberfl\u00e4chen Chrom, Gold und geb\u00fcrstetem Nickel.\" width=\"60\" height=\"60\" class=\"alignnone size-medium wp-image-4740\" title=\"\" srcset=\"https:\/\/showerglasshardware.com\/wp-content\/uploads\/2024\/04\/Modern-Brass-Glass-Shower-Door-Knobs-SGH-K14K-800-300x300.png 300w, https:\/\/showerglasshardware.com\/wp-content\/uploads\/2024\/04\/Modern-Brass-Glass-Shower-Door-Knobs-SGH-K14K-800-150x150.png 150w, https:\/\/showerglasshardware.com\/wp-content\/uploads\/2024\/04\/Modern-Brass-Glass-Shower-Door-Knobs-SGH-K14K-800-768x768.png 768w, https:\/\/showerglasshardware.com\/wp-content\/uploads\/2024\/04\/Modern-Brass-Glass-Shower-Door-Knobs-SGH-K14K-800-12x12.png 12w, https:\/\/showerglasshardware.com\/wp-content\/uploads\/2024\/04\/Modern-Brass-Glass-Shower-Door-Knobs-SGH-K14K-800-600x600.png 600w, https:\/\/showerglasshardware.com\/wp-content\/uploads\/2024\/04\/Modern-Brass-Glass-Shower-Door-Knobs-SGH-K14K-800-100x100.png 100w, https:\/\/showerglasshardware.com\/wp-content\/uploads\/2024\/04\/Modern-Brass-Glass-Shower-Door-Knobs-SGH-K14K-800.png 800w\" sizes=\"(max-width: 60px) 100vw, 60px\" \/><\/a><\/td><td class=\"column-3\">\u03a630 \u00d7 30<\/td><td class=\"column-4\">Rund<\/td><td class=\"column-5\">Messing<\/td><td class=\"column-6\">R\u00fccken an R\u00fccken<\/td><td class=\"column-7\">6-12mm<\/td><td class=\"column-8\">Mattschwarz oder andere<\/td>\n<\/tr>\n<tr class=\"row-4\">\n\t<td class=\"column-1\"><a href=\"https:\/\/showerglasshardware.com\/de-de\/product\/luxury-brass-glass-shower-door-knobs-sgh-k14m\/\">K14M<\/a><\/td><td class=\"column-2\"><a href=\"https:\/\/showerglasshardware.com\/wp-content\/uploads\/2024\/04\/Luxury-Brass-Glass-Shower-Door-Knobs-SGH-K14M-800.png\"><img decoding=\"async\" src=\"https:\/\/showerglasshardware.com\/wp-content\/uploads\/2024\/04\/Luxury-Brass-Glass-Shower-Door-Knobs-SGH-K14M-800-300x300.png\" alt=\"SGH-K14M Luxus-Duscht\u00fcrkn\u00f6pfe aus Messing. R\u00fccken-an-R\u00fccken-Design, \u03a630 \u00d7 40mm, passend f\u00fcr 6-12mm Glas. Erh\u00e4ltlich in den Oberfl\u00e4chen Chrom, Gold und geb\u00fcrstetem Nickel.\" width=\"60\" height=\"60\" class=\"alignnone size-medium wp-image-4746\" title=\"\" srcset=\"https:\/\/showerglasshardware.com\/wp-content\/uploads\/2024\/04\/Luxury-Brass-Glass-Shower-Door-Knobs-SGH-K14M-800-300x300.png 300w, https:\/\/showerglasshardware.com\/wp-content\/uploads\/2024\/04\/Luxury-Brass-Glass-Shower-Door-Knobs-SGH-K14M-800-150x150.png 150w, https:\/\/showerglasshardware.com\/wp-content\/uploads\/2024\/04\/Luxury-Brass-Glass-Shower-Door-Knobs-SGH-K14M-800-768x768.png 768w, https:\/\/showerglasshardware.com\/wp-content\/uploads\/2024\/04\/Luxury-Brass-Glass-Shower-Door-Knobs-SGH-K14M-800-12x12.png 12w, https:\/\/showerglasshardware.com\/wp-content\/uploads\/2024\/04\/Luxury-Brass-Glass-Shower-Door-Knobs-SGH-K14M-800-600x600.png 600w, https:\/\/showerglasshardware.com\/wp-content\/uploads\/2024\/04\/Luxury-Brass-Glass-Shower-Door-Knobs-SGH-K14M-800-100x100.png 100w, https:\/\/showerglasshardware.com\/wp-content\/uploads\/2024\/04\/Luxury-Brass-Glass-Shower-Door-Knobs-SGH-K14M-800.png 800w\" sizes=\"(max-width: 60px) 100vw, 60px\" \/><\/a><\/td><td class=\"column-3\">\u03a630 \u00d7 40<\/td><td class=\"column-4\">Rund<\/td><td class=\"column-5\">Messing<\/td><td class=\"column-6\">R\u00fccken an R\u00fccken<\/td><td class=\"column-7\">6-12mm<\/td><td class=\"column-8\">Mattschwarz oder andere<\/td>\n<\/tr>\n<tr class=\"row-5\">\n\t<td class=\"column-1\"><a href=\"https:\/\/showerglasshardware.com\/de-de\/product\/modern-brass-glass-shower-door-knobs-sgh-k14h\/\">K14H<\/a><\/td><td class=\"column-2\"><a href=\"https:\/\/showerglasshardware.com\/wp-content\/uploads\/2024\/04\/Modern-Brass-Glass-Shower-Door-Knob-K14H-800.png\"><img loading=\"lazy\" decoding=\"async\" src=\"https:\/\/showerglasshardware.com\/wp-content\/uploads\/2024\/04\/Modern-Brass-Glass-Shower-Door-Knob-K14H-800-300x300.png\" alt=\"\" width=\"60\" height=\"60\" class=\"alignnone size-medium wp-image-4749\" title=\"\" srcset=\"https:\/\/showerglasshardware.com\/wp-content\/uploads\/2024\/04\/Modern-Brass-Glass-Shower-Door-Knob-K14H-800-300x300.png 300w, https:\/\/showerglasshardware.com\/wp-content\/uploads\/2024\/04\/Modern-Brass-Glass-Shower-Door-Knob-K14H-800-150x150.png 150w, https:\/\/showerglasshardware.com\/wp-content\/uploads\/2024\/04\/Modern-Brass-Glass-Shower-Door-Knob-K14H-800-768x768.png 768w, https:\/\/showerglasshardware.com\/wp-content\/uploads\/2024\/04\/Modern-Brass-Glass-Shower-Door-Knob-K14H-800-12x12.png 12w, https:\/\/showerglasshardware.com\/wp-content\/uploads\/2024\/04\/Modern-Brass-Glass-Shower-Door-Knob-K14H-800-600x600.png 600w, https:\/\/showerglasshardware.com\/wp-content\/uploads\/2024\/04\/Modern-Brass-Glass-Shower-Door-Knob-K14H-800-100x100.png 100w, https:\/\/showerglasshardware.com\/wp-content\/uploads\/2024\/04\/Modern-Brass-Glass-Shower-Door-Knob-K14H-800.png 800w\" sizes=\"(max-width: 60px) 100vw, 60px\" \/><\/a><\/td><td class=\"column-3\">\u03a625 \u00d7 30<\/td><td class=\"column-4\">Rund<\/td><td class=\"column-5\">Messing<\/td><td class=\"column-6\">R\u00fccken an R\u00fccken<\/td><td class=\"column-7\">6-12mm<\/td><td class=\"column-8\">Mattschwarz oder andere<\/td>\n<\/tr>\n<\/tbody>\n<\/table>\n<!-- #tablepress-2 from cache -->","protected":false},"excerpt":{"rendered":"<ul>\n<li>SGH-K14J<\/li>\n<li>\u03a627 \u00d7 30 mm<\/li>\n<li>Messing<\/li>\n<li>R\u00fccken an R\u00fccken<\/li>\n<li>Glasst\u00e4rke: 6\u201312 mm;<\/li>\n<li>Oberfl\u00e4che: Chrom poliert; Poliertes Gold; Geb\u00fcrstetes Nickel<\/li>\n<\/ul>\n<p><!-- notionvc: 9788d432-087f-4fa0-88dc-86333bad9bb6 --><\/p>","protected":false},"featured_media":4737,"comment_status":"open","ping_status":"closed","template":"","meta":{"_acf_changed":false},"product_brand":[],"product_cat":[26,111],"product_tag":[],"class_list":{"0":"post-1124","1":"product","2":"type-product","3":"status-publish","4":"has-post-thumbnail","6":"product_cat-shower-door-knobs","7":"product_cat-back-to-back-knobs","8":"pa_finish-brushed-nickel","9":"pa_finish-chrome","10":"pa_finish-gold","11":"pa_finish-gun-metal","12":"pa_finish-black","13":"pa_glass-thickness-6-12mm","14":"pa_material-brass","16":"first","17":"instock","18":"purchasable","19":"product-type-variable"},"acf":[],"_links":{"self":[{"href":"https:\/\/showerglasshardware.com\/de-de\/wp-json\/wp\/v2\/product\/1124","targetHints":{"allow":["GET"]}}],"collection":[{"href":"https:\/\/showerglasshardware.com\/de-de\/wp-json\/wp\/v2\/product"}],"about":[{"href":"https:\/\/showerglasshardware.com\/de-de\/wp-json\/wp\/v2\/types\/product"}],"replies":[{"embeddable":true,"href":"https:\/\/showerglasshardware.com\/de-de\/wp-json\/wp\/v2\/comments?post=1124"}],"version-history":[{"count":3,"href":"https:\/\/showerglasshardware.com\/de-de\/wp-json\/wp\/v2\/product\/1124\/revisions"}],"predecessor-version":[{"id":4764,"href":"https:\/\/showerglasshardware.com\/de-de\/wp-json\/wp\/v2\/product\/1124\/revisions\/4764"}],"wp:featuredmedia":[{"embeddable":true,"href":"https:\/\/showerglasshardware.com\/de-de\/wp-json\/wp\/v2\/media\/4737"}],"wp:attachment":[{"href":"https:\/\/showerglasshardware.com\/de-de\/wp-json\/wp\/v2\/media?parent=1124"}],"wp:term":[{"taxonomy":"product_brand","embeddable":true,"href":"https:\/\/showerglasshardware.com\/de-de\/wp-json\/wp\/v2\/product_brand?post=1124"},{"taxonomy":"product_cat","embeddable":true,"href":"https:\/\/showerglasshardware.com\/de-de\/wp-json\/wp\/v2\/product_cat?post=1124"},{"taxonomy":"product_tag","embeddable":true,"href":"https:\/\/showerglasshardware.com\/de-de\/wp-json\/wp\/v2\/product_tag?post=1124"}],"curies":[{"name":"wp","href":"https:\/\/api.w.org\/{rel}","templated":true}]}}