{"id":1137,"date":"2024-04-26T02:50:25","date_gmt":"2024-04-26T02:50:25","guid":{"rendered":"https:\/\/showerglasshardware.com\/?post_type=product&#038;p=1137"},"modified":"2025-09-25T13:23:02","modified_gmt":"2025-09-25T13:23:02","slug":"modern-brass-glass-shower-door-knobs-sgh-k14k","status":"publish","type":"product","link":"https:\/\/showerglasshardware.com\/de-de\/product\/modern-brass-glass-shower-door-knobs-sgh-k14k\/","title":{"rendered":"Moderne Duscht\u00fcrgriffe aus Messing und Glas SGH-K14K"},"content":{"rendered":"<p data-start=\"531\" data-end=\"710\">Die modernen Messing-Duscht\u00fcrgriffe SGH-K14K verbinden minimalistisches Design mit hochwertigen Materialien und sind damit die ideale Wahl f\u00fcr moderne rahmenlose Duschkabinen.<\/p>\n<p data-start=\"712\" data-end=\"1029\">Diese aus massivem Messing gefertigten Drehkn\u00f6pfe sind au\u00dfergew\u00f6hnlich robust und korrosionsbest\u00e4ndig und wurden f\u00fcr den zuverl\u00e4ssigen Einsatz in feuchten Badezimmern entwickelt. Ihr moderner zylindrischer Stil verleiht ihnen einen eleganten Touch, w\u00e4hrend die R\u00fccken-an-R\u00fccken-Konfiguration eine bequeme Bedienung von beiden Seiten der Duscht\u00fcr gew\u00e4hrleistet.<\/p>\n<p data-start=\"1031\" data-end=\"1311\">Mit einer praktischen Gr\u00f6\u00dfe von \u03a630 \u00d7 30 mm liegen diese Kn\u00f6pfe gut in der Hand, ohne den klaren Look des Glaspaneels zu beeintr\u00e4chtigen. Der SGH-K14K ist in den Farben Chrom poliert, Gold poliert und Nickel geb\u00fcrstet erh\u00e4ltlich und l\u00e4sst sich problemlos mit anderen Duscharmaturen kombinieren, um ein stimmiges Baddesign zu erzielen.<\/p>\n<p data-start=\"1313\" data-end=\"1332\"><strong data-start=\"1313\" data-end=\"1330\">Hauptmerkmale:<\/strong><\/p>\n<ul data-start=\"1333\" data-end=\"1776\">\n<li data-start=\"1333\" data-end=\"1397\">\n<p data-start=\"1335\" data-end=\"1397\"><strong data-start=\"1335\" data-end=\"1344\">Typ:<\/strong> Moderne Duscht\u00fcrkn\u00f6pfe aus Messing, R\u00fccken an R\u00fccken<\/p>\n<\/li>\n<li data-start=\"1398\" data-end=\"1467\">\n<p data-start=\"1400\" data-end=\"1467\"><strong data-start=\"1400\" data-end=\"1413\">Material:<\/strong> Massives Messing f\u00fcr Langlebigkeit und Korrosionsbest\u00e4ndigkeit<\/p>\n<\/li>\n<li data-start=\"1468\" data-end=\"1492\">\n<p data-start=\"1470\" data-end=\"1492\"><strong data-start=\"1470\" data-end=\"1479\">Gr\u00f6\u00dfe:<\/strong> \u03a630 \u00d7 30 mm<\/p>\n<\/li>\n<li data-start=\"1493\" data-end=\"1545\">\n<p data-start=\"1495\" data-end=\"1545\"><strong data-start=\"1495\" data-end=\"1519\">Glaskompatibilit\u00e4t:<\/strong> Geeignet f\u00fcr 6-12 mm dickes Glas<\/p>\n<\/li>\n<li data-start=\"1546\" data-end=\"1620\">\n<p data-start=\"1548\" data-end=\"1620\"><strong data-start=\"1548\" data-end=\"1559\">Entwurf:<\/strong> Elegantes, modernes zylindrisches Design mit R\u00fccken-an-R\u00fccken-Funktion<\/p>\n<\/li>\n<li data-start=\"1621\" data-end=\"1691\">\n<p data-start=\"1623\" data-end=\"1691\"><strong data-start=\"1623\" data-end=\"1642\">Ausf\u00fchrungsoptionen:<\/strong> Chrom poliert, Gold poliert, Nickel geb\u00fcrstet<\/p>\n<\/li>\n<li data-start=\"1692\" data-end=\"1776\">\n<p data-start=\"1694\" data-end=\"1776\"><strong data-start=\"1694\" data-end=\"1711\">Anwendungen:<\/strong> Rahmenlose Duscht\u00fcren in privaten und gewerblichen B\u00e4dern<\/p>\n<\/li>\n<\/ul>\n<p data-start=\"1778\" data-end=\"1799\"><strong data-start=\"1778\" data-end=\"1797\">Spezifikationen:<\/strong><\/p>\n<ul data-start=\"1800\" data-end=\"2025\">\n<li data-start=\"1800\" data-end=\"1823\">\n<p data-start=\"1802\" data-end=\"1823\"><strong data-start=\"1802\" data-end=\"1812\">Modell:<\/strong> SGH-K14K<\/p>\n<\/li>\n<li data-start=\"1824\" data-end=\"1874\">\n<p data-start=\"1826\" data-end=\"1874\"><strong data-start=\"1826\" data-end=\"1835\">Typ:<\/strong> Moderner R\u00fccken-an-R\u00fccken-Duscht\u00fcrknopf<\/p>\n<\/li>\n<li data-start=\"1875\" data-end=\"1898\">\n<p data-start=\"1877\" data-end=\"1898\"><strong data-start=\"1877\" data-end=\"1890\">Material:<\/strong> Messing<\/p>\n<\/li>\n<li data-start=\"1899\" data-end=\"1923\">\n<p data-start=\"1901\" data-end=\"1923\"><strong data-start=\"1901\" data-end=\"1910\">Gr\u00f6\u00dfe:<\/strong> \u03a630 \u00d7 30 mm<\/p>\n<\/li>\n<li data-start=\"1924\" data-end=\"1960\">\n<p data-start=\"1926\" data-end=\"1960\"><strong data-start=\"1926\" data-end=\"1951\">Passt zur Glasdicke:<\/strong> 6-12mm<\/p>\n<\/li>\n<li data-start=\"1961\" data-end=\"2025\">\n<p data-start=\"1963\" data-end=\"2025\"><strong data-start=\"1963\" data-end=\"1976\">Ausf\u00fchrungen:<\/strong> Chrom poliert, Gold poliert, Nickel geb\u00fcrstet<\/p>\n<\/li>\n<\/ul>\n<h2 id=\"tablepress-2-name\" class=\"tablepress-table-name tablepress-table-name-id-2\">Messing Glas Dusche T\u00fcrkn\u00f6pfe K14 Serie<\/h2>\n\n<table id=\"tablepress-2\" class=\"tablepress tablepress-id-2\" aria-labelledby=\"tablepress-2-name\">\n<thead>\n<tr class=\"row-1\">\n\t<th class=\"column-1\"><strong>Modell<\/strong><\/th><th class=\"column-2\"><strong>Bild<\/strong><\/th><th class=\"column-3\"><strong>Gr\u00f6\u00dfe (mm)<\/strong><\/th><th class=\"column-4\"><strong>Form<\/strong><\/th><th class=\"column-5\"><strong>Material<\/strong><\/th><th class=\"column-6\"><strong>Struktur<\/strong><\/th><th class=\"column-7\"><strong>Glasdicke<\/strong><\/th><th class=\"column-8\"><strong>Beendet<\/strong><\/th>\n<\/tr>\n<\/thead>\n<tbody class=\"row-striping row-hover\">\n<tr class=\"row-2\">\n\t<td class=\"column-1\"><a href=\"https:\/\/showerglasshardware.com\/de-de\/product\/brass-glass-shower-door-knob-sgh-k14j\/\">K14J<\/a><\/td><td class=\"column-2\"><a href=\"https:\/\/showerglasshardware.com\/wp-content\/uploads\/2024\/04\/Brass-Glass-Shower-Door-Knobs-K14J.png\"><img decoding=\"async\" src=\"https:\/\/showerglasshardware.com\/wp-content\/uploads\/2024\/04\/Brass-Glass-Shower-Door-Knobs-K14J-300x300.png\" alt=\"Kompakte Messing-Duscht\u00fcrkn\u00f6pfe SGH-K14J. Gr\u00f6\u00dfe \u03a627 \u00d7 30mm, passend f\u00fcr 6-12mm Glas. Erh\u00e4ltlich in den Oberfl\u00e4chen Chrom, Gold und geb\u00fcrstetem Nickel.\" width=\"60\" height=\"60\" class=\"alignnone size-medium wp-image-4737\" title=\"\" srcset=\"https:\/\/showerglasshardware.com\/wp-content\/uploads\/2024\/04\/Brass-Glass-Shower-Door-Knobs-K14J-300x300.png 300w, https:\/\/showerglasshardware.com\/wp-content\/uploads\/2024\/04\/Brass-Glass-Shower-Door-Knobs-K14J-150x150.png 150w, https:\/\/showerglasshardware.com\/wp-content\/uploads\/2024\/04\/Brass-Glass-Shower-Door-Knobs-K14J-768x768.png 768w, https:\/\/showerglasshardware.com\/wp-content\/uploads\/2024\/04\/Brass-Glass-Shower-Door-Knobs-K14J-12x12.png 12w, https:\/\/showerglasshardware.com\/wp-content\/uploads\/2024\/04\/Brass-Glass-Shower-Door-Knobs-K14J-600x600.png 600w, https:\/\/showerglasshardware.com\/wp-content\/uploads\/2024\/04\/Brass-Glass-Shower-Door-Knobs-K14J-100x100.png 100w, https:\/\/showerglasshardware.com\/wp-content\/uploads\/2024\/04\/Brass-Glass-Shower-Door-Knobs-K14J.png 800w\" sizes=\"(max-width: 60px) 100vw, 60px\" \/><\/a><\/td><td class=\"column-3\">\u03a627 \u00d7 30<\/td><td class=\"column-4\">Rund<\/td><td class=\"column-5\">Messing<\/td><td class=\"column-6\">R\u00fccken an R\u00fccken<\/td><td class=\"column-7\">6-12mm<\/td><td class=\"column-8\">Mattschwarz oder andere<\/td>\n<\/tr>\n<tr class=\"row-3\">\n\t<td class=\"column-1\"><a href=\"https:\/\/showerglasshardware.com\/de-de\/product\/modern-brass-glass-shower-door-knobs-sgh-k14k\/\">K14K<\/a><\/td><td class=\"column-2\"><a href=\"https:\/\/showerglasshardware.com\/wp-content\/uploads\/2024\/04\/Modern-Brass-Glass-Shower-Door-Knobs-SGH-K14K-800.png\"><img decoding=\"async\" src=\"https:\/\/showerglasshardware.com\/wp-content\/uploads\/2024\/04\/Modern-Brass-Glass-Shower-Door-Knobs-SGH-K14K-800-300x300.png\" alt=\"SGH-K14K moderne Messing-Duscht\u00fcrgriffe aus Glas. R\u00fccken-an-R\u00fccken-Design, \u03a630 \u00d7 30mm, passend f\u00fcr 6-12mm Glas. Erh\u00e4ltlich in den Oberfl\u00e4chen Chrom, Gold und geb\u00fcrstetem Nickel.\" width=\"60\" height=\"60\" class=\"alignnone size-medium wp-image-4740\" title=\"\" srcset=\"https:\/\/showerglasshardware.com\/wp-content\/uploads\/2024\/04\/Modern-Brass-Glass-Shower-Door-Knobs-SGH-K14K-800-300x300.png 300w, https:\/\/showerglasshardware.com\/wp-content\/uploads\/2024\/04\/Modern-Brass-Glass-Shower-Door-Knobs-SGH-K14K-800-150x150.png 150w, https:\/\/showerglasshardware.com\/wp-content\/uploads\/2024\/04\/Modern-Brass-Glass-Shower-Door-Knobs-SGH-K14K-800-768x768.png 768w, https:\/\/showerglasshardware.com\/wp-content\/uploads\/2024\/04\/Modern-Brass-Glass-Shower-Door-Knobs-SGH-K14K-800-12x12.png 12w, https:\/\/showerglasshardware.com\/wp-content\/uploads\/2024\/04\/Modern-Brass-Glass-Shower-Door-Knobs-SGH-K14K-800-600x600.png 600w, https:\/\/showerglasshardware.com\/wp-content\/uploads\/2024\/04\/Modern-Brass-Glass-Shower-Door-Knobs-SGH-K14K-800-100x100.png 100w, https:\/\/showerglasshardware.com\/wp-content\/uploads\/2024\/04\/Modern-Brass-Glass-Shower-Door-Knobs-SGH-K14K-800.png 800w\" sizes=\"(max-width: 60px) 100vw, 60px\" \/><\/a><\/td><td class=\"column-3\">\u03a630 \u00d7 30<\/td><td class=\"column-4\">Rund<\/td><td class=\"column-5\">Messing<\/td><td class=\"column-6\">R\u00fccken an R\u00fccken<\/td><td class=\"column-7\">6-12mm<\/td><td class=\"column-8\">Mattschwarz oder andere<\/td>\n<\/tr>\n<tr class=\"row-4\">\n\t<td class=\"column-1\"><a href=\"https:\/\/showerglasshardware.com\/de-de\/product\/luxury-brass-glass-shower-door-knobs-sgh-k14m\/\">K14M<\/a><\/td><td class=\"column-2\"><a href=\"https:\/\/showerglasshardware.com\/wp-content\/uploads\/2024\/04\/Luxury-Brass-Glass-Shower-Door-Knobs-SGH-K14M-800.png\"><img decoding=\"async\" src=\"https:\/\/showerglasshardware.com\/wp-content\/uploads\/2024\/04\/Luxury-Brass-Glass-Shower-Door-Knobs-SGH-K14M-800-300x300.png\" alt=\"SGH-K14M Luxus-Duscht\u00fcrkn\u00f6pfe aus Messing. R\u00fccken-an-R\u00fccken-Design, \u03a630 \u00d7 40mm, passend f\u00fcr 6-12mm Glas. Erh\u00e4ltlich in den Oberfl\u00e4chen Chrom, Gold und geb\u00fcrstetem Nickel.\" width=\"60\" height=\"60\" class=\"alignnone size-medium wp-image-4746\" title=\"\" srcset=\"https:\/\/showerglasshardware.com\/wp-content\/uploads\/2024\/04\/Luxury-Brass-Glass-Shower-Door-Knobs-SGH-K14M-800-300x300.png 300w, https:\/\/showerglasshardware.com\/wp-content\/uploads\/2024\/04\/Luxury-Brass-Glass-Shower-Door-Knobs-SGH-K14M-800-150x150.png 150w, https:\/\/showerglasshardware.com\/wp-content\/uploads\/2024\/04\/Luxury-Brass-Glass-Shower-Door-Knobs-SGH-K14M-800-768x768.png 768w, https:\/\/showerglasshardware.com\/wp-content\/uploads\/2024\/04\/Luxury-Brass-Glass-Shower-Door-Knobs-SGH-K14M-800-12x12.png 12w, https:\/\/showerglasshardware.com\/wp-content\/uploads\/2024\/04\/Luxury-Brass-Glass-Shower-Door-Knobs-SGH-K14M-800-600x600.png 600w, https:\/\/showerglasshardware.com\/wp-content\/uploads\/2024\/04\/Luxury-Brass-Glass-Shower-Door-Knobs-SGH-K14M-800-100x100.png 100w, https:\/\/showerglasshardware.com\/wp-content\/uploads\/2024\/04\/Luxury-Brass-Glass-Shower-Door-Knobs-SGH-K14M-800.png 800w\" sizes=\"(max-width: 60px) 100vw, 60px\" \/><\/a><\/td><td class=\"column-3\">\u03a630 \u00d7 40<\/td><td class=\"column-4\">Rund<\/td><td class=\"column-5\">Messing<\/td><td class=\"column-6\">R\u00fccken an R\u00fccken<\/td><td class=\"column-7\">6-12mm<\/td><td class=\"column-8\">Mattschwarz oder andere<\/td>\n<\/tr>\n<tr class=\"row-5\">\n\t<td class=\"column-1\"><a href=\"https:\/\/showerglasshardware.com\/de-de\/product\/modern-brass-glass-shower-door-knobs-sgh-k14h\/\">K14H<\/a><\/td><td class=\"column-2\"><a href=\"https:\/\/showerglasshardware.com\/wp-content\/uploads\/2024\/04\/Modern-Brass-Glass-Shower-Door-Knob-K14H-800.png\"><img loading=\"lazy\" decoding=\"async\" src=\"https:\/\/showerglasshardware.com\/wp-content\/uploads\/2024\/04\/Modern-Brass-Glass-Shower-Door-Knob-K14H-800-300x300.png\" alt=\"\" width=\"60\" height=\"60\" class=\"alignnone size-medium wp-image-4749\" title=\"\" srcset=\"https:\/\/showerglasshardware.com\/wp-content\/uploads\/2024\/04\/Modern-Brass-Glass-Shower-Door-Knob-K14H-800-300x300.png 300w, https:\/\/showerglasshardware.com\/wp-content\/uploads\/2024\/04\/Modern-Brass-Glass-Shower-Door-Knob-K14H-800-150x150.png 150w, https:\/\/showerglasshardware.com\/wp-content\/uploads\/2024\/04\/Modern-Brass-Glass-Shower-Door-Knob-K14H-800-768x768.png 768w, https:\/\/showerglasshardware.com\/wp-content\/uploads\/2024\/04\/Modern-Brass-Glass-Shower-Door-Knob-K14H-800-12x12.png 12w, https:\/\/showerglasshardware.com\/wp-content\/uploads\/2024\/04\/Modern-Brass-Glass-Shower-Door-Knob-K14H-800-600x600.png 600w, https:\/\/showerglasshardware.com\/wp-content\/uploads\/2024\/04\/Modern-Brass-Glass-Shower-Door-Knob-K14H-800-100x100.png 100w, https:\/\/showerglasshardware.com\/wp-content\/uploads\/2024\/04\/Modern-Brass-Glass-Shower-Door-Knob-K14H-800.png 800w\" sizes=\"(max-width: 60px) 100vw, 60px\" \/><\/a><\/td><td class=\"column-3\">\u03a625 \u00d7 30<\/td><td class=\"column-4\">Rund<\/td><td class=\"column-5\">Messing<\/td><td class=\"column-6\">R\u00fccken an R\u00fccken<\/td><td class=\"column-7\">6-12mm<\/td><td class=\"column-8\">Mattschwarz oder andere<\/td>\n<\/tr>\n<\/tbody>\n<\/table>\n<!-- #tablepress-2 from cache -->","protected":false},"excerpt":{"rendered":"<ul>\n<li>SGH-K14K<\/li>\n<li>\u03a630 \u00d7 30 mm<\/li>\n<li>Messing<\/li>\n<li>R\u00fccken an R\u00fccken<\/li>\n<li>Glasst\u00e4rke: 6\u201312 mm;<\/li>\n<li>Oberfl\u00e4che: Chrom poliert; Poliertes Gold; Geb\u00fcrstetes Nickel<\/li>\n<\/ul>\n<p>&nbsp;<\/p>\n<p><!-- notionvc: 9788d432-087f-4fa0-88dc-86333bad9bb6 --><\/p>","protected":false},"featured_media":4740,"comment_status":"open","ping_status":"closed","template":"","meta":{"_acf_changed":false},"product_brand":[],"product_cat":[26,111],"product_tag":[],"class_list":{"0":"post-1137","1":"product","2":"type-product","3":"status-publish","4":"has-post-thumbnail","6":"product_cat-shower-door-knobs","7":"product_cat-back-to-back-knobs","8":"pa_finish-brushed-nickel","9":"pa_finish-chrome","10":"pa_finish-gold","11":"pa_finish-gun-metal","12":"pa_finish-black","13":"pa_glass-thickness-1-2-inch-12mm","14":"pa_glass-thickness-1-4-inch-6mm","15":"pa_glass-thickness-3-8-inch-10mm","16":"pa_glass-thickness-5-16-inch-8mm","17":"pa_material-brass","19":"first","20":"instock","21":"purchasable","22":"product-type-variable"},"acf":[],"_links":{"self":[{"href":"https:\/\/showerglasshardware.com\/de-de\/wp-json\/wp\/v2\/product\/1137","targetHints":{"allow":["GET"]}}],"collection":[{"href":"https:\/\/showerglasshardware.com\/de-de\/wp-json\/wp\/v2\/product"}],"about":[{"href":"https:\/\/showerglasshardware.com\/de-de\/wp-json\/wp\/v2\/types\/product"}],"replies":[{"embeddable":true,"href":"https:\/\/showerglasshardware.com\/de-de\/wp-json\/wp\/v2\/comments?post=1137"}],"version-history":[{"count":5,"href":"https:\/\/showerglasshardware.com\/de-de\/wp-json\/wp\/v2\/product\/1137\/revisions"}],"predecessor-version":[{"id":4766,"href":"https:\/\/showerglasshardware.com\/de-de\/wp-json\/wp\/v2\/product\/1137\/revisions\/4766"}],"wp:featuredmedia":[{"embeddable":true,"href":"https:\/\/showerglasshardware.com\/de-de\/wp-json\/wp\/v2\/media\/4740"}],"wp:attachment":[{"href":"https:\/\/showerglasshardware.com\/de-de\/wp-json\/wp\/v2\/media?parent=1137"}],"wp:term":[{"taxonomy":"product_brand","embeddable":true,"href":"https:\/\/showerglasshardware.com\/de-de\/wp-json\/wp\/v2\/product_brand?post=1137"},{"taxonomy":"product_cat","embeddable":true,"href":"https:\/\/showerglasshardware.com\/de-de\/wp-json\/wp\/v2\/product_cat?post=1137"},{"taxonomy":"product_tag","embeddable":true,"href":"https:\/\/showerglasshardware.com\/de-de\/wp-json\/wp\/v2\/product_tag?post=1137"}],"curies":[{"name":"wp","href":"https:\/\/api.w.org\/{rel}","templated":true}]}}