{"id":1150,"date":"2024-04-26T02:58:23","date_gmt":"2024-04-26T02:58:23","guid":{"rendered":"https:\/\/showerglasshardware.com\/?post_type=product&#038;p=1150"},"modified":"2025-09-25T09:29:50","modified_gmt":"2025-09-25T09:29:50","slug":"retro-brass-glass-shower-door-knobs-sgh-k11c","status":"publish","type":"product","link":"https:\/\/showerglasshardware.com\/de-de\/product\/retro-brass-glass-shower-door-knobs-sgh-k11c\/","title":{"rendered":"Retro Messing Glas Duscht\u00fcrgriffe SGH-K11C"},"content":{"rendered":"<p data-start=\"530\" data-end=\"714\">Die Retro-Messing-Duscht\u00fcrkn\u00f6pfe SGH-K11C kombinieren zeitloses Design mit langlebigen Materialien und bieten eine klassische und dennoch funktionale L\u00f6sung f\u00fcr rahmenlose Glasduschkabinen.<\/p>\n<p data-start=\"716\" data-end=\"1045\">Die aus massivem Messing gefertigten Kn\u00f6pfe sind \u00e4u\u00dferst langlebig und korrosionsbest\u00e4ndig und eignen sich daher perfekt f\u00fcr den Einsatz in feuchten Badezimmern. Das retro-inspirierte Design verleiht ihnen einen einzigartigen dekorativen Touch, w\u00e4hrend die R\u00fccken-an-R\u00fccken-Konfiguration eine reibungslose Bedienung von beiden Seiten der Duscht\u00fcr gew\u00e4hrleistet.<\/p>\n<p data-start=\"1047\" data-end=\"1324\">Mit einer Gr\u00f6\u00dfe von \u03a630 \u00d7 26 mm bieten die SGH-K11C-Kn\u00f6pfe einen bequemen Griff und sind so konzipiert, dass sie sicher auf 6-12 mm dickem Glas sitzen. Sie sind in den Farben Chrom poliert, Gold poliert und Nickel geb\u00fcrstet erh\u00e4ltlich und lassen sich nahtlos mit einer breiten Palette von Badarmaturen kombinieren.<\/p>\n<p data-start=\"1326\" data-end=\"1345\"><strong data-start=\"1326\" data-end=\"1343\">Hauptmerkmale:<\/strong><\/p>\n<ul data-start=\"1346\" data-end=\"1771\">\n<li data-start=\"1346\" data-end=\"1409\">\n<p data-start=\"1348\" data-end=\"1409\"><strong data-start=\"1348\" data-end=\"1357\">Typ:<\/strong> Retro-Messing-Duscht\u00fcrkn\u00f6pfe aus Glas, R\u00fccken-an-R\u00fccken<\/p>\n<\/li>\n<li data-start=\"1410\" data-end=\"1477\">\n<p data-start=\"1412\" data-end=\"1477\"><strong data-start=\"1412\" data-end=\"1425\">Material:<\/strong> Massives Messing f\u00fcr St\u00e4rke und Korrosionsbest\u00e4ndigkeit<\/p>\n<\/li>\n<li data-start=\"1478\" data-end=\"1502\">\n<p data-start=\"1480\" data-end=\"1502\"><strong data-start=\"1480\" data-end=\"1489\">Gr\u00f6\u00dfe:<\/strong> \u03a630 \u00d7 26 mm<\/p>\n<\/li>\n<li data-start=\"1503\" data-end=\"1555\">\n<p data-start=\"1505\" data-end=\"1555\"><strong data-start=\"1505\" data-end=\"1529\">Glaskompatibilit\u00e4t:<\/strong> Geeignet f\u00fcr 6-12 mm dickes Glas<\/p>\n<\/li>\n<li data-start=\"1556\" data-end=\"1614\">\n<p data-start=\"1558\" data-end=\"1614\"><strong data-start=\"1558\" data-end=\"1569\">Entwurf:<\/strong> Ausf\u00fchrung im Retro-Stil, R\u00fccken-an-R\u00fccken-Betrieb<\/p>\n<\/li>\n<li data-start=\"1615\" data-end=\"1685\">\n<p data-start=\"1617\" data-end=\"1685\"><strong data-start=\"1617\" data-end=\"1636\">Ausf\u00fchrungsoptionen:<\/strong> Chrom poliert, Gold poliert, Nickel geb\u00fcrstet<\/p>\n<\/li>\n<li data-start=\"1686\" data-end=\"1771\">\n<p data-start=\"1688\" data-end=\"1771\"><strong data-start=\"1688\" data-end=\"1705\">Anwendungen:<\/strong> Rahmenlose Duscht\u00fcren in klassischen, klassischen oder modernen Badezimmern<\/p>\n<\/li>\n<\/ul>\n<p data-start=\"1773\" data-end=\"1794\"><strong data-start=\"1773\" data-end=\"1792\">Spezifikationen:<\/strong><\/p>\n<ul data-start=\"1795\" data-end=\"2019\">\n<li data-start=\"1795\" data-end=\"1818\">\n<p data-start=\"1797\" data-end=\"1818\"><strong data-start=\"1797\" data-end=\"1807\">Modell:<\/strong> SGH-K11C<\/p>\n<\/li>\n<li data-start=\"1819\" data-end=\"1868\">\n<p data-start=\"1821\" data-end=\"1868\"><strong data-start=\"1821\" data-end=\"1830\">Typ:<\/strong> Retro-Duscht\u00fcrknopf mit R\u00fcckenlehne<\/p>\n<\/li>\n<li data-start=\"1869\" data-end=\"1892\">\n<p data-start=\"1871\" data-end=\"1892\"><strong data-start=\"1871\" data-end=\"1884\">Material:<\/strong> Messing<\/p>\n<\/li>\n<li data-start=\"1893\" data-end=\"1917\">\n<p data-start=\"1895\" data-end=\"1917\"><strong data-start=\"1895\" data-end=\"1904\">Gr\u00f6\u00dfe:<\/strong> \u03a630 \u00d7 26 mm<\/p>\n<\/li>\n<li data-start=\"1918\" data-end=\"1954\">\n<p data-start=\"1920\" data-end=\"1954\"><strong data-start=\"1920\" data-end=\"1945\">Passt zur Glasdicke:<\/strong> 6-12mm<\/p>\n<\/li>\n<li data-start=\"1955\" data-end=\"2019\">\n<p data-start=\"1957\" data-end=\"2019\"><strong data-start=\"1957\" data-end=\"1970\">Ausf\u00fchrungen:<\/strong> Chrom poliert, Gold poliert, Nickel geb\u00fcrstet<\/p>\n<\/li>\n<\/ul>","protected":false},"excerpt":{"rendered":"<ul>\n<li>SGH-K11C<\/li>\n<li>\u03a630 \u00d7 26 mm<\/li>\n<li>Messing<\/li>\n<li>R\u00fccken an R\u00fccken<\/li>\n<li>Glasst\u00e4rke: 6\u201312 mm;<\/li>\n<li>Oberfl\u00e4che: Chrom poliert; Poliertes Gold; Geb\u00fcrstetes Nickel<\/li>\n<\/ul>\n<p><!-- notionvc: 9788d432-087f-4fa0-88dc-86333bad9bb6 --><\/p>","protected":false},"featured_media":4743,"comment_status":"open","ping_status":"closed","template":"","meta":{"_acf_changed":false},"product_brand":[],"product_cat":[26,111],"product_tag":[],"class_list":{"0":"post-1150","1":"product","2":"type-product","3":"status-publish","4":"has-post-thumbnail","6":"product_cat-shower-door-knobs","7":"product_cat-back-to-back-knobs","8":"pa_finish-brushed-nickel","9":"pa_finish-chrome","10":"pa_finish-gold","11":"pa_finish-gun-metal","12":"pa_finish-black","13":"pa_glass-thickness-1-2-inch-12mm","14":"pa_glass-thickness-1-4-inch-6mm","15":"pa_glass-thickness-3-8-inch-10mm","16":"pa_glass-thickness-5-16-inch-8mm","17":"pa_material-brass","19":"first","20":"instock","21":"purchasable","22":"product-type-variable"},"acf":[],"_links":{"self":[{"href":"https:\/\/showerglasshardware.com\/de-de\/wp-json\/wp\/v2\/product\/1150","targetHints":{"allow":["GET"]}}],"collection":[{"href":"https:\/\/showerglasshardware.com\/de-de\/wp-json\/wp\/v2\/product"}],"about":[{"href":"https:\/\/showerglasshardware.com\/de-de\/wp-json\/wp\/v2\/types\/product"}],"replies":[{"embeddable":true,"href":"https:\/\/showerglasshardware.com\/de-de\/wp-json\/wp\/v2\/comments?post=1150"}],"version-history":[{"count":3,"href":"https:\/\/showerglasshardware.com\/de-de\/wp-json\/wp\/v2\/product\/1150\/revisions"}],"predecessor-version":[{"id":4744,"href":"https:\/\/showerglasshardware.com\/de-de\/wp-json\/wp\/v2\/product\/1150\/revisions\/4744"}],"wp:featuredmedia":[{"embeddable":true,"href":"https:\/\/showerglasshardware.com\/de-de\/wp-json\/wp\/v2\/media\/4743"}],"wp:attachment":[{"href":"https:\/\/showerglasshardware.com\/de-de\/wp-json\/wp\/v2\/media?parent=1150"}],"wp:term":[{"taxonomy":"product_brand","embeddable":true,"href":"https:\/\/showerglasshardware.com\/de-de\/wp-json\/wp\/v2\/product_brand?post=1150"},{"taxonomy":"product_cat","embeddable":true,"href":"https:\/\/showerglasshardware.com\/de-de\/wp-json\/wp\/v2\/product_cat?post=1150"},{"taxonomy":"product_tag","embeddable":true,"href":"https:\/\/showerglasshardware.com\/de-de\/wp-json\/wp\/v2\/product_tag?post=1150"}],"curies":[{"name":"wp","href":"https:\/\/api.w.org\/{rel}","templated":true}]}}