{"id":1163,"date":"2024-04-26T03:07:50","date_gmt":"2024-04-26T03:07:50","guid":{"rendered":"https:\/\/showerglasshardware.com\/?post_type=product&#038;p=1163"},"modified":"2025-09-25T13:22:11","modified_gmt":"2025-09-25T13:22:11","slug":"luxury-brass-glass-shower-door-knobs-sgh-k14m","status":"publish","type":"product","link":"https:\/\/showerglasshardware.com\/de-de\/product\/luxury-brass-glass-shower-door-knobs-sgh-k14m\/","title":{"rendered":"Luxuri\u00f6se Duscht\u00fcrkn\u00f6pfe aus Messing und Glas SGH-K14M"},"content":{"rendered":"<p data-start=\"525\" data-end=\"687\">Die SGH-K14M Luxury Brass Glass Shower Door Knobs wurden entwickelt, um rahmenlosen Duschkabinen einen hochwertigen Touch zu verleihen und Eleganz mit Funktionalit\u00e4t zu verbinden.<\/p>\n<p data-start=\"689\" data-end=\"1010\">Die aus massivem Messing gefertigten Kn\u00f6pfe sind besonders langlebig und korrosionsbest\u00e4ndig und damit ideal f\u00fcr den langfristigen Einsatz im Badezimmer. Ihr R\u00fccken-an-R\u00fccken-Design gew\u00e4hrleistet eine bequeme Bedienung von beiden Seiten der Glast\u00fcr, w\u00e4hrend die Gr\u00f6\u00dfe \u03a630 \u00d7 40 mm einen bequemen und sicheren Griff bietet.<\/p>\n<p data-start=\"1012\" data-end=\"1279\">Mit seinem luxuri\u00f6sen Design ist der SGH-K14M perfekt f\u00fcr moderne und gehobene Badprojekte. Erh\u00e4ltlich in Chrom poliert, poliert Gold und geb\u00fcrstetem Nickel, diese Kn\u00f6pfe koordinieren nahtlos mit anderen Messing Dusche Hardware f\u00fcr eine koh\u00e4rente und elegante Oberfl\u00e4che.<\/p>\n<p data-start=\"1281\" data-end=\"1300\"><strong data-start=\"1281\" data-end=\"1298\">Hauptmerkmale:<\/strong><\/p>\n<ul data-start=\"1301\" data-end=\"1733\">\n<li data-start=\"1301\" data-end=\"1365\">\n<p data-start=\"1303\" data-end=\"1365\"><strong data-start=\"1303\" data-end=\"1312\">Typ:<\/strong> Luxuri\u00f6se Messing-Duscht\u00fcrkn\u00f6pfe, R\u00fccken an R\u00fccken<\/p>\n<\/li>\n<li data-start=\"1366\" data-end=\"1428\">\n<p data-start=\"1368\" data-end=\"1428\"><strong data-start=\"1368\" data-end=\"1381\">Material:<\/strong> Massives Messing f\u00fcr St\u00e4rke und Rostbest\u00e4ndigkeit<\/p>\n<\/li>\n<li data-start=\"1429\" data-end=\"1453\">\n<p data-start=\"1431\" data-end=\"1453\"><strong data-start=\"1431\" data-end=\"1440\">Gr\u00f6\u00dfe:<\/strong> \u03a630 \u00d7 40 mm<\/p>\n<\/li>\n<li data-start=\"1454\" data-end=\"1506\">\n<p data-start=\"1456\" data-end=\"1506\"><strong data-start=\"1456\" data-end=\"1480\">Glaskompatibilit\u00e4t:<\/strong> Geeignet f\u00fcr 6-12 mm dickes Glas<\/p>\n<\/li>\n<li data-start=\"1507\" data-end=\"1575\">\n<p data-start=\"1509\" data-end=\"1575\"><strong data-start=\"1509\" data-end=\"1520\">Entwurf:<\/strong> Elegantes, luxuri\u00f6ses Design mit R\u00fccken-an-R\u00fccken-Konfiguration<\/p>\n<\/li>\n<li data-start=\"1576\" data-end=\"1646\">\n<p data-start=\"1578\" data-end=\"1646\"><strong data-start=\"1578\" data-end=\"1597\">Ausf\u00fchrungsoptionen:<\/strong> Chrom poliert, Gold poliert, Nickel geb\u00fcrstet<\/p>\n<\/li>\n<li data-start=\"1647\" data-end=\"1733\">\n<p data-start=\"1649\" data-end=\"1733\"><strong data-start=\"1649\" data-end=\"1666\">Anwendungen:<\/strong> Rahmenlose Duscht\u00fcren in luxuri\u00f6sen Wohn- und Hotelb\u00e4dern<\/p>\n<\/li>\n<\/ul>\n<p data-start=\"1735\" data-end=\"1756\"><strong data-start=\"1735\" data-end=\"1754\">Spezifikationen:<\/strong><\/p>\n<ul data-start=\"1757\" data-end=\"1982\">\n<li data-start=\"1757\" data-end=\"1780\">\n<p data-start=\"1759\" data-end=\"1780\"><strong data-start=\"1759\" data-end=\"1769\">Modell:<\/strong> SGH-K14M<\/p>\n<\/li>\n<li data-start=\"1781\" data-end=\"1831\">\n<p data-start=\"1783\" data-end=\"1831\"><strong data-start=\"1783\" data-end=\"1792\">Typ:<\/strong> Luxuri\u00f6ser Duscht\u00fcrknopf f\u00fcr R\u00fccken an R\u00fccken<\/p>\n<\/li>\n<li data-start=\"1832\" data-end=\"1855\">\n<p data-start=\"1834\" data-end=\"1855\"><strong data-start=\"1834\" data-end=\"1847\">Material:<\/strong> Messing<\/p>\n<\/li>\n<li data-start=\"1856\" data-end=\"1880\">\n<p data-start=\"1858\" data-end=\"1880\"><strong data-start=\"1858\" data-end=\"1867\">Gr\u00f6\u00dfe:<\/strong> \u03a630 \u00d7 40 mm<\/p>\n<\/li>\n<li data-start=\"1881\" data-end=\"1917\">\n<p data-start=\"1883\" data-end=\"1917\"><strong data-start=\"1883\" data-end=\"1908\">Passt zur Glasdicke:<\/strong> 6-12mm<\/p>\n<\/li>\n<li data-start=\"1918\" data-end=\"1982\">\n<p data-start=\"1920\" data-end=\"1982\"><strong data-start=\"1920\" data-end=\"1933\">Ausf\u00fchrungen:<\/strong> Chrom poliert, Gold poliert, Nickel geb\u00fcrstet<\/p>\n<\/li>\n<\/ul>\n<h2 id=\"tablepress-2-name\" class=\"tablepress-table-name tablepress-table-name-id-2\">Messing Glas Dusche T\u00fcrkn\u00f6pfe K14 Serie<\/h2>\n\n<table id=\"tablepress-2\" class=\"tablepress tablepress-id-2\" aria-labelledby=\"tablepress-2-name\">\n<thead>\n<tr class=\"row-1\">\n\t<th class=\"column-1\"><strong>Modell<\/strong><\/th><th class=\"column-2\"><strong>Bild<\/strong><\/th><th class=\"column-3\"><strong>Gr\u00f6\u00dfe (mm)<\/strong><\/th><th class=\"column-4\"><strong>Form<\/strong><\/th><th class=\"column-5\"><strong>Material<\/strong><\/th><th class=\"column-6\"><strong>Struktur<\/strong><\/th><th class=\"column-7\"><strong>Glasdicke<\/strong><\/th><th class=\"column-8\"><strong>Beendet<\/strong><\/th>\n<\/tr>\n<\/thead>\n<tbody class=\"row-striping row-hover\">\n<tr class=\"row-2\">\n\t<td class=\"column-1\"><a href=\"https:\/\/showerglasshardware.com\/de-de\/product\/brass-glass-shower-door-knob-sgh-k14j\/\">K14J<\/a><\/td><td class=\"column-2\"><a href=\"https:\/\/showerglasshardware.com\/wp-content\/uploads\/2024\/04\/Brass-Glass-Shower-Door-Knobs-K14J.png\"><img decoding=\"async\" src=\"https:\/\/showerglasshardware.com\/wp-content\/uploads\/2024\/04\/Brass-Glass-Shower-Door-Knobs-K14J-300x300.png\" alt=\"Kompakte Messing-Duscht\u00fcrkn\u00f6pfe SGH-K14J. Gr\u00f6\u00dfe \u03a627 \u00d7 30mm, passend f\u00fcr 6-12mm Glas. Erh\u00e4ltlich in den Oberfl\u00e4chen Chrom, Gold und geb\u00fcrstetem Nickel.\" width=\"60\" height=\"60\" class=\"alignnone size-medium wp-image-4737\" title=\"\" srcset=\"https:\/\/showerglasshardware.com\/wp-content\/uploads\/2024\/04\/Brass-Glass-Shower-Door-Knobs-K14J-300x300.png 300w, https:\/\/showerglasshardware.com\/wp-content\/uploads\/2024\/04\/Brass-Glass-Shower-Door-Knobs-K14J-150x150.png 150w, https:\/\/showerglasshardware.com\/wp-content\/uploads\/2024\/04\/Brass-Glass-Shower-Door-Knobs-K14J-768x768.png 768w, https:\/\/showerglasshardware.com\/wp-content\/uploads\/2024\/04\/Brass-Glass-Shower-Door-Knobs-K14J-12x12.png 12w, https:\/\/showerglasshardware.com\/wp-content\/uploads\/2024\/04\/Brass-Glass-Shower-Door-Knobs-K14J-600x600.png 600w, https:\/\/showerglasshardware.com\/wp-content\/uploads\/2024\/04\/Brass-Glass-Shower-Door-Knobs-K14J-100x100.png 100w, https:\/\/showerglasshardware.com\/wp-content\/uploads\/2024\/04\/Brass-Glass-Shower-Door-Knobs-K14J.png 800w\" sizes=\"(max-width: 60px) 100vw, 60px\" \/><\/a><\/td><td class=\"column-3\">\u03a627 \u00d7 30<\/td><td class=\"column-4\">Rund<\/td><td class=\"column-5\">Messing<\/td><td class=\"column-6\">R\u00fccken an R\u00fccken<\/td><td class=\"column-7\">6-12mm<\/td><td class=\"column-8\">Mattschwarz oder andere<\/td>\n<\/tr>\n<tr class=\"row-3\">\n\t<td class=\"column-1\"><a href=\"https:\/\/showerglasshardware.com\/de-de\/product\/modern-brass-glass-shower-door-knobs-sgh-k14k\/\">K14K<\/a><\/td><td class=\"column-2\"><a href=\"https:\/\/showerglasshardware.com\/wp-content\/uploads\/2024\/04\/Modern-Brass-Glass-Shower-Door-Knobs-SGH-K14K-800.png\"><img decoding=\"async\" src=\"https:\/\/showerglasshardware.com\/wp-content\/uploads\/2024\/04\/Modern-Brass-Glass-Shower-Door-Knobs-SGH-K14K-800-300x300.png\" alt=\"SGH-K14K moderne Messing-Duscht\u00fcrgriffe aus Glas. R\u00fccken-an-R\u00fccken-Design, \u03a630 \u00d7 30mm, passend f\u00fcr 6-12mm Glas. Erh\u00e4ltlich in den Oberfl\u00e4chen Chrom, Gold und geb\u00fcrstetem Nickel.\" width=\"60\" height=\"60\" class=\"alignnone size-medium wp-image-4740\" title=\"\" srcset=\"https:\/\/showerglasshardware.com\/wp-content\/uploads\/2024\/04\/Modern-Brass-Glass-Shower-Door-Knobs-SGH-K14K-800-300x300.png 300w, https:\/\/showerglasshardware.com\/wp-content\/uploads\/2024\/04\/Modern-Brass-Glass-Shower-Door-Knobs-SGH-K14K-800-150x150.png 150w, https:\/\/showerglasshardware.com\/wp-content\/uploads\/2024\/04\/Modern-Brass-Glass-Shower-Door-Knobs-SGH-K14K-800-768x768.png 768w, https:\/\/showerglasshardware.com\/wp-content\/uploads\/2024\/04\/Modern-Brass-Glass-Shower-Door-Knobs-SGH-K14K-800-12x12.png 12w, https:\/\/showerglasshardware.com\/wp-content\/uploads\/2024\/04\/Modern-Brass-Glass-Shower-Door-Knobs-SGH-K14K-800-600x600.png 600w, https:\/\/showerglasshardware.com\/wp-content\/uploads\/2024\/04\/Modern-Brass-Glass-Shower-Door-Knobs-SGH-K14K-800-100x100.png 100w, https:\/\/showerglasshardware.com\/wp-content\/uploads\/2024\/04\/Modern-Brass-Glass-Shower-Door-Knobs-SGH-K14K-800.png 800w\" sizes=\"(max-width: 60px) 100vw, 60px\" \/><\/a><\/td><td class=\"column-3\">\u03a630 \u00d7 30<\/td><td class=\"column-4\">Rund<\/td><td class=\"column-5\">Messing<\/td><td class=\"column-6\">R\u00fccken an R\u00fccken<\/td><td class=\"column-7\">6-12mm<\/td><td class=\"column-8\">Mattschwarz oder andere<\/td>\n<\/tr>\n<tr class=\"row-4\">\n\t<td class=\"column-1\"><a href=\"https:\/\/showerglasshardware.com\/de-de\/product\/luxury-brass-glass-shower-door-knobs-sgh-k14m\/\">K14M<\/a><\/td><td class=\"column-2\"><a href=\"https:\/\/showerglasshardware.com\/wp-content\/uploads\/2024\/04\/Luxury-Brass-Glass-Shower-Door-Knobs-SGH-K14M-800.png\"><img decoding=\"async\" src=\"https:\/\/showerglasshardware.com\/wp-content\/uploads\/2024\/04\/Luxury-Brass-Glass-Shower-Door-Knobs-SGH-K14M-800-300x300.png\" alt=\"SGH-K14M Luxus-Duscht\u00fcrkn\u00f6pfe aus Messing. R\u00fccken-an-R\u00fccken-Design, \u03a630 \u00d7 40mm, passend f\u00fcr 6-12mm Glas. Erh\u00e4ltlich in den Oberfl\u00e4chen Chrom, Gold und geb\u00fcrstetem Nickel.\" width=\"60\" height=\"60\" class=\"alignnone size-medium wp-image-4746\" title=\"\" srcset=\"https:\/\/showerglasshardware.com\/wp-content\/uploads\/2024\/04\/Luxury-Brass-Glass-Shower-Door-Knobs-SGH-K14M-800-300x300.png 300w, https:\/\/showerglasshardware.com\/wp-content\/uploads\/2024\/04\/Luxury-Brass-Glass-Shower-Door-Knobs-SGH-K14M-800-150x150.png 150w, https:\/\/showerglasshardware.com\/wp-content\/uploads\/2024\/04\/Luxury-Brass-Glass-Shower-Door-Knobs-SGH-K14M-800-768x768.png 768w, https:\/\/showerglasshardware.com\/wp-content\/uploads\/2024\/04\/Luxury-Brass-Glass-Shower-Door-Knobs-SGH-K14M-800-12x12.png 12w, https:\/\/showerglasshardware.com\/wp-content\/uploads\/2024\/04\/Luxury-Brass-Glass-Shower-Door-Knobs-SGH-K14M-800-600x600.png 600w, https:\/\/showerglasshardware.com\/wp-content\/uploads\/2024\/04\/Luxury-Brass-Glass-Shower-Door-Knobs-SGH-K14M-800-100x100.png 100w, https:\/\/showerglasshardware.com\/wp-content\/uploads\/2024\/04\/Luxury-Brass-Glass-Shower-Door-Knobs-SGH-K14M-800.png 800w\" sizes=\"(max-width: 60px) 100vw, 60px\" \/><\/a><\/td><td class=\"column-3\">\u03a630 \u00d7 40<\/td><td class=\"column-4\">Rund<\/td><td class=\"column-5\">Messing<\/td><td class=\"column-6\">R\u00fccken an R\u00fccken<\/td><td class=\"column-7\">6-12mm<\/td><td class=\"column-8\">Mattschwarz oder andere<\/td>\n<\/tr>\n<tr class=\"row-5\">\n\t<td class=\"column-1\"><a href=\"https:\/\/showerglasshardware.com\/de-de\/product\/modern-brass-glass-shower-door-knobs-sgh-k14h\/\">K14H<\/a><\/td><td class=\"column-2\"><a href=\"https:\/\/showerglasshardware.com\/wp-content\/uploads\/2024\/04\/Modern-Brass-Glass-Shower-Door-Knob-K14H-800.png\"><img loading=\"lazy\" decoding=\"async\" src=\"https:\/\/showerglasshardware.com\/wp-content\/uploads\/2024\/04\/Modern-Brass-Glass-Shower-Door-Knob-K14H-800-300x300.png\" alt=\"\" width=\"60\" height=\"60\" class=\"alignnone size-medium wp-image-4749\" title=\"\" srcset=\"https:\/\/showerglasshardware.com\/wp-content\/uploads\/2024\/04\/Modern-Brass-Glass-Shower-Door-Knob-K14H-800-300x300.png 300w, https:\/\/showerglasshardware.com\/wp-content\/uploads\/2024\/04\/Modern-Brass-Glass-Shower-Door-Knob-K14H-800-150x150.png 150w, https:\/\/showerglasshardware.com\/wp-content\/uploads\/2024\/04\/Modern-Brass-Glass-Shower-Door-Knob-K14H-800-768x768.png 768w, https:\/\/showerglasshardware.com\/wp-content\/uploads\/2024\/04\/Modern-Brass-Glass-Shower-Door-Knob-K14H-800-12x12.png 12w, https:\/\/showerglasshardware.com\/wp-content\/uploads\/2024\/04\/Modern-Brass-Glass-Shower-Door-Knob-K14H-800-600x600.png 600w, https:\/\/showerglasshardware.com\/wp-content\/uploads\/2024\/04\/Modern-Brass-Glass-Shower-Door-Knob-K14H-800-100x100.png 100w, https:\/\/showerglasshardware.com\/wp-content\/uploads\/2024\/04\/Modern-Brass-Glass-Shower-Door-Knob-K14H-800.png 800w\" sizes=\"(max-width: 60px) 100vw, 60px\" \/><\/a><\/td><td class=\"column-3\">\u03a625 \u00d7 30<\/td><td class=\"column-4\">Rund<\/td><td class=\"column-5\">Messing<\/td><td class=\"column-6\">R\u00fccken an R\u00fccken<\/td><td class=\"column-7\">6-12mm<\/td><td class=\"column-8\">Mattschwarz oder andere<\/td>\n<\/tr>\n<\/tbody>\n<\/table>\n<!-- #tablepress-2 from cache -->","protected":false},"excerpt":{"rendered":"<ul>\n<li>SGH-K14M<\/li>\n<li>\u03a630 \u00d7 40 mm<\/li>\n<li>Messing<\/li>\n<li>R\u00fccken an R\u00fccken<\/li>\n<li>Glasst\u00e4rke: 6\u201312 mm;<\/li>\n<li>Oberfl\u00e4che: Chrom poliert; Poliertes Gold; Geb\u00fcrstetes Nickel<\/li>\n<\/ul>\n<p><!-- notionvc: 9788d432-087f-4fa0-88dc-86333bad9bb6 --><\/p>","protected":false},"featured_media":4746,"comment_status":"open","ping_status":"closed","template":"","meta":{"_acf_changed":false},"product_brand":[],"product_cat":[26,111],"product_tag":[],"class_list":{"0":"post-1163","1":"product","2":"type-product","3":"status-publish","4":"has-post-thumbnail","6":"product_cat-shower-door-knobs","7":"product_cat-back-to-back-knobs","8":"pa_finish-brushed-nickel","9":"pa_finish-chrome","10":"pa_finish-gold","11":"pa_finish-gun-metal","12":"pa_finish-black","13":"pa_glass-thickness-1-2-inch-12mm","14":"pa_glass-thickness-1-4-inch-6mm","15":"pa_glass-thickness-3-8-inch-10mm","16":"pa_glass-thickness-5-16-inch-8mm","17":"pa_glass-thickness-6-12mm","18":"pa_material-brass","20":"first","21":"instock","22":"taxable","23":"shipping-taxable","24":"purchasable","25":"product-type-variable"},"acf":[],"_links":{"self":[{"href":"https:\/\/showerglasshardware.com\/de-de\/wp-json\/wp\/v2\/product\/1163","targetHints":{"allow":["GET"]}}],"collection":[{"href":"https:\/\/showerglasshardware.com\/de-de\/wp-json\/wp\/v2\/product"}],"about":[{"href":"https:\/\/showerglasshardware.com\/de-de\/wp-json\/wp\/v2\/types\/product"}],"replies":[{"embeddable":true,"href":"https:\/\/showerglasshardware.com\/de-de\/wp-json\/wp\/v2\/comments?post=1163"}],"version-history":[{"count":4,"href":"https:\/\/showerglasshardware.com\/de-de\/wp-json\/wp\/v2\/product\/1163\/revisions"}],"predecessor-version":[{"id":4762,"href":"https:\/\/showerglasshardware.com\/de-de\/wp-json\/wp\/v2\/product\/1163\/revisions\/4762"}],"wp:featuredmedia":[{"embeddable":true,"href":"https:\/\/showerglasshardware.com\/de-de\/wp-json\/wp\/v2\/media\/4746"}],"wp:attachment":[{"href":"https:\/\/showerglasshardware.com\/de-de\/wp-json\/wp\/v2\/media?parent=1163"}],"wp:term":[{"taxonomy":"product_brand","embeddable":true,"href":"https:\/\/showerglasshardware.com\/de-de\/wp-json\/wp\/v2\/product_brand?post=1163"},{"taxonomy":"product_cat","embeddable":true,"href":"https:\/\/showerglasshardware.com\/de-de\/wp-json\/wp\/v2\/product_cat?post=1163"},{"taxonomy":"product_tag","embeddable":true,"href":"https:\/\/showerglasshardware.com\/de-de\/wp-json\/wp\/v2\/product_tag?post=1163"}],"curies":[{"name":"wp","href":"https:\/\/api.w.org\/{rel}","templated":true}]}}