{"id":1176,"date":"2024-04-26T03:17:38","date_gmt":"2024-04-26T03:17:38","guid":{"rendered":"https:\/\/showerglasshardware.com\/?post_type=product&#038;p=1176"},"modified":"2025-09-25T13:22:01","modified_gmt":"2025-09-25T13:22:01","slug":"modern-brass-glass-shower-door-knobs-sgh-k14h","status":"publish","type":"product","link":"https:\/\/showerglasshardware.com\/de-de\/product\/modern-brass-glass-shower-door-knobs-sgh-k14h\/","title":{"rendered":"Moderner Duscht\u00fcrgriff aus Messing und Glas SGH-K14H"},"content":{"rendered":"<p data-start=\"540\" data-end=\"719\">Der moderne Messing-Duscht\u00fcrgriff SGH-K14H kombiniert minimalistisches Design mit solider Konstruktion und bietet sowohl Eleganz als auch Funktionalit\u00e4t f\u00fcr rahmenlose Duschkabinen.<\/p>\n<p data-start=\"721\" data-end=\"1080\">Der aus massivem Messing gefertigte Drehknopf ist robust und korrosionsbest\u00e4ndig und gew\u00e4hrleistet eine lange Lebensdauer in feuchten Badezimmern. Sein R\u00fccken-an-R\u00fccken-Design erm\u00f6glicht eine bequeme Bedienung von beiden Seiten des Glases, w\u00e4hrend die kompakte Gr\u00f6\u00dfe von 25 \u00d7 30 mm eine elegante, platzsparende L\u00f6sung bietet, die sich nahtlos in moderne Innenr\u00e4ume einf\u00fcgt.<\/p>\n<p data-start=\"1082\" data-end=\"1361\">Der SGH-K14H ist in den Farben Chrom poliert, Gold poliert und Nickel geb\u00fcrstet erh\u00e4ltlich und l\u00e4sst sich m\u00fchelos mit anderen Duscharmaturen aus Messing kombinieren, um den Stil des Badezimmers zu unterstreichen. Geeignet f\u00fcr 6-12 mm dickes Glas, ist dieser Knopf perfekt f\u00fcr kleinere oder minimalistische rahmenlose Duscht\u00fcren.<\/p>\n<p data-start=\"1363\" data-end=\"1382\"><strong data-start=\"1363\" data-end=\"1380\">Hauptmerkmale:<\/strong><\/p>\n<ul data-start=\"1383\" data-end=\"1837\">\n<li data-start=\"1383\" data-end=\"1446\">\n<p data-start=\"1385\" data-end=\"1446\"><strong data-start=\"1385\" data-end=\"1394\">Typ:<\/strong> Moderner Duscht\u00fcrknopf aus Messing, R\u00fccken-an-R\u00fccken<\/p>\n<\/li>\n<li data-start=\"1447\" data-end=\"1511\">\n<p data-start=\"1449\" data-end=\"1511\"><strong data-start=\"1449\" data-end=\"1462\">Material:<\/strong> Massives Messing f\u00fcr Haltbarkeit und Rostbest\u00e4ndigkeit<\/p>\n<\/li>\n<li data-start=\"1512\" data-end=\"1546\">\n<p data-start=\"1514\" data-end=\"1546\"><strong data-start=\"1514\" data-end=\"1523\">Gr\u00f6\u00dfe:<\/strong> \u03a625 \u00d7 30mm (kompakt)<\/p>\n<\/li>\n<li data-start=\"1547\" data-end=\"1599\">\n<p data-start=\"1549\" data-end=\"1599\"><strong data-start=\"1549\" data-end=\"1573\">Glaskompatibilit\u00e4t:<\/strong> Geeignet f\u00fcr 6-12 mm dickes Glas<\/p>\n<\/li>\n<li data-start=\"1600\" data-end=\"1670\">\n<p data-start=\"1602\" data-end=\"1670\"><strong data-start=\"1602\" data-end=\"1613\">Entwurf:<\/strong> Moderner, minimalistischer Look mit R\u00fccken-an-R\u00fccken-Konfiguration<\/p>\n<\/li>\n<li data-start=\"1671\" data-end=\"1741\">\n<p data-start=\"1673\" data-end=\"1741\"><strong data-start=\"1673\" data-end=\"1692\">Ausf\u00fchrungsoptionen:<\/strong> Chrom poliert, Gold poliert, Nickel geb\u00fcrstet<\/p>\n<\/li>\n<li data-start=\"1742\" data-end=\"1837\">\n<p data-start=\"1744\" data-end=\"1837\"><strong data-start=\"1744\" data-end=\"1761\">Anwendungen:<\/strong> Rahmenlose Duschabtrennungen in Wohnungen, Hotels und modernen Badezimmern<\/p>\n<\/li>\n<\/ul>\n<p data-start=\"1839\" data-end=\"1860\"><strong data-start=\"1839\" data-end=\"1858\">Spezifikationen:<\/strong><\/p>\n<ul data-start=\"1861\" data-end=\"2086\">\n<li data-start=\"1861\" data-end=\"1884\">\n<p data-start=\"1863\" data-end=\"1884\"><strong data-start=\"1863\" data-end=\"1873\">Modell:<\/strong> SGH-K14H<\/p>\n<\/li>\n<li data-start=\"1885\" data-end=\"1935\">\n<p data-start=\"1887\" data-end=\"1935\"><strong data-start=\"1887\" data-end=\"1896\">Typ:<\/strong> Moderner R\u00fccken-an-R\u00fccken-Duscht\u00fcrknopf<\/p>\n<\/li>\n<li data-start=\"1936\" data-end=\"1959\">\n<p data-start=\"1938\" data-end=\"1959\"><strong data-start=\"1938\" data-end=\"1951\">Material:<\/strong> Messing<\/p>\n<\/li>\n<li data-start=\"1960\" data-end=\"1984\">\n<p data-start=\"1962\" data-end=\"1984\"><strong data-start=\"1962\" data-end=\"1971\">Gr\u00f6\u00dfe:<\/strong> \u03a625 \u00d7 30 mm<\/p>\n<\/li>\n<li data-start=\"1985\" data-end=\"2021\">\n<p data-start=\"1987\" data-end=\"2021\"><strong data-start=\"1987\" data-end=\"2012\">Passt zur Glasdicke:<\/strong> 6-12mm<\/p>\n<\/li>\n<li data-start=\"2022\" data-end=\"2086\">\n<p data-start=\"2024\" data-end=\"2086\"><strong data-start=\"2024\" data-end=\"2037\">Ausf\u00fchrungen:<\/strong> Chrom poliert, Gold poliert, Nickel geb\u00fcrstet<\/p>\n<\/li>\n<\/ul>\n<h2 id=\"tablepress-2-name\" class=\"tablepress-table-name tablepress-table-name-id-2\">Messing Glas Dusche T\u00fcrkn\u00f6pfe K14 Serie<\/h2>\n\n<table id=\"tablepress-2\" class=\"tablepress tablepress-id-2\" aria-labelledby=\"tablepress-2-name\">\n<thead>\n<tr class=\"row-1\">\n\t<th class=\"column-1\"><strong>Modell<\/strong><\/th><th class=\"column-2\"><strong>Bild<\/strong><\/th><th class=\"column-3\"><strong>Gr\u00f6\u00dfe (mm)<\/strong><\/th><th class=\"column-4\"><strong>Form<\/strong><\/th><th class=\"column-5\"><strong>Material<\/strong><\/th><th class=\"column-6\"><strong>Struktur<\/strong><\/th><th class=\"column-7\"><strong>Glasdicke<\/strong><\/th><th class=\"column-8\"><strong>Beendet<\/strong><\/th>\n<\/tr>\n<\/thead>\n<tbody class=\"row-striping row-hover\">\n<tr class=\"row-2\">\n\t<td class=\"column-1\"><a href=\"https:\/\/showerglasshardware.com\/de-de\/product\/brass-glass-shower-door-knob-sgh-k14j\/\">K14J<\/a><\/td><td class=\"column-2\"><a href=\"https:\/\/showerglasshardware.com\/wp-content\/uploads\/2024\/04\/Brass-Glass-Shower-Door-Knobs-K14J.png\"><img decoding=\"async\" src=\"https:\/\/showerglasshardware.com\/wp-content\/uploads\/2024\/04\/Brass-Glass-Shower-Door-Knobs-K14J-300x300.png\" alt=\"Kompakte Messing-Duscht\u00fcrkn\u00f6pfe SGH-K14J. Gr\u00f6\u00dfe \u03a627 \u00d7 30mm, passend f\u00fcr 6-12mm Glas. Erh\u00e4ltlich in den Oberfl\u00e4chen Chrom, Gold und geb\u00fcrstetem Nickel.\" width=\"60\" height=\"60\" class=\"alignnone size-medium wp-image-4737\" title=\"\" srcset=\"https:\/\/showerglasshardware.com\/wp-content\/uploads\/2024\/04\/Brass-Glass-Shower-Door-Knobs-K14J-300x300.png 300w, https:\/\/showerglasshardware.com\/wp-content\/uploads\/2024\/04\/Brass-Glass-Shower-Door-Knobs-K14J-150x150.png 150w, https:\/\/showerglasshardware.com\/wp-content\/uploads\/2024\/04\/Brass-Glass-Shower-Door-Knobs-K14J-768x768.png 768w, https:\/\/showerglasshardware.com\/wp-content\/uploads\/2024\/04\/Brass-Glass-Shower-Door-Knobs-K14J-12x12.png 12w, https:\/\/showerglasshardware.com\/wp-content\/uploads\/2024\/04\/Brass-Glass-Shower-Door-Knobs-K14J-600x600.png 600w, https:\/\/showerglasshardware.com\/wp-content\/uploads\/2024\/04\/Brass-Glass-Shower-Door-Knobs-K14J-100x100.png 100w, https:\/\/showerglasshardware.com\/wp-content\/uploads\/2024\/04\/Brass-Glass-Shower-Door-Knobs-K14J.png 800w\" sizes=\"(max-width: 60px) 100vw, 60px\" \/><\/a><\/td><td class=\"column-3\">\u03a627 \u00d7 30<\/td><td class=\"column-4\">Rund<\/td><td class=\"column-5\">Messing<\/td><td class=\"column-6\">R\u00fccken an R\u00fccken<\/td><td class=\"column-7\">6-12mm<\/td><td class=\"column-8\">Mattschwarz oder andere<\/td>\n<\/tr>\n<tr class=\"row-3\">\n\t<td class=\"column-1\"><a href=\"https:\/\/showerglasshardware.com\/de-de\/product\/modern-brass-glass-shower-door-knobs-sgh-k14k\/\">K14K<\/a><\/td><td class=\"column-2\"><a href=\"https:\/\/showerglasshardware.com\/wp-content\/uploads\/2024\/04\/Modern-Brass-Glass-Shower-Door-Knobs-SGH-K14K-800.png\"><img decoding=\"async\" src=\"https:\/\/showerglasshardware.com\/wp-content\/uploads\/2024\/04\/Modern-Brass-Glass-Shower-Door-Knobs-SGH-K14K-800-300x300.png\" alt=\"SGH-K14K moderne Messing-Duscht\u00fcrgriffe aus Glas. R\u00fccken-an-R\u00fccken-Design, \u03a630 \u00d7 30mm, passend f\u00fcr 6-12mm Glas. Erh\u00e4ltlich in den Oberfl\u00e4chen Chrom, Gold und geb\u00fcrstetem Nickel.\" width=\"60\" height=\"60\" class=\"alignnone size-medium wp-image-4740\" title=\"\" srcset=\"https:\/\/showerglasshardware.com\/wp-content\/uploads\/2024\/04\/Modern-Brass-Glass-Shower-Door-Knobs-SGH-K14K-800-300x300.png 300w, https:\/\/showerglasshardware.com\/wp-content\/uploads\/2024\/04\/Modern-Brass-Glass-Shower-Door-Knobs-SGH-K14K-800-150x150.png 150w, https:\/\/showerglasshardware.com\/wp-content\/uploads\/2024\/04\/Modern-Brass-Glass-Shower-Door-Knobs-SGH-K14K-800-768x768.png 768w, https:\/\/showerglasshardware.com\/wp-content\/uploads\/2024\/04\/Modern-Brass-Glass-Shower-Door-Knobs-SGH-K14K-800-12x12.png 12w, https:\/\/showerglasshardware.com\/wp-content\/uploads\/2024\/04\/Modern-Brass-Glass-Shower-Door-Knobs-SGH-K14K-800-600x600.png 600w, https:\/\/showerglasshardware.com\/wp-content\/uploads\/2024\/04\/Modern-Brass-Glass-Shower-Door-Knobs-SGH-K14K-800-100x100.png 100w, https:\/\/showerglasshardware.com\/wp-content\/uploads\/2024\/04\/Modern-Brass-Glass-Shower-Door-Knobs-SGH-K14K-800.png 800w\" sizes=\"(max-width: 60px) 100vw, 60px\" \/><\/a><\/td><td class=\"column-3\">\u03a630 \u00d7 30<\/td><td class=\"column-4\">Rund<\/td><td class=\"column-5\">Messing<\/td><td class=\"column-6\">R\u00fccken an R\u00fccken<\/td><td class=\"column-7\">6-12mm<\/td><td class=\"column-8\">Mattschwarz oder andere<\/td>\n<\/tr>\n<tr class=\"row-4\">\n\t<td class=\"column-1\"><a href=\"https:\/\/showerglasshardware.com\/de-de\/product\/luxury-brass-glass-shower-door-knobs-sgh-k14m\/\">K14M<\/a><\/td><td class=\"column-2\"><a href=\"https:\/\/showerglasshardware.com\/wp-content\/uploads\/2024\/04\/Luxury-Brass-Glass-Shower-Door-Knobs-SGH-K14M-800.png\"><img decoding=\"async\" src=\"https:\/\/showerglasshardware.com\/wp-content\/uploads\/2024\/04\/Luxury-Brass-Glass-Shower-Door-Knobs-SGH-K14M-800-300x300.png\" alt=\"SGH-K14M Luxus-Duscht\u00fcrkn\u00f6pfe aus Messing. R\u00fccken-an-R\u00fccken-Design, \u03a630 \u00d7 40mm, passend f\u00fcr 6-12mm Glas. Erh\u00e4ltlich in den Oberfl\u00e4chen Chrom, Gold und geb\u00fcrstetem Nickel.\" width=\"60\" height=\"60\" class=\"alignnone size-medium wp-image-4746\" title=\"\" srcset=\"https:\/\/showerglasshardware.com\/wp-content\/uploads\/2024\/04\/Luxury-Brass-Glass-Shower-Door-Knobs-SGH-K14M-800-300x300.png 300w, https:\/\/showerglasshardware.com\/wp-content\/uploads\/2024\/04\/Luxury-Brass-Glass-Shower-Door-Knobs-SGH-K14M-800-150x150.png 150w, https:\/\/showerglasshardware.com\/wp-content\/uploads\/2024\/04\/Luxury-Brass-Glass-Shower-Door-Knobs-SGH-K14M-800-768x768.png 768w, https:\/\/showerglasshardware.com\/wp-content\/uploads\/2024\/04\/Luxury-Brass-Glass-Shower-Door-Knobs-SGH-K14M-800-12x12.png 12w, https:\/\/showerglasshardware.com\/wp-content\/uploads\/2024\/04\/Luxury-Brass-Glass-Shower-Door-Knobs-SGH-K14M-800-600x600.png 600w, https:\/\/showerglasshardware.com\/wp-content\/uploads\/2024\/04\/Luxury-Brass-Glass-Shower-Door-Knobs-SGH-K14M-800-100x100.png 100w, https:\/\/showerglasshardware.com\/wp-content\/uploads\/2024\/04\/Luxury-Brass-Glass-Shower-Door-Knobs-SGH-K14M-800.png 800w\" sizes=\"(max-width: 60px) 100vw, 60px\" \/><\/a><\/td><td class=\"column-3\">\u03a630 \u00d7 40<\/td><td class=\"column-4\">Rund<\/td><td class=\"column-5\">Messing<\/td><td class=\"column-6\">R\u00fccken an R\u00fccken<\/td><td class=\"column-7\">6-12mm<\/td><td class=\"column-8\">Mattschwarz oder andere<\/td>\n<\/tr>\n<tr class=\"row-5\">\n\t<td class=\"column-1\"><a href=\"https:\/\/showerglasshardware.com\/de-de\/product\/modern-brass-glass-shower-door-knobs-sgh-k14h\/\">K14H<\/a><\/td><td class=\"column-2\"><a href=\"https:\/\/showerglasshardware.com\/wp-content\/uploads\/2024\/04\/Modern-Brass-Glass-Shower-Door-Knob-K14H-800.png\"><img loading=\"lazy\" decoding=\"async\" src=\"https:\/\/showerglasshardware.com\/wp-content\/uploads\/2024\/04\/Modern-Brass-Glass-Shower-Door-Knob-K14H-800-300x300.png\" alt=\"\" width=\"60\" height=\"60\" class=\"alignnone size-medium wp-image-4749\" title=\"\" srcset=\"https:\/\/showerglasshardware.com\/wp-content\/uploads\/2024\/04\/Modern-Brass-Glass-Shower-Door-Knob-K14H-800-300x300.png 300w, https:\/\/showerglasshardware.com\/wp-content\/uploads\/2024\/04\/Modern-Brass-Glass-Shower-Door-Knob-K14H-800-150x150.png 150w, https:\/\/showerglasshardware.com\/wp-content\/uploads\/2024\/04\/Modern-Brass-Glass-Shower-Door-Knob-K14H-800-768x768.png 768w, https:\/\/showerglasshardware.com\/wp-content\/uploads\/2024\/04\/Modern-Brass-Glass-Shower-Door-Knob-K14H-800-12x12.png 12w, https:\/\/showerglasshardware.com\/wp-content\/uploads\/2024\/04\/Modern-Brass-Glass-Shower-Door-Knob-K14H-800-600x600.png 600w, https:\/\/showerglasshardware.com\/wp-content\/uploads\/2024\/04\/Modern-Brass-Glass-Shower-Door-Knob-K14H-800-100x100.png 100w, https:\/\/showerglasshardware.com\/wp-content\/uploads\/2024\/04\/Modern-Brass-Glass-Shower-Door-Knob-K14H-800.png 800w\" sizes=\"(max-width: 60px) 100vw, 60px\" \/><\/a><\/td><td class=\"column-3\">\u03a625 \u00d7 30<\/td><td class=\"column-4\">Rund<\/td><td class=\"column-5\">Messing<\/td><td class=\"column-6\">R\u00fccken an R\u00fccken<\/td><td class=\"column-7\">6-12mm<\/td><td class=\"column-8\">Mattschwarz oder andere<\/td>\n<\/tr>\n<\/tbody>\n<\/table>\n<!-- #tablepress-2 from cache -->","protected":false},"excerpt":{"rendered":"<ul>\n<li>SGH-K14H<\/li>\n<li>\u03a625 \u00d7 30 mm<\/li>\n<li>Messing<\/li>\n<li>R\u00fccken an R\u00fccken<\/li>\n<li>Glasst\u00e4rke: 6\u201312 mm;<\/li>\n<li>Oberfl\u00e4che: Chrom poliert; Poliertes Gold; Geb\u00fcrstetes Nickel<\/li>\n<\/ul>\n<p><!-- notionvc: 9788d432-087f-4fa0-88dc-86333bad9bb6 --><\/p>","protected":false},"featured_media":4749,"comment_status":"open","ping_status":"closed","template":"","meta":{"_acf_changed":false},"product_brand":[],"product_cat":[26,111],"product_tag":[],"class_list":{"0":"post-1176","1":"product","2":"type-product","3":"status-publish","4":"has-post-thumbnail","6":"product_cat-shower-door-knobs","7":"product_cat-back-to-back-knobs","8":"pa_finish-brushed-nickel","9":"pa_finish-chrome","10":"pa_finish-gold","11":"pa_finish-gun-metal","12":"pa_finish-black","13":"pa_glass-thickness-1-2-inch-12mm","14":"pa_glass-thickness-1-4-inch-6mm","15":"pa_glass-thickness-3-8-inch-10mm","16":"pa_glass-thickness-5-16-inch-8mm","17":"pa_material-brass","19":"first","20":"instock","21":"purchasable","22":"product-type-variable"},"acf":[],"_links":{"self":[{"href":"https:\/\/showerglasshardware.com\/de-de\/wp-json\/wp\/v2\/product\/1176","targetHints":{"allow":["GET"]}}],"collection":[{"href":"https:\/\/showerglasshardware.com\/de-de\/wp-json\/wp\/v2\/product"}],"about":[{"href":"https:\/\/showerglasshardware.com\/de-de\/wp-json\/wp\/v2\/types\/product"}],"replies":[{"embeddable":true,"href":"https:\/\/showerglasshardware.com\/de-de\/wp-json\/wp\/v2\/comments?post=1176"}],"version-history":[{"count":3,"href":"https:\/\/showerglasshardware.com\/de-de\/wp-json\/wp\/v2\/product\/1176\/revisions"}],"predecessor-version":[{"id":4765,"href":"https:\/\/showerglasshardware.com\/de-de\/wp-json\/wp\/v2\/product\/1176\/revisions\/4765"}],"wp:featuredmedia":[{"embeddable":true,"href":"https:\/\/showerglasshardware.com\/de-de\/wp-json\/wp\/v2\/media\/4749"}],"wp:attachment":[{"href":"https:\/\/showerglasshardware.com\/de-de\/wp-json\/wp\/v2\/media?parent=1176"}],"wp:term":[{"taxonomy":"product_brand","embeddable":true,"href":"https:\/\/showerglasshardware.com\/de-de\/wp-json\/wp\/v2\/product_brand?post=1176"},{"taxonomy":"product_cat","embeddable":true,"href":"https:\/\/showerglasshardware.com\/de-de\/wp-json\/wp\/v2\/product_cat?post=1176"},{"taxonomy":"product_tag","embeddable":true,"href":"https:\/\/showerglasshardware.com\/de-de\/wp-json\/wp\/v2\/product_tag?post=1176"}],"curies":[{"name":"wp","href":"https:\/\/api.w.org\/{rel}","templated":true}]}}