{"id":1189,"date":"2024-04-26T03:27:47","date_gmt":"2024-04-26T03:27:47","guid":{"rendered":"https:\/\/showerglasshardware.com\/?post_type=product&#038;p=1189"},"modified":"2025-09-25T12:16:04","modified_gmt":"2025-09-25T12:16:04","slug":"square-brass-glass-shower-door-knob-sgh-k15b","status":"publish","type":"product","link":"https:\/\/showerglasshardware.com\/de-de\/product\/square-brass-glass-shower-door-knob-sgh-k15b\/","title":{"rendered":"Quadratischer Duscht\u00fcrknauf aus Messing und Glas SGH-K15B"},"content":{"rendered":"<p data-start=\"523\" data-end=\"651\">Der quadratische Messing-Duscht\u00fcrknopf SGH-K15B bietet einen modernen, geometrischen Stil bei gleichzeitiger Haltbarkeit und Komfort.<\/p>\n<p data-start=\"653\" data-end=\"956\">Dieser aus massivem Messing gefertigte Drehknopf gew\u00e4hrleistet eine lange Lebensdauer und Korrosionsbest\u00e4ndigkeit in feuchten Badezimmern. Sein quadratisches Design verleiht rahmenlosen Duschkabinen einen modernen Touch, w\u00e4hrend die R\u00fccken-an-R\u00fccken-Konfiguration eine einfache Bedienung von beiden Seiten der Glast\u00fcr erm\u00f6glicht.<\/p>\n<p data-start=\"958\" data-end=\"1288\">Mit einer Gr\u00f6\u00dfe von 22 \u00d7 35 mm ist dieser Knopf kompakt und dennoch funktional und bietet einen sicheren Halt, ohne den minimalistischen Look von Glasduscht\u00fcren zu beeintr\u00e4chtigen. Der SGH-K15B eignet sich f\u00fcr 6-12 mm dickes Glas und ist in einer Vielzahl von Oberfl\u00e4chen erh\u00e4ltlich, die zu Ihrem Badezimmerdekor passen, darunter Chrom poliert, Gold poliert und Nickel geb\u00fcrstet.<\/p>\n<p data-start=\"1290\" data-end=\"1309\"><strong data-start=\"1290\" data-end=\"1307\">Hauptmerkmale:<\/strong><\/p>\n<ul data-start=\"1310\" data-end=\"1744\">\n<li data-start=\"1310\" data-end=\"1374\">\n<p data-start=\"1312\" data-end=\"1374\"><strong data-start=\"1312\" data-end=\"1321\">Typ:<\/strong> Quadratischer Duscht\u00fcrknopf aus Messing, R\u00fccken-an-R\u00fccken-Design<\/p>\n<\/li>\n<li data-start=\"1375\" data-end=\"1437\">\n<p data-start=\"1377\" data-end=\"1437\"><strong data-start=\"1377\" data-end=\"1390\">Material:<\/strong> Massives Messing f\u00fcr St\u00e4rke und Rostbest\u00e4ndigkeit<\/p>\n<\/li>\n<li data-start=\"1438\" data-end=\"1461\">\n<p data-start=\"1440\" data-end=\"1461\"><strong data-start=\"1440\" data-end=\"1449\">Gr\u00f6\u00dfe:<\/strong> 22 \u00d7 35 mm<\/p>\n<\/li>\n<li data-start=\"1462\" data-end=\"1514\">\n<p data-start=\"1464\" data-end=\"1514\"><strong data-start=\"1464\" data-end=\"1488\">Glaskompatibilit\u00e4t:<\/strong> Geeignet f\u00fcr 6-12 mm dickes Glas<\/p>\n<\/li>\n<li data-start=\"1515\" data-end=\"1581\">\n<p data-start=\"1517\" data-end=\"1581\"><strong data-start=\"1517\" data-end=\"1528\">Entwurf:<\/strong> Moderne quadratische Form mit schlankem, minimalistischem Stil<\/p>\n<\/li>\n<li data-start=\"1582\" data-end=\"1652\">\n<p data-start=\"1584\" data-end=\"1652\"><strong data-start=\"1584\" data-end=\"1603\">Ausf\u00fchrungsoptionen:<\/strong> Chrom poliert, Gold poliert, Nickel geb\u00fcrstet<\/p>\n<\/li>\n<li data-start=\"1653\" data-end=\"1744\">\n<p data-start=\"1655\" data-end=\"1744\"><strong data-start=\"1655\" data-end=\"1672\">Anwendungen:<\/strong> Rahmenlose Duschabtrennungen f\u00fcr Wohnungen, Hotels und gewerbliche Projekte<\/p>\n<\/li>\n<\/ul>\n<p data-start=\"1746\" data-end=\"1767\"><strong data-start=\"1746\" data-end=\"1765\">Spezifikationen:<\/strong><\/p>\n<ul data-start=\"1768\" data-end=\"1993\">\n<li data-start=\"1768\" data-end=\"1791\">\n<p data-start=\"1770\" data-end=\"1791\"><strong data-start=\"1770\" data-end=\"1780\">Modell:<\/strong> SGH-K15B<\/p>\n<\/li>\n<li data-start=\"1792\" data-end=\"1843\">\n<p data-start=\"1794\" data-end=\"1843\"><strong data-start=\"1794\" data-end=\"1803\">Typ:<\/strong> Quadratischer Duscht\u00fcrknopf, R\u00fccken-an-R\u00fccken<\/p>\n<\/li>\n<li data-start=\"1844\" data-end=\"1867\">\n<p data-start=\"1846\" data-end=\"1867\"><strong data-start=\"1846\" data-end=\"1859\">Material:<\/strong> Messing<\/p>\n<\/li>\n<li data-start=\"1868\" data-end=\"1891\">\n<p data-start=\"1870\" data-end=\"1891\"><strong data-start=\"1870\" data-end=\"1879\">Gr\u00f6\u00dfe:<\/strong> 22 \u00d7 35 mm<\/p>\n<\/li>\n<li data-start=\"1892\" data-end=\"1928\">\n<p data-start=\"1894\" data-end=\"1928\"><strong data-start=\"1894\" data-end=\"1919\">Passt zur Glasdicke:<\/strong> 6-12mm<\/p>\n<\/li>\n<li data-start=\"1929\" data-end=\"1993\">\n<p data-start=\"1931\" data-end=\"1993\"><strong data-start=\"1931\" data-end=\"1944\">Ausf\u00fchrungen:<\/strong> Chrom poliert, Gold poliert, Nickel geb\u00fcrstet<\/p>\n<\/li>\n<\/ul>","protected":false},"excerpt":{"rendered":"<ul>\n<li>SGH-K15B<\/li>\n<li>22 \u00d7 35 mm<\/li>\n<li>Messing<\/li>\n<li>R\u00fccken an R\u00fccken<\/li>\n<li>Glasst\u00e4rke: 6\u201312 mm;<\/li>\n<li>Oberfl\u00e4che: Chrom poliert; Poliertes Gold; Geb\u00fcrstetes Nickel<\/li>\n<\/ul>\n<p><!-- notionvc: 9788d432-087f-4fa0-88dc-86333bad9bb6 --><\/p>","protected":false},"featured_media":4756,"comment_status":"open","ping_status":"closed","template":"","meta":{"_acf_changed":false},"product_brand":[],"product_cat":[26,112],"product_tag":[],"class_list":{"0":"post-1189","1":"product","2":"type-product","3":"status-publish","4":"has-post-thumbnail","6":"product_cat-shower-door-knobs","7":"product_cat-single-sided-knobs","8":"pa_finish-brushed-nickel","9":"pa_finish-chrome","10":"pa_finish-gold","11":"pa_finish-gun-metal","12":"pa_finish-black","13":"pa_glass-thickness-1-2-inch-12mm","14":"pa_glass-thickness-1-4-inch-6mm","15":"pa_glass-thickness-3-8-inch-10mm","16":"pa_glass-thickness-5-16-inch-8mm","17":"pa_material-brass","19":"first","20":"instock","21":"sale","22":"purchasable","23":"product-type-variable"},"acf":[],"_links":{"self":[{"href":"https:\/\/showerglasshardware.com\/de-de\/wp-json\/wp\/v2\/product\/1189","targetHints":{"allow":["GET"]}}],"collection":[{"href":"https:\/\/showerglasshardware.com\/de-de\/wp-json\/wp\/v2\/product"}],"about":[{"href":"https:\/\/showerglasshardware.com\/de-de\/wp-json\/wp\/v2\/types\/product"}],"replies":[{"embeddable":true,"href":"https:\/\/showerglasshardware.com\/de-de\/wp-json\/wp\/v2\/comments?post=1189"}],"version-history":[{"count":3,"href":"https:\/\/showerglasshardware.com\/de-de\/wp-json\/wp\/v2\/product\/1189\/revisions"}],"predecessor-version":[{"id":4755,"href":"https:\/\/showerglasshardware.com\/de-de\/wp-json\/wp\/v2\/product\/1189\/revisions\/4755"}],"wp:featuredmedia":[{"embeddable":true,"href":"https:\/\/showerglasshardware.com\/de-de\/wp-json\/wp\/v2\/media\/4756"}],"wp:attachment":[{"href":"https:\/\/showerglasshardware.com\/de-de\/wp-json\/wp\/v2\/media?parent=1189"}],"wp:term":[{"taxonomy":"product_brand","embeddable":true,"href":"https:\/\/showerglasshardware.com\/de-de\/wp-json\/wp\/v2\/product_brand?post=1189"},{"taxonomy":"product_cat","embeddable":true,"href":"https:\/\/showerglasshardware.com\/de-de\/wp-json\/wp\/v2\/product_cat?post=1189"},{"taxonomy":"product_tag","embeddable":true,"href":"https:\/\/showerglasshardware.com\/de-de\/wp-json\/wp\/v2\/product_tag?post=1189"}],"curies":[{"name":"wp","href":"https:\/\/api.w.org\/{rel}","templated":true}]}}