{"id":1202,"date":"2024-04-26T03:38:34","date_gmt":"2024-04-26T03:38:34","guid":{"rendered":"https:\/\/showerglasshardware.com\/?post_type=product&#038;p=1202"},"modified":"2025-09-25T12:58:14","modified_gmt":"2025-09-25T12:58:14","slug":"round-brass-glass-shower-door-knob-sgh-k11k","status":"publish","type":"product","link":"https:\/\/showerglasshardware.com\/de-de\/product\/round-brass-glass-shower-door-knob-sgh-k11k\/","title":{"rendered":"Runder Duscht\u00fcrknauf aus Messing und Glas SGH-K11K"},"content":{"rendered":"<p data-start=\"514\" data-end=\"640\">Der runde Messing-Duscht\u00fcrgriff SGH-K11K ist eine stilvolle und praktische Option f\u00fcr rahmenlose Glasduschkabinen.<\/p>\n<p data-start=\"642\" data-end=\"953\">Der aus massivem Messing gefertigte Drehknopf garantiert Langlebigkeit, Korrosionsbest\u00e4ndigkeit und dauerhafte Leistung in feuchten Badumgebungen. Sein rundes, ergonomisches Design bietet einen bequemen Griff, w\u00e4hrend seine kompakten Abmessungen von 30 \u00d7 22 \u00d7 19 mm ihn f\u00fcr eine Vielzahl von Duscht\u00fcrgr\u00f6\u00dfen geeignet machen.<\/p>\n<p data-start=\"955\" data-end=\"1222\">Die SGH-K11K wurde f\u00fcr 6-12 mm dickes Glas entwickelt und bietet eine sichere Installation und einen eleganten rahmenlosen Look. Sie ist in den Farben Chrom poliert, Gold poliert und Nickel geb\u00fcrstet erh\u00e4ltlich und l\u00e4sst sich nahtlos mit anderen Duscharmaturen aus Messing kombinieren, um ein einheitliches Erscheinungsbild im Bad zu gew\u00e4hrleisten.<\/p>\n<p data-start=\"1224\" data-end=\"1243\"><strong data-start=\"1224\" data-end=\"1241\">Hauptmerkmale:<\/strong><\/p>\n<ul data-start=\"1244\" data-end=\"1667\">\n<li data-start=\"1244\" data-end=\"1292\">\n<p data-start=\"1246\" data-end=\"1292\"><strong data-start=\"1246\" data-end=\"1255\">Typ:<\/strong> Runder Messing-Duscht\u00fcrknopf aus Glas<\/p>\n<\/li>\n<li data-start=\"1293\" data-end=\"1357\">\n<p data-start=\"1295\" data-end=\"1357\"><strong data-start=\"1295\" data-end=\"1308\">Material:<\/strong> Massives Messing f\u00fcr Haltbarkeit und Rostbest\u00e4ndigkeit<\/p>\n<\/li>\n<li data-start=\"1358\" data-end=\"1389\">\n<p data-start=\"1360\" data-end=\"1389\"><strong data-start=\"1360\" data-end=\"1369\">Gr\u00f6\u00dfe:<\/strong> \u03a630 \u00d7 22 \u00d7 \u03a619 mm<\/p>\n<\/li>\n<li data-start=\"1390\" data-end=\"1442\">\n<p data-start=\"1392\" data-end=\"1442\"><strong data-start=\"1392\" data-end=\"1416\">Glaskompatibilit\u00e4t:<\/strong> Geeignet f\u00fcr 6-12 mm dickes Glas<\/p>\n<\/li>\n<li data-start=\"1443\" data-end=\"1507\">\n<p data-start=\"1445\" data-end=\"1507\"><strong data-start=\"1445\" data-end=\"1456\">Entwurf:<\/strong> Bequeme runde Form mit klarem, modernem Look<\/p>\n<\/li>\n<li data-start=\"1508\" data-end=\"1578\">\n<p data-start=\"1510\" data-end=\"1578\"><strong data-start=\"1510\" data-end=\"1529\">Ausf\u00fchrungsoptionen:<\/strong> Chrom poliert, Gold poliert, Nickel geb\u00fcrstet<\/p>\n<\/li>\n<li data-start=\"1579\" data-end=\"1667\">\n<p data-start=\"1581\" data-end=\"1667\"><strong data-start=\"1581\" data-end=\"1598\">Anwendungen:<\/strong> Rahmenlose Duschabtrennungen f\u00fcr Wohn-, Hotel- und Wellnessprojekte<\/p>\n<\/li>\n<\/ul>\n<p data-start=\"1669\" data-end=\"1690\"><strong data-start=\"1669\" data-end=\"1688\">Spezifikationen:<\/strong><\/p>\n<ul data-start=\"1691\" data-end=\"1909\">\n<li data-start=\"1691\" data-end=\"1714\">\n<p data-start=\"1693\" data-end=\"1714\"><strong data-start=\"1693\" data-end=\"1703\">Modell:<\/strong> SGH-K11K<\/p>\n<\/li>\n<li data-start=\"1715\" data-end=\"1751\">\n<p data-start=\"1717\" data-end=\"1751\"><strong data-start=\"1717\" data-end=\"1726\">Typ:<\/strong> Runder Duscht\u00fcrknopf<\/p>\n<\/li>\n<li data-start=\"1752\" data-end=\"1775\">\n<p data-start=\"1754\" data-end=\"1775\"><strong data-start=\"1754\" data-end=\"1767\">Material:<\/strong> Messing<\/p>\n<\/li>\n<li data-start=\"1776\" data-end=\"1807\">\n<p data-start=\"1778\" data-end=\"1807\"><strong data-start=\"1778\" data-end=\"1787\">Gr\u00f6\u00dfe:<\/strong> \u03a630 \u00d7 22 \u00d7 \u03a619 mm<\/p>\n<\/li>\n<li data-start=\"1808\" data-end=\"1844\">\n<p data-start=\"1810\" data-end=\"1844\"><strong data-start=\"1810\" data-end=\"1835\">Passt zur Glasdicke:<\/strong> 6-12mm<\/p>\n<\/li>\n<li data-start=\"1845\" data-end=\"1909\">\n<p data-start=\"1847\" data-end=\"1909\"><strong data-start=\"1847\" data-end=\"1860\">Ausf\u00fchrungen:<\/strong> Chrom poliert, Gold poliert, Nickel geb\u00fcrstet<\/p>\n<\/li>\n<\/ul>\n<h2 id=\"tablepress-1-name\" class=\"tablepress-table-name tablepress-table-name-id-1\">Messing Glas Dusche T\u00fcrkn\u00f6pfe K11 Serie<\/h2>\n\n<table id=\"tablepress-1\" class=\"tablepress tablepress-id-1\" aria-labelledby=\"tablepress-1-name\">\n<thead>\n<tr class=\"row-1\">\n\t<th class=\"column-1\"><strong>Modell<\/strong><\/th><th class=\"column-2\"><strong>Bild<\/strong><\/th><th class=\"column-3\"><strong>Gr\u00f6\u00dfe (mm)<\/strong><\/th><th class=\"column-4\"><strong>Form<\/strong><\/th><th class=\"column-5\"><strong>Material<\/strong><\/th><th class=\"column-6\"><strong>Struktur<\/strong><\/th><th class=\"column-7\"><strong>Glasdicke<\/strong><\/th><th class=\"column-8\"><strong>Beendet<\/strong><\/th>\n<\/tr>\n<\/thead>\n<tbody class=\"row-striping row-hover\">\n<tr class=\"row-2\">\n\t<td class=\"column-1\"><a href=\"https:\/\/showerglasshardware.com\/de-de\/product\/brass-glass-shower-door-knobs-sgh-k11b\/\">K11B<\/a><\/td><td class=\"column-2\"><a href=\"https:\/\/showerglasshardware.com\/wp-content\/uploads\/2024\/04\/Brass-Glass-Shower-Door-Knobs-SGH-K11B.png\"><img decoding=\"async\" src=\"https:\/\/showerglasshardware.com\/wp-content\/uploads\/2024\/04\/Brass-Glass-Shower-Door-Knobs-SGH-K11B-300x300.png\" alt=\"Gegenl\u00e4ufige Messing-Duscht\u00fcrkn\u00f6pfe, Gr\u00f6\u00dfe \u03a630 \u00d7 25 mm. Passend f\u00fcr 6-12 mm Glas, erh\u00e4ltlich in den Oberfl\u00e4chen Chrom, Poliertes Gold und Geb\u00fcrstetes Nickel.\" width=\"60\" height=\"60\" class=\"alignnone size-medium wp-image-4732\" title=\"\" srcset=\"https:\/\/showerglasshardware.com\/wp-content\/uploads\/2024\/04\/Brass-Glass-Shower-Door-Knobs-SGH-K11B-300x300.png 300w, https:\/\/showerglasshardware.com\/wp-content\/uploads\/2024\/04\/Brass-Glass-Shower-Door-Knobs-SGH-K11B-150x150.png 150w, https:\/\/showerglasshardware.com\/wp-content\/uploads\/2024\/04\/Brass-Glass-Shower-Door-Knobs-SGH-K11B-768x768.png 768w, https:\/\/showerglasshardware.com\/wp-content\/uploads\/2024\/04\/Brass-Glass-Shower-Door-Knobs-SGH-K11B-12x12.png 12w, https:\/\/showerglasshardware.com\/wp-content\/uploads\/2024\/04\/Brass-Glass-Shower-Door-Knobs-SGH-K11B-600x600.png 600w, https:\/\/showerglasshardware.com\/wp-content\/uploads\/2024\/04\/Brass-Glass-Shower-Door-Knobs-SGH-K11B-100x100.png 100w, https:\/\/showerglasshardware.com\/wp-content\/uploads\/2024\/04\/Brass-Glass-Shower-Door-Knobs-SGH-K11B.png 800w\" sizes=\"(max-width: 60px) 100vw, 60px\" \/><\/a><\/td><td class=\"column-3\">\u03a630 \u00d7 25<\/td><td class=\"column-4\">Rund<\/td><td class=\"column-5\">Messing<\/td><td class=\"column-6\">R\u00fccken an R\u00fccken<\/td><td class=\"column-7\">6-12mm<\/td><td class=\"column-8\">Mattschwarz oder andere<\/td>\n<\/tr>\n<tr class=\"row-3\">\n\t<td class=\"column-1\"><a href=\"https:\/\/showerglasshardware.com\/de-de\/product\/brass-glass-shower-door-knob-sgh-k11f\/\">K11F<\/a><\/td><td class=\"column-2\"><a href=\"https:\/\/showerglasshardware.com\/wp-content\/uploads\/2024\/04\/Brass-Glass-Shower-Door-Knob-K11F.png\"><img decoding=\"async\" src=\"https:\/\/showerglasshardware.com\/wp-content\/uploads\/2024\/04\/Brass-Glass-Shower-Door-Knob-K11F-300x300.png\" alt=\"Gro\u00dfer Messing-Duscht\u00fcrknopf mit R\u00fcckenlehne, Gr\u00f6\u00dfe \u03a647 \u00d7 42 mm. Passend f\u00fcr 6-12 mm Glas, erh\u00e4ltlich in den Ausf\u00fchrungen Chrom, Gold poliert und Nickel geb\u00fcrstet.\" width=\"60\" height=\"60\" class=\"alignnone size-medium wp-image-4734\" title=\"\" srcset=\"https:\/\/showerglasshardware.com\/wp-content\/uploads\/2024\/04\/Brass-Glass-Shower-Door-Knob-K11F-300x300.png 300w, https:\/\/showerglasshardware.com\/wp-content\/uploads\/2024\/04\/Brass-Glass-Shower-Door-Knob-K11F-150x150.png 150w, https:\/\/showerglasshardware.com\/wp-content\/uploads\/2024\/04\/Brass-Glass-Shower-Door-Knob-K11F-768x768.png 768w, https:\/\/showerglasshardware.com\/wp-content\/uploads\/2024\/04\/Brass-Glass-Shower-Door-Knob-K11F-12x12.png 12w, https:\/\/showerglasshardware.com\/wp-content\/uploads\/2024\/04\/Brass-Glass-Shower-Door-Knob-K11F-600x600.png 600w, https:\/\/showerglasshardware.com\/wp-content\/uploads\/2024\/04\/Brass-Glass-Shower-Door-Knob-K11F-100x100.png 100w, https:\/\/showerglasshardware.com\/wp-content\/uploads\/2024\/04\/Brass-Glass-Shower-Door-Knob-K11F.png 800w\" sizes=\"(max-width: 60px) 100vw, 60px\" \/><\/a><\/td><td class=\"column-3\">\u03a647 \u00d7 42<\/td><td class=\"column-4\">Rund<\/td><td class=\"column-5\">Messing<\/td><td class=\"column-6\">R\u00fccken an R\u00fccken<\/td><td class=\"column-7\">6-12mm<\/td><td class=\"column-8\">Mattschwarz oder andere<\/td>\n<\/tr>\n<tr class=\"row-4\">\n\t<td class=\"column-1\"><a href=\"https:\/\/showerglasshardware.com\/de-de\/product\/retro-brass-glass-shower-door-knobs-sgh-k11c\/\">K11C<\/a><\/td><td class=\"column-2\"><a href=\"https:\/\/showerglasshardware.com\/wp-content\/uploads\/2024\/04\/Retro-Brass-Glass-Shower-Door-Knobs-SGH-K11C.png\"><img decoding=\"async\" src=\"https:\/\/showerglasshardware.com\/wp-content\/uploads\/2024\/04\/Retro-Brass-Glass-Shower-Door-Knobs-SGH-K11C-300x300.png\" alt=\"SGH-K11C Retro-Messing-Duscht\u00fcrkn\u00f6pfe. R\u00fccken-an-R\u00fccken-Design, \u03a630 \u00d7 26 mm, passend f\u00fcr 6-12 mm Glas. Erh\u00e4ltlich in den Ausf\u00fchrungen Chrom, Gold und geb\u00fcrstetem Nickel.\" width=\"60\" height=\"60\" class=\"alignnone size-medium wp-image-4743\" title=\"\" srcset=\"https:\/\/showerglasshardware.com\/wp-content\/uploads\/2024\/04\/Retro-Brass-Glass-Shower-Door-Knobs-SGH-K11C-300x300.png 300w, https:\/\/showerglasshardware.com\/wp-content\/uploads\/2024\/04\/Retro-Brass-Glass-Shower-Door-Knobs-SGH-K11C-150x150.png 150w, https:\/\/showerglasshardware.com\/wp-content\/uploads\/2024\/04\/Retro-Brass-Glass-Shower-Door-Knobs-SGH-K11C-768x768.png 768w, https:\/\/showerglasshardware.com\/wp-content\/uploads\/2024\/04\/Retro-Brass-Glass-Shower-Door-Knobs-SGH-K11C-12x12.png 12w, https:\/\/showerglasshardware.com\/wp-content\/uploads\/2024\/04\/Retro-Brass-Glass-Shower-Door-Knobs-SGH-K11C-600x600.png 600w, https:\/\/showerglasshardware.com\/wp-content\/uploads\/2024\/04\/Retro-Brass-Glass-Shower-Door-Knobs-SGH-K11C-100x100.png 100w, https:\/\/showerglasshardware.com\/wp-content\/uploads\/2024\/04\/Retro-Brass-Glass-Shower-Door-Knobs-SGH-K11C.png 1024w\" sizes=\"(max-width: 60px) 100vw, 60px\" \/><\/a><\/td><td class=\"column-3\">\u03a630 \u00d7 26<\/td><td class=\"column-4\">Rund<\/td><td class=\"column-5\">Messing<\/td><td class=\"column-6\">R\u00fccken an R\u00fccken<\/td><td class=\"column-7\">6-12mm<\/td><td class=\"column-8\">Mattschwarz oder andere<\/td>\n<\/tr>\n<tr class=\"row-5\">\n\t<td class=\"column-1\"><a href=\"https:\/\/showerglasshardware.com\/de-de\/product\/round-brass-glass-shower-door-knob-sgh-k11k\/\">K11K<\/a><\/td><td class=\"column-2\"><a href=\"https:\/\/showerglasshardware.com\/wp-content\/uploads\/2024\/04\/Round-Brass-Glass-Shower-Door-Knob-SGH-K11K.png\"><img loading=\"lazy\" decoding=\"async\" src=\"https:\/\/showerglasshardware.com\/wp-content\/uploads\/2024\/04\/Round-Brass-Glass-Shower-Door-Knob-SGH-K11K-300x300.png\" alt=\"SGH-K11K runder Messing-Duscht\u00fcrknopf aus Glas. Kompaktes Design, \u03a630 \u00d7 22 \u00d7 \u03a619 mm, passend f\u00fcr 6-12 mm Glas. Erh\u00e4ltlich in den Oberfl\u00e4chen Chrom, Gold und geb\u00fcrstetem Nickel.\" width=\"60\" height=\"60\" class=\"alignnone size-medium wp-image-4752\" title=\"\" srcset=\"https:\/\/showerglasshardware.com\/wp-content\/uploads\/2024\/04\/Round-Brass-Glass-Shower-Door-Knob-SGH-K11K-300x300.png 300w, https:\/\/showerglasshardware.com\/wp-content\/uploads\/2024\/04\/Round-Brass-Glass-Shower-Door-Knob-SGH-K11K-150x150.png 150w, https:\/\/showerglasshardware.com\/wp-content\/uploads\/2024\/04\/Round-Brass-Glass-Shower-Door-Knob-SGH-K11K-768x768.png 768w, https:\/\/showerglasshardware.com\/wp-content\/uploads\/2024\/04\/Round-Brass-Glass-Shower-Door-Knob-SGH-K11K-12x12.png 12w, https:\/\/showerglasshardware.com\/wp-content\/uploads\/2024\/04\/Round-Brass-Glass-Shower-Door-Knob-SGH-K11K-600x600.png 600w, https:\/\/showerglasshardware.com\/wp-content\/uploads\/2024\/04\/Round-Brass-Glass-Shower-Door-Knob-SGH-K11K-100x100.png 100w, https:\/\/showerglasshardware.com\/wp-content\/uploads\/2024\/04\/Round-Brass-Glass-Shower-Door-Knob-SGH-K11K.png 1024w\" sizes=\"(max-width: 60px) 100vw, 60px\" \/><\/a><\/td><td class=\"column-3\">\u03a630 \u00d7 22<\/td><td class=\"column-4\">Rund<\/td><td class=\"column-5\">Messing<\/td><td class=\"column-6\">Einseitig<\/td><td class=\"column-7\">6-12mm<\/td><td class=\"column-8\">Mattschwarz oder andere<\/td>\n<\/tr>\n<\/tbody>\n<\/table>\n<!-- #tablepress-1 from cache -->","protected":false},"excerpt":{"rendered":"<ul>\n<li>SGH-K11K<\/li>\n<li>\u03a630 \u00d7 22 \u00d7 \u03a619 mm<\/li>\n<li>Messing<\/li>\n<li>Glasst\u00e4rke: 6\u201312 mm;<\/li>\n<li>Oberfl\u00e4che: Chrom poliert; Poliertes Gold; Geb\u00fcrstetes Nickel<\/li>\n<\/ul>\n<p><!-- notionvc: 9788d432-087f-4fa0-88dc-86333bad9bb6 --><\/p>","protected":false},"featured_media":4752,"comment_status":"open","ping_status":"closed","template":"","meta":{"_acf_changed":false},"product_brand":[],"product_cat":[26,112],"product_tag":[],"class_list":{"0":"post-1202","1":"product","2":"type-product","3":"status-publish","4":"has-post-thumbnail","6":"product_cat-shower-door-knobs","7":"product_cat-single-sided-knobs","8":"pa_finish-brushed-nickel","9":"pa_finish-chrome","10":"pa_finish-gold","11":"pa_finish-gun-metal","12":"pa_finish-black","13":"pa_glass-thickness-1-2-inch-12mm","14":"pa_glass-thickness-1-4-inch-6mm","15":"pa_glass-thickness-3-8-inch-10mm","16":"pa_glass-thickness-5-16-inch-8mm","17":"pa_material-brass","19":"first","20":"instock","21":"sale","22":"purchasable","23":"product-type-variable"},"acf":[],"_links":{"self":[{"href":"https:\/\/showerglasshardware.com\/de-de\/wp-json\/wp\/v2\/product\/1202","targetHints":{"allow":["GET"]}}],"collection":[{"href":"https:\/\/showerglasshardware.com\/de-de\/wp-json\/wp\/v2\/product"}],"about":[{"href":"https:\/\/showerglasshardware.com\/de-de\/wp-json\/wp\/v2\/types\/product"}],"replies":[{"embeddable":true,"href":"https:\/\/showerglasshardware.com\/de-de\/wp-json\/wp\/v2\/comments?post=1202"}],"version-history":[{"count":4,"href":"https:\/\/showerglasshardware.com\/de-de\/wp-json\/wp\/v2\/product\/1202\/revisions"}],"predecessor-version":[{"id":4759,"href":"https:\/\/showerglasshardware.com\/de-de\/wp-json\/wp\/v2\/product\/1202\/revisions\/4759"}],"wp:featuredmedia":[{"embeddable":true,"href":"https:\/\/showerglasshardware.com\/de-de\/wp-json\/wp\/v2\/media\/4752"}],"wp:attachment":[{"href":"https:\/\/showerglasshardware.com\/de-de\/wp-json\/wp\/v2\/media?parent=1202"}],"wp:term":[{"taxonomy":"product_brand","embeddable":true,"href":"https:\/\/showerglasshardware.com\/de-de\/wp-json\/wp\/v2\/product_brand?post=1202"},{"taxonomy":"product_cat","embeddable":true,"href":"https:\/\/showerglasshardware.com\/de-de\/wp-json\/wp\/v2\/product_cat?post=1202"},{"taxonomy":"product_tag","embeddable":true,"href":"https:\/\/showerglasshardware.com\/de-de\/wp-json\/wp\/v2\/product_tag?post=1202"}],"curies":[{"name":"wp","href":"https:\/\/api.w.org\/{rel}","templated":true}]}}