{"id":1215,"date":"2024-04-26T06:19:03","date_gmt":"2024-04-26T06:19:03","guid":{"rendered":"https:\/\/showerglasshardware.com\/?post_type=product&#038;p=1215"},"modified":"2024-07-06T02:35:01","modified_gmt":"2024-07-06T02:35:01","slug":"12-tubular-back-to-back-pull-handle-sgh-th330","status":"publish","type":"product","link":"https:\/\/showerglasshardware.com\/de-de\/product\/12-tubular-back-to-back-pull-handle-sgh-th330\/","title":{"rendered":"12\u2033 Rohrf\u00f6rmiger R\u00fccken-an-R\u00fccken-Zuggriff SGH-TH330"},"content":{"rendered":"<p>Werten Sie Ihre Dusch- oder Glast\u00fcr mit dem 12-Zoll-Rohrgriff SGH-TH330 auf. Dieser aus hochwertigem 304-Edelstahl gefertigte Griff verleiht Ihrem Badezimmer Haltbarkeit und Stil.<\/p>\n<p>Mit einer Griffl\u00e4nge von 330 mm (13 Zoll) und einem Rundrohrdurchmesser von \u03a625 bietet dieser Zuggriff einen bequemen Griff und ein elegantes Aussehen. Er ist f\u00fcr Glasdicken von 6 mm bis 20 mm (0,24\u2033 \u2013 0,79\u2033) geeignet und bietet Vielseitigkeit bei der Installation.<\/p>\n<p>Dieser Zuggriff ist in den Ausf\u00fchrungen Chrom poliert, Gold poliert und Mattschwarz erh\u00e4ltlich und passt zu zahlreichen Badezimmerstilen und -dekoren.<\/p>\n<p>Verbessern Sie die Funktionalit\u00e4t und \u00c4sthetik Ihrer Dusche oder Glast\u00fcr mit dem 12-Zoll-Rohrgriff SGH-TH330, der Haltbarkeit, Stil und Komfort nahtlos vereint.<\/p>","protected":false},"excerpt":{"rendered":"<ul>\n<li>Material: 304 Edelstahl<\/li>\n<li>Griffl\u00e4nge: 330 mm \/ 13 Zoll<\/li>\n<li>Rundrohrdurchmesser: \u03a625<\/li>\n<li>Glasdicke: 6-20mm \/ 0,24\u2033 \u2013 0,79\u2033<\/li>\n<\/ul>","protected":false},"featured_media":1216,"comment_status":"open","ping_status":"closed","template":"","meta":{"_acf_changed":false},"product_brand":[],"product_cat":[27],"product_tag":[],"class_list":{"0":"post-1215","1":"product","2":"type-product","3":"status-publish","4":"has-post-thumbnail","6":"product_cat-shower-door-handles","7":"pa_glass-thickness-6-20mm-0-24-0-79","8":"pa_material-304-stainless-steel","10":"first","11":"instock","12":"sale","13":"purchasable","14":"product-type-simple"},"acf":[],"_links":{"self":[{"href":"https:\/\/showerglasshardware.com\/de-de\/wp-json\/wp\/v2\/product\/1215","targetHints":{"allow":["GET"]}}],"collection":[{"href":"https:\/\/showerglasshardware.com\/de-de\/wp-json\/wp\/v2\/product"}],"about":[{"href":"https:\/\/showerglasshardware.com\/de-de\/wp-json\/wp\/v2\/types\/product"}],"replies":[{"embeddable":true,"href":"https:\/\/showerglasshardware.com\/de-de\/wp-json\/wp\/v2\/comments?post=1215"}],"version-history":[{"count":0,"href":"https:\/\/showerglasshardware.com\/de-de\/wp-json\/wp\/v2\/product\/1215\/revisions"}],"wp:featuredmedia":[{"embeddable":true,"href":"https:\/\/showerglasshardware.com\/de-de\/wp-json\/wp\/v2\/media\/1216"}],"wp:attachment":[{"href":"https:\/\/showerglasshardware.com\/de-de\/wp-json\/wp\/v2\/media?parent=1215"}],"wp:term":[{"taxonomy":"product_brand","embeddable":true,"href":"https:\/\/showerglasshardware.com\/de-de\/wp-json\/wp\/v2\/product_brand?post=1215"},{"taxonomy":"product_cat","embeddable":true,"href":"https:\/\/showerglasshardware.com\/de-de\/wp-json\/wp\/v2\/product_cat?post=1215"},{"taxonomy":"product_tag","embeddable":true,"href":"https:\/\/showerglasshardware.com\/de-de\/wp-json\/wp\/v2\/product_tag?post=1215"}],"curies":[{"name":"wp","href":"https:\/\/api.w.org\/{rel}","templated":true}]}}