{"id":1287,"date":"2024-04-30T06:37:13","date_gmt":"2024-04-30T06:37:13","guid":{"rendered":"https:\/\/showerglasshardware.com\/?post_type=product&#038;p=1287"},"modified":"2024-12-17T09:43:17","modified_gmt":"2024-12-17T09:43:17","slug":"minimalist-towel-bar-pull-combos-19mm-round-tube-sgh-tb802","status":"publish","type":"product","link":"https:\/\/showerglasshardware.com\/de-de\/product\/minimalist-towel-bar-pull-combos-19mm-round-tube-sgh-tb802\/","title":{"rendered":"Minimalistische Handtuchhalter-Zugkombinationen \u03a619mm Rundrohr SGH-TB802"},"content":{"rendered":"<p>Werten Sie Ihr Badezimmer mit den minimalistischen Handtuchhalter-Zugkombinationen mit 19 mm Rundrohr SGH-TB502 auf. Diese Kombinationen sind aus hochwertigem 304 Edelstahl gefertigt und bieten sowohl Funktionalit\u00e4t als auch Stil.<\/p>\n<p>Jede Kombination verf\u00fcgt \u00fcber einen Handtuchhalter und einen Zuggriff und sorgt so f\u00fcr Komfort und Vielseitigkeit in Ihrem Badezimmer. Mit einer Griffl\u00e4nge von 476 mm (18,74 Zoll) und einem Rundrohrdurchmesser von \u03a619 bieten diese Kombinationen reichlich Platz zum Aufh\u00e4ngen von Handt\u00fcchern und bequemen Griff zum \u00d6ffnen von T\u00fcren.<\/p>\n<p>Diese Kombinationen sind f\u00fcr Glasst\u00e4rken von 6 mm bis 12 mm (0,24\u20130,47 Zoll) geeignet und bieten vielseitige Installationsm\u00f6glichkeiten. W\u00e4hlen Sie die Ausf\u00fchrungen Chrom poliert, Gold poliert oder Mattschwarz passend zur \u00c4sthetik Ihres Badezimmers.<\/p>\n<p>Verbessern Sie die Funktionalit\u00e4t und den Stil Ihres Badezimmers mit der minimalistischen Handtuchhalter-Zugkombination mit 19\u00a0mm Rundrohr SGH-TB502, die minimalistisches Design mit maximalem Nutzen kombiniert.<\/p>","protected":false},"excerpt":{"rendered":"<ul>\n<li>Material: 304 Edelstahl<\/li>\n<li>Griffl\u00e4nge: 476 mm \/ 18,74 Zoll<\/li>\n<li>Rundrohrdurchmesser: \u03a619<\/li>\n<li>Glasdicke: 6\u201312 mm, 0,24\u2033\u20130,47\u201d<\/li>\n<li>Finish: Chrom poliert, Gold poliert, Mattschwarz<\/li>\n<li>Handtuchhalter-Zugkombinationen<\/li>\n<\/ul>\n<p><!-- notionvc: aa345444-0a0b-46bc-8647-3d4846eefaca --><\/p>","protected":false},"featured_media":1288,"comment_status":"open","ping_status":"closed","template":"","meta":{"_acf_changed":false},"product_brand":[],"product_cat":[46],"product_tag":[],"class_list":{"0":"post-1287","1":"product","2":"type-product","3":"status-publish","4":"has-post-thumbnail","6":"product_cat-shower-towel-bars","7":"pa_finish-chrome","8":"pa_finish-gold","9":"pa_finish-black","10":"pa_glass-thickness-6-12mm","11":"pa_material-304-stainless-steel","13":"first","14":"instock","15":"product-type-simple"},"acf":[],"_links":{"self":[{"href":"https:\/\/showerglasshardware.com\/de-de\/wp-json\/wp\/v2\/product\/1287","targetHints":{"allow":["GET"]}}],"collection":[{"href":"https:\/\/showerglasshardware.com\/de-de\/wp-json\/wp\/v2\/product"}],"about":[{"href":"https:\/\/showerglasshardware.com\/de-de\/wp-json\/wp\/v2\/types\/product"}],"replies":[{"embeddable":true,"href":"https:\/\/showerglasshardware.com\/de-de\/wp-json\/wp\/v2\/comments?post=1287"}],"version-history":[{"count":1,"href":"https:\/\/showerglasshardware.com\/de-de\/wp-json\/wp\/v2\/product\/1287\/revisions"}],"predecessor-version":[{"id":4057,"href":"https:\/\/showerglasshardware.com\/de-de\/wp-json\/wp\/v2\/product\/1287\/revisions\/4057"}],"wp:featuredmedia":[{"embeddable":true,"href":"https:\/\/showerglasshardware.com\/de-de\/wp-json\/wp\/v2\/media\/1288"}],"wp:attachment":[{"href":"https:\/\/showerglasshardware.com\/de-de\/wp-json\/wp\/v2\/media?parent=1287"}],"wp:term":[{"taxonomy":"product_brand","embeddable":true,"href":"https:\/\/showerglasshardware.com\/de-de\/wp-json\/wp\/v2\/product_brand?post=1287"},{"taxonomy":"product_cat","embeddable":true,"href":"https:\/\/showerglasshardware.com\/de-de\/wp-json\/wp\/v2\/product_cat?post=1287"},{"taxonomy":"product_tag","embeddable":true,"href":"https:\/\/showerglasshardware.com\/de-de\/wp-json\/wp\/v2\/product_tag?post=1287"}],"curies":[{"name":"wp","href":"https:\/\/api.w.org\/{rel}","templated":true}]}}