{"id":1297,"date":"2024-04-30T06:52:29","date_gmt":"2024-04-30T06:52:29","guid":{"rendered":"https:\/\/showerglasshardware.com\/?post_type=product&#038;p=1297"},"modified":"2024-12-17T09:41:51","modified_gmt":"2024-12-17T09:41:51","slug":"modern-towel-bar-pull-combos-19x19mm-square-tube-sgh-tb805","status":"publish","type":"product","link":"https:\/\/showerglasshardware.com\/de-de\/product\/modern-towel-bar-pull-combos-19x19mm-square-tube-sgh-tb805\/","title":{"rendered":"Moderne Handtuchhalter-Zugkombinationen 19\u00d719mm Vierkantrohr SGH-TB805"},"content":{"rendered":"<p>Werten Sie Ihr Badezimmer mit den modernen Handtuchhalter-Zugkombinationen 19\u00d719 mm Vierkantrohr SGH-TB805 auf. Diese Kombinationen sind aus hochwertigem 304 Edelstahl gefertigt und bieten sowohl Funktionalit\u00e4t als auch modernen Stil.<\/p>\n<p>Jede Kombination verf\u00fcgt \u00fcber einen Handtuchhalter und einen Zuggriff und sorgt so f\u00fcr Komfort und Vielseitigkeit in Ihrem Badezimmer. Mit einer Griffl\u00e4nge von 469 mm (18,46 Zoll) und einem Vierkantrohrdurchmesser von 19 \u00d7 19 mm (3\/4 Zoll) bieten diese Kombinationen reichlich Platz zum Aufh\u00e4ngen von Handt\u00fcchern und ein modernes Aussehen.<\/p>\n<p>Diese Kombinationen sind f\u00fcr Glasst\u00e4rken von 6 mm bis 12 mm (0,24\u20130,47 Zoll) geeignet und bieten vielseitige Installationsm\u00f6glichkeiten. W\u00e4hlen Sie die Ausf\u00fchrungen Chrom poliert, Gold poliert oder Mattschwarz passend zur \u00c4sthetik Ihres Badezimmers.<\/p>\n<p>Verbessern Sie die Funktionalit\u00e4t und den Stil Ihres Badezimmers mit der modernen Handtuchhalter-Zugkombination aus 19 x 19\u00a0mm Vierkantrohr SGH-TB805, die modernes Design mit maximalem Nutzen verbindet.<\/p>","protected":false},"excerpt":{"rendered":"<ul>\n<li>Material: 304 Edelstahl<\/li>\n<li>Griffl\u00e4nge: 476 mm \/ 18,74 Zoll<\/li>\n<li>Rundrohrdurchmesser: 19\u00d719mm, 3\/4 Zoll<\/li>\n<li>Glasdicke: 6-12 mm \/ 0,24&quot;- 0,47&quot;<\/li>\n<li>Finish: Chrom poliert, Gold poliert, Mattschwarz<\/li>\n<\/ul>\n<p><!-- notionvc: aa345444-0a0b-46bc-8647-3d4846eefaca --><\/p>","protected":false},"featured_media":1298,"comment_status":"open","ping_status":"closed","template":"","meta":{"_acf_changed":false},"product_brand":[],"product_cat":[46],"product_tag":[],"class_list":{"0":"post-1297","1":"product","2":"type-product","3":"status-publish","4":"has-post-thumbnail","6":"product_cat-shower-towel-bars","7":"pa_finish-chrome","8":"pa_finish-gold","9":"pa_finish-black","10":"pa_glass-thickness-6-12mm","11":"pa_material-304-stainless-steel","13":"first","14":"instock","15":"taxable","16":"shipping-taxable","17":"product-type-simple"},"acf":[],"_links":{"self":[{"href":"https:\/\/showerglasshardware.com\/de-de\/wp-json\/wp\/v2\/product\/1297","targetHints":{"allow":["GET"]}}],"collection":[{"href":"https:\/\/showerglasshardware.com\/de-de\/wp-json\/wp\/v2\/product"}],"about":[{"href":"https:\/\/showerglasshardware.com\/de-de\/wp-json\/wp\/v2\/types\/product"}],"replies":[{"embeddable":true,"href":"https:\/\/showerglasshardware.com\/de-de\/wp-json\/wp\/v2\/comments?post=1297"}],"version-history":[{"count":1,"href":"https:\/\/showerglasshardware.com\/de-de\/wp-json\/wp\/v2\/product\/1297\/revisions"}],"predecessor-version":[{"id":4056,"href":"https:\/\/showerglasshardware.com\/de-de\/wp-json\/wp\/v2\/product\/1297\/revisions\/4056"}],"wp:featuredmedia":[{"embeddable":true,"href":"https:\/\/showerglasshardware.com\/de-de\/wp-json\/wp\/v2\/media\/1298"}],"wp:attachment":[{"href":"https:\/\/showerglasshardware.com\/de-de\/wp-json\/wp\/v2\/media?parent=1297"}],"wp:term":[{"taxonomy":"product_brand","embeddable":true,"href":"https:\/\/showerglasshardware.com\/de-de\/wp-json\/wp\/v2\/product_brand?post=1297"},{"taxonomy":"product_cat","embeddable":true,"href":"https:\/\/showerglasshardware.com\/de-de\/wp-json\/wp\/v2\/product_cat?post=1297"},{"taxonomy":"product_tag","embeddable":true,"href":"https:\/\/showerglasshardware.com\/de-de\/wp-json\/wp\/v2\/product_tag?post=1297"}],"curies":[{"name":"wp","href":"https:\/\/api.w.org\/{rel}","templated":true}]}}