{"id":1437,"date":"2024-05-06T06:29:50","date_gmt":"2024-05-06T06:29:50","guid":{"rendered":"https:\/\/showerglasshardware.com\/?post_type=product&#038;p=1437"},"modified":"2024-07-06T02:20:18","modified_gmt":"2024-07-06T02:20:18","slug":"16-7-tubular-back-to-back-ladder-pull-handle-sgh-th425","status":"publish","type":"product","link":"https:\/\/showerglasshardware.com\/de-de\/product\/16-7-tubular-back-to-back-ladder-pull-handle-sgh-th425\/","title":{"rendered":"16,7\u2033 r\u00f6hrenf\u00f6rmiger R\u00fccken-an-R\u00fccken-Leiter-Zuggriff SGH-TH425"},"content":{"rendered":"<p>Werten Sie Ihre Dusch- oder Glast\u00fcr mit dem 16,7 Zoll langen, r\u00f6hrenf\u00f6rmigen, R\u00fccken-an-R\u00fccken-Leitergriff SGH-TH425 auf. Dieser aus hochwertigem 304 Edelstahl gefertigte Griff verleiht Ihrem Badezimmer Haltbarkeit und Stil.<\/p>\n<p>Mit einer Griffl\u00e4nge von 425 mm (16,7 Zoll) und einem Rundrohrdurchmesser von \u03a625 bietet dieser Zuggriff einen bequemen Griff und ein elegantes Erscheinungsbild. Er ist f\u00fcr Glasdicken von 6 mm bis 12 mm (0,24\u2033 \u2013 0,47\u2033) geeignet und somit vielseitig f\u00fcr verschiedene Anwendungen einsetzbar.<\/p>\n<p>W\u00e4hlen Sie zwischen den Ausf\u00fchrungen \u201ePoliertes Chrom\u201c, \u201ePoliertes Gold\u201c oder \u201eMattschwarz\u201c, passend zur \u00c4sthetik und Einrichtung Ihres Badezimmers.<\/p>\n<p>Werten Sie Ihr Badezimmer mit dem 16,7 Zoll langen, r\u00f6hrenf\u00f6rmigen, R\u00fccken-an-R\u00fccken-Leitergriff SGH-TH425 auf, der Haltbarkeit, Stil und Funktionalit\u00e4t nahtlos vereint.<\/p>","protected":false},"excerpt":{"rendered":"<ul>\n<li>Material: 304 Edelstahl<\/li>\n<li>Griffl\u00e4nge: 425 mm \/ 16,7 Zoll<\/li>\n<li>Rundrohrdurchmesser: \u03a625<\/li>\n<li>Glasdicke: 6-12mm \/ 0,24\u2033 \u2013 0,47\u201d<\/li>\n<li>Finish: Chrom poliert, Gold poliert, Mattschwarz<\/li>\n<\/ul>","protected":false},"featured_media":1438,"comment_status":"open","ping_status":"closed","template":"","meta":{"_acf_changed":false},"product_brand":[],"product_cat":[27],"product_tag":[],"class_list":{"0":"post-1437","1":"product","2":"type-product","3":"status-publish","4":"has-post-thumbnail","6":"product_cat-shower-door-handles","7":"pa_glass-thickness-6-20mm-0-24-0-79","8":"pa_material-304-stainless-steel","10":"first","11":"instock","12":"sale","13":"purchasable","14":"product-type-simple"},"acf":[],"_links":{"self":[{"href":"https:\/\/showerglasshardware.com\/de-de\/wp-json\/wp\/v2\/product\/1437","targetHints":{"allow":["GET"]}}],"collection":[{"href":"https:\/\/showerglasshardware.com\/de-de\/wp-json\/wp\/v2\/product"}],"about":[{"href":"https:\/\/showerglasshardware.com\/de-de\/wp-json\/wp\/v2\/types\/product"}],"replies":[{"embeddable":true,"href":"https:\/\/showerglasshardware.com\/de-de\/wp-json\/wp\/v2\/comments?post=1437"}],"version-history":[{"count":0,"href":"https:\/\/showerglasshardware.com\/de-de\/wp-json\/wp\/v2\/product\/1437\/revisions"}],"wp:featuredmedia":[{"embeddable":true,"href":"https:\/\/showerglasshardware.com\/de-de\/wp-json\/wp\/v2\/media\/1438"}],"wp:attachment":[{"href":"https:\/\/showerglasshardware.com\/de-de\/wp-json\/wp\/v2\/media?parent=1437"}],"wp:term":[{"taxonomy":"product_brand","embeddable":true,"href":"https:\/\/showerglasshardware.com\/de-de\/wp-json\/wp\/v2\/product_brand?post=1437"},{"taxonomy":"product_cat","embeddable":true,"href":"https:\/\/showerglasshardware.com\/de-de\/wp-json\/wp\/v2\/product_cat?post=1437"},{"taxonomy":"product_tag","embeddable":true,"href":"https:\/\/showerglasshardware.com\/de-de\/wp-json\/wp\/v2\/product_tag?post=1437"}],"curies":[{"name":"wp","href":"https:\/\/api.w.org\/{rel}","templated":true}]}}