{"id":1486,"date":"2024-05-09T02:56:10","date_gmt":"2024-05-09T02:56:10","guid":{"rendered":"https:\/\/showerglasshardware.com\/?post_type=product&#038;p=1486"},"modified":"2025-11-21T06:56:49","modified_gmt":"2025-11-21T06:56:49","slug":"shower-door-hinges-180-degree-glass-to-glass-sgh-a204","status":"publish","type":"product","link":"https:\/\/showerglasshardware.com\/de-de\/product\/shower-door-hinges-180-degree-glass-to-glass-sgh-a204\/","title":{"rendered":"Duscht\u00fcrscharniere 180 Grad Glas auf Glas | Messing | 180\u00b0 SGH-A204"},"content":{"rendered":"<p data-start=\"475\" data-end=\"644\">Die 180\u00b0 Glas-Glas-Duscht\u00fcrscharniere SGH-A204 wurden f\u00fcr hochwertige rahmenlose Duschkabinen entwickelt und vereinen Langlebigkeit, Pr\u00e4zision und ein elegantes Aussehen.<\/p>\n<p data-start=\"646\" data-end=\"938\">Diese Scharniere sind aus massivem Messing gefertigt und bieten eine hohe Festigkeit und Korrosionsbest\u00e4ndigkeit. Sie sind mit 6-10 mm dickem Glas kompatibel und k\u00f6nnen bis zu 45 kg pro zwei Scharniere tragen. Der selbstschlie\u00dfende Mechanismus bei ca. 30\u00b0 verbessert die Wasserkontrolle und erh\u00f6ht den Benutzerkomfort.<\/p>\n<p data-start=\"940\" data-end=\"1222\">Ein verstellbarer Scharnierwinkel erm\u00f6glicht eine pr\u00e4zise Montage, w\u00e4hrend Federkugelabdeckkappen die Schrauben verdecken und so f\u00fcr ein sauberes und modernes Aussehen sorgen. Erh\u00e4ltlich in den Ausf\u00fchrungen Chrom poliert, Gold poliert, Nickel geb\u00fcrstet, Gun Metal und Schwarz matt, um verschiedene Baddesigns zu erg\u00e4nzen.<\/p>\n<p data-start=\"1224\" data-end=\"1243\"><strong data-start=\"1224\" data-end=\"1241\">Hauptmerkmale:<\/strong><\/p>\n<ul data-start=\"1244\" data-end=\"1721\">\n<li data-start=\"1244\" data-end=\"1313\">\n<p data-start=\"1246\" data-end=\"1313\"><strong data-start=\"1246\" data-end=\"1259\">Material:<\/strong> Massives Messing f\u00fcr Langlebigkeit und Korrosionsbest\u00e4ndigkeit<\/p>\n<\/li>\n<li data-start=\"1314\" data-end=\"1377\">\n<p data-start=\"1316\" data-end=\"1377\"><strong data-start=\"1316\" data-end=\"1327\">Entwurf:<\/strong> 180\u00b0 Glas-Glas-Scharnier mit einstellbarem Winkel<\/p>\n<\/li>\n<li data-start=\"1378\" data-end=\"1433\">\n<p data-start=\"1380\" data-end=\"1433\"><strong data-start=\"1380\" data-end=\"1397\">Selbstschlie\u00dfend:<\/strong> Schlie\u00dft sich automatisch bei etwa 30\u00b0<\/p>\n<\/li>\n<li data-start=\"1434\" data-end=\"1485\">\n<p data-start=\"1436\" data-end=\"1485\"><strong data-start=\"1436\" data-end=\"1454\">Tragf\u00e4higkeit:<\/strong> Tragf\u00e4higkeit 45 kg pro zwei Scharniere<\/p>\n<\/li>\n<li data-start=\"1486\" data-end=\"1538\">\n<p data-start=\"1488\" data-end=\"1538\"><strong data-start=\"1488\" data-end=\"1512\">Glaskompatibilit\u00e4t:<\/strong> Geeignet f\u00fcr 6-10 mm dickes Glas<\/p>\n<\/li>\n<li data-start=\"1539\" data-end=\"1633\">\n<p data-start=\"1541\" data-end=\"1633\"><strong data-start=\"1541\" data-end=\"1560\">Ausf\u00fchrungsoptionen:<\/strong> Chrom poliert, Gold poliert, Nickel geb\u00fcrstet, Gun Metal, Schwarz matt<\/p>\n<\/li>\n<li data-start=\"1634\" data-end=\"1721\">\n<p data-start=\"1636\" data-end=\"1721\"><strong data-start=\"1636\" data-end=\"1653\">Anwendungen:<\/strong> Rahmenlose Duscht\u00fcren aus Glas in Wohn- und Gesch\u00e4ftsr\u00e4umen<\/p>\n<\/li>\n<\/ul>\n<p data-start=\"1723\" data-end=\"1744\"><strong data-start=\"1723\" data-end=\"1742\">Spezifikationen:<\/strong><\/p>\n<ul data-start=\"1745\" data-end=\"2108\">\n<li data-start=\"1745\" data-end=\"1768\">\n<p data-start=\"1747\" data-end=\"1768\"><strong data-start=\"1747\" data-end=\"1757\">Modell:<\/strong> SGH-A204<\/p>\n<\/li>\n<li data-start=\"1769\" data-end=\"1820\">\n<p data-start=\"1771\" data-end=\"1820\"><strong data-start=\"1771\" data-end=\"1780\">Typ:<\/strong> 180\u00b0 Glas-Glas-Duscht\u00fcrscharnier<\/p>\n<\/li>\n<li data-start=\"1821\" data-end=\"1844\">\n<p data-start=\"1823\" data-end=\"1844\"><strong data-start=\"1823\" data-end=\"1836\">Material:<\/strong> Messing<\/p>\n<\/li>\n<li data-start=\"1845\" data-end=\"1881\">\n<p data-start=\"1847\" data-end=\"1881\"><strong data-start=\"1847\" data-end=\"1872\">Passt zur Glasdicke:<\/strong> 6-10mm<\/p>\n<\/li>\n<li data-start=\"1882\" data-end=\"1921\">\n<p data-start=\"1884\" data-end=\"1921\"><strong data-start=\"1884\" data-end=\"1907\">Selbstschlie\u00dfender Winkel:<\/strong> Ca. 30\u00b0<\/p>\n<\/li>\n<li data-start=\"1922\" data-end=\"1964\">\n<p data-start=\"1924\" data-end=\"1964\"><strong data-start=\"1924\" data-end=\"1942\">Tragf\u00e4higkeit:<\/strong> 45kg pro zwei Scharniere<\/p>\n<\/li>\n<li data-start=\"1965\" data-end=\"2053\">\n<p data-start=\"1967\" data-end=\"2053\"><strong data-start=\"1967\" data-end=\"1980\">Ausf\u00fchrungen:<\/strong> Chrom poliert, Gold poliert, Nickel geb\u00fcrstet, Gun Metal, Schwarz matt<\/p>\n<\/li>\n<li data-start=\"2054\" data-end=\"2108\">\n<p data-start=\"2056\" data-end=\"2108\"><strong data-start=\"2056\" data-end=\"2072\">Anwendung:<\/strong> Rahmenlose Duschabtrennungen aus Glas<\/p>\n<\/li>\n<\/ul>","protected":false},"excerpt":{"rendered":"<ul>\n<li>Material: Messing<\/li>\n<li>Glasst\u00e4rke: 6\u201310 mm;<\/li>\n<li>Selbstschlie\u00dfend bei etwa 30\u00b0<\/li>\n<li>Maximales Gewicht der Glast\u00fcr: 45 kg (2 St\u00fcck);<\/li>\n<li>Glas zu Glas 180\u00b0<\/li>\n<li>Verstellbarer Scharnierwinkel<\/li>\n<li>Federkugel-Abdeckkappen<\/li>\n<li>Oberfl\u00e4che: Chrom poliert; Poliertes Gold; Geb\u00fcrstetes Nickel; Gun Metal; Mattschwarz<\/li>\n<\/ul>","protected":false},"featured_media":3040,"comment_status":"open","ping_status":"closed","template":"","meta":{"_acf_changed":false},"product_brand":[],"product_cat":[20,22],"product_tag":[171],"class_list":{"0":"post-1486","1":"product","2":"type-product","3":"status-publish","4":"has-post-thumbnail","6":"product_cat-shower-door-hinges","7":"product_cat-glass-to-glass-hinges","8":"product_tag-glass-to-glass-hinges","9":"pa_finish-brushed-nickel","10":"pa_finish-chrome","11":"pa_finish-gold","12":"pa_finish-gun-metal","13":"pa_finish-black","14":"pa_glass-thickness-6-10-mm","15":"pa_load-bearing-45kg-2pcs","16":"pa_material-brass","18":"first","19":"instock","20":"purchasable","21":"product-type-variable","22":"has-default-attributes"},"acf":[],"_links":{"self":[{"href":"https:\/\/showerglasshardware.com\/de-de\/wp-json\/wp\/v2\/product\/1486","targetHints":{"allow":["GET"]}}],"collection":[{"href":"https:\/\/showerglasshardware.com\/de-de\/wp-json\/wp\/v2\/product"}],"about":[{"href":"https:\/\/showerglasshardware.com\/de-de\/wp-json\/wp\/v2\/types\/product"}],"replies":[{"embeddable":true,"href":"https:\/\/showerglasshardware.com\/de-de\/wp-json\/wp\/v2\/comments?post=1486"}],"version-history":[{"count":3,"href":"https:\/\/showerglasshardware.com\/de-de\/wp-json\/wp\/v2\/product\/1486\/revisions"}],"predecessor-version":[{"id":4644,"href":"https:\/\/showerglasshardware.com\/de-de\/wp-json\/wp\/v2\/product\/1486\/revisions\/4644"}],"wp:featuredmedia":[{"embeddable":true,"href":"https:\/\/showerglasshardware.com\/de-de\/wp-json\/wp\/v2\/media\/3040"}],"wp:attachment":[{"href":"https:\/\/showerglasshardware.com\/de-de\/wp-json\/wp\/v2\/media?parent=1486"}],"wp:term":[{"taxonomy":"product_brand","embeddable":true,"href":"https:\/\/showerglasshardware.com\/de-de\/wp-json\/wp\/v2\/product_brand?post=1486"},{"taxonomy":"product_cat","embeddable":true,"href":"https:\/\/showerglasshardware.com\/de-de\/wp-json\/wp\/v2\/product_cat?post=1486"},{"taxonomy":"product_tag","embeddable":true,"href":"https:\/\/showerglasshardware.com\/de-de\/wp-json\/wp\/v2\/product_tag?post=1486"}],"curies":[{"name":"wp","href":"https:\/\/api.w.org\/{rel}","templated":true}]}}