{"id":1515,"date":"2024-05-10T09:25:15","date_gmt":"2024-05-10T09:25:15","guid":{"rendered":"https:\/\/showerglasshardware.com\/?post_type=product&#038;p=1515"},"modified":"2025-11-21T06:53:40","modified_gmt":"2025-11-21T06:53:40","slug":"brass-heavy-duty-glass-shower-door-hinges-offset-sgh-1501l","status":"publish","type":"product","link":"https:\/\/showerglasshardware.com\/de-de\/product\/brass-heavy-duty-glass-shower-door-hinges-offset-sgh-1501l\/","title":{"rendered":"Messing Heavy Duty Wandmontage Glas Dusche T\u00fcrscharniere | Offset SGH-1501L"},"content":{"rendered":"<p data-start=\"474\" data-end=\"662\">Die SGH-1501L Messing Heavy Duty Wall Mount Glass Shower Door Scharniere sind f\u00fcr au\u00dfergew\u00f6hnliche St\u00e4rke, zuverl\u00e4ssige Leistung und ein Premium-Finish in rahmenlosen Duschkabinen entwickelt.<\/p>\n<p data-start=\"664\" data-end=\"957\">Diese 90\u00b0-Scharniere f\u00fcr die Wandmontage sind aus massivem Messing gefertigt, um eine hohe Korrosionsbest\u00e4ndigkeit zu gew\u00e4hrleisten, und verf\u00fcgen \u00fcber ein versetztes Plattendesign f\u00fcr eine flexible Installation unter verschiedenen baulichen Bedingungen. Sie sind f\u00fcr 6-12 mm dickes Glas geeignet und k\u00f6nnen ein maximales T\u00fcrgewicht von 45 kg pro zwei Scharniere tragen.<\/p>\n<p data-start=\"959\" data-end=\"1239\">Der Selbstschlie\u00dfmechanismus mit einem Winkel von ca. 30\u00b0 sorgt f\u00fcr ein sanftes Schlie\u00dfen der T\u00fcr und tr\u00e4gt dazu bei, die Wasserdichtigkeit zu erhalten und gleichzeitig die Benutzerfreundlichkeit zu erh\u00f6hen. Diese Scharniere sind ideal f\u00fcr den Einsatz in Wohn-, Hotel- und Wellness-Duschen, wo Haltbarkeit und \u00c4sthetik gleicherma\u00dfen wichtig sind.<\/p>\n<p data-start=\"1241\" data-end=\"1260\"><strong data-start=\"1241\" data-end=\"1258\">Hauptmerkmale:<\/strong><\/p>\n<ul data-start=\"1261\" data-end=\"1745\">\n<li data-start=\"1261\" data-end=\"1332\">\n<p data-start=\"1263\" data-end=\"1332\"><strong data-start=\"1263\" data-end=\"1272\">Typ:<\/strong> Duscht\u00fcrscharniere f\u00fcr Wandmontage 90\u00b0 aus Messing mit versetzter Platte<\/p>\n<\/li>\n<li data-start=\"1333\" data-end=\"1395\">\n<p data-start=\"1335\" data-end=\"1395\"><strong data-start=\"1335\" data-end=\"1348\">Material:<\/strong> Massives Messing f\u00fcr St\u00e4rke und Rostbest\u00e4ndigkeit<\/p>\n<\/li>\n<li data-start=\"1396\" data-end=\"1448\">\n<p data-start=\"1398\" data-end=\"1448\"><strong data-start=\"1398\" data-end=\"1422\">Glaskompatibilit\u00e4t:<\/strong> Geeignet f\u00fcr 6-12 mm dickes Glas<\/p>\n<\/li>\n<li data-start=\"1449\" data-end=\"1506\">\n<p data-start=\"1451\" data-end=\"1506\"><strong data-start=\"1451\" data-end=\"1469\">Tragf\u00e4higkeit:<\/strong> Unterst\u00fctzt bis zu 45 kg pro zwei Scharniere<\/p>\n<\/li>\n<li data-start=\"1507\" data-end=\"1579\">\n<p data-start=\"1509\" data-end=\"1579\"><strong data-start=\"1509\" data-end=\"1526\">Selbstschlie\u00dfend:<\/strong> Automatisches Schlie\u00dfen bei ~30\u00b0 f\u00fcr bessere Wasserkontrolle<\/p>\n<\/li>\n<li data-start=\"1580\" data-end=\"1649\">\n<p data-start=\"1582\" data-end=\"1649\"><strong data-start=\"1582\" data-end=\"1593\">Entwurf:<\/strong> Versetzte Platte f\u00fcr vielseitige Wandmontageanwendungen<\/p>\n<\/li>\n<li data-start=\"1650\" data-end=\"1745\">\n<p data-start=\"1652\" data-end=\"1745\"><strong data-start=\"1652\" data-end=\"1669\">Anwendungen:<\/strong> Perfekt f\u00fcr rahmenlose Duscht\u00fcren im privaten und gewerblichen Bereich<\/p>\n<\/li>\n<\/ul>\n<p data-start=\"1747\" data-end=\"1768\"><strong data-start=\"1747\" data-end=\"1766\">Spezifikationen:<\/strong><\/p>\n<ul data-start=\"1769\" data-end=\"2096\">\n<li data-start=\"1769\" data-end=\"1793\">\n<p data-start=\"1771\" data-end=\"1793\"><strong data-start=\"1771\" data-end=\"1781\">Modell:<\/strong> SGH-1501L<\/p>\n<\/li>\n<li data-start=\"1794\" data-end=\"1843\">\n<p data-start=\"1796\" data-end=\"1843\"><strong data-start=\"1796\" data-end=\"1805\">Typ:<\/strong> Scharnier f\u00fcr Wandmontage, versetzte Platte, 90\u00b0<\/p>\n<\/li>\n<li data-start=\"1844\" data-end=\"1867\">\n<p data-start=\"1846\" data-end=\"1867\"><strong data-start=\"1846\" data-end=\"1859\">Material:<\/strong> Messing<\/p>\n<\/li>\n<li data-start=\"1868\" data-end=\"1904\">\n<p data-start=\"1870\" data-end=\"1904\"><strong data-start=\"1870\" data-end=\"1895\">Passt zur Glasdicke:<\/strong> 6-12mm<\/p>\n<\/li>\n<li data-start=\"1905\" data-end=\"1941\">\n<p data-start=\"1907\" data-end=\"1941\"><strong data-start=\"1907\" data-end=\"1927\">Max. T\u00fcrgewicht:<\/strong> 45kg \/ 2St\u00fcck<\/p>\n<\/li>\n<li data-start=\"1942\" data-end=\"1974\">\n<p data-start=\"1944\" data-end=\"1974\"><strong data-start=\"1944\" data-end=\"1967\">Selbstschlie\u00dfender Winkel:<\/strong> ~30\u00b0<\/p>\n<\/li>\n<li data-start=\"1975\" data-end=\"2001\">\n<p data-start=\"1977\" data-end=\"2001\"><strong data-start=\"1977\" data-end=\"1995\">\u00d6ffnungsbereich:<\/strong> 90\u00b0<\/p>\n<\/li>\n<li data-start=\"2002\" data-end=\"2096\">\n<p data-start=\"2004\" data-end=\"2096\"><strong data-start=\"2004\" data-end=\"2023\">Ausf\u00fchrungsoptionen:<\/strong> Chrom poliert, Gold poliert, Nickel geb\u00fcrstet, Gun Metal, Schwarz matt<\/p>\n<\/li>\n<\/ul>","protected":false},"excerpt":{"rendered":"<ul>\n<li>Material: Messing<\/li>\n<li>Glasdicke: 6\u201312 mm<\/li>\n<li>Selbstschlie\u00dfend bei etwa 30\u00b0<\/li>\n<li>Maximales Gewicht der Glast\u00fcr: 45 kg (2 St\u00fcck);<\/li>\n<li>Glas-Wand-Versatzplatte 90\u00b0<\/li>\n<li>Oberfl\u00e4che: Chrom poliert; Poliertes Gold; Geb\u00fcrstetes Nickel; Gun Metal; Mattschwarz<\/li>\n<\/ul>","protected":false},"featured_media":3039,"comment_status":"open","ping_status":"closed","template":"","meta":{"_acf_changed":false},"product_brand":[],"product_cat":[20,170],"product_tag":[129],"class_list":{"0":"post-1515","1":"product","2":"type-product","3":"status-publish","4":"has-post-thumbnail","6":"product_cat-shower-door-hinges","7":"product_cat-offset-wall-to-glass-hinges","8":"product_tag-offset-wall-mount-hinges","9":"pa_finish-brushed-nickel","10":"pa_finish-chrome","11":"pa_finish-gold","12":"pa_finish-gun-metal","13":"pa_finish-black","14":"pa_glass-thickness-6-12mm","15":"pa_load-bearing-45kg-2pcs","16":"pa_material-brass","18":"first","19":"instock","20":"purchasable","21":"product-type-variable"},"acf":[],"_links":{"self":[{"href":"https:\/\/showerglasshardware.com\/de-de\/wp-json\/wp\/v2\/product\/1515","targetHints":{"allow":["GET"]}}],"collection":[{"href":"https:\/\/showerglasshardware.com\/de-de\/wp-json\/wp\/v2\/product"}],"about":[{"href":"https:\/\/showerglasshardware.com\/de-de\/wp-json\/wp\/v2\/types\/product"}],"replies":[{"embeddable":true,"href":"https:\/\/showerglasshardware.com\/de-de\/wp-json\/wp\/v2\/comments?post=1515"}],"version-history":[{"count":3,"href":"https:\/\/showerglasshardware.com\/de-de\/wp-json\/wp\/v2\/product\/1515\/revisions"}],"predecessor-version":[{"id":3742,"href":"https:\/\/showerglasshardware.com\/de-de\/wp-json\/wp\/v2\/product\/1515\/revisions\/3742"}],"wp:featuredmedia":[{"embeddable":true,"href":"https:\/\/showerglasshardware.com\/de-de\/wp-json\/wp\/v2\/media\/3039"}],"wp:attachment":[{"href":"https:\/\/showerglasshardware.com\/de-de\/wp-json\/wp\/v2\/media?parent=1515"}],"wp:term":[{"taxonomy":"product_brand","embeddable":true,"href":"https:\/\/showerglasshardware.com\/de-de\/wp-json\/wp\/v2\/product_brand?post=1515"},{"taxonomy":"product_cat","embeddable":true,"href":"https:\/\/showerglasshardware.com\/de-de\/wp-json\/wp\/v2\/product_cat?post=1515"},{"taxonomy":"product_tag","embeddable":true,"href":"https:\/\/showerglasshardware.com\/de-de\/wp-json\/wp\/v2\/product_tag?post=1515"}],"curies":[{"name":"wp","href":"https:\/\/api.w.org\/{rel}","templated":true}]}}