{"id":1526,"date":"2024-05-14T05:51:45","date_gmt":"2024-05-14T05:51:45","guid":{"rendered":"https:\/\/showerglasshardware.com\/?post_type=product&#038;p=1526"},"modified":"2025-11-21T06:50:03","modified_gmt":"2025-11-21T06:50:03","slug":"brass-heavy-duty-glass-shower-door-hinges-90-degree-sgh-1502","status":"publish","type":"product","link":"https:\/\/showerglasshardware.com\/de-de\/product\/brass-heavy-duty-glass-shower-door-hinges-90-degree-sgh-1502\/","title":{"rendered":"Hochleistungsscharniere f\u00fcr Glasduscht\u00fcren aus Messing, 90 Grad, SGH-1502"},"content":{"rendered":"<p data-start=\"437\" data-end=\"598\">Die SGH-1502 Messing Heavy Duty Glas-Duscht\u00fcrscharniere sind f\u00fcr St\u00e4rke, reibungslose Leistung und ein hochwertiges Aussehen in rahmenlosen Duschkabinen gebaut.<\/p>\n<p data-start=\"600\" data-end=\"791\">Diese 90\u00b0-Glas-zu-Glas-Scharniere sind aus massivem Messing gefertigt und daher besonders korrosionsbest\u00e4ndig. Sie passen zu 6-12 mm dickem Glas und k\u00f6nnen ein maximales T\u00fcrgewicht von 45 kg pro zwei Scharniere tragen.<\/p>\n<p data-start=\"793\" data-end=\"1089\">Der pr\u00e4zisionsgefertigte Selbstschlie\u00dfmechanismus in einem Winkel von ca. 30\u00b0 sorgt f\u00fcr ein sanftes und sicheres Schlie\u00dfen der T\u00fcr und verhindert so das Austreten von Wasser. Die 90\u00b0-Konstruktion ist ideal, um rechtwinklige Verbindungen zwischen Festverglasungen und Dreht\u00fcren zu schaffen und bietet sowohl Stabilit\u00e4t als auch Stil.<\/p>\n<p data-start=\"1091\" data-end=\"1110\"><strong data-start=\"1091\" data-end=\"1108\">Hauptmerkmale:<\/strong><\/p>\n<ul data-start=\"1111\" data-end=\"1519\">\n<li data-start=\"1111\" data-end=\"1173\">\n<p data-start=\"1113\" data-end=\"1173\"><strong data-start=\"1113\" data-end=\"1122\">Typ:<\/strong> 90\u00b0-Schwerlast-Duscht\u00fcrscharniere Glas-Glas<\/p>\n<\/li>\n<li data-start=\"1174\" data-end=\"1238\">\n<p data-start=\"1176\" data-end=\"1238\"><strong data-start=\"1176\" data-end=\"1189\">Material:<\/strong> Massives Messing f\u00fcr Haltbarkeit und Rostbest\u00e4ndigkeit<\/p>\n<\/li>\n<li data-start=\"1239\" data-end=\"1291\">\n<p data-start=\"1241\" data-end=\"1291\"><strong data-start=\"1241\" data-end=\"1265\">Glaskompatibilit\u00e4t:<\/strong> Geeignet f\u00fcr 6-12 mm dickes Glas<\/p>\n<\/li>\n<li data-start=\"1292\" data-end=\"1349\">\n<p data-start=\"1294\" data-end=\"1349\"><strong data-start=\"1294\" data-end=\"1312\">Tragf\u00e4higkeit:<\/strong> Unterst\u00fctzt bis zu 45 kg pro zwei Scharniere<\/p>\n<\/li>\n<li data-start=\"1350\" data-end=\"1422\">\n<p data-start=\"1352\" data-end=\"1422\"><strong data-start=\"1352\" data-end=\"1369\">Selbstschlie\u00dfend:<\/strong> Automatisches Schlie\u00dfen bei ~30\u00b0 f\u00fcr bessere Wasserkontrolle<\/p>\n<\/li>\n<li data-start=\"1423\" data-end=\"1519\">\n<p data-start=\"1425\" data-end=\"1519\"><strong data-start=\"1425\" data-end=\"1442\">Anwendungen:<\/strong> Perfekt f\u00fcr rahmenlose Duscht\u00fcren in privaten und gewerblichen B\u00e4dern<\/p>\n<\/li>\n<\/ul>\n<p data-start=\"1521\" data-end=\"1542\"><strong data-start=\"1521\" data-end=\"1540\">Spezifikationen:<\/strong><\/p>\n<ul data-start=\"1543\" data-end=\"1859\">\n<li data-start=\"1543\" data-end=\"1566\">\n<p data-start=\"1545\" data-end=\"1566\"><strong data-start=\"1545\" data-end=\"1555\">Modell:<\/strong> SGH-1502<\/p>\n<\/li>\n<li data-start=\"1567\" data-end=\"1606\">\n<p data-start=\"1569\" data-end=\"1606\"><strong data-start=\"1569\" data-end=\"1578\">Typ:<\/strong> Glas-Glas-Scharnier, 90\u00b0<\/p>\n<\/li>\n<li data-start=\"1607\" data-end=\"1630\">\n<p data-start=\"1609\" data-end=\"1630\"><strong data-start=\"1609\" data-end=\"1622\">Material:<\/strong> Messing<\/p>\n<\/li>\n<li data-start=\"1631\" data-end=\"1667\">\n<p data-start=\"1633\" data-end=\"1667\"><strong data-start=\"1633\" data-end=\"1658\">Passt zur Glasdicke:<\/strong> 6-12mm<\/p>\n<\/li>\n<li data-start=\"1668\" data-end=\"1704\">\n<p data-start=\"1670\" data-end=\"1704\"><strong data-start=\"1670\" data-end=\"1690\">Max. T\u00fcrgewicht:<\/strong> 45kg \/ 2St\u00fcck<\/p>\n<\/li>\n<li data-start=\"1705\" data-end=\"1737\">\n<p data-start=\"1707\" data-end=\"1737\"><strong data-start=\"1707\" data-end=\"1730\">Selbstschlie\u00dfender Winkel:<\/strong> ~30\u00b0<\/p>\n<\/li>\n<li data-start=\"1738\" data-end=\"1764\">\n<p data-start=\"1740\" data-end=\"1764\"><strong data-start=\"1740\" data-end=\"1758\">\u00d6ffnungsbereich:<\/strong> 90\u00b0<\/p>\n<\/li>\n<li data-start=\"1765\" data-end=\"1859\">\n<p data-start=\"1767\" data-end=\"1859\"><strong data-start=\"1767\" data-end=\"1786\">Ausf\u00fchrungsoptionen:<\/strong> Chrom poliert, Gold poliert, Nickel geb\u00fcrstet, Gun Metal, Schwarz matt<\/p>\n<\/li>\n<\/ul>","protected":false},"excerpt":{"rendered":"<ul>\n<li>Material: Messing<\/li>\n<li>Glasdicke: 6\u201312 mm<\/li>\n<li>Selbstschlie\u00dfend bei etwa 30\u00b0<\/li>\n<li>Maximales Gewicht der Glast\u00fcr: 45 kg (2 St\u00fcck);<\/li>\n<li>Glas-Glas-Scharniere f\u00fcr Duscht\u00fcren, 90\u00b0<\/li>\n<li>Oberfl\u00e4che: Chrom poliert; Poliertes Gold; Geb\u00fcrstetes Nickel; Gun Metal; Mattschwarz<\/li>\n<\/ul>","protected":false},"featured_media":3038,"comment_status":"open","ping_status":"closed","template":"","meta":{"_acf_changed":false},"product_brand":[],"product_cat":[22,20],"product_tag":[171],"class_list":{"0":"post-1526","1":"product","2":"type-product","3":"status-publish","4":"has-post-thumbnail","6":"product_cat-glass-to-glass-hinges","7":"product_cat-shower-door-hinges","8":"product_tag-glass-to-glass-hinges","9":"pa_finish-brushed-nickel","10":"pa_finish-chrome","11":"pa_finish-gold","12":"pa_finish-gun-metal","13":"pa_finish-black","14":"pa_glass-thickness-6-12mm","15":"pa_load-bearing-45kg-2pcs","16":"pa_material-brass","18":"first","19":"instock","20":"purchasable","21":"product-type-variable","22":"has-default-attributes"},"acf":[],"_links":{"self":[{"href":"https:\/\/showerglasshardware.com\/de-de\/wp-json\/wp\/v2\/product\/1526","targetHints":{"allow":["GET"]}}],"collection":[{"href":"https:\/\/showerglasshardware.com\/de-de\/wp-json\/wp\/v2\/product"}],"about":[{"href":"https:\/\/showerglasshardware.com\/de-de\/wp-json\/wp\/v2\/types\/product"}],"replies":[{"embeddable":true,"href":"https:\/\/showerglasshardware.com\/de-de\/wp-json\/wp\/v2\/comments?post=1526"}],"version-history":[{"count":3,"href":"https:\/\/showerglasshardware.com\/de-de\/wp-json\/wp\/v2\/product\/1526\/revisions"}],"predecessor-version":[{"id":4704,"href":"https:\/\/showerglasshardware.com\/de-de\/wp-json\/wp\/v2\/product\/1526\/revisions\/4704"}],"wp:featuredmedia":[{"embeddable":true,"href":"https:\/\/showerglasshardware.com\/de-de\/wp-json\/wp\/v2\/media\/3038"}],"wp:attachment":[{"href":"https:\/\/showerglasshardware.com\/de-de\/wp-json\/wp\/v2\/media?parent=1526"}],"wp:term":[{"taxonomy":"product_brand","embeddable":true,"href":"https:\/\/showerglasshardware.com\/de-de\/wp-json\/wp\/v2\/product_brand?post=1526"},{"taxonomy":"product_cat","embeddable":true,"href":"https:\/\/showerglasshardware.com\/de-de\/wp-json\/wp\/v2\/product_cat?post=1526"},{"taxonomy":"product_tag","embeddable":true,"href":"https:\/\/showerglasshardware.com\/de-de\/wp-json\/wp\/v2\/product_tag?post=1526"}],"curies":[{"name":"wp","href":"https:\/\/api.w.org\/{rel}","templated":true}]}}