{"id":1539,"date":"2024-05-14T06:15:24","date_gmt":"2024-05-14T06:15:24","guid":{"rendered":"https:\/\/showerglasshardware.com\/?post_type=product&#038;p=1539"},"modified":"2025-11-21T06:46:35","modified_gmt":"2025-11-21T06:46:35","slug":"brass-heavy-duty-glass-shower-door-hinges-180-degree-sgh-1504","status":"publish","type":"product","link":"https:\/\/showerglasshardware.com\/de-de\/product\/brass-heavy-duty-glass-shower-door-hinges-180-degree-sgh-1504\/","title":{"rendered":"Messing Heavy Duty Glas Dusche T\u00fcr Scharniere 180 Grad SGH-1504"},"content":{"rendered":"<p data-start=\"509\" data-end=\"677\">Die SGH-1504 180\u00b0 Messing-Schwerlast-Duscht\u00fcrscharniere sind f\u00fcr St\u00e4rke, Haltbarkeit und reibungslosen Betrieb in rahmenlosen Duschkabinen ausgelegt.<\/p>\n<p data-start=\"679\" data-end=\"944\">Diese aus massivem Messing gefertigten Scharniere bieten eine hervorragende Korrosionsbest\u00e4ndigkeit und eine lange Lebensdauer. Sie sind f\u00fcr 180\u00b0-Glas-zu-Glas-Installationen konzipiert, kompatibel mit 6-12 mm dicken Glasscheiben und k\u00f6nnen bis zu 45 kg pro zwei Scharniere tragen.<\/p>\n<p data-start=\"946\" data-end=\"1203\">F\u00fcr mehr Komfort und eine bessere Wasserkontrolle verf\u00fcgen die Scharniere \u00fcber einen Selbstschlie\u00dfmechanismus bei etwa 30\u00b0. Sie sind in den Farben Chrom poliert, Gold poliert, Nickel geb\u00fcrstet, Gun Metal und Schwarz matt erh\u00e4ltlich und passen zu einer Vielzahl von Badezimmern.<\/p>\n<p data-start=\"1205\" data-end=\"1224\"><strong data-start=\"1205\" data-end=\"1222\">Hauptmerkmale:<\/strong><\/p>\n<ul data-start=\"1225\" data-end=\"1701\">\n<li data-start=\"1225\" data-end=\"1300\">\n<p data-start=\"1227\" data-end=\"1300\"><strong data-start=\"1227\" data-end=\"1240\">Material:<\/strong> Massives Messing f\u00fcr maximale Festigkeit und Korrosionsbest\u00e4ndigkeit<\/p>\n<\/li>\n<li data-start=\"1301\" data-end=\"1353\">\n<p data-start=\"1303\" data-end=\"1353\"><strong data-start=\"1303\" data-end=\"1314\">Entwurf:<\/strong> 180\u00b0-Glas-zu-Glas-Schwerlastscharnier<\/p>\n<\/li>\n<li data-start=\"1354\" data-end=\"1406\">\n<p data-start=\"1356\" data-end=\"1406\"><strong data-start=\"1356\" data-end=\"1380\">Glaskompatibilit\u00e4t:<\/strong> Geeignet f\u00fcr 6-12 mm dickes Glas<\/p>\n<\/li>\n<li data-start=\"1407\" data-end=\"1462\">\n<p data-start=\"1409\" data-end=\"1462\"><strong data-start=\"1409\" data-end=\"1426\">Selbstschlie\u00dfend:<\/strong> Schlie\u00dft sich automatisch bei etwa 30\u00b0<\/p>\n<\/li>\n<li data-start=\"1463\" data-end=\"1520\">\n<p data-start=\"1465\" data-end=\"1520\"><strong data-start=\"1465\" data-end=\"1483\">Tragf\u00e4higkeit:<\/strong> Unterst\u00fctzt bis zu 45 kg pro zwei Scharniere<\/p>\n<\/li>\n<li data-start=\"1521\" data-end=\"1615\">\n<p data-start=\"1523\" data-end=\"1615\"><strong data-start=\"1523\" data-end=\"1542\">Ausf\u00fchrungsoptionen:<\/strong> Chrom poliert, Gold poliert, Nickel geb\u00fcrstet, Gun Metal, Schwarz matt<\/p>\n<\/li>\n<li data-start=\"1616\" data-end=\"1701\">\n<p data-start=\"1618\" data-end=\"1701\"><strong data-start=\"1618\" data-end=\"1635\">Anwendungen:<\/strong> Rahmenlose Duscht\u00fcren aus Glas f\u00fcr den privaten und gewerblichen Gebrauch<\/p>\n<\/li>\n<\/ul>\n<p data-start=\"1703\" data-end=\"1724\"><strong data-start=\"1703\" data-end=\"1722\">Spezifikationen:<\/strong><\/p>\n<ul data-start=\"1725\" data-end=\"2099\">\n<li data-start=\"1725\" data-end=\"1748\">\n<p data-start=\"1727\" data-end=\"1748\"><strong data-start=\"1727\" data-end=\"1737\">Modell:<\/strong> SGH-1504<\/p>\n<\/li>\n<li data-start=\"1749\" data-end=\"1811\">\n<p data-start=\"1751\" data-end=\"1811\"><strong data-start=\"1751\" data-end=\"1760\">Typ:<\/strong> 180\u00b0-Schwerlast-Duscht\u00fcrscharnier Glas-Glas<\/p>\n<\/li>\n<li data-start=\"1812\" data-end=\"1835\">\n<p data-start=\"1814\" data-end=\"1835\"><strong data-start=\"1814\" data-end=\"1827\">Material:<\/strong> Messing<\/p>\n<\/li>\n<li data-start=\"1836\" data-end=\"1872\">\n<p data-start=\"1838\" data-end=\"1872\"><strong data-start=\"1838\" data-end=\"1863\">Passt zur Glasdicke:<\/strong> 6-12mm<\/p>\n<\/li>\n<li data-start=\"1873\" data-end=\"1912\">\n<p data-start=\"1875\" data-end=\"1912\"><strong data-start=\"1875\" data-end=\"1898\">Selbstschlie\u00dfender Winkel:<\/strong> Ca. 30\u00b0<\/p>\n<\/li>\n<li data-start=\"1913\" data-end=\"1955\">\n<p data-start=\"1915\" data-end=\"1955\"><strong data-start=\"1915\" data-end=\"1933\">Tragf\u00e4higkeit:<\/strong> 45kg pro zwei Scharniere<\/p>\n<\/li>\n<li data-start=\"1956\" data-end=\"2044\">\n<p data-start=\"1958\" data-end=\"2044\"><strong data-start=\"1958\" data-end=\"1971\">Ausf\u00fchrungen:<\/strong> Chrom poliert, Gold poliert, Nickel geb\u00fcrstet, Gun Metal, Schwarz matt<\/p>\n<\/li>\n<li data-start=\"2045\" data-end=\"2099\">\n<p data-start=\"2047\" data-end=\"2099\"><strong data-start=\"2047\" data-end=\"2063\">Anwendung:<\/strong> Rahmenlose Duschabtrennungen aus Glas<\/p>\n<\/li>\n<\/ul>","protected":false},"excerpt":{"rendered":"<ul>\n<li>Material: Messing<\/li>\n<li>Glasdicke: 6\u201312 mm<\/li>\n<li>Selbstschlie\u00dfend bei etwa 30\u00b0<\/li>\n<li>Maximales Gewicht der Glast\u00fcr: 45 kg (2 St\u00fcck);<\/li>\n<li>Glas-Glas-Scharniere f\u00fcr Duscht\u00fcren, 180\u00b0<\/li>\n<li>Oberfl\u00e4che: Chrom poliert; Poliertes Gold; Geb\u00fcrstetes Nickel; Gun Metal; Mattschwarz<\/li>\n<\/ul>","protected":false},"featured_media":3037,"comment_status":"open","ping_status":"closed","template":"","meta":{"_acf_changed":false},"product_brand":[],"product_cat":[22,20],"product_tag":[171],"class_list":{"0":"post-1539","1":"product","2":"type-product","3":"status-publish","4":"has-post-thumbnail","6":"product_cat-glass-to-glass-hinges","7":"product_cat-shower-door-hinges","8":"product_tag-glass-to-glass-hinges","9":"pa_finish-brushed-nickel","10":"pa_finish-chrome","11":"pa_finish-gold","12":"pa_finish-gun-metal","13":"pa_finish-black","14":"pa_glass-thickness-6-12mm","15":"pa_load-bearing-45kg-2pcs","16":"pa_material-brass","18":"first","19":"instock","20":"purchasable","21":"product-type-variable","22":"has-default-attributes"},"acf":[],"_links":{"self":[{"href":"https:\/\/showerglasshardware.com\/de-de\/wp-json\/wp\/v2\/product\/1539","targetHints":{"allow":["GET"]}}],"collection":[{"href":"https:\/\/showerglasshardware.com\/de-de\/wp-json\/wp\/v2\/product"}],"about":[{"href":"https:\/\/showerglasshardware.com\/de-de\/wp-json\/wp\/v2\/types\/product"}],"replies":[{"embeddable":true,"href":"https:\/\/showerglasshardware.com\/de-de\/wp-json\/wp\/v2\/comments?post=1539"}],"version-history":[{"count":3,"href":"https:\/\/showerglasshardware.com\/de-de\/wp-json\/wp\/v2\/product\/1539\/revisions"}],"predecessor-version":[{"id":4596,"href":"https:\/\/showerglasshardware.com\/de-de\/wp-json\/wp\/v2\/product\/1539\/revisions\/4596"}],"wp:featuredmedia":[{"embeddable":true,"href":"https:\/\/showerglasshardware.com\/de-de\/wp-json\/wp\/v2\/media\/3037"}],"wp:attachment":[{"href":"https:\/\/showerglasshardware.com\/de-de\/wp-json\/wp\/v2\/media?parent=1539"}],"wp:term":[{"taxonomy":"product_brand","embeddable":true,"href":"https:\/\/showerglasshardware.com\/de-de\/wp-json\/wp\/v2\/product_brand?post=1539"},{"taxonomy":"product_cat","embeddable":true,"href":"https:\/\/showerglasshardware.com\/de-de\/wp-json\/wp\/v2\/product_cat?post=1539"},{"taxonomy":"product_tag","embeddable":true,"href":"https:\/\/showerglasshardware.com\/de-de\/wp-json\/wp\/v2\/product_tag?post=1539"}],"curies":[{"name":"wp","href":"https:\/\/api.w.org\/{rel}","templated":true}]}}