{"id":1580,"date":"2024-05-15T03:36:39","date_gmt":"2024-05-15T03:36:39","guid":{"rendered":"https:\/\/showerglasshardware.com\/?post_type=product&#038;p=1580"},"modified":"2025-08-14T08:14:37","modified_gmt":"2025-08-14T08:14:37","slug":"adjustable-shower-door-support-bar-square-tube-sgh-617a","status":"publish","type":"product","link":"https:\/\/showerglasshardware.com\/de-de\/product\/adjustable-shower-door-support-bar-square-tube-sgh-617a\/","title":{"rendered":"Verstellbare St\u00fctzstange f\u00fcr Duscht\u00fcren | Vierkantrohr | SGH-617A"},"content":{"rendered":"<p data-start=\"491\" data-end=\"652\">Die einstellbare quadratische Duscht\u00fcrst\u00fctze SGH-617A wurde entwickelt, um rahmenlose Glast\u00fcren und -paneele stabil und stilvoll zu verst\u00e4rken.<\/p>\n<p data-start=\"654\" data-end=\"906\">Die aus massivem Messing und rostfreiem Stahl 304 gefertigte Haltestange garantiert Langlebigkeit, Korrosionsbest\u00e4ndigkeit und ein modernes, quadratisches Aussehen. Sie verf\u00fcgt \u00fcber eine um 90\u00b0 verstellbare Verbindung zwischen Glas und Wand, was eine flexible Installation erm\u00f6glicht.<\/p>\n<p data-start=\"908\" data-end=\"1112\">Sie eignet sich f\u00fcr 6-8 mm und 10-12 mm dickes Glas und l\u00e4sst sich in der L\u00e4nge leicht von 600 mm bis 1000 mm verstellen, so dass sie sich an verschiedene Duschkonfigurationen in privaten und gewerblichen B\u00e4dern anpassen l\u00e4sst.<\/p>\n<p data-start=\"1114\" data-end=\"1133\"><strong data-start=\"1114\" data-end=\"1131\">Hauptmerkmale:<\/strong><\/p>\n<ul data-start=\"1134\" data-end=\"1504\">\n<li data-start=\"1134\" data-end=\"1217\">\n<p data-start=\"1136\" data-end=\"1217\"><strong data-start=\"1136\" data-end=\"1149\">Material:<\/strong> Messing + Edelstahl 304 f\u00fcr St\u00e4rke und Korrosionsbest\u00e4ndigkeit<\/p>\n<\/li>\n<li data-start=\"1218\" data-end=\"1302\">\n<p data-start=\"1220\" data-end=\"1302\"><strong data-start=\"1220\" data-end=\"1231\">Entwurf:<\/strong> Verstellbarer Vierkantrohrtr\u00e4ger mit 90\u00b0 Glas-Wand-Anschluss<\/p>\n<\/li>\n<li data-start=\"1303\" data-end=\"1366\">\n<p data-start=\"1305\" data-end=\"1366\"><strong data-start=\"1305\" data-end=\"1329\">Glaskompatibilit\u00e4t:<\/strong> Geeignet f\u00fcr 6-8 mm und 10-12 mm dickes Glas<\/p>\n<\/li>\n<li data-start=\"1367\" data-end=\"1430\">\n<p data-start=\"1369\" data-end=\"1430\"><strong data-start=\"1369\" data-end=\"1391\">Einstellbare L\u00e4nge:<\/strong> 600-1000mm f\u00fcr flexible Installation<\/p>\n<\/li>\n<li data-start=\"1431\" data-end=\"1504\">\n<p data-start=\"1433\" data-end=\"1504\"><strong data-start=\"1433\" data-end=\"1450\">Anwendungen:<\/strong> Verst\u00e4rkung f\u00fcr rahmenlose Duscht\u00fcren und -paneele<\/p>\n<\/li>\n<\/ul>\n<p data-start=\"1506\" data-end=\"1527\"><strong data-start=\"1506\" data-end=\"1525\">Spezifikationen:<\/strong><\/p>\n<ul data-start=\"1528\" data-end=\"1850\">\n<li data-start=\"1528\" data-end=\"1551\">\n<p data-start=\"1530\" data-end=\"1551\"><strong data-start=\"1530\" data-end=\"1540\">Modell:<\/strong> SGH-617A<\/p>\n<\/li>\n<li data-start=\"1552\" data-end=\"1607\">\n<p data-start=\"1554\" data-end=\"1607\"><strong data-start=\"1554\" data-end=\"1563\">Typ:<\/strong> Verstellbare quadratische Duscht\u00fcrst\u00fctze<\/p>\n<\/li>\n<li data-start=\"1608\" data-end=\"1655\">\n<p data-start=\"1610\" data-end=\"1655\"><strong data-start=\"1610\" data-end=\"1623\">Material:<\/strong> Messing und rostfreier Stahl 304<\/p>\n<\/li>\n<li data-start=\"1656\" data-end=\"1702\">\n<p data-start=\"1658\" data-end=\"1702\"><strong data-start=\"1658\" data-end=\"1682\">Glaskompatibilit\u00e4t:<\/strong> 6-8mm und 10-12mm<\/p>\n<\/li>\n<li data-start=\"1703\" data-end=\"1740\">\n<p data-start=\"1705\" data-end=\"1740\"><strong data-start=\"1705\" data-end=\"1727\">L\u00e4ngenanpassung:<\/strong> 600-1000mm<\/p>\n<\/li>\n<li data-start=\"1741\" data-end=\"1795\">\n<p data-start=\"1743\" data-end=\"1795\"><strong data-start=\"1743\" data-end=\"1763\">Anschlussart:<\/strong> Glas-an-Wand, 90\u00b0 einstellbar<\/p>\n<\/li>\n<li data-start=\"1796\" data-end=\"1850\">\n<p data-start=\"1798\" data-end=\"1850\"><strong data-start=\"1798\" data-end=\"1814\">Anwendung:<\/strong> Rahmenlose Duschabtrennungen aus Glas<\/p>\n<\/li>\n<\/ul>\n<p><img fetchpriority=\"high\" decoding=\"async\" src=\"https:\/\/showerglasshardware.com\/wp-content\/uploads\/2024\/05\/SGH-617A-5.jpg\" sizes=\"(max-width: 830px) 100vw, 830px\" srcset=\"https:\/\/showerglasshardware.com\/wp-content\/uploads\/2024\/05\/SGH-617A-5.jpg 830w, https:\/\/showerglasshardware.com\/wp-content\/uploads\/2024\/05\/SGH-617A-5-300x155.jpg 300w, https:\/\/showerglasshardware.com\/wp-content\/uploads\/2024\/05\/SGH-617A-5-768x396.jpg 768w, https:\/\/showerglasshardware.com\/wp-content\/uploads\/2024\/05\/SGH-617A-5-18x9.jpg 18w, https:\/\/showerglasshardware.com\/wp-content\/uploads\/2024\/05\/SGH-617A-5-600x309.jpg 600w\" alt=\"\" width=\"830\" height=\"428\" title=\"\"><\/p>\n<p>&nbsp;<\/p>\n<p>Diese St\u00fctzstange ist f\u00fcr eine um 90\u00b0 verstellbare Konfiguration zwischen Glas und Wand konzipiert und eignet sich f\u00fcr Glasst\u00e4rken von 6 mm bis 8 mm oder 10 mm bis 12 mm. Sie bietet somit vielseitige Installationsm\u00f6glichkeiten. Die verstellbare L\u00e4nge von 600 mm bis 1000 mm sorgt f\u00fcr eine perfekte Passform f\u00fcr Ihre Duschkabine.<\/p>\n<p>Um den unterschiedlichen Bed\u00fcrfnissen der Kunden gerecht zu werden, kann diese Haltestange mit verschiedenen Wandverbindern kombiniert werden.<\/p>\n<p>&nbsp;<\/p>\n<p><img decoding=\"async\" src=\"https:\/\/showerglasshardware.com\/wp-content\/uploads\/2024\/05\/RC39.jpg\" sizes=\"(max-width: 271px) 100vw, 271px\" srcset=\"https:\/\/showerglasshardware.com\/wp-content\/uploads\/2024\/05\/RC39.jpg 271w, https:\/\/showerglasshardware.com\/wp-content\/uploads\/2024\/05\/RC39-18x12.jpg 18w\" alt=\"\" width=\"271\" height=\"181\" title=\"\"><\/p>\n<h4>RC39<\/h4>\n<p>Einstellbarer Rohr-Wand-Anschluss<!-- notionvc: 551eb328-f611-40b6-bf25-57fbdb725110 --><\/p>\n<p>&nbsp;<\/p>\n<p><img decoding=\"async\" src=\"https:\/\/showerglasshardware.com\/wp-content\/uploads\/2024\/05\/RC44.jpg\" sizes=\"(max-width: 261px) 100vw, 261px\" srcset=\"https:\/\/showerglasshardware.com\/wp-content\/uploads\/2024\/05\/RC44.jpg 261w, https:\/\/showerglasshardware.com\/wp-content\/uploads\/2024\/05\/RC44-18x12.jpg 18w\" alt=\"\" width=\"261\" height=\"181\" title=\"\"><\/p>\n<h4>RC44<\/h4>\n<p>Rohr-Wand-Verbinder 90\u00b0<br \/>\n<!-- notionvc: 551eb328-f611-40b6-bf25-57fbdb725110 --><\/p>\n<p>&nbsp;<\/p>\n<p><img loading=\"lazy\" decoding=\"async\" src=\"https:\/\/showerglasshardware.com\/wp-content\/uploads\/2024\/05\/RC49.jpg\" sizes=\"(max-width: 266px) 100vw, 266px\" srcset=\"https:\/\/showerglasshardware.com\/wp-content\/uploads\/2024\/05\/RC49.jpg 266w, https:\/\/showerglasshardware.com\/wp-content\/uploads\/2024\/05\/RC49-18x12.jpg 18w\" alt=\"\" width=\"266\" height=\"178\" title=\"\"><\/p>\n<h4>RC49<\/h4>\n<p>Rohr-Wand-Verbinder 45\u00b0<br \/>\n<!-- notionvc: 551eb328-f611-40b6-bf25-57fbdb725110 --><\/p>\n<p>&nbsp;<\/p>\n<p>Die verstellbare St\u00fctzstange f\u00fcr Duscht\u00fcren SGH-617A verbessert Ihr Duscherlebnis durch die perfekte Kombination aus Funktionalit\u00e4t, Haltbarkeit und \u00c4sthetik.<\/p>","protected":false},"excerpt":{"rendered":"<ul>\n<li>Verstellbare quadratische St\u00fctzstange;<\/li>\n<li>Glas zur Wand 90\u00b0 verstellbar<\/li>\n<li>Einstellbare L\u00e4nge;<\/li>\n<li>Material: Messing und Edelstahl 304<\/li>\n<li>Geeignet f\u00fcr 6\u20138 mm\/10\u201312 mm Glas<\/li>\n<li>Einstellbare L\u00e4nge 600~1000mm<\/li>\n<\/ul>","protected":false},"featured_media":1581,"comment_status":"open","ping_status":"closed","template":"","meta":{"_acf_changed":false},"product_brand":[],"product_cat":[47],"product_tag":[134],"class_list":{"0":"post-1580","1":"product","2":"type-product","3":"status-publish","4":"has-post-thumbnail","6":"product_cat-support-arms-and-bars","7":"product_tag-support-arms-and-bars","8":"pa_finish-brushed-nickel","9":"pa_finish-chrome","10":"pa_finish-gold","11":"pa_finish-gun-metal","12":"pa_finish-black","13":"pa_glass-thickness-suitable-for-6-8mm-10-12mm-glass","14":"pa_material-brass-and-stainless-steel-304","16":"first","17":"instock","18":"product-type-simple"},"acf":[],"_links":{"self":[{"href":"https:\/\/showerglasshardware.com\/de-de\/wp-json\/wp\/v2\/product\/1580","targetHints":{"allow":["GET"]}}],"collection":[{"href":"https:\/\/showerglasshardware.com\/de-de\/wp-json\/wp\/v2\/product"}],"about":[{"href":"https:\/\/showerglasshardware.com\/de-de\/wp-json\/wp\/v2\/types\/product"}],"replies":[{"embeddable":true,"href":"https:\/\/showerglasshardware.com\/de-de\/wp-json\/wp\/v2\/comments?post=1580"}],"version-history":[{"count":5,"href":"https:\/\/showerglasshardware.com\/de-de\/wp-json\/wp\/v2\/product\/1580\/revisions"}],"predecessor-version":[{"id":4652,"href":"https:\/\/showerglasshardware.com\/de-de\/wp-json\/wp\/v2\/product\/1580\/revisions\/4652"}],"wp:featuredmedia":[{"embeddable":true,"href":"https:\/\/showerglasshardware.com\/de-de\/wp-json\/wp\/v2\/media\/1581"}],"wp:attachment":[{"href":"https:\/\/showerglasshardware.com\/de-de\/wp-json\/wp\/v2\/media?parent=1580"}],"wp:term":[{"taxonomy":"product_brand","embeddable":true,"href":"https:\/\/showerglasshardware.com\/de-de\/wp-json\/wp\/v2\/product_brand?post=1580"},{"taxonomy":"product_cat","embeddable":true,"href":"https:\/\/showerglasshardware.com\/de-de\/wp-json\/wp\/v2\/product_cat?post=1580"},{"taxonomy":"product_tag","embeddable":true,"href":"https:\/\/showerglasshardware.com\/de-de\/wp-json\/wp\/v2\/product_tag?post=1580"}],"curies":[{"name":"wp","href":"https:\/\/api.w.org\/{rel}","templated":true}]}}