{"id":1596,"date":"2024-05-15T06:07:19","date_gmt":"2024-05-15T06:07:19","guid":{"rendered":"https:\/\/showerglasshardware.com\/?post_type=product&#038;p=1596"},"modified":"2024-12-17T09:36:23","modified_gmt":"2024-12-17T09:36:23","slug":"glass-to-glass-adjustable-shower-door-support-bar-square-tube-sgh-617d","status":"publish","type":"product","link":"https:\/\/showerglasshardware.com\/de-de\/product\/glass-to-glass-adjustable-shower-door-support-bar-square-tube-sgh-617d\/","title":{"rendered":"Verstellbare St\u00fctzstange f\u00fcr Duscht\u00fcren von Glas zu Glas | Vierkantrohr | SGH-617D"},"content":{"rendered":"<div data-elementor-type=\"product-post\" data-elementor-id=\"1596\" class=\"elementor elementor-1596\" data-elementor-post-type=\"product\">\n\t\t\t\t<div class=\"elementor-element elementor-element-647e729 e-flex e-con-boxed e-con e-parent\" data-id=\"647e729\" data-element_type=\"container\" data-e-type=\"container\">\n\t\t\t\t\t<div class=\"e-con-inner\">\n\t\t\t\t<div class=\"elementor-element elementor-element-38d5889 elementor-widget elementor-widget-text-editor\" data-id=\"38d5889\" data-element_type=\"widget\" data-e-type=\"widget\" data-widget_type=\"text-editor.default\">\n\t\t\t\t\t\t\t\t\t<p>Die verstellbare Glas-Glas-St\u00fctzstange f\u00fcr Duscht\u00fcren SGH-617D wird Ihre Duschkabine aufwerten. Diese St\u00fctzstange aus robustem Messing und Edelstahl 304 verleiht Ihrer Duscht\u00fcrinstallation sowohl St\u00e4rke als auch Stil.<\/p>\t\t\t\t\t\t\t\t<\/div>\n\t\t\t\t\t<\/div>\n\t\t\t\t<\/div>\n\t\t<div class=\"elementor-element elementor-element-c560227 e-flex e-con-boxed e-con e-parent\" data-id=\"c560227\" data-element_type=\"container\" data-e-type=\"container\">\n\t\t\t\t\t<div class=\"e-con-inner\">\n\t\t\t\t<div class=\"elementor-element elementor-element-cadd8a6 elementor-widget elementor-widget-text-editor\" data-id=\"cadd8a6\" data-element_type=\"widget\" data-e-type=\"widget\" data-widget_type=\"text-editor.default\">\n\t\t\t\t\t\t\t\t\t<p>Diese St\u00fctzstange bietet Freiheit bei der Installation, da sie f\u00fcr eine 90\u00b0-Wechselkonfiguration von Glas zu Glas ausgelegt ist. Sie ist f\u00fcr Glasst\u00e4rken von 6 mm bis 8 mm oder 10 mm bis 12 mm geeignet.<\/p>\t\t\t\t\t\t\t\t<\/div>\n\t\t\t\t<div class=\"elementor-element elementor-element-eabd46a elementor-widget elementor-widget-text-editor\" data-id=\"eabd46a\" data-element_type=\"widget\" data-e-type=\"widget\" data-widget_type=\"text-editor.default\">\n\t\t\t\t\t\t\t\t\t<p>Die L\u00e4nge dieser St\u00fctzstange kann genau an Ihre Anforderungen angepasst werden, sodass eine perfekte Passform f\u00fcr Ihre Duschkabine gew\u00e4hrleistet ist. Mit der verstellbaren Glas-Glas-St\u00fctzstange f\u00fcr Duscht\u00fcren SGH-617D k\u00f6nnen Sie m\u00fchelos Haltbarkeit, Funktionalit\u00e4t und \u00c4sthetik kombinieren und so Ihr Duscherlebnis verbessern.<\/p>\t\t\t\t\t\t\t\t<\/div>\n\t\t\t\t\t<\/div>\n\t\t\t\t<\/div>\n\t\t\t\t<\/div>","protected":false},"excerpt":{"rendered":"<ul>\n<li>Die L\u00e4nge kann kundenspezifisch angepasst werden<\/li>\n<li>Material: Messing und Edelstahl 304<\/li>\n<li>Typ: Duscht\u00fcr-St\u00fctzstange<\/li>\n<li>Stil: Glas zu Glas 90 \u00b0 einstellbar<\/li>\n<li>Glasdicke: Geeignet f\u00fcr 6\u20138 mm\/10\u201312 mm Glas<\/li>\n<\/ul>","protected":false},"featured_media":1581,"comment_status":"open","ping_status":"closed","template":"","meta":{"_acf_changed":false},"product_brand":[],"product_cat":[47],"product_tag":[134],"class_list":{"0":"post-1596","1":"product","2":"type-product","3":"status-publish","4":"has-post-thumbnail","6":"product_cat-support-arms-and-bars","7":"product_tag-support-arms-and-bars","8":"pa_finish-brushed-nickel","9":"pa_finish-chrome","10":"pa_finish-gold","11":"pa_finish-gun-metal","12":"pa_finish-black","13":"pa_glass-thickness-suitable-for-6-8mm-10-12mm-glass","14":"pa_material-brass-and-stainless-steel-304","16":"first","17":"instock","18":"product-type-simple"},"acf":[],"_links":{"self":[{"href":"https:\/\/showerglasshardware.com\/de-de\/wp-json\/wp\/v2\/product\/1596","targetHints":{"allow":["GET"]}}],"collection":[{"href":"https:\/\/showerglasshardware.com\/de-de\/wp-json\/wp\/v2\/product"}],"about":[{"href":"https:\/\/showerglasshardware.com\/de-de\/wp-json\/wp\/v2\/types\/product"}],"replies":[{"embeddable":true,"href":"https:\/\/showerglasshardware.com\/de-de\/wp-json\/wp\/v2\/comments?post=1596"}],"version-history":[{"count":1,"href":"https:\/\/showerglasshardware.com\/de-de\/wp-json\/wp\/v2\/product\/1596\/revisions"}],"predecessor-version":[{"id":4052,"href":"https:\/\/showerglasshardware.com\/de-de\/wp-json\/wp\/v2\/product\/1596\/revisions\/4052"}],"wp:featuredmedia":[{"embeddable":true,"href":"https:\/\/showerglasshardware.com\/de-de\/wp-json\/wp\/v2\/media\/1581"}],"wp:attachment":[{"href":"https:\/\/showerglasshardware.com\/de-de\/wp-json\/wp\/v2\/media?parent=1596"}],"wp:term":[{"taxonomy":"product_brand","embeddable":true,"href":"https:\/\/showerglasshardware.com\/de-de\/wp-json\/wp\/v2\/product_brand?post=1596"},{"taxonomy":"product_cat","embeddable":true,"href":"https:\/\/showerglasshardware.com\/de-de\/wp-json\/wp\/v2\/product_cat?post=1596"},{"taxonomy":"product_tag","embeddable":true,"href":"https:\/\/showerglasshardware.com\/de-de\/wp-json\/wp\/v2\/product_tag?post=1596"}],"curies":[{"name":"wp","href":"https:\/\/api.w.org\/{rel}","templated":true}]}}