{"id":1604,"date":"2024-05-15T06:59:06","date_gmt":"2024-05-15T06:59:06","guid":{"rendered":"https:\/\/showerglasshardware.com\/?post_type=product&#038;p=1604"},"modified":"2024-07-06T02:29:12","modified_gmt":"2024-07-06T02:29:12","slug":"electric-towel-warmer-plug-in-square-tube-sgh-9005","status":"publish","type":"product","link":"https:\/\/showerglasshardware.com\/de-de\/product\/electric-towel-warmer-plug-in-square-tube-sgh-9005\/","title":{"rendered":"Elektrischer Handtuchw\u00e4rmer Plug-in Vierkantrohr SGH-9005"},"content":{"rendered":"<p>Werten Sie Ihr Badezimmer mit dem elektrischen Handtuchw\u00e4rmer Plug-in Square Tube SGH-9005 auf. Dieser aus Edelstahl gefertigte Handtuchw\u00e4rmer verleiht Ihrem Badezimmer sowohl Funktionalit\u00e4t als auch Stil.<\/p>\n<p>Mit einer Wasserdichtigkeitsklasse von IP56 ist dieser Handtuchw\u00e4rmer so konzipiert, dass er der Feuchtigkeit im Badezimmer standh\u00e4lt. Er hat eine Nennleistung von 88 W und ist sowohl in den Ausf\u00fchrungen 200 V als auch 110 V erh\u00e4ltlich, passend zu Ihrem Stromsystem. Die Stromfrequenz betr\u00e4gt 50 Hz und er erreicht eine Temperatur von 45 \u00b0C \u00b1 5, was f\u00fcr ein warmes und angenehmes Gef\u00fchl f\u00fcr Ihre Handt\u00fccher sorgt.<\/p>\n<p>Der Handtuchw\u00e4rmer hat eine schnelle Aufw\u00e4rmzeit von 5 Minuten, sodass Ihre Handt\u00fccher einsatzbereit sind, wenn Sie sie brauchen. Er hat ein Nettogewicht von 3,2 kg und ein Bruttogewicht von 4,2 kg. Der Stecker ist so konzipiert, dass er mit dem in Ihrem Land verwendeten Stecker kompatibel ist, was eine bequeme und einfache Verwendung erm\u00f6glicht.<\/p>\n<p>Dieser Handtuchw\u00e4rmer ist CE-, ROHS-, SAA- und anderen relevanten Zertifikaten zertifiziert, die seine Sicherheit und Qualit\u00e4t gew\u00e4hrleisten. Werten Sie Ihr Badezimmer mit dem elektrischen Handtuchw\u00e4rmer Plug-in Square Tube SGH-9005 auf und verleihen Sie Ihrem Alltag einen Hauch von Luxus und Komfort.<\/p>","protected":false},"excerpt":{"rendered":"<ul>\n<li>Material: Edelstahl<\/li>\n<li>Wasserdicht: IP56<\/li>\n<li>Leistung: 88W<\/li>\n<li>Spannung: 200 V\/110 V<\/li>\n<li>Netzfrequenz: 50 Hz<\/li>\n<li>Temperatur: 45\u00b0C\u00b15<\/li>\n<li>Aufw\u00e4rmzeit: 5min<\/li>\n<li>Nettogewicht\/Gewicht: 3,2\/4,2 kg<\/li>\n<li>Stecker: Wie der in Ihrem Land verwendete Stecker<\/li>\n<li>Zertifikat: CE, ROHS, SAA, ETC.<\/li>\n<\/ul>","protected":false},"featured_media":1605,"comment_status":"open","ping_status":"closed","template":"","meta":{"_acf_changed":false},"product_brand":[],"product_cat":[95],"product_tag":[],"class_list":{"0":"post-1604","1":"product","2":"type-product","3":"status-publish","4":"has-post-thumbnail","6":"product_cat-electric-towel-warmer","7":"pa_material-304-stainless-steel","9":"first","10":"instock","11":"purchasable","12":"product-type-variable"},"acf":[],"_links":{"self":[{"href":"https:\/\/showerglasshardware.com\/de-de\/wp-json\/wp\/v2\/product\/1604","targetHints":{"allow":["GET"]}}],"collection":[{"href":"https:\/\/showerglasshardware.com\/de-de\/wp-json\/wp\/v2\/product"}],"about":[{"href":"https:\/\/showerglasshardware.com\/de-de\/wp-json\/wp\/v2\/types\/product"}],"replies":[{"embeddable":true,"href":"https:\/\/showerglasshardware.com\/de-de\/wp-json\/wp\/v2\/comments?post=1604"}],"version-history":[{"count":0,"href":"https:\/\/showerglasshardware.com\/de-de\/wp-json\/wp\/v2\/product\/1604\/revisions"}],"wp:featuredmedia":[{"embeddable":true,"href":"https:\/\/showerglasshardware.com\/de-de\/wp-json\/wp\/v2\/media\/1605"}],"wp:attachment":[{"href":"https:\/\/showerglasshardware.com\/de-de\/wp-json\/wp\/v2\/media?parent=1604"}],"wp:term":[{"taxonomy":"product_brand","embeddable":true,"href":"https:\/\/showerglasshardware.com\/de-de\/wp-json\/wp\/v2\/product_brand?post=1604"},{"taxonomy":"product_cat","embeddable":true,"href":"https:\/\/showerglasshardware.com\/de-de\/wp-json\/wp\/v2\/product_cat?post=1604"},{"taxonomy":"product_tag","embeddable":true,"href":"https:\/\/showerglasshardware.com\/de-de\/wp-json\/wp\/v2\/product_tag?post=1604"}],"curies":[{"name":"wp","href":"https:\/\/api.w.org\/{rel}","templated":true}]}}