{"id":237,"date":"2024-03-22T02:56:19","date_gmt":"2024-03-22T02:56:19","guid":{"rendered":"https:\/\/showerglasshardware.com\/?post_type=product&#038;p=237"},"modified":"2025-11-21T03:54:02","modified_gmt":"2025-11-21T03:54:02","slug":"90-degree-adjustable-brass-glass-to-wall-hinge-ac1601a","status":"publish","type":"product","link":"https:\/\/showerglasshardware.com\/de-de\/product\/90-degree-adjustable-brass-glass-to-wall-hinge-ac1601a\/","title":{"rendered":"90 Grad verstellbares Messing-Glas-Wandscharnier SD1601A"},"content":{"rendered":"<p data-start=\"462\" data-end=\"637\">Der SD1601A<strong data-start=\"466\" data-end=\"531\"> 90\u00b0 verstellbares Glas-Wand-Scharnier aus Messing<\/strong> wurde f\u00fcr Pr\u00e4zision, Langlebigkeit und ein elegantes, modernes Erscheinungsbild bei rahmenlosen Duschanlagen entwickelt.<\/p>\n<p data-start=\"639\" data-end=\"867\">Gefertigt aus <strong data-start=\"652\" data-end=\"667\">massives Messing<\/strong>Dieses Scharnier ist kompatibel mit <strong data-start=\"699\" data-end=\"720\">6-8 mm dickes Glas<\/strong> und bietet eine <strong data-start=\"737\" data-end=\"758\">variable Bauweise<\/strong> f\u00fcr eine pr\u00e4zise T\u00fcrausrichtung. Die <strong data-start=\"791\" data-end=\"812\">dekorative Abdeckungen<\/strong> verbergen die Befestigungselemente f\u00fcr ein sauberes, raffiniertes Aussehen.<\/p>\n<p data-start=\"869\" data-end=\"1121\">Mit einem <strong data-start=\"876\" data-end=\"914\">Selbstschlie\u00dfende Funktion bei etwa 30\u00b0<\/strong>Die Scharniere sorgen f\u00fcr einen reibungslosen Betrieb der T\u00fcr und halten gleichzeitig das Wasser im Inneren der Duschkabine. Jeder Satz von zwei Scharnieren unterst\u00fctzt bis zu <strong data-start=\"1044\" data-end=\"1052\">35kg<\/strong>und eignet sich damit sowohl f\u00fcr private als auch f\u00fcr gewerbliche Anwendungen.<\/p>\n<p data-start=\"1123\" data-end=\"1142\"><strong data-start=\"1123\" data-end=\"1140\">Hauptmerkmale:<\/strong><\/p>\n<ul data-start=\"1143\" data-end=\"1634\">\n<li data-start=\"1143\" data-end=\"1203\">\n<p data-start=\"1145\" data-end=\"1203\"><strong data-start=\"1145\" data-end=\"1154\">Typ:<\/strong> 90\u00b0 verstellbares Glas-Wand-Scharnier mit Abdeckungen<\/p>\n<\/li>\n<li data-start=\"1204\" data-end=\"1271\">\n<p data-start=\"1206\" data-end=\"1271\"><strong data-start=\"1206\" data-end=\"1219\">Material:<\/strong> Massives Messing f\u00fcr Korrosionsbest\u00e4ndigkeit und St\u00e4rke<\/p>\n<\/li>\n<li data-start=\"1272\" data-end=\"1323\">\n<p data-start=\"1274\" data-end=\"1323\"><strong data-start=\"1274\" data-end=\"1298\">Glaskompatibilit\u00e4t:<\/strong> Geeignet f\u00fcr 6-8 mm dickes Glas<\/p>\n<\/li>\n<li data-start=\"1324\" data-end=\"1381\">\n<p data-start=\"1326\" data-end=\"1381\"><strong data-start=\"1326\" data-end=\"1344\">Tragf\u00e4higkeit:<\/strong> Unterst\u00fctzt bis zu 35 kg pro zwei Scharniere<\/p>\n<\/li>\n<li data-start=\"1382\" data-end=\"1437\">\n<p data-start=\"1384\" data-end=\"1437\"><strong data-start=\"1384\" data-end=\"1401\">Selbstschlie\u00dfend:<\/strong> Schlie\u00dft sich automatisch bei etwa 30\u00b0<\/p>\n<\/li>\n<li data-start=\"1438\" data-end=\"1498\">\n<p data-start=\"1440\" data-end=\"1498\"><strong data-start=\"1440\" data-end=\"1451\">Entwurf:<\/strong> Einstellbarer Scharnierwinkel f\u00fcr perfekte Ausrichtung<\/p>\n<\/li>\n<li data-start=\"1499\" data-end=\"1562\">\n<p data-start=\"1501\" data-end=\"1562\"><strong data-start=\"1501\" data-end=\"1512\">Abdeckungen:<\/strong> Dekorative Platten verbergen Schrauben f\u00fcr ein sauberes Finish<\/p>\n<\/li>\n<li data-start=\"1563\" data-end=\"1634\">\n<p data-start=\"1565\" data-end=\"1634\"><strong data-start=\"1565\" data-end=\"1582\">Anwendungen:<\/strong> Rahmenlose Duscht\u00fcren in Wohnungen, Hotels und Spas<\/p>\n<\/li>\n<\/ul>\n<p data-start=\"1636\" data-end=\"1657\"><strong data-start=\"1636\" data-end=\"1655\">Spezifikationen:<\/strong><\/p>\n<ul data-start=\"1658\" data-end=\"1947\">\n<li data-start=\"1658\" data-end=\"1681\">\n<p data-start=\"1660\" data-end=\"1681\"><strong data-start=\"1660\" data-end=\"1670\">Modell:<\/strong> SD1601A<\/p>\n<\/li>\n<li data-start=\"1682\" data-end=\"1731\">\n<p data-start=\"1684\" data-end=\"1731\"><strong data-start=\"1684\" data-end=\"1693\">Typ:<\/strong> Glas-Wand-Scharnier, 90\u00b0 verstellbar<\/p>\n<\/li>\n<li data-start=\"1732\" data-end=\"1755\">\n<p data-start=\"1734\" data-end=\"1755\"><strong data-start=\"1734\" data-end=\"1747\">Material:<\/strong> Messing<\/p>\n<\/li>\n<li data-start=\"1756\" data-end=\"1791\">\n<p data-start=\"1758\" data-end=\"1791\"><strong data-start=\"1758\" data-end=\"1783\">Passt zur Glasdicke:<\/strong> 6-8mm<\/p>\n<\/li>\n<li data-start=\"1792\" data-end=\"1826\">\n<p data-start=\"1794\" data-end=\"1826\"><strong data-start=\"1794\" data-end=\"1812\">Tragf\u00e4higkeit:<\/strong> 35kg \/ 2St\u00fcck<\/p>\n<\/li>\n<li data-start=\"1827\" data-end=\"1859\">\n<p data-start=\"1829\" data-end=\"1859\"><strong data-start=\"1829\" data-end=\"1852\">Selbstschlie\u00dfender Winkel:<\/strong> ~30\u00b0<\/p>\n<\/li>\n<li data-start=\"1860\" data-end=\"1947\">\n<p data-start=\"1862\" data-end=\"1947\"><strong data-start=\"1862\" data-end=\"1881\">Ausf\u00fchrungsoptionen:<\/strong> Chrom, Nickel geb\u00fcrstet, Gold, Schwarz matt, Gun Metal (optional)<\/p>\n<\/li>\n<\/ul>\n<h2 id=\"tablepress-6-name\" class=\"tablepress-table-name tablepress-table-name-id-6\">Messing-Duscht\u00fcrklammern SD16xx Serie<\/h2>\n\n<table id=\"tablepress-6\" class=\"tablepress tablepress-id-6\" aria-labelledby=\"tablepress-6-name\">\n<thead>\n<tr class=\"row-1\">\n\t<th class=\"column-1\"><strong>Modell<\/strong><\/th><th class=\"column-2\"><strong>Bild<\/strong><\/th><th class=\"column-3\"><strong>Montageart<\/strong><\/th><th class=\"column-4\"><strong>Abschlusstyp<\/strong><\/th><th class=\"column-5\"><strong>Einstellbar<\/strong><\/th><th class=\"column-6\"><strong>Besonderheit<\/strong><\/th>\n<\/tr>\n<\/thead>\n<tbody class=\"row-striping row-hover\">\n<tr class=\"row-2\">\n\t<td class=\"column-1\"><a href=\"https:\/\/showerglasshardware.com\/de-de\/product\/90-degree-adjustable-brass-glass-to-wall-hinge-ac1601a\/\">SD1601A<\/a><\/td><td class=\"column-2\"><a href=\"https:\/\/showerglasshardware.com\/wp-content\/uploads\/2024\/05\/1601-5.jpg\"><img decoding=\"async\" src=\"https:\/\/showerglasshardware.com\/wp-content\/uploads\/2024\/05\/1601-5-300x300.jpg\" alt=\"90-Grad-verstellbares Messingscharnier f\u00fcr Glas an der Wand in mattem Schwarz\" width=\"60\" height=\"60\" class=\"alignnone size-medium wp-image-1846\" title=\"\" srcset=\"https:\/\/showerglasshardware.com\/wp-content\/uploads\/2024\/05\/1601-5-300x300.jpg 300w, https:\/\/showerglasshardware.com\/wp-content\/uploads\/2024\/05\/1601-5-100x100.jpg 100w, https:\/\/showerglasshardware.com\/wp-content\/uploads\/2024\/05\/1601-5-600x600.jpg 600w, https:\/\/showerglasshardware.com\/wp-content\/uploads\/2024\/05\/1601-5-150x150.jpg 150w, https:\/\/showerglasshardware.com\/wp-content\/uploads\/2024\/05\/1601-5-768x768.jpg 768w, https:\/\/showerglasshardware.com\/wp-content\/uploads\/2024\/05\/1601-5-12x12.jpg 12w, https:\/\/showerglasshardware.com\/wp-content\/uploads\/2024\/05\/1601-5.jpg 800w\" sizes=\"(max-width: 60px) 100vw, 60px\" \/><\/a><\/td><td class=\"column-3\">Glas zu Wand 90\u00b0 Vollplatte<\/td><td class=\"column-4\">Selbstschlie\u00dfend bei etwa 30\u00b0<\/td><td class=\"column-5\">Ja<\/td><td class=\"column-6\">Mit Abdeckung<\/td>\n<\/tr>\n<tr class=\"row-3\">\n\t<td class=\"column-1\"><a href=\"https:\/\/showerglasshardware.com\/de-de\/product\/glass-to-wall-series-shower-glass-door-offset-hinge-brass-90\/\">SD1601L<\/a><\/td><td class=\"column-2\"><a href=\"https:\/\/showerglasshardware.com\/wp-content\/uploads\/2024\/04\/1601-5.jpg\"><img decoding=\"async\" src=\"https:\/\/showerglasshardware.com\/wp-content\/uploads\/2024\/04\/1601-5-300x300.jpg\" alt=\"Versetztes Messingscharnier f\u00fcr Glasduscht\u00fcr im 90 Grad Winkel\" width=\"60\" height=\"60\" class=\"alignnone size-medium wp-image-1994\" title=\"\" srcset=\"https:\/\/showerglasshardware.com\/wp-content\/uploads\/2024\/04\/1601-5-300x300.jpg 300w, https:\/\/showerglasshardware.com\/wp-content\/uploads\/2024\/04\/1601-5-100x100.jpg 100w, https:\/\/showerglasshardware.com\/wp-content\/uploads\/2024\/04\/1601-5-600x600.jpg 600w, https:\/\/showerglasshardware.com\/wp-content\/uploads\/2024\/04\/1601-5-150x150.jpg 150w, https:\/\/showerglasshardware.com\/wp-content\/uploads\/2024\/04\/1601-5-768x768.jpg 768w, https:\/\/showerglasshardware.com\/wp-content\/uploads\/2024\/04\/1601-5-12x12.jpg 12w, https:\/\/showerglasshardware.com\/wp-content\/uploads\/2024\/04\/1601-5.jpg 800w\" sizes=\"(max-width: 60px) 100vw, 60px\" \/><\/a><\/td><td class=\"column-3\">Glas-Wand-Versatzplatte 90\u00b0<\/td><td class=\"column-4\">Selbstschlie\u00dfend bei etwa 30\u00b0<\/td><td class=\"column-5\">Ja<\/td><td class=\"column-6\">Mit Abdeckung<\/td>\n<\/tr>\n<tr class=\"row-4\">\n\t<td class=\"column-1\"><a href=\"https:\/\/showerglasshardware.com\/de-de\/product\/90-degree-glass-to-glass-spring-hinges-sgh-1602\/\">SD1602<\/a><\/td><td class=\"column-2\"><a href=\"https:\/\/showerglasshardware.com\/wp-content\/uploads\/2024\/05\/1602-5.jpg\"><img decoding=\"async\" src=\"https:\/\/showerglasshardware.com\/wp-content\/uploads\/2024\/05\/1602-5-300x300.jpg\" alt=\"Mattschwarze Scharnierfedern f\u00fcr rahmenlose Duscht\u00fcren\" width=\"60\" height=\"60\" class=\"alignnone size-medium wp-image-1897\" title=\"\" srcset=\"https:\/\/showerglasshardware.com\/wp-content\/uploads\/2024\/05\/1602-5-300x300.jpg 300w, https:\/\/showerglasshardware.com\/wp-content\/uploads\/2024\/05\/1602-5-100x100.jpg 100w, https:\/\/showerglasshardware.com\/wp-content\/uploads\/2024\/05\/1602-5-600x600.jpg 600w, https:\/\/showerglasshardware.com\/wp-content\/uploads\/2024\/05\/1602-5-150x150.jpg 150w, https:\/\/showerglasshardware.com\/wp-content\/uploads\/2024\/05\/1602-5-768x768.jpg 768w, https:\/\/showerglasshardware.com\/wp-content\/uploads\/2024\/05\/1602-5-12x12.jpg 12w, https:\/\/showerglasshardware.com\/wp-content\/uploads\/2024\/05\/1602-5.jpg 800w\" sizes=\"(max-width: 60px) 100vw, 60px\" \/><\/a><\/td><td class=\"column-3\">Glas-zu-Glas 90\u00b0<\/td><td class=\"column-4\">Selbstschlie\u00dfend bei etwa 30\u00b0<\/td><td class=\"column-5\">Ja<\/td><td class=\"column-6\">Mit Abdeckung<\/td>\n<\/tr>\n<tr class=\"row-5\">\n\t<td class=\"column-1\"><a href=\"https:\/\/showerglasshardware.com\/de-de\/product\/135-degree-glass-to-glass-spring-hinges-sgh-1603\/\">SD1603<\/a><\/td><td class=\"column-2\"><a href=\"https:\/\/showerglasshardware.com\/wp-content\/uploads\/2024\/03\/1603-5.jpg\"><img loading=\"lazy\" decoding=\"async\" src=\"https:\/\/showerglasshardware.com\/wp-content\/uploads\/2024\/03\/1603-5-300x300.jpg\" alt=\"Glas-Glas-T\u00fcr-Federscharnier Modell SGH-1603\" width=\"60\" height=\"60\" class=\"alignnone size-medium wp-image-1881\" title=\"\" srcset=\"https:\/\/showerglasshardware.com\/wp-content\/uploads\/2024\/03\/1603-5-300x300.jpg 300w, https:\/\/showerglasshardware.com\/wp-content\/uploads\/2024\/03\/1603-5-100x100.jpg 100w, https:\/\/showerglasshardware.com\/wp-content\/uploads\/2024\/03\/1603-5-600x600.jpg 600w, https:\/\/showerglasshardware.com\/wp-content\/uploads\/2024\/03\/1603-5-150x150.jpg 150w, https:\/\/showerglasshardware.com\/wp-content\/uploads\/2024\/03\/1603-5-768x768.jpg 768w, https:\/\/showerglasshardware.com\/wp-content\/uploads\/2024\/03\/1603-5-12x12.jpg 12w, https:\/\/showerglasshardware.com\/wp-content\/uploads\/2024\/03\/1603-5.jpg 800w\" sizes=\"(max-width: 60px) 100vw, 60px\" \/><\/a><\/td><td class=\"column-3\">Glas zu Glas 135\u00b0<\/td><td class=\"column-4\">Selbstschlie\u00dfend bei etwa 30\u00b0<\/td><td class=\"column-5\">Ja<\/td><td class=\"column-6\">Mit Abdeckung<\/td>\n<\/tr>\n<tr class=\"row-6\">\n\t<td class=\"column-1\"><a href=\"https:\/\/showerglasshardware.com\/de-de\/product\/180-glass-to-glass-spring-hinges-brass-sgh-1064\/\">SD1604<\/a><\/td><td class=\"column-2\"><a href=\"https:\/\/showerglasshardware.com\/wp-content\/uploads\/2024\/03\/GHC1604A-6.jpg\"><img loading=\"lazy\" decoding=\"async\" src=\"https:\/\/showerglasshardware.com\/wp-content\/uploads\/2024\/03\/GHC1604A-6-300x300.jpg\" alt=\"Federscharnier aus Messing, das die Glasscheiben in einem Winkel von 180 Grad verbindet\" width=\"60\" height=\"60\" class=\"alignnone size-medium wp-image-1876\" title=\"\" srcset=\"https:\/\/showerglasshardware.com\/wp-content\/uploads\/2024\/03\/GHC1604A-6-300x300.jpg 300w, https:\/\/showerglasshardware.com\/wp-content\/uploads\/2024\/03\/GHC1604A-6-100x100.jpg 100w, https:\/\/showerglasshardware.com\/wp-content\/uploads\/2024\/03\/GHC1604A-6-600x600.jpg 600w, https:\/\/showerglasshardware.com\/wp-content\/uploads\/2024\/03\/GHC1604A-6-150x150.jpg 150w, https:\/\/showerglasshardware.com\/wp-content\/uploads\/2024\/03\/GHC1604A-6-768x768.jpg 768w, https:\/\/showerglasshardware.com\/wp-content\/uploads\/2024\/03\/GHC1604A-6-12x12.jpg 12w, https:\/\/showerglasshardware.com\/wp-content\/uploads\/2024\/03\/GHC1604A-6.jpg 800w\" sizes=\"(max-width: 60px) 100vw, 60px\" \/><\/a><\/td><td class=\"column-3\">Glas zu Glas 180\u00b0<\/td><td class=\"column-4\">Selbstschlie\u00dfend bei etwa 30\u00b0<\/td><td class=\"column-5\">Ja<\/td><td class=\"column-6\">Mit Abdeckung<\/td>\n<\/tr>\n<tr class=\"row-7\">\n\t<td class=\"column-1\"><a href=\"https:\/\/showerglasshardware.com\/de-de\/product\/180-degree-glass-to-wall-spring-hinges-sgh-1605\/\">SD1605<\/a><\/td><td class=\"column-2\"><a href=\"https:\/\/showerglasshardware.com\/wp-content\/uploads\/2024\/03\/1605-5.jpg\"><img loading=\"lazy\" decoding=\"async\" src=\"https:\/\/showerglasshardware.com\/wp-content\/uploads\/2024\/03\/1605-5-300x300.jpg\" alt=\"Federscharnier zwischen Glas und Wand in einer 180-Grad-\u00d6ffnungsposition\" width=\"60\" height=\"60\" class=\"alignnone size-medium wp-image-1902\" title=\"\" srcset=\"https:\/\/showerglasshardware.com\/wp-content\/uploads\/2024\/03\/1605-5-300x300.jpg 300w, https:\/\/showerglasshardware.com\/wp-content\/uploads\/2024\/03\/1605-5-100x100.jpg 100w, https:\/\/showerglasshardware.com\/wp-content\/uploads\/2024\/03\/1605-5-600x600.jpg 600w, https:\/\/showerglasshardware.com\/wp-content\/uploads\/2024\/03\/1605-5-150x150.jpg 150w, https:\/\/showerglasshardware.com\/wp-content\/uploads\/2024\/03\/1605-5-768x768.jpg 768w, https:\/\/showerglasshardware.com\/wp-content\/uploads\/2024\/03\/1605-5-12x12.jpg 12w, https:\/\/showerglasshardware.com\/wp-content\/uploads\/2024\/03\/1605-5.jpg 800w\" sizes=\"(max-width: 60px) 100vw, 60px\" \/><\/a><\/td><td class=\"column-3\">Glas zur Wand 180\u00b0<\/td><td class=\"column-4\">Selbstschlie\u00dfend bei etwa 30\u00b0<\/td><td class=\"column-5\">Ja<\/td><td class=\"column-6\">Mit Abdeckung<\/td>\n<\/tr>\n<\/tbody>\n<\/table>\n<!-- #tablepress-6 from cache -->","protected":false},"excerpt":{"rendered":"<ul>\n<li>Einstellbar mit Abdeckungen<\/li>\n<li>Messingmaterial<\/li>\n<li>Glasdicke 6-8mm<\/li>\n<li>Selbstschlie\u00dfend bei etwa 30\u00b0<\/li>\n<li>Maximales Gewicht der Glast\u00fcr 35kg \/2 Scharniere<\/li>\n<\/ul>","protected":false},"featured_media":2428,"comment_status":"closed","ping_status":"closed","template":"","meta":{"_acf_changed":false},"product_brand":[],"product_cat":[20,21],"product_tag":[131],"class_list":{"0":"post-237","1":"product","2":"type-product","3":"status-publish","4":"has-post-thumbnail","6":"product_cat-shower-door-hinges","7":"product_cat-glass-to-wall-hinges","8":"product_tag-wall-mount-hinges","9":"pa_closing-type-self-closing-at-about-30","10":"pa_finish-brushed-nickel","11":"pa_finish-chrome","12":"pa_finish-gold","13":"pa_finish-gun-metal","14":"pa_finish-black","15":"pa_glass-thickness-1-2-inch-12mm","16":"pa_glass-thickness-1-4-inch-6mm","17":"pa_glass-thickness-3-8-inch-10mm","18":"pa_glass-thickness-5-16-inch-8mm","19":"pa_hinge-swings-30","20":"pa_load-bearing-35kg-2pcs","21":"pa_material-brass","22":"pa_size-585978mm","24":"first","25":"instock","26":"purchasable","27":"product-type-variable","28":"has-default-attributes"},"acf":[],"_links":{"self":[{"href":"https:\/\/showerglasshardware.com\/de-de\/wp-json\/wp\/v2\/product\/237","targetHints":{"allow":["GET"]}}],"collection":[{"href":"https:\/\/showerglasshardware.com\/de-de\/wp-json\/wp\/v2\/product"}],"about":[{"href":"https:\/\/showerglasshardware.com\/de-de\/wp-json\/wp\/v2\/types\/product"}],"replies":[{"embeddable":true,"href":"https:\/\/showerglasshardware.com\/de-de\/wp-json\/wp\/v2\/comments?post=237"}],"version-history":[{"count":13,"href":"https:\/\/showerglasshardware.com\/de-de\/wp-json\/wp\/v2\/product\/237\/revisions"}],"predecessor-version":[{"id":4894,"href":"https:\/\/showerglasshardware.com\/de-de\/wp-json\/wp\/v2\/product\/237\/revisions\/4894"}],"wp:featuredmedia":[{"embeddable":true,"href":"https:\/\/showerglasshardware.com\/de-de\/wp-json\/wp\/v2\/media\/2428"}],"wp:attachment":[{"href":"https:\/\/showerglasshardware.com\/de-de\/wp-json\/wp\/v2\/media?parent=237"}],"wp:term":[{"taxonomy":"product_brand","embeddable":true,"href":"https:\/\/showerglasshardware.com\/de-de\/wp-json\/wp\/v2\/product_brand?post=237"},{"taxonomy":"product_cat","embeddable":true,"href":"https:\/\/showerglasshardware.com\/de-de\/wp-json\/wp\/v2\/product_cat?post=237"},{"taxonomy":"product_tag","embeddable":true,"href":"https:\/\/showerglasshardware.com\/de-de\/wp-json\/wp\/v2\/product_tag?post=237"}],"curies":[{"name":"wp","href":"https:\/\/api.w.org\/{rel}","templated":true}]}}