{"id":241,"date":"2024-03-22T03:11:29","date_gmt":"2024-03-22T03:11:29","guid":{"rendered":"https:\/\/showerglasshardware.com\/?post_type=product&#038;p=241"},"modified":"2025-11-21T03:50:35","modified_gmt":"2025-11-21T03:50:35","slug":"glass-door-spring-hinge-brass-90-degrees-a101b","status":"publish","type":"product","link":"https:\/\/showerglasshardware.com\/de-de\/product\/glass-door-spring-hinge-brass-90-degrees-a101b\/","title":{"rendered":"Glast\u00fcr Federscharnier Messing 90 Grad A101B"},"content":{"rendered":"<p data-start=\"435\" data-end=\"643\">Das A101B 90\u00b0 Messingscharnier f\u00fcr Duscht\u00fcren kombiniert zuverl\u00e4ssige Leistung, hohe Belastbarkeit und reibungslosen Selbsteinzug, was es zu einer idealen Wahl f\u00fcr rahmenlose Duschkabinen macht.<\/p>\n<p data-start=\"645\" data-end=\"913\">Dieses aus massivem Messing gefertigte Scharnier ist besonders stabil und korrosionsbest\u00e4ndig und f\u00fcr 8-12 mm dickes Glas geeignet. Der eingebaute Federmechanismus sorgt daf\u00fcr, dass sich die T\u00fcr bei ca. 30\u00b0 selbstt\u00e4tig schlie\u00dft, was die Sicherheit und den Wasserr\u00fcckhalt in der Dusche erh\u00f6ht.<\/p>\n<p data-start=\"915\" data-end=\"1057\">Mit einer Tragf\u00e4higkeit von 45 kg pro zwei Scharnieren bietet der A101B dauerhafte Stabilit\u00e4t f\u00fcr private und gewerbliche Anwendungen.<\/p>\n<p data-start=\"1059\" data-end=\"1078\"><strong data-start=\"1059\" data-end=\"1076\">Hauptmerkmale:<\/strong><\/p>\n<ul data-start=\"1079\" data-end=\"1434\">\n<li data-start=\"1079\" data-end=\"1123\">\n<p data-start=\"1081\" data-end=\"1123\"><strong data-start=\"1081\" data-end=\"1090\">Typ:<\/strong> 90\u00b0 Glas-an-Wand-Federscharnier<\/p>\n<\/li>\n<li data-start=\"1124\" data-end=\"1188\">\n<p data-start=\"1126\" data-end=\"1188\"><strong data-start=\"1126\" data-end=\"1139\">Material:<\/strong> Massives Messing f\u00fcr Haltbarkeit und Rostbest\u00e4ndigkeit<\/p>\n<\/li>\n<li data-start=\"1189\" data-end=\"1241\">\n<p data-start=\"1191\" data-end=\"1241\"><strong data-start=\"1191\" data-end=\"1215\">Glaskompatibilit\u00e4t:<\/strong> Geeignet f\u00fcr 8-12 mm dickes Glas<\/p>\n<\/li>\n<li data-start=\"1242\" data-end=\"1299\">\n<p data-start=\"1244\" data-end=\"1299\"><strong data-start=\"1244\" data-end=\"1262\">Tragf\u00e4higkeit:<\/strong> Unterst\u00fctzt bis zu 45 kg pro zwei Scharniere<\/p>\n<\/li>\n<li data-start=\"1300\" data-end=\"1350\">\n<p data-start=\"1302\" data-end=\"1350\"><strong data-start=\"1302\" data-end=\"1319\">Selbstschlie\u00dfend:<\/strong> Schlie\u00dft sich automatisch bei ~30\u00b0<\/p>\n<\/li>\n<li data-start=\"1351\" data-end=\"1434\">\n<p data-start=\"1353\" data-end=\"1434\"><strong data-start=\"1353\" data-end=\"1370\">Anwendungen:<\/strong> Perfekt f\u00fcr rahmenlose Duscht\u00fcren in Wohnungen, Hotels und Spas<\/p>\n<\/li>\n<\/ul>\n<p data-start=\"1436\" data-end=\"1457\"><strong data-start=\"1436\" data-end=\"1455\">Spezifikationen:<\/strong><\/p>\n<ul data-start=\"1458\" data-end=\"1750\">\n<li data-start=\"1458\" data-end=\"1478\">\n<p data-start=\"1460\" data-end=\"1478\"><strong data-start=\"1460\" data-end=\"1470\">Modell:<\/strong> A101B<\/p>\n<\/li>\n<li data-start=\"1479\" data-end=\"1524\">\n<p data-start=\"1481\" data-end=\"1524\"><strong data-start=\"1481\" data-end=\"1490\">Typ:<\/strong> 90\u00b0 Federscharnier, Glas-an-Wand<\/p>\n<\/li>\n<li data-start=\"1525\" data-end=\"1548\">\n<p data-start=\"1527\" data-end=\"1548\"><strong data-start=\"1527\" data-end=\"1540\">Material:<\/strong> Messing<\/p>\n<\/li>\n<li data-start=\"1549\" data-end=\"1585\">\n<p data-start=\"1551\" data-end=\"1585\"><strong data-start=\"1551\" data-end=\"1576\">Passt zur Glasdicke:<\/strong> 8-12mm<\/p>\n<\/li>\n<li data-start=\"1586\" data-end=\"1620\">\n<p data-start=\"1588\" data-end=\"1620\"><strong data-start=\"1588\" data-end=\"1606\">Tragf\u00e4higkeit:<\/strong> 45kg \/ 2St\u00fcck<\/p>\n<\/li>\n<li data-start=\"1621\" data-end=\"1653\">\n<p data-start=\"1623\" data-end=\"1653\"><strong data-start=\"1623\" data-end=\"1646\">Selbstschlie\u00dfender Winkel:<\/strong> ~30\u00b0<\/p>\n<\/li>\n<li data-start=\"1654\" data-end=\"1750\">\n<p data-start=\"1656\" data-end=\"1750\"><strong data-start=\"1656\" data-end=\"1675\">Ausf\u00fchrungsoptionen:<\/strong> Chrom poliert, Nickel geb\u00fcrstet, Gold, Schwarz matt, Gun Metal (optional)<\/p>\n<\/li>\n<\/ul>","protected":false},"excerpt":{"rendered":"<ul>\n<li>90-Grad-Glas-an-Wand-Scharniere<\/li>\n<li>Messingglasdicke: 8\u201312 mm;<\/li>\n<li>Selbstschlie\u00dfend bei etwa 30\u00b0;<\/li>\n<li>Max. Glast\u00fcrgewicht: 45kg (2Stk);<\/li>\n<\/ul>","protected":false},"featured_media":2430,"comment_status":"closed","ping_status":"closed","template":"","meta":{"_acf_changed":false},"product_brand":[],"product_cat":[20,170,21],"product_tag":[129],"class_list":{"0":"post-241","1":"product","2":"type-product","3":"status-publish","4":"has-post-thumbnail","6":"product_cat-shower-door-hinges","7":"product_cat-offset-wall-to-glass-hinges","8":"product_cat-glass-to-wall-hinges","9":"product_tag-offset-wall-mount-hinges","10":"pa_closing-type-self-closing-at-about-30","11":"pa_finish-brushed-nickel","12":"pa_finish-chrome","13":"pa_finish-gold","14":"pa_finish-gun-metal","15":"pa_finish-black","16":"pa_glass-thickness-8-12mm","17":"pa_hinge-swings-30","18":"pa_load-bearing-45kg-2pcs","19":"pa_material-brass","21":"first","22":"instock","23":"purchasable","24":"product-type-variable","25":"has-default-attributes"},"acf":[],"_links":{"self":[{"href":"https:\/\/showerglasshardware.com\/de-de\/wp-json\/wp\/v2\/product\/241","targetHints":{"allow":["GET"]}}],"collection":[{"href":"https:\/\/showerglasshardware.com\/de-de\/wp-json\/wp\/v2\/product"}],"about":[{"href":"https:\/\/showerglasshardware.com\/de-de\/wp-json\/wp\/v2\/types\/product"}],"replies":[{"embeddable":true,"href":"https:\/\/showerglasshardware.com\/de-de\/wp-json\/wp\/v2\/comments?post=241"}],"version-history":[{"count":5,"href":"https:\/\/showerglasshardware.com\/de-de\/wp-json\/wp\/v2\/product\/241\/revisions"}],"predecessor-version":[{"id":4690,"href":"https:\/\/showerglasshardware.com\/de-de\/wp-json\/wp\/v2\/product\/241\/revisions\/4690"}],"wp:featuredmedia":[{"embeddable":true,"href":"https:\/\/showerglasshardware.com\/de-de\/wp-json\/wp\/v2\/media\/2430"}],"wp:attachment":[{"href":"https:\/\/showerglasshardware.com\/de-de\/wp-json\/wp\/v2\/media?parent=241"}],"wp:term":[{"taxonomy":"product_brand","embeddable":true,"href":"https:\/\/showerglasshardware.com\/de-de\/wp-json\/wp\/v2\/product_brand?post=241"},{"taxonomy":"product_cat","embeddable":true,"href":"https:\/\/showerglasshardware.com\/de-de\/wp-json\/wp\/v2\/product_cat?post=241"},{"taxonomy":"product_tag","embeddable":true,"href":"https:\/\/showerglasshardware.com\/de-de\/wp-json\/wp\/v2\/product_tag?post=241"}],"curies":[{"name":"wp","href":"https:\/\/api.w.org\/{rel}","templated":true}]}}