{"id":2435,"date":"2024-06-20T06:30:21","date_gmt":"2024-06-20T06:30:21","guid":{"rendered":"https:\/\/showerglasshardware.com\/?post_type=product&#038;p=2435"},"modified":"2025-08-11T06:06:15","modified_gmt":"2025-08-11T06:06:15","slug":"360-degree-round-support-bar-u-bracket-sgh-r13","status":"publish","type":"product","link":"https:\/\/showerglasshardware.com\/de-de\/product\/360-degree-round-support-bar-u-bracket-sgh-r13\/","title":{"rendered":"360-Grad-Rundst\u00fctzstange U-Halterung SGH-R13"},"content":{"rendered":"<p data-start=\"427\" data-end=\"629\">Der SGH-R13 360-Grad-B\u00fcgel f\u00fcr runde Stangen wurde entwickelt, um eine runde Stange sicher mit rahmenlosen Duschglaspaneelen zu verbinden und Stabilit\u00e4t und Haltbarkeit in Ihrer Duschkabine zu gew\u00e4hrleisten.<\/p>\n<p data-start=\"631\" data-end=\"795\">Diese Halterung ist mit 0,24\u2033 (6mm) und 0,39\u2033 (10mm) monolithischem Hartglas kompatibel und nimmt runde \u03a619mm (3\/4\u2033) St\u00fctzen f\u00fcr eine pr\u00e4zise und stabile Befestigung auf.<\/p>\n<p data-start=\"797\" data-end=\"1010\">Sie ist aus hochwertigen Materialien gefertigt und in verschiedenen attraktiven Ausf\u00fchrungen erh\u00e4ltlich. Sie f\u00fcgt sich nahtlos in moderne Badarmaturen ein und bietet zuverl\u00e4ssige Leistung f\u00fcr private und gewerbliche Anwendungen.<\/p>\n<p data-start=\"1012\" data-end=\"1031\"><strong data-start=\"1012\" data-end=\"1029\">Hauptmerkmale:<\/strong><\/p>\n<ul data-start=\"1032\" data-end=\"1478\">\n<li data-start=\"1032\" data-end=\"1106\">\n<p data-start=\"1034\" data-end=\"1106\"><strong data-start=\"1034\" data-end=\"1050\">360\u00b0 Design:<\/strong> Erm\u00f6glicht eine flexible Positionierung f\u00fcr individuelle Duschlayouts<\/p>\n<\/li>\n<li data-start=\"1107\" data-end=\"1179\">\n<p data-start=\"1109\" data-end=\"1179\"><strong data-start=\"1109\" data-end=\"1133\">Glaskompatibilit\u00e4t:<\/strong> Geeignet f\u00fcr 6 mm und 10 mm monolithisch geh\u00e4rtetes Glas<\/p>\n<\/li>\n<li data-start=\"1180\" data-end=\"1244\">\n<p data-start=\"1182\" data-end=\"1244\"><strong data-start=\"1182\" data-end=\"1202\">St\u00fctzstange passen:<\/strong> Nimmt \u03a619mm (3\/4\u2033) Rundstangen auf<\/p>\n<\/li>\n<li data-start=\"1245\" data-end=\"1317\">\n<p data-start=\"1247\" data-end=\"1317\"><strong data-start=\"1247\" data-end=\"1272\">Langlebige Konstruktion:<\/strong> Hergestellt f\u00fcr St\u00e4rke und Korrosionsbest\u00e4ndigkeit<\/p>\n<\/li>\n<li data-start=\"1318\" data-end=\"1388\">\n<p data-start=\"1320\" data-end=\"1388\"><strong data-start=\"1320\" data-end=\"1342\">Mehrere Ausf\u00fchrungen:<\/strong> Passt zu einer Vielzahl von Duschbeschlagstilen<\/p>\n<\/li>\n<li data-start=\"1389\" data-end=\"1478\">\n<p data-start=\"1391\" data-end=\"1478\"><strong data-start=\"1391\" data-end=\"1408\">Anwendungen:<\/strong> Rahmenlose Duschabtrennungen in privaten und gewerblichen Badezimmern<\/p>\n<\/li>\n<\/ul>\n<p data-start=\"1480\" data-end=\"1501\"><strong data-start=\"1480\" data-end=\"1499\">Spezifikationen:<\/strong><\/p>\n<ul data-start=\"1502\" data-end=\"1818\">\n<li data-start=\"1502\" data-end=\"1524\">\n<p data-start=\"1504\" data-end=\"1524\"><strong data-start=\"1504\" data-end=\"1514\">Modell:<\/strong> SGH-R13<\/p>\n<\/li>\n<li data-start=\"1525\" data-end=\"1571\">\n<p data-start=\"1527\" data-end=\"1571\"><strong data-start=\"1527\" data-end=\"1536\">Typ:<\/strong> 360\u00b0 runde St\u00fctzstange U-B\u00fcgel<\/p>\n<\/li>\n<li data-start=\"1572\" data-end=\"1630\">\n<p data-start=\"1574\" data-end=\"1630\"><strong data-start=\"1574\" data-end=\"1599\">Passt zur Glasdicke:<\/strong> 6mm (0,24\u2033) und 10mm (0,39\u2033)<\/p>\n<\/li>\n<li data-start=\"1631\" data-end=\"1672\">\n<p data-start=\"1633\" data-end=\"1672\"><strong data-start=\"1633\" data-end=\"1658\">Durchmesser der St\u00fctzstange:<\/strong> 19mm (3\/4\u2033)<\/p>\n<\/li>\n<li data-start=\"1673\" data-end=\"1718\">\n<p data-start=\"1675\" data-end=\"1718\"><strong data-start=\"1675\" data-end=\"1690\">Glas-Typ:<\/strong> Monolithisch geh\u00e4rtetes Glas<\/p>\n<\/li>\n<li data-start=\"1719\" data-end=\"1763\">\n<p data-start=\"1721\" data-end=\"1763\"><strong data-start=\"1721\" data-end=\"1734\">Ausf\u00fchrungen:<\/strong> Mehrere Optionen verf\u00fcgbar<\/p>\n<\/li>\n<li data-start=\"1764\" data-end=\"1818\">\n<p data-start=\"1766\" data-end=\"1818\"><strong data-start=\"1766\" data-end=\"1782\">Anwendung:<\/strong> Rahmenlose Duschabtrennungen aus Glas<\/p>\n<\/li>\n<\/ul>","protected":false},"excerpt":{"rendered":"<p>\u2022 F\u00fcr 0,24\u2033 und 0,39\u2033 (6 und 10 mm) Glas<br \/>\n\u2022 Verwenden Sie monolithisches geh\u00e4rtetes Glas<br \/>\n\u2022 Halterungen akzeptieren \u03a619mm St\u00fctzstange<br \/>\n\u2022 In mehreren attraktiven Ausf\u00fchrungen erh\u00e4ltlich<\/p>","protected":false},"featured_media":2436,"comment_status":"open","ping_status":"closed","template":"","meta":{"_acf_changed":false},"product_brand":[],"product_cat":[107,47],"product_tag":[133],"class_list":{"0":"post-2435","1":"product","2":"type-product","3":"status-publish","4":"has-post-thumbnail","6":"product_cat-support-bar-brackets-for-round-bars","7":"product_cat-support-arms-and-bars","8":"product_tag-support-bar-brackets-for-round-bars","9":"pa_finish-brushed-nickel","10":"pa_finish-chrome","11":"pa_finish-gold","12":"pa_finish-gun-metal","13":"pa_finish-black","14":"pa_glass-thickness-6-10-mm","15":"pa_material-brass","17":"first","18":"instock","19":"purchasable","20":"product-type-variable"},"acf":[],"_links":{"self":[{"href":"https:\/\/showerglasshardware.com\/de-de\/wp-json\/wp\/v2\/product\/2435","targetHints":{"allow":["GET"]}}],"collection":[{"href":"https:\/\/showerglasshardware.com\/de-de\/wp-json\/wp\/v2\/product"}],"about":[{"href":"https:\/\/showerglasshardware.com\/de-de\/wp-json\/wp\/v2\/types\/product"}],"replies":[{"embeddable":true,"href":"https:\/\/showerglasshardware.com\/de-de\/wp-json\/wp\/v2\/comments?post=2435"}],"version-history":[{"count":2,"href":"https:\/\/showerglasshardware.com\/de-de\/wp-json\/wp\/v2\/product\/2435\/revisions"}],"predecessor-version":[{"id":4590,"href":"https:\/\/showerglasshardware.com\/de-de\/wp-json\/wp\/v2\/product\/2435\/revisions\/4590"}],"wp:featuredmedia":[{"embeddable":true,"href":"https:\/\/showerglasshardware.com\/de-de\/wp-json\/wp\/v2\/media\/2436"}],"wp:attachment":[{"href":"https:\/\/showerglasshardware.com\/de-de\/wp-json\/wp\/v2\/media?parent=2435"}],"wp:term":[{"taxonomy":"product_brand","embeddable":true,"href":"https:\/\/showerglasshardware.com\/de-de\/wp-json\/wp\/v2\/product_brand?post=2435"},{"taxonomy":"product_cat","embeddable":true,"href":"https:\/\/showerglasshardware.com\/de-de\/wp-json\/wp\/v2\/product_cat?post=2435"},{"taxonomy":"product_tag","embeddable":true,"href":"https:\/\/showerglasshardware.com\/de-de\/wp-json\/wp\/v2\/product_tag?post=2435"}],"curies":[{"name":"wp","href":"https:\/\/api.w.org\/{rel}","templated":true}]}}