{"id":244,"date":"2024-03-22T03:14:40","date_gmt":"2024-03-22T03:14:40","guid":{"rendered":"https:\/\/showerglasshardware.com\/?post_type=product&#038;p=244"},"modified":"2025-11-21T03:47:51","modified_gmt":"2025-11-21T03:47:51","slug":"adjustable-brass-shower-door-spring-hinge-a201c","status":"publish","type":"product","link":"https:\/\/showerglasshardware.com\/de-de\/product\/adjustable-brass-shower-door-spring-hinge-a201c\/","title":{"rendered":"Messing Rahmenlose Duscht\u00fcr Gold Scharniere SGH-A201C"},"content":{"rendered":"<p data-start=\"432\" data-end=\"612\">Die Goldscharniere f\u00fcr rahmenlose Duscht\u00fcren SGH-A201C aus Messing vereinen Eleganz, Langlebigkeit und Leichtg\u00e4ngigkeit, was sie zu einer erstklassigen Wahl f\u00fcr luxuri\u00f6se rahmenlose Duschkabinen macht.<\/p>\n<p data-start=\"614\" data-end=\"997\">Die aus massivem Messing gefertigten und goldpolierten Scharniere sind f\u00fcr 8-12 mm dickes Glas ausgelegt und k\u00f6nnen bis zu 45 kg pro Scharnier tragen. Der selbstschlie\u00dfende Mechanismus bei ca. 30\u00b0 sorgt f\u00fcr ein sanftes, kontrolliertes Schlie\u00dfen der T\u00fcr, w\u00e4hrend das doppelt wirkende Design es erm\u00f6glicht, die T\u00fcr um 90\u00b0 in beide Richtungen zu schwenken, wobei sie im maximalen Winkel ge\u00f6ffnet bleibt, um den Komfort zu gew\u00e4hrleisten.<\/p>\n<p data-start=\"999\" data-end=\"1124\">Die SGH-A201C ist ideal f\u00fcr private und gehobene gewerbliche B\u00e4der und bietet dauerhafte Leistung und ein elegantes Aussehen.<\/p>\n<p data-start=\"1126\" data-end=\"1145\"><strong data-start=\"1126\" data-end=\"1143\">Hauptmerkmale:<\/strong><\/p>\n<ul data-start=\"1146\" data-end=\"1680\">\n<li data-start=\"1146\" data-end=\"1213\">\n<p data-start=\"1148\" data-end=\"1213\"><strong data-start=\"1148\" data-end=\"1157\">Typ:<\/strong> Doppelt wirkendes, goldfarbenes Scharnier f\u00fcr rahmenlose Duscht\u00fcren<\/p>\n<\/li>\n<li data-start=\"1214\" data-end=\"1281\">\n<p data-start=\"1216\" data-end=\"1281\"><strong data-start=\"1216\" data-end=\"1229\">Material:<\/strong> Massives Messing f\u00fcr St\u00e4rke und Korrosionsbest\u00e4ndigkeit<\/p>\n<\/li>\n<li data-start=\"1282\" data-end=\"1334\">\n<p data-start=\"1284\" data-end=\"1334\"><strong data-start=\"1284\" data-end=\"1308\">Glaskompatibilit\u00e4t:<\/strong> Geeignet f\u00fcr 8-12 mm dickes Glas<\/p>\n<\/li>\n<li data-start=\"1335\" data-end=\"1392\">\n<p data-start=\"1337\" data-end=\"1392\"><strong data-start=\"1337\" data-end=\"1355\">Tragf\u00e4higkeit:<\/strong> Unterst\u00fctzt bis zu 45 kg pro zwei Scharniere<\/p>\n<\/li>\n<li data-start=\"1393\" data-end=\"1448\">\n<p data-start=\"1395\" data-end=\"1448\"><strong data-start=\"1395\" data-end=\"1412\">Selbstschlie\u00dfend:<\/strong> Schlie\u00dft sich automatisch bei etwa 30\u00b0<\/p>\n<\/li>\n<li data-start=\"1449\" data-end=\"1532\">\n<p data-start=\"1451\" data-end=\"1532\"><strong data-start=\"1451\" data-end=\"1469\">Double-Action:<\/strong> \u00d6ffnet sich um 90\u00b0 in beide Richtungen und bleibt im maximalen Winkel ge\u00f6ffnet<\/p>\n<\/li>\n<li data-start=\"1533\" data-end=\"1589\">\n<p data-start=\"1535\" data-end=\"1589\"><strong data-start=\"1535\" data-end=\"1546\">Beenden:<\/strong> Poliertes Gold f\u00fcr ein luxuri\u00f6ses Aussehen<\/p>\n<\/li>\n<li data-start=\"1590\" data-end=\"1680\">\n<p data-start=\"1592\" data-end=\"1680\"><strong data-start=\"1592\" data-end=\"1609\">Anwendungen:<\/strong> Perfekt f\u00fcr rahmenlose Duscht\u00fcren in Luxuswohnungen, Hotels und Spas<\/p>\n<\/li>\n<\/ul>\n<p data-start=\"1682\" data-end=\"1703\"><strong data-start=\"1682\" data-end=\"1701\">Spezifikationen:<\/strong><\/p>\n<ul data-start=\"1704\" data-end=\"1981\">\n<li data-start=\"1704\" data-end=\"1728\">\n<p data-start=\"1706\" data-end=\"1728\"><strong data-start=\"1706\" data-end=\"1716\">Modell:<\/strong> SGH-A201C<\/p>\n<\/li>\n<li data-start=\"1729\" data-end=\"1776\">\n<p data-start=\"1731\" data-end=\"1776\"><strong data-start=\"1731\" data-end=\"1740\">Typ:<\/strong> Doppelt wirkendes Glas-Wand-Scharnier<\/p>\n<\/li>\n<li data-start=\"1777\" data-end=\"1800\">\n<p data-start=\"1779\" data-end=\"1800\"><strong data-start=\"1779\" data-end=\"1792\">Material:<\/strong> Messing<\/p>\n<\/li>\n<li data-start=\"1801\" data-end=\"1837\">\n<p data-start=\"1803\" data-end=\"1837\"><strong data-start=\"1803\" data-end=\"1828\">Passt zur Glasdicke:<\/strong> 8-12mm<\/p>\n<\/li>\n<li data-start=\"1838\" data-end=\"1872\">\n<p data-start=\"1840\" data-end=\"1872\"><strong data-start=\"1840\" data-end=\"1858\">Tragf\u00e4higkeit:<\/strong> 45kg \/ 2St\u00fcck<\/p>\n<\/li>\n<li data-start=\"1873\" data-end=\"1905\">\n<p data-start=\"1875\" data-end=\"1905\"><strong data-start=\"1875\" data-end=\"1898\">Selbstschlie\u00dfender Winkel:<\/strong> ~30\u00b0<\/p>\n<\/li>\n<li data-start=\"1906\" data-end=\"1951\">\n<p data-start=\"1908\" data-end=\"1951\"><strong data-start=\"1908\" data-end=\"1926\">\u00d6ffnungsbereich:<\/strong> 90\u00b0 in beide Richtungen<\/p>\n<\/li>\n<li data-start=\"1952\" data-end=\"1981\">\n<p data-start=\"1954\" data-end=\"1981\"><strong data-start=\"1954\" data-end=\"1965\">Beenden:<\/strong> Poliertes Gold<\/p>\n<\/li>\n<\/ul>","protected":false},"excerpt":{"rendered":"<ul>\n<li>Rahmenlose Duscht\u00fcr Goldscharniere<\/li>\n<li>Material: Messing<\/li>\n<li>Passend f\u00fcr 8\u201312 mm Glas<\/li>\n<li>Traggewicht 45 kg\/2 St\u00fcck<\/li>\n<li>Selbstschlie\u00dfend bei etwa 30\u00b0<\/li>\n<li>Doppelseitige Aktion, rechts- und linksh\u00e4ndig, 90\u00b0-Aufbewahrung maximal<\/li>\n<\/ul>","protected":false},"featured_media":2304,"comment_status":"closed","ping_status":"closed","template":"","meta":{"_acf_changed":false},"product_brand":[],"product_cat":[21,20],"product_tag":[129],"class_list":{"0":"post-244","1":"product","2":"type-product","3":"status-publish","4":"has-post-thumbnail","6":"product_cat-glass-to-wall-hinges","7":"product_cat-shower-door-hinges","8":"product_tag-offset-wall-mount-hinges","9":"pa_closing-type-self-closing-at-about-30","10":"pa_finish-brushed-nickel","11":"pa_finish-chrome","12":"pa_finish-gold","13":"pa_finish-gun-metal","14":"pa_finish-black","15":"pa_glass-thickness-8-12mm","16":"pa_hinge-swings-30","17":"pa_load-bearing-45kg-2pcs","18":"pa_material-brass","20":"first","21":"instock","22":"purchasable","23":"product-type-variable","24":"has-default-attributes"},"acf":[],"_links":{"self":[{"href":"https:\/\/showerglasshardware.com\/de-de\/wp-json\/wp\/v2\/product\/244","targetHints":{"allow":["GET"]}}],"collection":[{"href":"https:\/\/showerglasshardware.com\/de-de\/wp-json\/wp\/v2\/product"}],"about":[{"href":"https:\/\/showerglasshardware.com\/de-de\/wp-json\/wp\/v2\/types\/product"}],"replies":[{"embeddable":true,"href":"https:\/\/showerglasshardware.com\/de-de\/wp-json\/wp\/v2\/comments?post=244"}],"version-history":[{"count":4,"href":"https:\/\/showerglasshardware.com\/de-de\/wp-json\/wp\/v2\/product\/244\/revisions"}],"predecessor-version":[{"id":3386,"href":"https:\/\/showerglasshardware.com\/de-de\/wp-json\/wp\/v2\/product\/244\/revisions\/3386"}],"wp:featuredmedia":[{"embeddable":true,"href":"https:\/\/showerglasshardware.com\/de-de\/wp-json\/wp\/v2\/media\/2304"}],"wp:attachment":[{"href":"https:\/\/showerglasshardware.com\/de-de\/wp-json\/wp\/v2\/media?parent=244"}],"wp:term":[{"taxonomy":"product_brand","embeddable":true,"href":"https:\/\/showerglasshardware.com\/de-de\/wp-json\/wp\/v2\/product_brand?post=244"},{"taxonomy":"product_cat","embeddable":true,"href":"https:\/\/showerglasshardware.com\/de-de\/wp-json\/wp\/v2\/product_cat?post=244"},{"taxonomy":"product_tag","embeddable":true,"href":"https:\/\/showerglasshardware.com\/de-de\/wp-json\/wp\/v2\/product_tag?post=244"}],"curies":[{"name":"wp","href":"https:\/\/api.w.org\/{rel}","templated":true}]}}