{"id":2448,"date":"2024-06-20T06:31:00","date_gmt":"2024-06-20T06:31:00","guid":{"rendered":"https:\/\/showerglasshardware.com\/?post_type=product&#038;p=2448"},"modified":"2025-08-11T06:39:14","modified_gmt":"2025-08-11T06:39:14","slug":"90-degree-adjustable-round-support-bar-u-bracket-sgh-r35","status":"publish","type":"product","link":"https:\/\/showerglasshardware.com\/de-de\/product\/90-degree-adjustable-round-support-bar-u-bracket-sgh-r35\/","title":{"rendered":"Um 90 Grad verstellbare, runde St\u00fctzstange mit U-Halterung SGH-R35"},"content":{"rendered":"<p data-start=\"486\" data-end=\"672\">Der SGH-R35 90 Grad verstellbare runde Tr\u00e4gerb\u00fcgel wurde entwickelt, um sichere und verstellbare Verbindungen zwischen einem runden Tr\u00e4gerb\u00fcgel und rahmenlosen Duschglasscheiben herzustellen.<\/p>\n<p data-start=\"674\" data-end=\"951\">Kompatibel mit 0,24\u2033 (6mm) und 0,39\u2033 (10mm) monolithisch geh\u00e4rtetem Glas, nimmt diese Halterung \u03a619mm (3\/4\u2033) runde St\u00fctzstangen f\u00fcr eine pr\u00e4zise, stabile Passform auf. Das um 90\u00b0 verstellbare Design erm\u00f6glicht Flexibilit\u00e4t bei der Installation und ist somit ideal f\u00fcr individuelle Duschkonfigurationen.<\/p>\n<p data-start=\"953\" data-end=\"1180\">Der aus hochwertigen Materialien gefertigte und in mehreren attraktiven Ausf\u00fchrungen erh\u00e4ltliche U-B\u00fcgel f\u00fcgt sich nahtlos in moderne Duscharmaturen ein und bietet eine langlebige Leistung in privaten und gewerblichen Umgebungen.<\/p>\n<p data-start=\"1182\" data-end=\"1201\"><strong data-start=\"1182\" data-end=\"1199\">Hauptmerkmale:<\/strong><\/p>\n<ul data-start=\"1202\" data-end=\"1647\">\n<li data-start=\"1202\" data-end=\"1278\">\n<p data-start=\"1204\" data-end=\"1278\"><strong data-start=\"1204\" data-end=\"1230\">Einstellbares 90\u00b0-Design:<\/strong> Bietet Flexibilit\u00e4t f\u00fcr verschiedene Duschgrundrisse<\/p>\n<\/li>\n<li data-start=\"1279\" data-end=\"1351\">\n<p data-start=\"1281\" data-end=\"1351\"><strong data-start=\"1281\" data-end=\"1305\">Glaskompatibilit\u00e4t:<\/strong> Geeignet f\u00fcr 6 mm und 10 mm monolithisch geh\u00e4rtetes Glas<\/p>\n<\/li>\n<li data-start=\"1352\" data-end=\"1416\">\n<p data-start=\"1354\" data-end=\"1416\"><strong data-start=\"1354\" data-end=\"1374\">St\u00fctzstange passen:<\/strong> Nimmt \u03a619mm (3\/4\u2033) Rundstangen auf<\/p>\n<\/li>\n<li data-start=\"1417\" data-end=\"1477\">\n<p data-start=\"1419\" data-end=\"1477\"><strong data-start=\"1419\" data-end=\"1444\">Langlebige Konstruktion:<\/strong> Stark und korrosionsbest\u00e4ndig<\/p>\n<\/li>\n<li data-start=\"1478\" data-end=\"1551\">\n<p data-start=\"1480\" data-end=\"1551\"><strong data-start=\"1480\" data-end=\"1502\">Mehrere Ausf\u00fchrungen:<\/strong> Passt zu einer breiten Palette von Duschbeschl\u00e4gen<\/p>\n<\/li>\n<li data-start=\"1552\" data-end=\"1647\">\n<p data-start=\"1554\" data-end=\"1647\"><strong data-start=\"1554\" data-end=\"1571\">Anwendungen:<\/strong> Rahmenlose Glasduschabtrennungen in Wohnungen, Hotels und Gesch\u00e4ftsr\u00e4umen<\/p>\n<\/li>\n<\/ul>\n<p data-start=\"1649\" data-end=\"1670\"><strong data-start=\"1649\" data-end=\"1668\">Spezifikationen:<\/strong><\/p>\n<ul data-start=\"1671\" data-end=\"1999\">\n<li data-start=\"1671\" data-end=\"1693\">\n<p data-start=\"1673\" data-end=\"1693\"><strong data-start=\"1673\" data-end=\"1683\">Modell:<\/strong> SGH-R35<\/p>\n<\/li>\n<li data-start=\"1694\" data-end=\"1750\">\n<p data-start=\"1696\" data-end=\"1750\"><strong data-start=\"1696\" data-end=\"1705\">Typ:<\/strong> 90\u00b0 verstellbare runde St\u00fctzstange U-B\u00fcgel<\/p>\n<\/li>\n<li data-start=\"1751\" data-end=\"1809\">\n<p data-start=\"1753\" data-end=\"1809\"><strong data-start=\"1753\" data-end=\"1778\">Passt zur Glasdicke:<\/strong> 6mm (0,24\u2033) und 10mm (0,39\u2033)<\/p>\n<\/li>\n<li data-start=\"1810\" data-end=\"1851\">\n<p data-start=\"1812\" data-end=\"1851\"><strong data-start=\"1812\" data-end=\"1837\">Durchmesser der St\u00fctzstange:<\/strong> 19mm (3\/4\u2033)<\/p>\n<\/li>\n<li data-start=\"1852\" data-end=\"1897\">\n<p data-start=\"1854\" data-end=\"1897\"><strong data-start=\"1854\" data-end=\"1869\">Glas-Typ:<\/strong> Monolithisch geh\u00e4rtetes Glas<\/p>\n<\/li>\n<li data-start=\"1898\" data-end=\"1941\">\n<p data-start=\"1900\" data-end=\"1941\"><strong data-start=\"1900\" data-end=\"1913\">Ausf\u00fchrungen:<\/strong> Mehrere Optionen verf\u00fcgbar<\/p>\n<\/li>\n<li data-start=\"1942\" data-end=\"1999\">\n<p data-start=\"1944\" data-end=\"1999\"><strong data-start=\"1944\" data-end=\"1960\">Anwendung:<\/strong> Glasinstallationen f\u00fcr rahmenlose Duschen<\/p>\n<\/li>\n<\/ul>","protected":false},"excerpt":{"rendered":"<p>\u2022 F\u00fcr 0,24\u2033 und 0,39\u2033 (6 und 10 mm) Glas<br \/>\n\u2022 Verwenden Sie monolithisches geh\u00e4rtetes Glas<br \/>\n\u2022 Halterungen akzeptieren \u03a619mm St\u00fctzstange<br \/>\n\u2022 In mehreren attraktiven Ausf\u00fchrungen erh\u00e4ltlich<\/p>","protected":false},"featured_media":2457,"comment_status":"open","ping_status":"closed","template":"","meta":{"_acf_changed":false},"product_brand":[],"product_cat":[107,47],"product_tag":[133],"class_list":{"0":"post-2448","1":"product","2":"type-product","3":"status-publish","4":"has-post-thumbnail","6":"product_cat-support-bar-brackets-for-round-bars","7":"product_cat-support-arms-and-bars","8":"product_tag-support-bar-brackets-for-round-bars","9":"pa_finish-brushed-nickel","10":"pa_finish-chrome","11":"pa_finish-gold","12":"pa_finish-gun-metal","13":"pa_finish-black","14":"pa_glass-thickness-6-10-mm","15":"pa_material-brass","17":"first","18":"instock","19":"purchasable","20":"product-type-variable","21":"has-default-attributes"},"acf":[],"_links":{"self":[{"href":"https:\/\/showerglasshardware.com\/de-de\/wp-json\/wp\/v2\/product\/2448","targetHints":{"allow":["GET"]}}],"collection":[{"href":"https:\/\/showerglasshardware.com\/de-de\/wp-json\/wp\/v2\/product"}],"about":[{"href":"https:\/\/showerglasshardware.com\/de-de\/wp-json\/wp\/v2\/types\/product"}],"replies":[{"embeddable":true,"href":"https:\/\/showerglasshardware.com\/de-de\/wp-json\/wp\/v2\/comments?post=2448"}],"version-history":[{"count":1,"href":"https:\/\/showerglasshardware.com\/de-de\/wp-json\/wp\/v2\/product\/2448\/revisions"}],"predecessor-version":[{"id":4591,"href":"https:\/\/showerglasshardware.com\/de-de\/wp-json\/wp\/v2\/product\/2448\/revisions\/4591"}],"wp:featuredmedia":[{"embeddable":true,"href":"https:\/\/showerglasshardware.com\/de-de\/wp-json\/wp\/v2\/media\/2457"}],"wp:attachment":[{"href":"https:\/\/showerglasshardware.com\/de-de\/wp-json\/wp\/v2\/media?parent=2448"}],"wp:term":[{"taxonomy":"product_brand","embeddable":true,"href":"https:\/\/showerglasshardware.com\/de-de\/wp-json\/wp\/v2\/product_brand?post=2448"},{"taxonomy":"product_cat","embeddable":true,"href":"https:\/\/showerglasshardware.com\/de-de\/wp-json\/wp\/v2\/product_cat?post=2448"},{"taxonomy":"product_tag","embeddable":true,"href":"https:\/\/showerglasshardware.com\/de-de\/wp-json\/wp\/v2\/product_tag?post=2448"}],"curies":[{"name":"wp","href":"https:\/\/api.w.org\/{rel}","templated":true}]}}