{"id":2487,"date":"2024-06-20T07:20:13","date_gmt":"2024-06-20T07:20:13","guid":{"rendered":"https:\/\/showerglasshardware.com\/?post_type=product&#038;p=2487"},"modified":"2025-08-14T08:39:50","modified_gmt":"2025-08-14T08:39:50","slug":"t-shaped-round-tube-to-tube-connector-sgh-r24","status":"publish","type":"product","link":"https:\/\/showerglasshardware.com\/de-de\/product\/t-shaped-round-tube-to-tube-connector-sgh-r24\/","title":{"rendered":"T-f\u00f6rmiger Rundrohr-Rohrverbinder SGH-R24"},"content":{"rendered":"<p data-start=\"428\" data-end=\"615\">Das SGH-R24 Rundrohr-Rohr-Verbindungsst\u00fcck wurde entwickelt, um stabile und pr\u00e4zise 90\u00b0-Verbindungen zwischen runden Duschtr\u00e4gerstangen in rahmenlosen Glasduschkabinen herzustellen.<\/p>\n<p data-start=\"617\" data-end=\"872\">Dieses aus massivem Messing gefertigte Verbindungsst\u00fcck gew\u00e4hrleistet Haltbarkeit, Korrosionsbest\u00e4ndigkeit und langfristige Stabilit\u00e4t. Er ist kompatibel mit \u03a619mm (3\/4\u2033) Rundst\u00e4ben und ist in verschiedenen attraktiven Oberfl\u00e4chen erh\u00e4ltlich, die das moderne Baddesign erg\u00e4nzen.<\/p>\n<p data-start=\"874\" data-end=\"1021\">Dieses T-f\u00f6rmige Verbindungsst\u00fcck eignet sich sowohl f\u00fcr private als auch f\u00fcr gewerbliche Installationen und tr\u00e4gt dazu bei, eine sichere und professionelle Tr\u00e4gerstruktur f\u00fcr die Dusche zu schaffen.<\/p>\n<p data-start=\"1023\" data-end=\"1042\"><strong data-start=\"1023\" data-end=\"1040\">Hauptmerkmale:<\/strong><\/p>\n<ul data-start=\"1043\" data-end=\"1388\">\n<li data-start=\"1043\" data-end=\"1110\">\n<p data-start=\"1045\" data-end=\"1110\"><strong data-start=\"1045\" data-end=\"1058\">Material:<\/strong> Massives Messing f\u00fcr St\u00e4rke und Korrosionsbest\u00e4ndigkeit<\/p>\n<\/li>\n<li data-start=\"1111\" data-end=\"1166\">\n<p data-start=\"1113\" data-end=\"1166\"><strong data-start=\"1113\" data-end=\"1124\">Entwurf:<\/strong> T-f\u00f6rmiger 90\u00b0-Anschluss f\u00fcr Rundrohre<\/p>\n<\/li>\n<li data-start=\"1167\" data-end=\"1226\">\n<p data-start=\"1169\" data-end=\"1226\"><strong data-start=\"1169\" data-end=\"1187\">Kompatibilit\u00e4t:<\/strong> Passend f\u00fcr \u03a619mm (3\/4\u2033) runde Tragst\u00e4be<\/p>\n<\/li>\n<li data-start=\"1227\" data-end=\"1292\">\n<p data-start=\"1229\" data-end=\"1292\"><strong data-start=\"1229\" data-end=\"1248\">Ausf\u00fchrungsoptionen:<\/strong> Erh\u00e4ltlich in verschiedenen attraktiven Ausf\u00fchrungen<\/p>\n<\/li>\n<li data-start=\"1293\" data-end=\"1388\">\n<p data-start=\"1295\" data-end=\"1388\"><strong data-start=\"1295\" data-end=\"1312\">Anwendungen:<\/strong> Rahmenlose Glasduschabtrennungen in Wohnungen, Hotels und Gesch\u00e4ftsr\u00e4umen<\/p>\n<\/li>\n<\/ul>\n<p data-start=\"1390\" data-end=\"1411\"><strong data-start=\"1390\" data-end=\"1409\">Spezifikationen:<\/strong><\/p>\n<ul data-start=\"1412\" data-end=\"1664\">\n<li data-start=\"1412\" data-end=\"1434\">\n<p data-start=\"1414\" data-end=\"1434\"><strong data-start=\"1414\" data-end=\"1424\">Modell:<\/strong> SGH-R24<\/p>\n<\/li>\n<li data-start=\"1435\" data-end=\"1484\">\n<p data-start=\"1437\" data-end=\"1484\"><strong data-start=\"1437\" data-end=\"1446\">Typ:<\/strong> T-f\u00f6rmige 90\u00b0 Rohr-zu-Rohr-Verbindung<\/p>\n<\/li>\n<li data-start=\"1485\" data-end=\"1508\">\n<p data-start=\"1487\" data-end=\"1508\"><strong data-start=\"1487\" data-end=\"1500\">Material:<\/strong> Messing<\/p>\n<\/li>\n<li data-start=\"1509\" data-end=\"1557\">\n<p data-start=\"1511\" data-end=\"1557\"><strong data-start=\"1511\" data-end=\"1532\">Passend f\u00fcr Schlauchgr\u00f6\u00dfe:<\/strong> \u03a619mm (3\/4\u2033) Rundstahl<\/p>\n<\/li>\n<li data-start=\"1558\" data-end=\"1601\">\n<p data-start=\"1560\" data-end=\"1601\"><strong data-start=\"1560\" data-end=\"1573\">Ausf\u00fchrungen:<\/strong> Mehrere Optionen verf\u00fcgbar<\/p>\n<\/li>\n<li data-start=\"1602\" data-end=\"1664\">\n<p data-start=\"1604\" data-end=\"1664\"><strong data-start=\"1604\" data-end=\"1620\">Anwendung:<\/strong> Tr\u00e4gerstrukturen f\u00fcr rahmenlose Glasduschen<\/p>\n<\/li>\n<\/ul>","protected":false},"excerpt":{"rendered":"<ul>\n<li>90-Grad-Rohr-zu-Rohr-Verbindungsst\u00fcck<\/li>\n<li>Halterungen akzeptieren \u03a619mm St\u00fctzstange<\/li>\n<li>In mehreren attraktiven Ausf\u00fchrungen erh\u00e4ltlich<\/li>\n<\/ul>","protected":false},"featured_media":2488,"comment_status":"open","ping_status":"closed","template":"","meta":{"_acf_changed":false},"product_brand":[],"product_cat":[107,47],"product_tag":[133],"class_list":{"0":"post-2487","1":"product","2":"type-product","3":"status-publish","4":"has-post-thumbnail","6":"product_cat-support-bar-brackets-for-round-bars","7":"product_cat-support-arms-and-bars","8":"product_tag-support-bar-brackets-for-round-bars","9":"pa_finish-brushed-nickel","10":"pa_finish-chrome","11":"pa_finish-gold","12":"pa_finish-gun-metal","13":"pa_finish-black","14":"pa_material-304-stainless-steel","16":"first","17":"instock","18":"purchasable","19":"product-type-variable","20":"has-default-attributes"},"acf":[],"_links":{"self":[{"href":"https:\/\/showerglasshardware.com\/de-de\/wp-json\/wp\/v2\/product\/2487","targetHints":{"allow":["GET"]}}],"collection":[{"href":"https:\/\/showerglasshardware.com\/de-de\/wp-json\/wp\/v2\/product"}],"about":[{"href":"https:\/\/showerglasshardware.com\/de-de\/wp-json\/wp\/v2\/types\/product"}],"replies":[{"embeddable":true,"href":"https:\/\/showerglasshardware.com\/de-de\/wp-json\/wp\/v2\/comments?post=2487"}],"version-history":[{"count":2,"href":"https:\/\/showerglasshardware.com\/de-de\/wp-json\/wp\/v2\/product\/2487\/revisions"}],"predecessor-version":[{"id":4661,"href":"https:\/\/showerglasshardware.com\/de-de\/wp-json\/wp\/v2\/product\/2487\/revisions\/4661"}],"wp:featuredmedia":[{"embeddable":true,"href":"https:\/\/showerglasshardware.com\/de-de\/wp-json\/wp\/v2\/media\/2488"}],"wp:attachment":[{"href":"https:\/\/showerglasshardware.com\/de-de\/wp-json\/wp\/v2\/media?parent=2487"}],"wp:term":[{"taxonomy":"product_brand","embeddable":true,"href":"https:\/\/showerglasshardware.com\/de-de\/wp-json\/wp\/v2\/product_brand?post=2487"},{"taxonomy":"product_cat","embeddable":true,"href":"https:\/\/showerglasshardware.com\/de-de\/wp-json\/wp\/v2\/product_cat?post=2487"},{"taxonomy":"product_tag","embeddable":true,"href":"https:\/\/showerglasshardware.com\/de-de\/wp-json\/wp\/v2\/product_tag?post=2487"}],"curies":[{"name":"wp","href":"https:\/\/api.w.org\/{rel}","templated":true}]}}