{"id":2536,"date":"2024-06-21T02:35:38","date_gmt":"2024-06-21T02:35:38","guid":{"rendered":"https:\/\/showerglasshardware.com\/?post_type=product&#038;p=2536"},"modified":"2025-04-30T02:57:48","modified_gmt":"2025-04-30T02:57:48","slug":"f-jamb-shower-door-seal","status":"publish","type":"product","link":"https:\/\/showerglasshardware.com\/de-de\/product\/f-jamb-shower-door-seal\/","title":{"rendered":"F Duscht\u00fcrpfostendichtung"},"content":{"rendered":"<p>Das Produkt \u201eDuscht\u00fcrspalt-Dichtungsstreifen\u201c besteht aus PVC-Material. Der Clip ist hart und die Kanten sind weich, sodass eine kleberfreie Installation m\u00f6glich ist.<\/p>\n<p>Die Versandl\u00e4nge kann von 2,2 Meter auf 1,1 Meter gek\u00fcrzt werden. <a href=\"https:\/\/showerglasshardware.com\/index.php\/contact\/\">Bitte kontaktieren Sie den Kundenservice<\/a>.<\/p>","protected":false},"excerpt":{"rendered":"<ul>\n<li>F Drempel-Dichtung f\u00fcr Duscht\u00fcren: F\u00fcr versetzte T\u00fcren, 90\u00b0 Fugen<\/li>\n<li>W\u00e4hlen Sie entsprechend der Glasdicke.<\/li>\n<li>Abdichtungsbereich: Dichtet L\u00fccken von 10-15 mm ab<\/li>\n<\/ul>","protected":false},"featured_media":2546,"comment_status":"open","ping_status":"closed","template":"","meta":{"_acf_changed":false},"product_brand":[],"product_cat":[114,154],"product_tag":[132],"class_list":{"0":"post-2536","1":"product","2":"type-product","3":"status-publish","4":"has-post-thumbnail","6":"product_cat-shower-door-seals","7":"product_cat-f-shape-shower-door-seal","8":"product_tag-shower-door-seal","9":"pa_finish-customized-colors","10":"pa_finish-black","11":"pa_finish-white","12":"pa_glass-thickness-1-2-inch-12mm","13":"pa_glass-thickness-3-8-inch-10mm","14":"pa_glass-thickness-5-16-inch-8mm","15":"pa_material-vinyl","17":"first","18":"instock","19":"purchasable","20":"product-type-variable"},"acf":[],"_links":{"self":[{"href":"https:\/\/showerglasshardware.com\/de-de\/wp-json\/wp\/v2\/product\/2536","targetHints":{"allow":["GET"]}}],"collection":[{"href":"https:\/\/showerglasshardware.com\/de-de\/wp-json\/wp\/v2\/product"}],"about":[{"href":"https:\/\/showerglasshardware.com\/de-de\/wp-json\/wp\/v2\/types\/product"}],"replies":[{"embeddable":true,"href":"https:\/\/showerglasshardware.com\/de-de\/wp-json\/wp\/v2\/comments?post=2536"}],"version-history":[{"count":2,"href":"https:\/\/showerglasshardware.com\/de-de\/wp-json\/wp\/v2\/product\/2536\/revisions"}],"predecessor-version":[{"id":4509,"href":"https:\/\/showerglasshardware.com\/de-de\/wp-json\/wp\/v2\/product\/2536\/revisions\/4509"}],"wp:featuredmedia":[{"embeddable":true,"href":"https:\/\/showerglasshardware.com\/de-de\/wp-json\/wp\/v2\/media\/2546"}],"wp:attachment":[{"href":"https:\/\/showerglasshardware.com\/de-de\/wp-json\/wp\/v2\/media?parent=2536"}],"wp:term":[{"taxonomy":"product_brand","embeddable":true,"href":"https:\/\/showerglasshardware.com\/de-de\/wp-json\/wp\/v2\/product_brand?post=2536"},{"taxonomy":"product_cat","embeddable":true,"href":"https:\/\/showerglasshardware.com\/de-de\/wp-json\/wp\/v2\/product_cat?post=2536"},{"taxonomy":"product_tag","embeddable":true,"href":"https:\/\/showerglasshardware.com\/de-de\/wp-json\/wp\/v2\/product_tag?post=2536"}],"curies":[{"name":"wp","href":"https:\/\/api.w.org\/{rel}","templated":true}]}}