{"id":2575,"date":"2024-06-21T05:56:51","date_gmt":"2024-06-21T05:56:51","guid":{"rendered":"https:\/\/showerglasshardware.com\/?post_type=product&#038;p=2575"},"modified":"2025-04-30T02:52:19","modified_gmt":"2025-04-30T02:52:19","slug":"shower-door-single-fin-bottom-seal","status":"publish","type":"product","link":"https:\/\/showerglasshardware.com\/de-de\/product\/shower-door-single-fin-bottom-seal\/","title":{"rendered":"Einzelne T\u00fcr Dusche Boden Dichtung 10mm"},"content":{"rendered":"<p>Das Produkt \u201eDuscht\u00fcrspalt-Dichtungsstreifen\u201c besteht aus PVC-Material. Der Clip ist hart und die Kanten sind weich, sodass eine kleberfreie Installation m\u00f6glich ist.<\/p>\n<p>Die Versandl\u00e4nge kann von 2,2 Meter auf 1,1 Meter gek\u00fcrzt werden. <a href=\"https:\/\/showerglasshardware.com\/index.php\/contact\/\">Bitte kontaktieren Sie den Kundenservice<\/a>.<\/p>","protected":false},"excerpt":{"rendered":"<ul>\n<li>Bodendichtung f\u00fcr Duscht\u00fcren: Geeignet f\u00fcr verschiedene Arten von Glast\u00fcren<\/li>\n<li>Duscht\u00fcrdichtungen mit Glasboden<\/li>\n<li>Abdichtungsbereich: L\u00fccken von 10-15mm<\/li>\n<\/ul>","protected":false},"featured_media":2585,"comment_status":"open","ping_status":"closed","template":"","meta":{"_acf_changed":false},"product_brand":[],"product_cat":[114,155],"product_tag":[132],"class_list":{"0":"post-2575","1":"product","2":"type-product","3":"status-publish","4":"has-post-thumbnail","6":"product_cat-shower-door-seals","7":"product_cat-one-piece-bottom-rail-seal","8":"product_tag-shower-door-seal","9":"pa_finish-customized-colors","10":"pa_finish-white","11":"pa_glass-thickness-1-2-inch-12mm","12":"pa_glass-thickness-3-8-inch-10mm","13":"pa_glass-thickness-5-16-inch-8mm","14":"pa_material-vinyl","16":"first","17":"instock","18":"purchasable","19":"product-type-variable"},"acf":[],"_links":{"self":[{"href":"https:\/\/showerglasshardware.com\/de-de\/wp-json\/wp\/v2\/product\/2575","targetHints":{"allow":["GET"]}}],"collection":[{"href":"https:\/\/showerglasshardware.com\/de-de\/wp-json\/wp\/v2\/product"}],"about":[{"href":"https:\/\/showerglasshardware.com\/de-de\/wp-json\/wp\/v2\/types\/product"}],"replies":[{"embeddable":true,"href":"https:\/\/showerglasshardware.com\/de-de\/wp-json\/wp\/v2\/comments?post=2575"}],"version-history":[{"count":3,"href":"https:\/\/showerglasshardware.com\/de-de\/wp-json\/wp\/v2\/product\/2575\/revisions"}],"predecessor-version":[{"id":3749,"href":"https:\/\/showerglasshardware.com\/de-de\/wp-json\/wp\/v2\/product\/2575\/revisions\/3749"}],"wp:featuredmedia":[{"embeddable":true,"href":"https:\/\/showerglasshardware.com\/de-de\/wp-json\/wp\/v2\/media\/2585"}],"wp:attachment":[{"href":"https:\/\/showerglasshardware.com\/de-de\/wp-json\/wp\/v2\/media?parent=2575"}],"wp:term":[{"taxonomy":"product_brand","embeddable":true,"href":"https:\/\/showerglasshardware.com\/de-de\/wp-json\/wp\/v2\/product_brand?post=2575"},{"taxonomy":"product_cat","embeddable":true,"href":"https:\/\/showerglasshardware.com\/de-de\/wp-json\/wp\/v2\/product_cat?post=2575"},{"taxonomy":"product_tag","embeddable":true,"href":"https:\/\/showerglasshardware.com\/de-de\/wp-json\/wp\/v2\/product_tag?post=2575"}],"curies":[{"name":"wp","href":"https:\/\/api.w.org\/{rel}","templated":true}]}}