{"id":2712,"date":"2024-07-06T02:24:51","date_gmt":"2024-07-06T02:24:51","guid":{"rendered":"https:\/\/showerglasshardware.com\/?post_type=product&#038;p=2712"},"modified":"2025-08-13T13:47:41","modified_gmt":"2025-08-13T13:47:41","slug":"shower-room-support-square-bar-connector-rc52","status":"publish","type":"product","link":"https:\/\/showerglasshardware.com\/de-de\/product\/shower-room-support-square-bar-connector-rc52\/","title":{"rendered":"Duschraum-St\u00fctze, Vierkantstangen-Anschluss RC52"},"content":{"rendered":"<p data-start=\"386\" data-end=\"684\">Der RC52 Duschraumst\u00fctzen-Vierkantverbinder ist eine erstklassige L\u00f6sung f\u00fcr die Verbindung von Vierkantst\u00fctzen in rahmenlosen Duschkabinen. Aus massivem Messing gefertigt, bietet dieses Verbindungsst\u00fcck Festigkeit, Haltbarkeit und Korrosionsbest\u00e4ndigkeit und gew\u00e4hrleistet so eine lang anhaltende Leistung in nassen Umgebungen.<\/p>\n<p data-start=\"686\" data-end=\"963\">Sie ist f\u00fcr 3\/4\u2033 (19 mm) Vierkantrohre konzipiert und erm\u00f6glicht einfache und sichere Verbindungen zwischen den Stangen im 90\u00b0-Winkel, wodurch ein stabiler Rahmen f\u00fcr Ihren Duschraum entsteht. Ideal f\u00fcr private und gewerbliche Anwendungen, erh\u00f6ht es die Stabilit\u00e4t Ihrer Duschinstallation.<\/p>\n<p data-start=\"965\" data-end=\"984\"><strong data-start=\"965\" data-end=\"982\">Hauptmerkmale:<\/strong><\/p>\n<ul data-start=\"985\" data-end=\"1245\">\n<li data-start=\"985\" data-end=\"1052\">\n<p data-start=\"987\" data-end=\"1052\"><strong data-start=\"987\" data-end=\"1000\">Material:<\/strong> Massives Messing f\u00fcr St\u00e4rke und Korrosionsbest\u00e4ndigkeit<\/p>\n<\/li>\n<li data-start=\"1053\" data-end=\"1100\">\n<p data-start=\"1055\" data-end=\"1100\"><strong data-start=\"1055\" data-end=\"1066\">Entwurf:<\/strong> 90\u00b0-Verbinder f\u00fcr Vierkantrohre<\/p>\n<\/li>\n<li data-start=\"1101\" data-end=\"1162\">\n<p data-start=\"1103\" data-end=\"1162\"><strong data-start=\"1103\" data-end=\"1121\">Kompatibilit\u00e4t:<\/strong> Geeignet f\u00fcr 3\/4\u2033 (19mm) Vierkantrohre<\/p>\n<\/li>\n<li data-start=\"1163\" data-end=\"1245\">\n<p data-start=\"1165\" data-end=\"1245\"><strong data-start=\"1165\" data-end=\"1182\">Anwendungen:<\/strong> Rahmenlose Glasduschabtrennungen und Badezimmerinstallationen<\/p>\n<\/li>\n<\/ul>\n<p data-start=\"1247\" data-end=\"1268\"><strong data-start=\"1247\" data-end=\"1266\">Spezifikationen:<\/strong><\/p>\n<ul data-start=\"1269\" data-end=\"1455\">\n<li data-start=\"1269\" data-end=\"1288\">\n<p data-start=\"1271\" data-end=\"1288\"><strong data-start=\"1271\" data-end=\"1281\">Modell:<\/strong> RC52<\/p>\n<\/li>\n<li data-start=\"1289\" data-end=\"1312\">\n<p data-start=\"1291\" data-end=\"1312\"><strong data-start=\"1291\" data-end=\"1304\">Material:<\/strong> Messing<\/p>\n<\/li>\n<li data-start=\"1313\" data-end=\"1351\">\n<p data-start=\"1315\" data-end=\"1351\"><strong data-start=\"1315\" data-end=\"1324\">Typ:<\/strong> 90\u00b0-Vierkant-Stabverbinder<\/p>\n<\/li>\n<li data-start=\"1352\" data-end=\"1400\">\n<p data-start=\"1354\" data-end=\"1400\"><strong data-start=\"1354\" data-end=\"1372\">Kompatibilit\u00e4t:<\/strong> 3\/4\u2033 (19mm) Vierkantrohr<\/p>\n<\/li>\n<li data-start=\"1401\" data-end=\"1455\">\n<p data-start=\"1403\" data-end=\"1455\"><strong data-start=\"1403\" data-end=\"1419\">Anwendung:<\/strong> Rahmenlose Duschabtrennungen aus Glas<\/p>\n<\/li>\n<\/ul>","protected":false},"excerpt":{"rendered":"<ul>\n<li>Unterst\u00fctzt den Vierkantstangenverbinder;<\/li>\n<li>Geeignet f\u00fcr 3\/4\u2033 (19 mm) Vierkantrohre;<\/li>\n<li>90\u00b0-Verbindungsst\u00fcck aus massivem Messing von Stange zu Stange;<\/li>\n<\/ul>","protected":false},"featured_media":2713,"comment_status":"open","ping_status":"closed","template":"","meta":{"_acf_changed":false},"product_brand":[],"product_cat":[108],"product_tag":[137],"class_list":{"0":"post-2712","1":"product","2":"type-product","3":"status-publish","4":"has-post-thumbnail","6":"product_cat-support-bar-brackets-for-square-bars","7":"product_tag-support-bar-brackets-for-square-bars","8":"pa_finish-brushed-nickel","9":"pa_finish-chrome","10":"pa_finish-gold","11":"pa_finish-gun-metal","12":"pa_finish-black","13":"pa_material-brass","15":"first","16":"instock","17":"purchasable","18":"product-type-variable","19":"has-default-attributes"},"acf":[],"_links":{"self":[{"href":"https:\/\/showerglasshardware.com\/de-de\/wp-json\/wp\/v2\/product\/2712","targetHints":{"allow":["GET"]}}],"collection":[{"href":"https:\/\/showerglasshardware.com\/de-de\/wp-json\/wp\/v2\/product"}],"about":[{"href":"https:\/\/showerglasshardware.com\/de-de\/wp-json\/wp\/v2\/types\/product"}],"replies":[{"embeddable":true,"href":"https:\/\/showerglasshardware.com\/de-de\/wp-json\/wp\/v2\/comments?post=2712"}],"version-history":[{"count":3,"href":"https:\/\/showerglasshardware.com\/de-de\/wp-json\/wp\/v2\/product\/2712\/revisions"}],"predecessor-version":[{"id":4649,"href":"https:\/\/showerglasshardware.com\/de-de\/wp-json\/wp\/v2\/product\/2712\/revisions\/4649"}],"wp:featuredmedia":[{"embeddable":true,"href":"https:\/\/showerglasshardware.com\/de-de\/wp-json\/wp\/v2\/media\/2713"}],"wp:attachment":[{"href":"https:\/\/showerglasshardware.com\/de-de\/wp-json\/wp\/v2\/media?parent=2712"}],"wp:term":[{"taxonomy":"product_brand","embeddable":true,"href":"https:\/\/showerglasshardware.com\/de-de\/wp-json\/wp\/v2\/product_brand?post=2712"},{"taxonomy":"product_cat","embeddable":true,"href":"https:\/\/showerglasshardware.com\/de-de\/wp-json\/wp\/v2\/product_cat?post=2712"},{"taxonomy":"product_tag","embeddable":true,"href":"https:\/\/showerglasshardware.com\/de-de\/wp-json\/wp\/v2\/product_tag?post=2712"}],"curies":[{"name":"wp","href":"https:\/\/api.w.org\/{rel}","templated":true}]}}