{"id":2727,"date":"2024-06-30T08:40:31","date_gmt":"2024-06-30T08:40:31","guid":{"rendered":"https:\/\/showerglasshardware.com\/?post_type=product&#038;p=2727"},"modified":"2025-08-14T08:36:49","modified_gmt":"2025-08-14T08:36:49","slug":"shower-square-support-bar-wall-mount-bracket-rc44","status":"publish","type":"product","link":"https:\/\/showerglasshardware.com\/de-de\/product\/shower-square-support-bar-wall-mount-bracket-rc44\/","title":{"rendered":"Quadratische Wandhalterung f\u00fcr Duschstange RC44"},"content":{"rendered":"<p data-start=\"430\" data-end=\"600\">Die Wandhalterung RC44 Shower Square Support Bar ist eine dauerhafte und elegante L\u00f6sung f\u00fcr die Befestigung von quadratischen St\u00fctzstangen an der Wand in rahmenlosen Duschkabinen.<\/p>\n<p data-start=\"602\" data-end=\"914\">Diese aus massivem Messing gefertigte Halterung bietet eine hervorragende Festigkeit und Korrosionsbest\u00e4ndigkeit, die eine lange Lebensdauer auch in feuchten Badezimmern gew\u00e4hrleistet. Sie ist f\u00fcr 3\/4\u2033 (19 mm) Vierkantrohre ausgelegt und bietet einen sicheren und pr\u00e4zisen Sitz, wodurch sie sich sowohl f\u00fcr private als auch f\u00fcr gewerbliche Anwendungen eignet.<\/p>\n<p data-start=\"916\" data-end=\"935\"><strong data-start=\"916\" data-end=\"933\">Hauptmerkmale:<\/strong><\/p>\n<ul data-start=\"936\" data-end=\"1232\">\n<li data-start=\"936\" data-end=\"1003\">\n<p data-start=\"938\" data-end=\"1003\"><strong data-start=\"938\" data-end=\"951\">Material:<\/strong> Massives Messing f\u00fcr St\u00e4rke und Korrosionsbest\u00e4ndigkeit<\/p>\n<\/li>\n<li data-start=\"1004\" data-end=\"1069\">\n<p data-start=\"1006\" data-end=\"1069\"><strong data-start=\"1006\" data-end=\"1017\">Entwurf:<\/strong> Wandhalterung f\u00fcr quadratische Duschtr\u00e4gerstangen<\/p>\n<\/li>\n<li data-start=\"1070\" data-end=\"1123\">\n<p data-start=\"1072\" data-end=\"1123\"><strong data-start=\"1072\" data-end=\"1090\">Kompatibilit\u00e4t:<\/strong> Passend f\u00fcr 3\/4\u2033 (19mm) Vierkantrohre<\/p>\n<\/li>\n<li data-start=\"1124\" data-end=\"1232\">\n<p data-start=\"1126\" data-end=\"1232\"><strong data-start=\"1126\" data-end=\"1143\">Anwendungen:<\/strong> Geeignet f\u00fcr rahmenlose Glasduschabtrennungen in Wohnungen, Hotels und Gesch\u00e4ftsr\u00e4umen<\/p>\n<\/li>\n<\/ul>\n<p data-start=\"1234\" data-end=\"1255\"><strong data-start=\"1234\" data-end=\"1253\">Spezifikationen:<\/strong><\/p>\n<ul data-start=\"1256\" data-end=\"1459\">\n<li data-start=\"1256\" data-end=\"1275\">\n<p data-start=\"1258\" data-end=\"1275\"><strong data-start=\"1258\" data-end=\"1268\">Modell:<\/strong> RC44<\/p>\n<\/li>\n<li data-start=\"1276\" data-end=\"1334\">\n<p data-start=\"1278\" data-end=\"1334\"><strong data-start=\"1278\" data-end=\"1287\">Typ:<\/strong> Wandhalterung f\u00fcr quadratische Duschstangen<\/p>\n<\/li>\n<li data-start=\"1335\" data-end=\"1358\">\n<p data-start=\"1337\" data-end=\"1358\"><strong data-start=\"1337\" data-end=\"1350\">Material:<\/strong> Messing<\/p>\n<\/li>\n<li data-start=\"1359\" data-end=\"1410\">\n<p data-start=\"1361\" data-end=\"1410\"><strong data-start=\"1361\" data-end=\"1382\">Passend f\u00fcr Schlauchgr\u00f6\u00dfe:<\/strong> 3\/4\u2033 (19mm) Vierkantrohr<\/p>\n<\/li>\n<li data-start=\"1411\" data-end=\"1459\">\n<p data-start=\"1413\" data-end=\"1459\"><strong data-start=\"1413\" data-end=\"1429\">Anwendung:<\/strong> Rahmenlose Duschstrukturen<\/p>\n<\/li>\n<\/ul>","protected":false},"excerpt":{"rendered":"<ul>\n<li>Material: Messing<\/li>\n<li>Geeignet f\u00fcr 3\/4\u2033 (19 mm) Vierkantrohre<\/li>\n<li>Quadratische Wandhalterung f\u00fcr Duschst\u00fctzstange<\/li>\n<\/ul>","protected":false},"featured_media":2731,"comment_status":"open","ping_status":"closed","template":"","meta":{"_acf_changed":false},"product_brand":[],"product_cat":[47,108],"product_tag":[137],"class_list":{"0":"post-2727","1":"product","2":"type-product","3":"status-publish","4":"has-post-thumbnail","6":"product_cat-support-arms-and-bars","7":"product_cat-support-bar-brackets-for-square-bars","8":"product_tag-support-bar-brackets-for-square-bars","9":"pa_finish-brushed-nickel","10":"pa_finish-chrome","11":"pa_finish-gold","12":"pa_finish-gun-metal","13":"pa_finish-black","14":"pa_material-brass","16":"first","17":"instock","18":"purchasable","19":"product-type-variable","20":"has-default-attributes"},"acf":[],"_links":{"self":[{"href":"https:\/\/showerglasshardware.com\/de-de\/wp-json\/wp\/v2\/product\/2727","targetHints":{"allow":["GET"]}}],"collection":[{"href":"https:\/\/showerglasshardware.com\/de-de\/wp-json\/wp\/v2\/product"}],"about":[{"href":"https:\/\/showerglasshardware.com\/de-de\/wp-json\/wp\/v2\/types\/product"}],"replies":[{"embeddable":true,"href":"https:\/\/showerglasshardware.com\/de-de\/wp-json\/wp\/v2\/comments?post=2727"}],"version-history":[{"count":2,"href":"https:\/\/showerglasshardware.com\/de-de\/wp-json\/wp\/v2\/product\/2727\/revisions"}],"predecessor-version":[{"id":4659,"href":"https:\/\/showerglasshardware.com\/de-de\/wp-json\/wp\/v2\/product\/2727\/revisions\/4659"}],"wp:featuredmedia":[{"embeddable":true,"href":"https:\/\/showerglasshardware.com\/de-de\/wp-json\/wp\/v2\/media\/2731"}],"wp:attachment":[{"href":"https:\/\/showerglasshardware.com\/de-de\/wp-json\/wp\/v2\/media?parent=2727"}],"wp:term":[{"taxonomy":"product_brand","embeddable":true,"href":"https:\/\/showerglasshardware.com\/de-de\/wp-json\/wp\/v2\/product_brand?post=2727"},{"taxonomy":"product_cat","embeddable":true,"href":"https:\/\/showerglasshardware.com\/de-de\/wp-json\/wp\/v2\/product_cat?post=2727"},{"taxonomy":"product_tag","embeddable":true,"href":"https:\/\/showerglasshardware.com\/de-de\/wp-json\/wp\/v2\/product_tag?post=2727"}],"curies":[{"name":"wp","href":"https:\/\/api.w.org\/{rel}","templated":true}]}}