{"id":2742,"date":"2024-06-30T09:53:14","date_gmt":"2024-06-30T09:53:14","guid":{"rendered":"https:\/\/showerglasshardware.com\/?post_type=product&#038;p=2742"},"modified":"2025-08-14T08:34:47","modified_gmt":"2025-08-14T08:34:47","slug":"square-shower-support-bar-slide-bracket","status":"publish","type":"product","link":"https:\/\/showerglasshardware.com\/de-de\/product\/square-shower-support-bar-slide-bracket\/","title":{"rendered":"Quadratische Duschst\u00fctzstange mit Gleithalterung f\u00fcr 0,24\u2033 \u2013 0,39\u2033 Glas RC47"},"content":{"rendered":"<p data-start=\"477\" data-end=\"673\">Die quadratische Duschstangenhalterung RC47 wurde entwickelt, um quadratische Stangen mit rahmenlosen Duschglaspaneelen zu verbinden und verleiht Ihrer Kabine Stabilit\u00e4t und strukturelle Verst\u00e4rkung.<\/p>\n<p data-start=\"675\" data-end=\"943\">Dieser aus massivem Messing gefertigte Gleitb\u00fcgel ist mit 3\/4\u2033 (19mm) Vierkantrohr kompatibel und passt zu 0,24\u2033-0,39\u2033 (6-10mm) dickem Glas. Er ist ideal f\u00fcr die Herstellung sicherer, professioneller Verbindungen in rahmenlosen Duschen im privaten oder gewerblichen Bereich.<\/p>\n<p data-start=\"945\" data-end=\"964\"><strong data-start=\"945\" data-end=\"962\">Hauptmerkmale:<\/strong><\/p>\n<ul data-start=\"965\" data-end=\"1367\">\n<li data-start=\"965\" data-end=\"1032\">\n<p data-start=\"967\" data-end=\"1032\"><strong data-start=\"967\" data-end=\"980\">Material:<\/strong> Massives Messing f\u00fcr St\u00e4rke und Korrosionsbest\u00e4ndigkeit<\/p>\n<\/li>\n<li data-start=\"1033\" data-end=\"1105\">\n<p data-start=\"1035\" data-end=\"1105\"><strong data-start=\"1035\" data-end=\"1046\">Entwurf:<\/strong> Schiebeb\u00fcgel f\u00fcr die Verbindung von Vierkantst\u00fctze und Glas<\/p>\n<\/li>\n<li data-start=\"1106\" data-end=\"1158\">\n<p data-start=\"1108\" data-end=\"1158\"><strong data-start=\"1108\" data-end=\"1132\">Glaskompatibilit\u00e4t:<\/strong> Geeignet f\u00fcr 6-10 mm dickes Glas<\/p>\n<\/li>\n<li data-start=\"1159\" data-end=\"1219\">\n<p data-start=\"1161\" data-end=\"1219\"><strong data-start=\"1161\" data-end=\"1186\">Kompatibilit\u00e4t der Schl\u00e4uche:<\/strong> Passend f\u00fcr 3\/4\u2033 (19mm) Vierkantrohre<\/p>\n<\/li>\n<li data-start=\"1220\" data-end=\"1296\">\n<p data-start=\"1222\" data-end=\"1296\"><strong data-start=\"1222\" data-end=\"1235\">Funktion:<\/strong> Bietet strukturelle Unterst\u00fctzung f\u00fcr rahmenlose Duschkabinen<\/p>\n<\/li>\n<li data-start=\"1297\" data-end=\"1367\">\n<p data-start=\"1299\" data-end=\"1367\"><strong data-start=\"1299\" data-end=\"1316\">Anwendungen:<\/strong> Geeignet f\u00fcr private und gewerbliche Nutzung<\/p>\n<\/li>\n<\/ul>\n<p data-start=\"1369\" data-end=\"1390\"><strong data-start=\"1369\" data-end=\"1388\">Spezifikationen:<\/strong><\/p>\n<ul data-start=\"1391\" data-end=\"1646\">\n<li data-start=\"1391\" data-end=\"1410\">\n<p data-start=\"1393\" data-end=\"1410\"><strong data-start=\"1393\" data-end=\"1403\">Modell:<\/strong> RC47<\/p>\n<\/li>\n<li data-start=\"1411\" data-end=\"1464\">\n<p data-start=\"1413\" data-end=\"1464\"><strong data-start=\"1413\" data-end=\"1422\">Typ:<\/strong> Gleitb\u00fcgel f\u00fcr quadratische Duschstangen<\/p>\n<\/li>\n<li data-start=\"1465\" data-end=\"1488\">\n<p data-start=\"1467\" data-end=\"1488\"><strong data-start=\"1467\" data-end=\"1480\">Material:<\/strong> Messing<\/p>\n<\/li>\n<li data-start=\"1489\" data-end=\"1539\">\n<p data-start=\"1491\" data-end=\"1539\"><strong data-start=\"1491\" data-end=\"1516\">Passt zur Glasdicke:<\/strong> 6-10mm (0.24\u2033-0.39\u2033)<\/p>\n<\/li>\n<li data-start=\"1540\" data-end=\"1591\">\n<p data-start=\"1542\" data-end=\"1591\"><strong data-start=\"1542\" data-end=\"1563\">Passend f\u00fcr Schlauchgr\u00f6\u00dfe:<\/strong> 3\/4\u2033 (19mm) Vierkantrohr<\/p>\n<\/li>\n<li data-start=\"1592\" data-end=\"1646\">\n<p data-start=\"1594\" data-end=\"1646\"><strong data-start=\"1594\" data-end=\"1610\">Anwendung:<\/strong> Rahmenlose Glasduschstrukturen<\/p>\n<\/li>\n<\/ul>","protected":false},"excerpt":{"rendered":"<ul>\n<li>Quadratische Gleithalterung f\u00fcr Duschhaltestange<\/li>\n<li>Geeignet f\u00fcr 3\/4\u2033 (19 mm) Vierkantrohre<\/li>\n<li>Material: Messing<\/li>\n<li>Verleiht rahmenlosen Duschkabinen strukturelle Unterst\u00fctzung<\/li>\n<\/ul>","protected":false},"featured_media":2751,"comment_status":"open","ping_status":"closed","template":"","meta":{"_acf_changed":false},"product_brand":[],"product_cat":[108,47],"product_tag":[137],"class_list":{"0":"post-2742","1":"product","2":"type-product","3":"status-publish","4":"has-post-thumbnail","6":"product_cat-support-bar-brackets-for-square-bars","7":"product_cat-support-arms-and-bars","8":"product_tag-support-bar-brackets-for-square-bars","9":"pa_finish-brushed-nickel","10":"pa_finish-chrome","11":"pa_finish-gold","12":"pa_finish-gun-metal","13":"pa_finish-black","14":"pa_glass-thickness-6-10-mm","15":"pa_material-brass","17":"first","18":"instock","19":"purchasable","20":"product-type-variable","21":"has-default-attributes"},"acf":[],"_links":{"self":[{"href":"https:\/\/showerglasshardware.com\/de-de\/wp-json\/wp\/v2\/product\/2742","targetHints":{"allow":["GET"]}}],"collection":[{"href":"https:\/\/showerglasshardware.com\/de-de\/wp-json\/wp\/v2\/product"}],"about":[{"href":"https:\/\/showerglasshardware.com\/de-de\/wp-json\/wp\/v2\/types\/product"}],"replies":[{"embeddable":true,"href":"https:\/\/showerglasshardware.com\/de-de\/wp-json\/wp\/v2\/comments?post=2742"}],"version-history":[{"count":1,"href":"https:\/\/showerglasshardware.com\/de-de\/wp-json\/wp\/v2\/product\/2742\/revisions"}],"predecessor-version":[{"id":4657,"href":"https:\/\/showerglasshardware.com\/de-de\/wp-json\/wp\/v2\/product\/2742\/revisions\/4657"}],"wp:featuredmedia":[{"embeddable":true,"href":"https:\/\/showerglasshardware.com\/de-de\/wp-json\/wp\/v2\/media\/2751"}],"wp:attachment":[{"href":"https:\/\/showerglasshardware.com\/de-de\/wp-json\/wp\/v2\/media?parent=2742"}],"wp:term":[{"taxonomy":"product_brand","embeddable":true,"href":"https:\/\/showerglasshardware.com\/de-de\/wp-json\/wp\/v2\/product_brand?post=2742"},{"taxonomy":"product_cat","embeddable":true,"href":"https:\/\/showerglasshardware.com\/de-de\/wp-json\/wp\/v2\/product_cat?post=2742"},{"taxonomy":"product_tag","embeddable":true,"href":"https:\/\/showerglasshardware.com\/de-de\/wp-json\/wp\/v2\/product_tag?post=2742"}],"curies":[{"name":"wp","href":"https:\/\/api.w.org\/{rel}","templated":true}]}}