{"id":2889,"date":"2024-07-04T06:47:08","date_gmt":"2024-07-04T06:47:08","guid":{"rendered":"https:\/\/showerglasshardware.com\/?post_type=product&#038;p=2889"},"modified":"2025-11-21T06:24:38","modified_gmt":"2025-11-21T06:24:38","slug":"brass-glass-frameless-shower-door-hinges-with-cover","status":"publish","type":"product","link":"https:\/\/showerglasshardware.com\/de-de\/product\/brass-glass-frameless-shower-door-hinges-with-cover\/","title":{"rendered":"Rahmenlose Duscht\u00fcrscharniere aus Messing und Glas mit Abdeckung SGH-C102"},"content":{"rendered":"<p data-start=\"485\" data-end=\"673\">Die SGH-C102 Messingscharniere f\u00fcr rahmenlose Duscht\u00fcren mit Abdeckung vereinen Langlebigkeit, reibungslose Leistung und ein raffiniertes Aussehen f\u00fcr erstklassige rahmenlose Duschinstallationen.<\/p>\n<p data-start=\"675\" data-end=\"1009\">Die aus massivem Messing gefertigten Scharniere sind mit 8-12 mm dickem Glas kompatibel und verf\u00fcgen \u00fcber eine Tragf\u00e4higkeit von 40 kg pro zwei Scharniere, was eine zuverl\u00e4ssige Unterst\u00fctzung f\u00fcr schwerere Duscht\u00fcren gew\u00e4hrleistet. Das dekorative Abdeckungsdesign verdeckt die Befestigungselemente und sorgt f\u00fcr ein sauberes, minimalistisches Aussehen, das die \u00c4sthetik des Badezimmers verbessert.<\/p>\n<p data-start=\"1011\" data-end=\"1176\">Die Scharniere SGH-C102 eignen sich sowohl f\u00fcr private als auch f\u00fcr gewerbliche Projekte und zeichnen sich durch Festigkeit, Korrosionsbest\u00e4ndigkeit und dauerhafte Leistung in nassen Umgebungen aus.<\/p>\n<p data-start=\"1178\" data-end=\"1197\"><strong data-start=\"1178\" data-end=\"1195\">Hauptmerkmale:<\/strong><\/p>\n<ul data-start=\"1198\" data-end=\"1584\">\n<li data-start=\"1198\" data-end=\"1265\">\n<p data-start=\"1200\" data-end=\"1265\"><strong data-start=\"1200\" data-end=\"1213\">Material:<\/strong> Massives Messing f\u00fcr St\u00e4rke und Korrosionsbest\u00e4ndigkeit<\/p>\n<\/li>\n<li data-start=\"1266\" data-end=\"1323\">\n<p data-start=\"1268\" data-end=\"1323\"><strong data-start=\"1268\" data-end=\"1277\">Typ:<\/strong> Glas-an-Glas-Scharniere mit dekorativer Abdeckung<\/p>\n<\/li>\n<li data-start=\"1324\" data-end=\"1376\">\n<p data-start=\"1326\" data-end=\"1376\"><strong data-start=\"1326\" data-end=\"1350\">Glaskompatibilit\u00e4t:<\/strong> Geeignet f\u00fcr 8-12 mm dickes Glas<\/p>\n<\/li>\n<li data-start=\"1377\" data-end=\"1434\">\n<p data-start=\"1379\" data-end=\"1434\"><strong data-start=\"1379\" data-end=\"1397\">Tragf\u00e4higkeit:<\/strong> Tr\u00e4gt bis zu 40 kg pro zwei Scharniere<\/p>\n<\/li>\n<li data-start=\"1435\" data-end=\"1506\">\n<p data-start=\"1437\" data-end=\"1506\"><strong data-start=\"1437\" data-end=\"1448\">Entwurf:<\/strong> Die elegante Abdeckung verdeckt die Befestigungsschrauben und sorgt f\u00fcr ein sauberes Finish<\/p>\n<\/li>\n<li data-start=\"1507\" data-end=\"1584\">\n<p data-start=\"1509\" data-end=\"1584\"><strong data-start=\"1509\" data-end=\"1526\">Anwendungen:<\/strong> Rahmenlose Duscht\u00fcren aus Glas in Wohnungen, Hotels und Spas<\/p>\n<\/li>\n<\/ul>\n<p data-start=\"1586\" data-end=\"1607\"><strong data-start=\"1586\" data-end=\"1605\">Spezifikationen:<\/strong><\/p>\n<ul data-start=\"1608\" data-end=\"1782\">\n<li data-start=\"1608\" data-end=\"1631\">\n<p data-start=\"1610\" data-end=\"1631\"><strong data-start=\"1610\" data-end=\"1620\">Modell:<\/strong> SGH-C102<\/p>\n<\/li>\n<li data-start=\"1632\" data-end=\"1655\">\n<p data-start=\"1634\" data-end=\"1655\"><strong data-start=\"1634\" data-end=\"1647\">Material:<\/strong> Messing<\/p>\n<\/li>\n<li data-start=\"1656\" data-end=\"1692\">\n<p data-start=\"1658\" data-end=\"1692\"><strong data-start=\"1658\" data-end=\"1683\">Passt zur Glasdicke:<\/strong> 8-12mm<\/p>\n<\/li>\n<li data-start=\"1693\" data-end=\"1727\">\n<p data-start=\"1695\" data-end=\"1727\"><strong data-start=\"1695\" data-end=\"1713\">Tragf\u00e4higkeit:<\/strong> 40kg \/ 2St\u00fcck<\/p>\n<\/li>\n<li data-start=\"1728\" data-end=\"1782\">\n<p data-start=\"1730\" data-end=\"1782\"><strong data-start=\"1730\" data-end=\"1746\">Anwendung:<\/strong> Rahmenlose Duschabtrennungen aus Glas<\/p>\n<\/li>\n<\/ul>","protected":false},"excerpt":{"rendered":"<ul>\n<li>Glas-Glas-Scharniere<\/li>\n<li>Messing Glas Rahmenlose Duscht\u00fcr Scharniere mit Abdeckung<\/li>\n<li>Glasdicke 8-12mm<\/li>\n<li>Tragkraft 40kg \/ 2Stk<\/li>\n<\/ul>","protected":false},"featured_media":3031,"comment_status":"open","ping_status":"closed","template":"","meta":{"_acf_changed":false},"product_brand":[],"product_cat":[20,21],"product_tag":[131],"class_list":{"0":"post-2889","1":"product","2":"type-product","3":"status-publish","4":"has-post-thumbnail","6":"product_cat-shower-door-hinges","7":"product_cat-glass-to-wall-hinges","8":"product_tag-wall-mount-hinges","9":"pa_finish-brushed-nickel","10":"pa_finish-chrome","11":"pa_finish-gold","12":"pa_finish-gun-metal","13":"pa_finish-black","14":"pa_glass-thickness-8-12mm","15":"pa_load-bearing-40kg","16":"pa_material-brass","18":"first","19":"instock","20":"purchasable","21":"product-type-variable"},"acf":[],"_links":{"self":[{"href":"https:\/\/showerglasshardware.com\/de-de\/wp-json\/wp\/v2\/product\/2889","targetHints":{"allow":["GET"]}}],"collection":[{"href":"https:\/\/showerglasshardware.com\/de-de\/wp-json\/wp\/v2\/product"}],"about":[{"href":"https:\/\/showerglasshardware.com\/de-de\/wp-json\/wp\/v2\/types\/product"}],"replies":[{"embeddable":true,"href":"https:\/\/showerglasshardware.com\/de-de\/wp-json\/wp\/v2\/comments?post=2889"}],"version-history":[{"count":3,"href":"https:\/\/showerglasshardware.com\/de-de\/wp-json\/wp\/v2\/product\/2889\/revisions"}],"predecessor-version":[{"id":4682,"href":"https:\/\/showerglasshardware.com\/de-de\/wp-json\/wp\/v2\/product\/2889\/revisions\/4682"}],"wp:featuredmedia":[{"embeddable":true,"href":"https:\/\/showerglasshardware.com\/de-de\/wp-json\/wp\/v2\/media\/3031"}],"wp:attachment":[{"href":"https:\/\/showerglasshardware.com\/de-de\/wp-json\/wp\/v2\/media?parent=2889"}],"wp:term":[{"taxonomy":"product_brand","embeddable":true,"href":"https:\/\/showerglasshardware.com\/de-de\/wp-json\/wp\/v2\/product_brand?post=2889"},{"taxonomy":"product_cat","embeddable":true,"href":"https:\/\/showerglasshardware.com\/de-de\/wp-json\/wp\/v2\/product_cat?post=2889"},{"taxonomy":"product_tag","embeddable":true,"href":"https:\/\/showerglasshardware.com\/de-de\/wp-json\/wp\/v2\/product_tag?post=2889"}],"curies":[{"name":"wp","href":"https:\/\/api.w.org\/{rel}","templated":true}]}}