{"id":2918,"date":"2024-07-04T07:15:22","date_gmt":"2024-07-04T07:15:22","guid":{"rendered":"https:\/\/showerglasshardware.com\/?post_type=product&#038;p=2918"},"modified":"2025-11-21T06:17:56","modified_gmt":"2025-11-21T06:17:56","slug":"heavy-duty-glass-door-hinges-with-covers","status":"publish","type":"product","link":"https:\/\/showerglasshardware.com\/de-de\/product\/heavy-duty-glass-door-hinges-with-covers\/","title":{"rendered":"Hochleistungs-Glast\u00fcrscharniere mit Abdeckungen SGH-C502"},"content":{"rendered":"<p data-start=\"450\" data-end=\"640\">Die SGH-C502 Heavy Duty 180\u00b0 Glas-Glas-Duscht\u00fcrscharniere sind auf St\u00e4rke, Zuverl\u00e4ssigkeit und ein sauberes, modernes Finish ausgelegt und eignen sich daher perfekt f\u00fcr rahmenlose Duschkabinen.<\/p>\n<p data-start=\"642\" data-end=\"946\">Diese aus hochwertigen Materialien gefertigten Glas-Glas-Scharniere mit Abdeckungen passen zu 8-12 mm dickem Glas und k\u00f6nnen bis zu 40 kg pro zwei Scharniere tragen. Der 180\u00b0-\u00d6ffnungsbereich erm\u00f6glicht eine reibungslose Ausrichtung zwischen ineinandergreifenden Glasscheiben, w\u00e4hrend die Abdeckungen die Schrauben f\u00fcr ein sauberes, stromlinienf\u00f6rmiges Aussehen verbergen.<\/p>\n<p data-start=\"948\" data-end=\"1087\">Diese strapazierf\u00e4higen Scharniere eignen sich sowohl f\u00fcr private als auch f\u00fcr gewerbliche B\u00e4der, in denen Haltbarkeit und \u00c4sthetik gleicherma\u00dfen wichtig sind.<\/p>\n<p data-start=\"1089\" data-end=\"1108\"><strong data-start=\"1089\" data-end=\"1106\">Hauptmerkmale:<\/strong><\/p>\n<ul data-start=\"1109\" data-end=\"1529\">\n<li data-start=\"1109\" data-end=\"1184\">\n<p data-start=\"1111\" data-end=\"1184\"><strong data-start=\"1111\" data-end=\"1120\">Typ:<\/strong> 180\u00b0-Schwerlast-Duscht\u00fcrscharniere Glas-Glas mit Abdeckungen<\/p>\n<\/li>\n<li data-start=\"1185\" data-end=\"1261\">\n<p data-start=\"1187\" data-end=\"1261\"><strong data-start=\"1187\" data-end=\"1200\">Material:<\/strong> Massives Messing f\u00fcr h\u00f6chste Festigkeit und Korrosionsbest\u00e4ndigkeit<\/p>\n<\/li>\n<li data-start=\"1262\" data-end=\"1314\">\n<p data-start=\"1264\" data-end=\"1314\"><strong data-start=\"1264\" data-end=\"1288\">Glaskompatibilit\u00e4t:<\/strong> Geeignet f\u00fcr 8-12 mm dickes Glas<\/p>\n<\/li>\n<li data-start=\"1315\" data-end=\"1372\">\n<p data-start=\"1317\" data-end=\"1372\"><strong data-start=\"1317\" data-end=\"1335\">Tragf\u00e4higkeit:<\/strong> Tr\u00e4gt bis zu 40 kg pro zwei Scharniere<\/p>\n<\/li>\n<li data-start=\"1373\" data-end=\"1442\">\n<p data-start=\"1375\" data-end=\"1442\"><strong data-start=\"1375\" data-end=\"1386\">Entwurf:<\/strong> Verdeckte Schrauben mit Abdeckplatten f\u00fcr ein elegantes Finish<\/p>\n<\/li>\n<li data-start=\"1443\" data-end=\"1529\">\n<p data-start=\"1445\" data-end=\"1529\"><strong data-start=\"1445\" data-end=\"1462\">Anwendungen:<\/strong> Ideal f\u00fcr rahmenlose Duschkabinen in Wohnungen, Hotels und Spas<\/p>\n<\/li>\n<\/ul>\n<p data-start=\"1531\" data-end=\"1552\"><strong data-start=\"1531\" data-end=\"1550\">Spezifikationen:<\/strong><\/p>\n<ul data-start=\"1553\" data-end=\"1847\">\n<li data-start=\"1553\" data-end=\"1576\">\n<p data-start=\"1555\" data-end=\"1576\"><strong data-start=\"1555\" data-end=\"1565\">Modell:<\/strong> SGH-C502<\/p>\n<\/li>\n<li data-start=\"1577\" data-end=\"1617\">\n<p data-start=\"1579\" data-end=\"1617\"><strong data-start=\"1579\" data-end=\"1588\">Typ:<\/strong> Glas-Glas-Scharnier, 180\u00b0<\/p>\n<\/li>\n<li data-start=\"1618\" data-end=\"1641\">\n<p data-start=\"1620\" data-end=\"1641\"><strong data-start=\"1620\" data-end=\"1633\">Material:<\/strong> Messing<\/p>\n<\/li>\n<li data-start=\"1642\" data-end=\"1678\">\n<p data-start=\"1644\" data-end=\"1678\"><strong data-start=\"1644\" data-end=\"1669\">Passt zur Glasdicke:<\/strong> 8-12mm<\/p>\n<\/li>\n<li data-start=\"1679\" data-end=\"1713\">\n<p data-start=\"1681\" data-end=\"1713\"><strong data-start=\"1681\" data-end=\"1699\">Tragf\u00e4higkeit:<\/strong> 40kg \/ 2St\u00fcck<\/p>\n<\/li>\n<li data-start=\"1714\" data-end=\"1741\">\n<p data-start=\"1716\" data-end=\"1741\"><strong data-start=\"1716\" data-end=\"1734\">\u00d6ffnungsbereich:<\/strong> 180\u00b0<\/p>\n<\/li>\n<li data-start=\"1742\" data-end=\"1847\">\n<p data-start=\"1744\" data-end=\"1847\"><strong data-start=\"1744\" data-end=\"1763\">Ausf\u00fchrungsoptionen:<\/strong> Chrom poliert, Nickel geb\u00fcrstet, Gold poliert, Schwarz matt, Gun Metal (optional)<\/p>\n<\/li>\n<\/ul>","protected":false},"excerpt":{"rendered":"<ul>\n<li>180-Grad-Glas-Glas-Scharniere<\/li>\n<li>Hochbelastbare Glast\u00fcrscharniere mit Abdeckungen<\/li>\n<li>Glasdicke 8-12mm<\/li>\n<li>Tragkraft 40kg \/ 2Stk<\/li>\n<\/ul>","protected":false},"featured_media":3029,"comment_status":"open","ping_status":"closed","template":"","meta":{"_acf_changed":false},"product_brand":[],"product_cat":[20,22],"product_tag":[171],"class_list":{"0":"post-2918","1":"product","2":"type-product","3":"status-publish","4":"has-post-thumbnail","6":"product_cat-shower-door-hinges","7":"product_cat-glass-to-glass-hinges","8":"product_tag-glass-to-glass-hinges","9":"pa_finish-brushed-nickel","10":"pa_finish-chrome","11":"pa_finish-gold","12":"pa_finish-gun-metal","13":"pa_finish-black","14":"pa_glass-thickness-8-12mm","15":"pa_load-bearing-40kg","16":"pa_material-brass","18":"first","19":"instock","20":"purchasable","21":"product-type-variable","22":"has-default-attributes"},"acf":[],"_links":{"self":[{"href":"https:\/\/showerglasshardware.com\/de-de\/wp-json\/wp\/v2\/product\/2918","targetHints":{"allow":["GET"]}}],"collection":[{"href":"https:\/\/showerglasshardware.com\/de-de\/wp-json\/wp\/v2\/product"}],"about":[{"href":"https:\/\/showerglasshardware.com\/de-de\/wp-json\/wp\/v2\/types\/product"}],"replies":[{"embeddable":true,"href":"https:\/\/showerglasshardware.com\/de-de\/wp-json\/wp\/v2\/comments?post=2918"}],"version-history":[{"count":3,"href":"https:\/\/showerglasshardware.com\/de-de\/wp-json\/wp\/v2\/product\/2918\/revisions"}],"predecessor-version":[{"id":3371,"href":"https:\/\/showerglasshardware.com\/de-de\/wp-json\/wp\/v2\/product\/2918\/revisions\/3371"}],"wp:featuredmedia":[{"embeddable":true,"href":"https:\/\/showerglasshardware.com\/de-de\/wp-json\/wp\/v2\/media\/3029"}],"wp:attachment":[{"href":"https:\/\/showerglasshardware.com\/de-de\/wp-json\/wp\/v2\/media?parent=2918"}],"wp:term":[{"taxonomy":"product_brand","embeddable":true,"href":"https:\/\/showerglasshardware.com\/de-de\/wp-json\/wp\/v2\/product_brand?post=2918"},{"taxonomy":"product_cat","embeddable":true,"href":"https:\/\/showerglasshardware.com\/de-de\/wp-json\/wp\/v2\/product_cat?post=2918"},{"taxonomy":"product_tag","embeddable":true,"href":"https:\/\/showerglasshardware.com\/de-de\/wp-json\/wp\/v2\/product_tag?post=2918"}],"curies":[{"name":"wp","href":"https:\/\/api.w.org\/{rel}","templated":true}]}}