{"id":3129,"date":"2024-08-17T02:26:40","date_gmt":"2024-08-17T02:26:40","guid":{"rendered":"https:\/\/showerglasshardware.com\/?post_type=product&#038;p=3129"},"modified":"2025-11-21T06:14:46","modified_gmt":"2025-11-21T06:14:46","slug":"heavy-duty-wall-to-glass-h-back-plate-shower-hinge-cl-101","status":"publish","type":"product","link":"https:\/\/showerglasshardware.com\/de-de\/product\/heavy-duty-wall-to-glass-h-back-plate-shower-hinge-cl-101\/","title":{"rendered":"Hochbelastbares Wand-Glas-Duscht\u00fcrscharnier \"H\" R\u00fcckwand-Duschscharnier CL-101"},"content":{"rendered":"<p data-start=\"460\" data-end=\"609\">Das CL-101 Heavy Duty Wall to Glass \"H\" Back Plate Duscht\u00fcrscharnier bietet au\u00dfergew\u00f6hnliche St\u00e4rke und einen sicheren Halt f\u00fcr rahmenlose Glast\u00fcren.<\/p>\n<p data-start=\"611\" data-end=\"882\">Dieses aus massivem Messing gefertigte Scharnier ist f\u00fcr 5\/16\u2033 bis 1\/2\u2033 (8-12mm) geh\u00e4rtetes Glas ausgelegt. Es erm\u00f6glicht eine 90\u00b0-\u00d6ffnung in beide Richtungen und ist selbstzentrierend, wenn es sich innerhalb von 25\u00b0 von der geschlossenen Position befindet, was einen reibungslosen Betrieb und eine zuverl\u00e4ssige T\u00fcrausrichtung gew\u00e4hrleistet.<\/p>\n<p data-start=\"884\" data-end=\"1071\">Die CL-101 ist in mehreren beliebten Ausf\u00fchrungen erh\u00e4ltlich und f\u00fcgt sich nahtlos in moderne Baddesigns ein, w\u00e4hrend sie gleichzeitig eine lange Lebensdauer f\u00fcr private und gewerbliche Installationen bietet.<\/p>\n<p data-start=\"1073\" data-end=\"1092\"><strong data-start=\"1073\" data-end=\"1090\">Hauptmerkmale:<\/strong><\/p>\n<ul data-start=\"1093\" data-end=\"1569\">\n<li data-start=\"1093\" data-end=\"1162\">\n<p data-start=\"1095\" data-end=\"1162\"><strong data-start=\"1095\" data-end=\"1108\">Material:<\/strong> Massives Messing f\u00fcr Langlebigkeit und Korrosionsbest\u00e4ndigkeit<\/p>\n<\/li>\n<li data-start=\"1163\" data-end=\"1233\">\n<p data-start=\"1165\" data-end=\"1233\"><strong data-start=\"1165\" data-end=\"1176\">Entwurf:<\/strong> \"H\"-R\u00fcckwandscharnier zwischen Wand und Glas f\u00fcr zus\u00e4tzliche Stabilit\u00e4t<\/p>\n<\/li>\n<li data-start=\"1234\" data-end=\"1289\">\n<p data-start=\"1236\" data-end=\"1289\"><strong data-start=\"1236\" data-end=\"1260\">Glaskompatibilit\u00e4t:<\/strong> Passend f\u00fcr 8-12mm geh\u00e4rtetes Glas<\/p>\n<\/li>\n<li data-start=\"1290\" data-end=\"1341\">\n<p data-start=\"1292\" data-end=\"1341\"><strong data-start=\"1292\" data-end=\"1310\">\u00d6ffnungsbereich:<\/strong> 90\u00b0 nach innen und 90\u00b0 nach au\u00dfen<\/p>\n<\/li>\n<li data-start=\"1342\" data-end=\"1413\">\n<p data-start=\"1344\" data-end=\"1413\"><strong data-start=\"1344\" data-end=\"1363\">Selbstzentrierung:<\/strong> Automatische Zentrierung bei einem Winkel von 25\u00b0 zum geschlossenen Zustand<\/p>\n<\/li>\n<li data-start=\"1414\" data-end=\"1478\">\n<p data-start=\"1416\" data-end=\"1478\"><strong data-start=\"1416\" data-end=\"1435\">Ausf\u00fchrungsoptionen:<\/strong> Mehrere beliebte Oberfl\u00e4chen zur Auswahl<\/p>\n<\/li>\n<li data-start=\"1479\" data-end=\"1569\">\n<p data-start=\"1481\" data-end=\"1569\"><strong data-start=\"1481\" data-end=\"1498\">Anwendungen:<\/strong> Rahmenlose Duscht\u00fcren aus Glas in Wohnungen, Hotels und Gesch\u00e4ftsr\u00e4umen<\/p>\n<\/li>\n<\/ul>\n<p data-start=\"1571\" data-end=\"1592\"><strong data-start=\"1571\" data-end=\"1590\">Spezifikationen:<\/strong><\/p>\n<ul data-start=\"1593\" data-end=\"1947\">\n<li data-start=\"1593\" data-end=\"1614\">\n<p data-start=\"1595\" data-end=\"1614\"><strong data-start=\"1595\" data-end=\"1605\">Modell:<\/strong> CL-101<\/p>\n<\/li>\n<li data-start=\"1615\" data-end=\"1668\">\n<p data-start=\"1617\" data-end=\"1668\"><strong data-start=\"1617\" data-end=\"1626\">Typ:<\/strong> Wand-zu-Glas-Scharnier mit \"H\"-R\u00fcckenplatte<\/p>\n<\/li>\n<li data-start=\"1669\" data-end=\"1692\">\n<p data-start=\"1671\" data-end=\"1692\"><strong data-start=\"1671\" data-end=\"1684\">Material:<\/strong> Messing<\/p>\n<\/li>\n<li data-start=\"1693\" data-end=\"1729\">\n<p data-start=\"1695\" data-end=\"1729\"><strong data-start=\"1695\" data-end=\"1720\">Passt zur Glasdicke:<\/strong> 8-12mm<\/p>\n<\/li>\n<li data-start=\"1730\" data-end=\"1769\">\n<p data-start=\"1732\" data-end=\"1769\"><strong data-start=\"1732\" data-end=\"1750\">\u00d6ffnungsbereich:<\/strong> 90\u00b0 ein \/ 90\u00b0 aus<\/p>\n<\/li>\n<li data-start=\"1770\" data-end=\"1820\">\n<p data-start=\"1772\" data-end=\"1820\"><strong data-start=\"1772\" data-end=\"1797\">Selbstzentrierender Winkel:<\/strong> Innerhalb 25\u00b0 von geschlossen<\/p>\n<\/li>\n<li data-start=\"1821\" data-end=\"1892\">\n<p data-start=\"1823\" data-end=\"1892\"><strong data-start=\"1823\" data-end=\"1836\">Ausf\u00fchrungen:<\/strong> Chrom, geb\u00fcrstetes Nickel, Gold, mattes Schwarz und andere<\/p>\n<\/li>\n<li data-start=\"1893\" data-end=\"1947\">\n<p data-start=\"1895\" data-end=\"1947\"><strong data-start=\"1895\" data-end=\"1911\">Anwendung:<\/strong> Rahmenlose Duschabtrennungen aus Glas<\/p>\n<\/li>\n<\/ul>\n<ul>\n<li><a href=\"https:\/\/showerglasshardware.com\/de-de\/contact\/\">Kontaktieren Sie uns f\u00fcr Details<\/a><\/li>\n<\/ul>","protected":false},"excerpt":{"rendered":"<ul>\n<li>Glas-Wand-Duscht\u00fcrscharnier mit H-R\u00fcckenplatte<\/li>\n<li>Entwickelt f\u00fcr 5\/16\u2033 - 1\/2\u2033 (8mm bis 12mm) geh\u00e4rtetes Glas<\/li>\n<li>Viele beliebte Oberfl\u00e4chen zur Auswahl<\/li>\n<li>Massiv Messing<\/li>\n<li>90 Grad nach innen und 90 Grad nach au\u00dfen<\/li>\n<li>Selbstzentrierend Wenn innerhalb von 25 Grad von geschlossen<\/li>\n<\/ul>","protected":false},"featured_media":3136,"comment_status":"open","ping_status":"closed","template":"","meta":{"_acf_changed":false},"product_brand":[],"product_cat":[21],"product_tag":[],"class_list":{"0":"post-3129","1":"product","2":"type-product","3":"status-publish","4":"has-post-thumbnail","6":"product_cat-glass-to-wall-hinges","7":"pa_finish-brushed-nickel","8":"pa_finish-chrome","9":"pa_finish-gold","10":"pa_finish-gun-metal","11":"pa_finish-black","12":"pa_glass-thickness-8-12mm","13":"pa_load-bearing-50kg-2pcs","14":"pa_material-brass","15":"pa_size-100-58-mm","17":"first","18":"instock","19":"product-type-simple"},"acf":[],"_links":{"self":[{"href":"https:\/\/showerglasshardware.com\/de-de\/wp-json\/wp\/v2\/product\/3129","targetHints":{"allow":["GET"]}}],"collection":[{"href":"https:\/\/showerglasshardware.com\/de-de\/wp-json\/wp\/v2\/product"}],"about":[{"href":"https:\/\/showerglasshardware.com\/de-de\/wp-json\/wp\/v2\/types\/product"}],"replies":[{"embeddable":true,"href":"https:\/\/showerglasshardware.com\/de-de\/wp-json\/wp\/v2\/comments?post=3129"}],"version-history":[{"count":4,"href":"https:\/\/showerglasshardware.com\/de-de\/wp-json\/wp\/v2\/product\/3129\/revisions"}],"predecessor-version":[{"id":4678,"href":"https:\/\/showerglasshardware.com\/de-de\/wp-json\/wp\/v2\/product\/3129\/revisions\/4678"}],"wp:featuredmedia":[{"embeddable":true,"href":"https:\/\/showerglasshardware.com\/de-de\/wp-json\/wp\/v2\/media\/3136"}],"wp:attachment":[{"href":"https:\/\/showerglasshardware.com\/de-de\/wp-json\/wp\/v2\/media?parent=3129"}],"wp:term":[{"taxonomy":"product_brand","embeddable":true,"href":"https:\/\/showerglasshardware.com\/de-de\/wp-json\/wp\/v2\/product_brand?post=3129"},{"taxonomy":"product_cat","embeddable":true,"href":"https:\/\/showerglasshardware.com\/de-de\/wp-json\/wp\/v2\/product_cat?post=3129"},{"taxonomy":"product_tag","embeddable":true,"href":"https:\/\/showerglasshardware.com\/de-de\/wp-json\/wp\/v2\/product_tag?post=3129"}],"curies":[{"name":"wp","href":"https:\/\/api.w.org\/{rel}","templated":true}]}}