{"id":3140,"date":"2024-08-19T01:46:23","date_gmt":"2024-08-19T01:46:23","guid":{"rendered":"https:\/\/showerglasshardware.com\/?post_type=product&#038;p=3140"},"modified":"2025-11-21T04:23:47","modified_gmt":"2025-11-21T04:23:47","slug":"offset-bracket-wall-mount-left-hand-shower-pivot-hinge","status":"publish","type":"product","link":"https:\/\/showerglasshardware.com\/de-de\/product\/offset-bracket-wall-mount-left-hand-shower-pivot-hinge\/","title":{"rendered":"Versetzte Halterung Wandmontage linke Hand Dusche Pivot Scharnier HY48"},"content":{"rendered":"<p data-start=\"476\" data-end=\"628\">Das HY48 Offset Bracket Wall Mount Left Hand Shower Pivot Hinge ist f\u00fcr die sichere und stilvolle Montage von rahmenlosen Glast\u00fcren im Badezimmer konzipiert.<\/p>\n<p data-start=\"630\" data-end=\"960\">Dieses aus massivem Messing gefertigte Scharnier bietet au\u00dfergew\u00f6hnliche Festigkeit, Korrosionsbest\u00e4ndigkeit und langfristige Leistung. Mit den Ma\u00dfen 55\u00d790 mm und einem Gewicht von 870 g ist es auf Stabilit\u00e4t und reibungsloses Schwenken ausgelegt. Es ist mit 8-12 mm dickem Glas kompatibel und eignet sich perfekt f\u00fcr private und gewerbliche Badezimmerinstallationen.<\/p>\n<p data-start=\"962\" data-end=\"1131\">Erh\u00e4ltlich in den Ausf\u00fchrungen Chrom, geb\u00fcrstetes Nickel, Gold und Schwarz matt, f\u00fcgt sich dieses Scharnier mit links versetzter \"L\"-Montage nahtlos in das Design moderner Badarmaturen ein.<\/p>\n<p data-start=\"1133\" data-end=\"1152\"><strong data-start=\"1133\" data-end=\"1150\">Hauptmerkmale:<\/strong><\/p>\n<ul data-start=\"1153\" data-end=\"1558\">\n<li data-start=\"1153\" data-end=\"1220\">\n<p data-start=\"1155\" data-end=\"1220\"><strong data-start=\"1155\" data-end=\"1168\">Material:<\/strong> Massives Messing f\u00fcr St\u00e4rke und Korrosionsbest\u00e4ndigkeit<\/p>\n<\/li>\n<li data-start=\"1221\" data-end=\"1306\">\n<p data-start=\"1223\" data-end=\"1306\"><strong data-start=\"1223\" data-end=\"1234\">Entwurf:<\/strong> Links versetztes \"L\"-Scharnier f\u00fcr die Glas-Wand-Montage<\/p>\n<\/li>\n<li data-start=\"1307\" data-end=\"1328\">\n<p data-start=\"1309\" data-end=\"1328\"><strong data-start=\"1309\" data-end=\"1318\">Gr\u00f6\u00dfe:<\/strong> 55\u00d790mm<\/p>\n<\/li>\n<li data-start=\"1329\" data-end=\"1349\">\n<p data-start=\"1331\" data-end=\"1349\"><strong data-start=\"1331\" data-end=\"1342\">Gewicht:<\/strong> 870g<\/p>\n<\/li>\n<li data-start=\"1350\" data-end=\"1402\">\n<p data-start=\"1352\" data-end=\"1402\"><strong data-start=\"1352\" data-end=\"1376\">Glaskompatibilit\u00e4t:<\/strong> Geeignet f\u00fcr 8-12 mm dickes Glas<\/p>\n<\/li>\n<li data-start=\"1403\" data-end=\"1468\">\n<p data-start=\"1405\" data-end=\"1468\"><strong data-start=\"1405\" data-end=\"1424\">Ausf\u00fchrungsoptionen:<\/strong> Chrom, Nickel geb\u00fcrstet, Gold, Schwarz matt<\/p>\n<\/li>\n<li data-start=\"1469\" data-end=\"1558\">\n<p data-start=\"1471\" data-end=\"1558\"><strong data-start=\"1471\" data-end=\"1488\">Anwendungen:<\/strong> Rahmenlose Duscht\u00fcren aus Glas im privaten und gewerblichen Bereich<\/p>\n<\/li>\n<\/ul>\n<p data-start=\"1560\" data-end=\"1581\"><strong data-start=\"1560\" data-end=\"1579\">Spezifikationen:<\/strong><\/p>\n<ul data-start=\"1582\" data-end=\"1878\">\n<li data-start=\"1582\" data-end=\"1601\">\n<p data-start=\"1584\" data-end=\"1601\"><strong data-start=\"1584\" data-end=\"1594\">Modell:<\/strong> HY48<\/p>\n<\/li>\n<li data-start=\"1602\" data-end=\"1662\">\n<p data-start=\"1604\" data-end=\"1662\"><strong data-start=\"1604\" data-end=\"1613\">Typ:<\/strong> Linksversetztes Wand-Drehscharnier f\u00fcr die Dusche<\/p>\n<\/li>\n<li data-start=\"1663\" data-end=\"1686\">\n<p data-start=\"1665\" data-end=\"1686\"><strong data-start=\"1665\" data-end=\"1678\">Material:<\/strong> Messing<\/p>\n<\/li>\n<li data-start=\"1687\" data-end=\"1708\">\n<p data-start=\"1689\" data-end=\"1708\"><strong data-start=\"1689\" data-end=\"1698\">Gr\u00f6\u00dfe:<\/strong> 55\u00d790mm<\/p>\n<\/li>\n<li data-start=\"1709\" data-end=\"1729\">\n<p data-start=\"1711\" data-end=\"1729\"><strong data-start=\"1711\" data-end=\"1722\">Gewicht:<\/strong> 870g<\/p>\n<\/li>\n<li data-start=\"1730\" data-end=\"1766\">\n<p data-start=\"1732\" data-end=\"1766\"><strong data-start=\"1732\" data-end=\"1757\">Passt zur Glasdicke:<\/strong> 8-12mm<\/p>\n<\/li>\n<li data-start=\"1767\" data-end=\"1826\">\n<p data-start=\"1769\" data-end=\"1826\"><strong data-start=\"1769\" data-end=\"1782\">Ausf\u00fchrungen:<\/strong> Chrom, Nickel geb\u00fcrstet, Gold, Schwarz matt<\/p>\n<\/li>\n<li data-start=\"1827\" data-end=\"1878\">\n<p data-start=\"1829\" data-end=\"1878\"><strong data-start=\"1829\" data-end=\"1845\">Anwendung:<\/strong> Rahmenlose Glast\u00fcren f\u00fcr Badezimmer<\/p>\n<\/li>\n<\/ul>","protected":false},"excerpt":{"rendered":"<ul>\n<li>Name: Links versetztes \"L\"-Montagescharnier<\/li>\n<li>Material: Massives Messing<\/li>\n<li>Gr\u00f6\u00dfe: 55*90mm<\/li>\n<li>Gewicht: 870g<\/li>\n<li>Fertiggestellt: Chrom \/ Nickel geb\u00fcrstet \/ Gold \/ Schwarz matt<\/li>\n<li>Glasdicke: 8-12mm<\/li>\n<\/ul>","protected":false},"featured_media":3141,"comment_status":"open","ping_status":"closed","template":"","meta":{"_acf_changed":false},"product_brand":[],"product_cat":[20,169],"product_tag":[],"class_list":{"0":"post-3140","1":"product","2":"type-product","3":"status-publish","4":"has-post-thumbnail","6":"product_cat-shower-door-hinges","7":"product_cat-shower-pivot-hinges","8":"pa_finish-brushed-nickel","9":"pa_finish-chrome","10":"pa_finish-gold","11":"pa_finish-black","12":"pa_glass-thickness-8-12mm","13":"pa_material-brass","14":"pa_size-5590mm","16":"first","17":"instock","18":"product-type-simple"},"acf":[],"_links":{"self":[{"href":"https:\/\/showerglasshardware.com\/de-de\/wp-json\/wp\/v2\/product\/3140","targetHints":{"allow":["GET"]}}],"collection":[{"href":"https:\/\/showerglasshardware.com\/de-de\/wp-json\/wp\/v2\/product"}],"about":[{"href":"https:\/\/showerglasshardware.com\/de-de\/wp-json\/wp\/v2\/types\/product"}],"replies":[{"embeddable":true,"href":"https:\/\/showerglasshardware.com\/de-de\/wp-json\/wp\/v2\/comments?post=3140"}],"version-history":[{"count":3,"href":"https:\/\/showerglasshardware.com\/de-de\/wp-json\/wp\/v2\/product\/3140\/revisions"}],"predecessor-version":[{"id":4675,"href":"https:\/\/showerglasshardware.com\/de-de\/wp-json\/wp\/v2\/product\/3140\/revisions\/4675"}],"wp:featuredmedia":[{"embeddable":true,"href":"https:\/\/showerglasshardware.com\/de-de\/wp-json\/wp\/v2\/media\/3141"}],"wp:attachment":[{"href":"https:\/\/showerglasshardware.com\/de-de\/wp-json\/wp\/v2\/media?parent=3140"}],"wp:term":[{"taxonomy":"product_brand","embeddable":true,"href":"https:\/\/showerglasshardware.com\/de-de\/wp-json\/wp\/v2\/product_brand?post=3140"},{"taxonomy":"product_cat","embeddable":true,"href":"https:\/\/showerglasshardware.com\/de-de\/wp-json\/wp\/v2\/product_cat?post=3140"},{"taxonomy":"product_tag","embeddable":true,"href":"https:\/\/showerglasshardware.com\/de-de\/wp-json\/wp\/v2\/product_tag?post=3140"}],"curies":[{"name":"wp","href":"https:\/\/api.w.org\/{rel}","templated":true}]}}