{"id":3146,"date":"2024-08-19T02:22:13","date_gmt":"2024-08-19T02:22:13","guid":{"rendered":"https:\/\/showerglasshardware.com\/?post_type=product&#038;p=3146"},"modified":"2025-11-21T04:09:58","modified_gmt":"2025-11-21T04:09:58","slug":"large-solid-brass-135-degree-glass-shower-door-hinge","status":"publish","type":"product","link":"https:\/\/showerglasshardware.com\/de-de\/product\/large-solid-brass-135-degree-glass-shower-door-hinge\/","title":{"rendered":"Gro\u00dfe solide Messing 135 Grad Glas Dusche T\u00fcrscharnier TLW103"},"content":{"rendered":"<p data-start=\"470\" data-end=\"625\">Das gro\u00dfe 135\u00b0-Duscht\u00fcrscharnier aus massivem Messing TLW103 ist f\u00fcr St\u00e4rke, Langlebigkeit und ein raffiniertes Aussehen in rahmenlosen Duschkabinen ausgelegt.<\/p>\n<p data-start=\"627\" data-end=\"949\">Das aus massivem Messing gefertigte Scharnier hat die Ma\u00dfe 100 \u00d7 58 mm und eine Dicke von 5,3 mm, was eine au\u00dfergew\u00f6hnliche Stabilit\u00e4t und langfristige Leistung gew\u00e4hrleistet. Es ist f\u00fcr 8-12 mm dickes Glas ausgelegt und verf\u00fcgt \u00fcber eine selbstschlie\u00dfende Funktion bei ca. 25\u00b0, die dazu beitr\u00e4gt, die Wasserkontrolle und den Komfort im t\u00e4glichen Gebrauch zu erhalten.<\/p>\n<p data-start=\"951\" data-end=\"1092\">Erh\u00e4ltlich in den Farben Chrom, Gold, Mattschwarz und geb\u00fcrstetem Nickel, passt sie zu einer Vielzahl von modernen Badstilen und -einrichtungen.<\/p>\n<p data-start=\"1094\" data-end=\"1113\"><strong data-start=\"1094\" data-end=\"1111\">Hauptmerkmale:<\/strong><\/p>\n<ul data-start=\"1114\" data-end=\"1581\">\n<li data-start=\"1114\" data-end=\"1191\">\n<p data-start=\"1116\" data-end=\"1191\"><strong data-start=\"1116\" data-end=\"1129\">Material:<\/strong> Massives Messing f\u00fcr maximale Haltbarkeit und Korrosionsbest\u00e4ndigkeit<\/p>\n<\/li>\n<li data-start=\"1192\" data-end=\"1260\">\n<p data-start=\"1194\" data-end=\"1260\"><strong data-start=\"1194\" data-end=\"1205\">Entwurf:<\/strong> 135\u00b0 Glas-Glas-Scharnier f\u00fcr rahmenlose Duscht\u00fcren<\/p>\n<\/li>\n<li data-start=\"1261\" data-end=\"1302\">\n<p data-start=\"1263\" data-end=\"1302\"><strong data-start=\"1263\" data-end=\"1272\">Gr\u00f6\u00dfe:<\/strong> 100 \u00d7 58 mm, Dicke 5,3 mm<\/p>\n<\/li>\n<li data-start=\"1303\" data-end=\"1355\">\n<p data-start=\"1305\" data-end=\"1355\"><strong data-start=\"1305\" data-end=\"1329\">Glaskompatibilit\u00e4t:<\/strong> Geeignet f\u00fcr 8-12 mm dickes Glas<\/p>\n<\/li>\n<li data-start=\"1356\" data-end=\"1411\">\n<p data-start=\"1358\" data-end=\"1411\"><strong data-start=\"1358\" data-end=\"1375\">Selbstschlie\u00dfend:<\/strong> Schlie\u00dft sich automatisch bei etwa 25\u00b0.<\/p>\n<\/li>\n<li data-start=\"1412\" data-end=\"1477\">\n<p data-start=\"1414\" data-end=\"1477\"><strong data-start=\"1414\" data-end=\"1433\">Ausf\u00fchrungsoptionen:<\/strong> Chrom, Gold, Schwarz matt, Nickel geb\u00fcrstet<\/p>\n<\/li>\n<li data-start=\"1478\" data-end=\"1581\">\n<p data-start=\"1480\" data-end=\"1581\"><strong data-start=\"1480\" data-end=\"1497\">Anwendungen:<\/strong> Geeignet f\u00fcr rahmenlose Glasduscht\u00fcren in Wohnungen, Hotels und Gesch\u00e4ftsr\u00e4umen<\/p>\n<\/li>\n<\/ul>\n<p data-start=\"1583\" data-end=\"1604\"><strong data-start=\"1583\" data-end=\"1602\">Spezifikationen:<\/strong><\/p>\n<ul data-start=\"1605\" data-end=\"1944\">\n<li data-start=\"1605\" data-end=\"1626\">\n<p data-start=\"1607\" data-end=\"1626\"><strong data-start=\"1607\" data-end=\"1617\">Modell:<\/strong> TLW103<\/p>\n<\/li>\n<li data-start=\"1627\" data-end=\"1678\">\n<p data-start=\"1629\" data-end=\"1678\"><strong data-start=\"1629\" data-end=\"1638\">Typ:<\/strong> 135\u00b0 Glas-Glas-Duscht\u00fcrscharnier<\/p>\n<\/li>\n<li data-start=\"1679\" data-end=\"1702\">\n<p data-start=\"1681\" data-end=\"1702\"><strong data-start=\"1681\" data-end=\"1694\">Material:<\/strong> Messing<\/p>\n<\/li>\n<li data-start=\"1703\" data-end=\"1727\">\n<p data-start=\"1705\" data-end=\"1727\"><strong data-start=\"1705\" data-end=\"1714\">Gr\u00f6\u00dfe:<\/strong> 100 \u00d7 58 mm<\/p>\n<\/li>\n<li data-start=\"1728\" data-end=\"1752\">\n<p data-start=\"1730\" data-end=\"1752\"><strong data-start=\"1730\" data-end=\"1744\">Die Dicke:<\/strong> 5,3 mm<\/p>\n<\/li>\n<li data-start=\"1753\" data-end=\"1789\">\n<p data-start=\"1755\" data-end=\"1789\"><strong data-start=\"1755\" data-end=\"1780\">Passt zur Glasdicke:<\/strong> 8-12mm<\/p>\n<\/li>\n<li data-start=\"1790\" data-end=\"1829\">\n<p data-start=\"1792\" data-end=\"1829\"><strong data-start=\"1792\" data-end=\"1815\">Selbstschlie\u00dfender Winkel:<\/strong> Ca. 25\u00b0<\/p>\n<\/li>\n<li data-start=\"1830\" data-end=\"1889\">\n<p data-start=\"1832\" data-end=\"1889\"><strong data-start=\"1832\" data-end=\"1845\">Ausf\u00fchrungen:<\/strong> Chrom, Gold, Schwarz matt, Nickel geb\u00fcrstet<\/p>\n<\/li>\n<li data-start=\"1890\" data-end=\"1944\">\n<p data-start=\"1892\" data-end=\"1944\"><strong data-start=\"1892\" data-end=\"1908\">Anwendung:<\/strong> Rahmenlose Duschabtrennungen aus Glas<\/p>\n<\/li>\n<\/ul>","protected":false},"excerpt":{"rendered":"<ul>\n<li>Gro\u00dfe massive Messing 135 Grad Glas Dusche T\u00fcrscharnier<\/li>\n<li>Material: Massives Messing<\/li>\n<li>Gr\u00f6\u00dfe: 100*58mm<\/li>\n<li>Dicke: 5,3 mm<\/li>\n<li>Glasdicke: 8- 12mm<\/li>\n<li>Ausf\u00fchrung: Chrom \/ Gold \/ Schwarz matt \/ Nickel geb\u00fcrstet<\/li>\n<li>Verschlussart: Selbstschlie\u00dfend bei etwa 25\u00b0<\/li>\n<\/ul>","protected":false},"featured_media":3149,"comment_status":"open","ping_status":"closed","template":"","meta":{"_acf_changed":false},"product_brand":[],"product_cat":[20,21],"product_tag":[],"class_list":{"0":"post-3146","1":"product","2":"type-product","3":"status-publish","4":"has-post-thumbnail","6":"product_cat-shower-door-hinges","7":"product_cat-glass-to-wall-hinges","8":"pa_closing-type-self-closing-at-about-25","9":"pa_finish-brushed-nickel","10":"pa_finish-chrome","11":"pa_finish-gold","12":"pa_finish-black","13":"pa_glass-thickness-8-12mm","14":"pa_material-brass","16":"first","17":"instock","18":"product-type-simple"},"acf":[],"_links":{"self":[{"href":"https:\/\/showerglasshardware.com\/de-de\/wp-json\/wp\/v2\/product\/3146","targetHints":{"allow":["GET"]}}],"collection":[{"href":"https:\/\/showerglasshardware.com\/de-de\/wp-json\/wp\/v2\/product"}],"about":[{"href":"https:\/\/showerglasshardware.com\/de-de\/wp-json\/wp\/v2\/types\/product"}],"replies":[{"embeddable":true,"href":"https:\/\/showerglasshardware.com\/de-de\/wp-json\/wp\/v2\/comments?post=3146"}],"version-history":[{"count":3,"href":"https:\/\/showerglasshardware.com\/de-de\/wp-json\/wp\/v2\/product\/3146\/revisions"}],"predecessor-version":[{"id":4669,"href":"https:\/\/showerglasshardware.com\/de-de\/wp-json\/wp\/v2\/product\/3146\/revisions\/4669"}],"wp:featuredmedia":[{"embeddable":true,"href":"https:\/\/showerglasshardware.com\/de-de\/wp-json\/wp\/v2\/media\/3149"}],"wp:attachment":[{"href":"https:\/\/showerglasshardware.com\/de-de\/wp-json\/wp\/v2\/media?parent=3146"}],"wp:term":[{"taxonomy":"product_brand","embeddable":true,"href":"https:\/\/showerglasshardware.com\/de-de\/wp-json\/wp\/v2\/product_brand?post=3146"},{"taxonomy":"product_cat","embeddable":true,"href":"https:\/\/showerglasshardware.com\/de-de\/wp-json\/wp\/v2\/product_cat?post=3146"},{"taxonomy":"product_tag","embeddable":true,"href":"https:\/\/showerglasshardware.com\/de-de\/wp-json\/wp\/v2\/product_tag?post=3146"}],"curies":[{"name":"wp","href":"https:\/\/api.w.org\/{rel}","templated":true}]}}