{"id":3152,"date":"2024-08-19T02:37:48","date_gmt":"2024-08-19T02:37:48","guid":{"rendered":"https:\/\/showerglasshardware.com\/?post_type=product&#038;p=3152"},"modified":"2025-11-21T04:03:08","modified_gmt":"2025-11-21T04:03:08","slug":"100mm-length-180-degree-glass-shower-door-hinge-tlw-104","status":"publish","type":"product","link":"https:\/\/showerglasshardware.com\/de-de\/product\/100mm-length-180-degree-glass-shower-door-hinge-tlw-104\/","title":{"rendered":"100mm L\u00e4nge 180 Grad Glas-Duscht\u00fcrscharnier TLW-104"},"content":{"rendered":"<p data-start=\"455\" data-end=\"626\">Das TLW-104 100mm 180\u00b0 Glasduscht\u00fcrscharnier ist eine erstklassige Scharnierl\u00f6sung f\u00fcr rahmenlose Glasduschabtrennungen, die St\u00e4rke, Haltbarkeit und ein elegantes Design kombiniert.<\/p>\n<p data-start=\"628\" data-end=\"908\">Das aus massivem Messing gefertigte Scharnier hat die Ma\u00dfe 100 \u00d7 58 mm und eine Dicke von 5,3 mm, was Stabilit\u00e4t und dauerhafte Leistung gew\u00e4hrleistet. Es ist f\u00fcr 8-12 mm dickes Glas ausgelegt und verf\u00fcgt \u00fcber einen Selbstschlie\u00dfmechanismus bei ca. 25\u00b0 f\u00fcr zus\u00e4tzlichen Komfort und Wasserkontrolle.<\/p>\n<p data-start=\"910\" data-end=\"1047\">Erh\u00e4ltlich in den Ausf\u00fchrungen Chrom, geb\u00fcrstetes Nickel, Gold und mattes Schwarz, f\u00fcgt sie sich nahtlos in eine Vielzahl moderner Badstile ein.<\/p>\n<p data-start=\"1049\" data-end=\"1068\"><strong data-start=\"1049\" data-end=\"1066\">Hauptmerkmale:<\/strong><\/p>\n<ul data-start=\"1069\" data-end=\"1513\">\n<li data-start=\"1069\" data-end=\"1136\">\n<p data-start=\"1071\" data-end=\"1136\"><strong data-start=\"1071\" data-end=\"1084\">Material:<\/strong> Massives Messing f\u00fcr St\u00e4rke und Korrosionsbest\u00e4ndigkeit<\/p>\n<\/li>\n<li data-start=\"1137\" data-end=\"1178\">\n<p data-start=\"1139\" data-end=\"1178\"><strong data-start=\"1139\" data-end=\"1148\">Gr\u00f6\u00dfe:<\/strong> 100 \u00d7 58 mm, Dicke 5,3 mm<\/p>\n<\/li>\n<li data-start=\"1179\" data-end=\"1247\">\n<p data-start=\"1181\" data-end=\"1247\"><strong data-start=\"1181\" data-end=\"1192\">Entwurf:<\/strong> 180\u00b0 Glas-Glas-Scharnier f\u00fcr rahmenlose Duscht\u00fcren<\/p>\n<\/li>\n<li data-start=\"1248\" data-end=\"1300\">\n<p data-start=\"1250\" data-end=\"1300\"><strong data-start=\"1250\" data-end=\"1274\">Glaskompatibilit\u00e4t:<\/strong> Geeignet f\u00fcr 8-12 mm dickes Glas<\/p>\n<\/li>\n<li data-start=\"1301\" data-end=\"1356\">\n<p data-start=\"1303\" data-end=\"1356\"><strong data-start=\"1303\" data-end=\"1320\">Selbstschlie\u00dfend:<\/strong> Schlie\u00dft sich automatisch bei etwa 25\u00b0.<\/p>\n<\/li>\n<li data-start=\"1357\" data-end=\"1422\">\n<p data-start=\"1359\" data-end=\"1422\"><strong data-start=\"1359\" data-end=\"1378\">Ausf\u00fchrungsoptionen:<\/strong> Chrom, Nickel geb\u00fcrstet, Gold, Schwarz matt<\/p>\n<\/li>\n<li data-start=\"1423\" data-end=\"1513\">\n<p data-start=\"1425\" data-end=\"1513\"><strong data-start=\"1425\" data-end=\"1442\">Anwendungen:<\/strong> Rahmenlose Duscht\u00fcren aus Glas in privaten und gewerblichen B\u00e4dern<\/p>\n<\/li>\n<\/ul>\n<p data-start=\"1515\" data-end=\"1536\"><strong data-start=\"1515\" data-end=\"1534\">Spezifikationen:<\/strong><\/p>\n<ul data-start=\"1537\" data-end=\"1877\">\n<li data-start=\"1537\" data-end=\"1559\">\n<p data-start=\"1539\" data-end=\"1559\"><strong data-start=\"1539\" data-end=\"1549\">Modell:<\/strong> TLW-104<\/p>\n<\/li>\n<li data-start=\"1560\" data-end=\"1611\">\n<p data-start=\"1562\" data-end=\"1611\"><strong data-start=\"1562\" data-end=\"1571\">Typ:<\/strong> 180\u00b0 Glas-Glas-Duscht\u00fcrscharnier<\/p>\n<\/li>\n<li data-start=\"1612\" data-end=\"1635\">\n<p data-start=\"1614\" data-end=\"1635\"><strong data-start=\"1614\" data-end=\"1627\">Material:<\/strong> Messing<\/p>\n<\/li>\n<li data-start=\"1636\" data-end=\"1660\">\n<p data-start=\"1638\" data-end=\"1660\"><strong data-start=\"1638\" data-end=\"1647\">Gr\u00f6\u00dfe:<\/strong> 100 \u00d7 58 mm<\/p>\n<\/li>\n<li data-start=\"1661\" data-end=\"1685\">\n<p data-start=\"1663\" data-end=\"1685\"><strong data-start=\"1663\" data-end=\"1677\">Die Dicke:<\/strong> 5,3 mm<\/p>\n<\/li>\n<li data-start=\"1686\" data-end=\"1722\">\n<p data-start=\"1688\" data-end=\"1722\"><strong data-start=\"1688\" data-end=\"1713\">Passt zur Glasdicke:<\/strong> 8-12mm<\/p>\n<\/li>\n<li data-start=\"1723\" data-end=\"1762\">\n<p data-start=\"1725\" data-end=\"1762\"><strong data-start=\"1725\" data-end=\"1748\">Selbstschlie\u00dfender Winkel:<\/strong> Ca. 25\u00b0<\/p>\n<\/li>\n<li data-start=\"1763\" data-end=\"1822\">\n<p data-start=\"1765\" data-end=\"1822\"><strong data-start=\"1765\" data-end=\"1778\">Ausf\u00fchrungen:<\/strong> Chrom, Nickel geb\u00fcrstet, Gold, Schwarz matt<\/p>\n<\/li>\n<li data-start=\"1823\" data-end=\"1877\">\n<p data-start=\"1825\" data-end=\"1877\"><strong data-start=\"1825\" data-end=\"1841\">Anwendung:<\/strong> Rahmenlose Duschabtrennungen aus Glas<\/p>\n<\/li>\n<\/ul>","protected":false},"excerpt":{"rendered":"<ul>\n<li>100 mm L\u00e4nge, 180-Grad-Glas-Duscht\u00fcrscharnier<\/li>\n<li>Material: Massives Messing<\/li>\n<li>Gr\u00f6\u00dfe: 100 *58mm<\/li>\n<li>Dicke: 5,3 mm<\/li>\n<li>Glasdicke: 8-12mm<\/li>\n<li>Fertiggestellt: Chrom \/ Nickel geb\u00fcrstet \/ Gold \/ Schwarz matt<\/li>\n<\/ul>","protected":false},"featured_media":3153,"comment_status":"open","ping_status":"closed","template":"","meta":{"_acf_changed":false},"product_brand":[],"product_cat":[20,22],"product_tag":[171],"class_list":{"0":"post-3152","1":"product","2":"type-product","3":"status-publish","4":"has-post-thumbnail","6":"product_cat-shower-door-hinges","7":"product_cat-glass-to-glass-hinges","8":"product_tag-glass-to-glass-hinges","9":"pa_closing-type-self-closing-at-about-25","10":"pa_finish-brushed-nickel","11":"pa_finish-chrome","12":"pa_finish-gold","13":"pa_finish-black","14":"pa_material-brass","16":"first","17":"instock","18":"product-type-simple"},"acf":[],"_links":{"self":[{"href":"https:\/\/showerglasshardware.com\/de-de\/wp-json\/wp\/v2\/product\/3152","targetHints":{"allow":["GET"]}}],"collection":[{"href":"https:\/\/showerglasshardware.com\/de-de\/wp-json\/wp\/v2\/product"}],"about":[{"href":"https:\/\/showerglasshardware.com\/de-de\/wp-json\/wp\/v2\/types\/product"}],"replies":[{"embeddable":true,"href":"https:\/\/showerglasshardware.com\/de-de\/wp-json\/wp\/v2\/comments?post=3152"}],"version-history":[{"count":3,"href":"https:\/\/showerglasshardware.com\/de-de\/wp-json\/wp\/v2\/product\/3152\/revisions"}],"predecessor-version":[{"id":4667,"href":"https:\/\/showerglasshardware.com\/de-de\/wp-json\/wp\/v2\/product\/3152\/revisions\/4667"}],"wp:featuredmedia":[{"embeddable":true,"href":"https:\/\/showerglasshardware.com\/de-de\/wp-json\/wp\/v2\/media\/3153"}],"wp:attachment":[{"href":"https:\/\/showerglasshardware.com\/de-de\/wp-json\/wp\/v2\/media?parent=3152"}],"wp:term":[{"taxonomy":"product_brand","embeddable":true,"href":"https:\/\/showerglasshardware.com\/de-de\/wp-json\/wp\/v2\/product_brand?post=3152"},{"taxonomy":"product_cat","embeddable":true,"href":"https:\/\/showerglasshardware.com\/de-de\/wp-json\/wp\/v2\/product_cat?post=3152"},{"taxonomy":"product_tag","embeddable":true,"href":"https:\/\/showerglasshardware.com\/de-de\/wp-json\/wp\/v2\/product_tag?post=3152"}],"curies":[{"name":"wp","href":"https:\/\/api.w.org\/{rel}","templated":true}]}}