{"id":3184,"date":"2024-08-21T02:01:09","date_gmt":"2024-08-21T02:01:09","guid":{"rendered":"https:\/\/showerglasshardware.com\/?post_type=product&#038;p=3184"},"modified":"2025-11-21T08:13:29","modified_gmt":"2025-11-21T08:13:29","slug":"brass-90-degree-glass-to-glass-shower-door-hinge-pk9053l","status":"publish","type":"product","link":"https:\/\/showerglasshardware.com\/de-de\/product\/brass-90-degree-glass-to-glass-shower-door-hinge-pk9053l\/","title":{"rendered":"Messing 90-Grad Glas zu Glas Duscht\u00fcr Scharnier - PK9053L"},"content":{"rendered":"<p>Der PK9053L <a href=\"https:\/\/showerglasshardware.com\/de-de\/shower-door-hinges\/glass-to-glass-hinges\/\">Glas zu Glas<\/a> Duscht\u00fcrscharnier ist eine erstklassige Wahl f\u00fcr moderne B\u00e4der. Es ist aus massivem Messing gefertigt und bietet au\u00dfergew\u00f6hnliche Haltbarkeit und eine zeitlose \u00c4sthetik. Dieses Scharnier erm\u00f6glicht es Ihrer Duscht\u00fcr, um 90\u00b0 nach au\u00dfen zu schwingen, was es ideal f\u00fcr elegante, rahmenlose Glasduschen macht.<\/p>\n<p>Hauptmerkmale:<\/p>\n<ul>\n<li><strong>Material:<\/strong> Dieses aus massivem Messing gefertigte Scharnier bietet robusten Halt und dauerhafte Korrosionsbest\u00e4ndigkeit.<\/li>\n<li><strong>Gr\u00f6\u00dfe:<\/strong> Mit den Ma\u00dfen 100x90mm passt es sicher auf 8mm bis 10mm flaches, geh\u00e4rtetes Glas und gew\u00e4hrleistet eine stabile Installation.<\/li>\n<li><strong>Verf\u00fcgbare Ausf\u00fchrungen:<\/strong> Erh\u00e4ltlich in verschiedenen Ausf\u00fchrungen wie gl\u00e4nzendem Chrom, Gold, poliertem Messing, satiniertem Nickel und mattem Schwarz, um die Einrichtung Ihres Badezimmers perfekt zu erg\u00e4nzen.<\/li>\n<li><strong>\u00dcberlegene Qualit\u00e4t:<\/strong> Dieses Scharnier wird einer umfassenden Qualit\u00e4tskontrolle unterzogen, einschlie\u00dflich eines 48-st\u00fcndigen Salzspr\u00fchnebeltests und \u00fcber 50.000 \u00d6ffnungs- und Schlie\u00dfzyklen, was die Industrienormen weit \u00fcbertrifft.<\/li>\n<li><strong>Einfache Installation:<\/strong> Wird mit PVC- oder asbestfreien Dichtungen (1mm\/2mm f\u00fcr 2 oder 4 St\u00fcck) und allen erforderlichen Befestigungsmitteln geliefert, um einen reibungslosen Einbau zu gew\u00e4hrleisten.<\/li>\n<li><strong>Verpackung:<\/strong> Sorgf\u00e4ltig verpackt in einem PE-Schaumbeutel, einem wei\u00dfen Innenkarton und einem stabilen Karton, um sicherzustellen, dass das Produkt in perfektem Zustand ankommt.<\/li>\n<li><strong>Anpassungen:<\/strong> OEM- und ODM-Optionen sind verf\u00fcgbar, um spezifische Kundenw\u00fcnsche zu erf\u00fcllen.<\/li>\n<\/ul>\n<p>R\u00fcsten Sie Ihre Duscht\u00fcr mit dem Scharnier PK9053L auf, einer Mischung aus klassischer Eleganz und modernster Funktionalit\u00e4t, entwickelt f\u00fcr eine lange Lebensdauer und eine Leistung, die Ihre Erwartungen \u00fcbertrifft.<\/p>\n<p><!-- notionvc: b81fc996-dd76-40ba-a838-4730c66bf493 --><\/p>","protected":false},"excerpt":{"rendered":"<ul>\n<li>Scharnier Typ: Glas-Glas-Scharniere<\/li>\n<li>Material: Messing massiv<\/li>\n<li>Gr\u00f6\u00dfe: 100*90mm<\/li>\n<li>Glasdicke: 8mm bis 10mm flaches geh\u00e4rtetes Glas<\/li>\n<li>Funktion: T\u00fcr schwenkt 90\u00b0 nach au\u00dfen<\/li>\n<li>Ausf\u00fchrungen: Glanzchrom\/Gold\/Messing poliert\/Mattnickel\/Mattschwarz, usw.<\/li>\n<\/ul>","protected":false},"featured_media":4718,"comment_status":"open","ping_status":"closed","template":"","meta":{"_acf_changed":false},"product_brand":[],"product_cat":[20,22],"product_tag":[171],"class_list":{"0":"post-3184","1":"product","2":"type-product","3":"status-publish","4":"has-post-thumbnail","6":"product_cat-shower-door-hinges","7":"product_cat-glass-to-glass-hinges","8":"product_tag-glass-to-glass-hinges","9":"pa_finish-brushed-nickel","10":"pa_finish-chrome","11":"pa_finish-gold","12":"pa_finish-gun-metal","13":"pa_finish-black","14":"pa_glass-thickness-8-10mm-0-32-0-39","15":"pa_material-brass","17":"first","18":"instock","19":"product-type-simple"},"acf":[],"_links":{"self":[{"href":"https:\/\/showerglasshardware.com\/de-de\/wp-json\/wp\/v2\/product\/3184","targetHints":{"allow":["GET"]}}],"collection":[{"href":"https:\/\/showerglasshardware.com\/de-de\/wp-json\/wp\/v2\/product"}],"about":[{"href":"https:\/\/showerglasshardware.com\/de-de\/wp-json\/wp\/v2\/types\/product"}],"replies":[{"embeddable":true,"href":"https:\/\/showerglasshardware.com\/de-de\/wp-json\/wp\/v2\/comments?post=3184"}],"version-history":[{"count":3,"href":"https:\/\/showerglasshardware.com\/de-de\/wp-json\/wp\/v2\/product\/3184\/revisions"}],"predecessor-version":[{"id":3646,"href":"https:\/\/showerglasshardware.com\/de-de\/wp-json\/wp\/v2\/product\/3184\/revisions\/3646"}],"wp:featuredmedia":[{"embeddable":true,"href":"https:\/\/showerglasshardware.com\/de-de\/wp-json\/wp\/v2\/media\/4718"}],"wp:attachment":[{"href":"https:\/\/showerglasshardware.com\/de-de\/wp-json\/wp\/v2\/media?parent=3184"}],"wp:term":[{"taxonomy":"product_brand","embeddable":true,"href":"https:\/\/showerglasshardware.com\/de-de\/wp-json\/wp\/v2\/product_brand?post=3184"},{"taxonomy":"product_cat","embeddable":true,"href":"https:\/\/showerglasshardware.com\/de-de\/wp-json\/wp\/v2\/product_cat?post=3184"},{"taxonomy":"product_tag","embeddable":true,"href":"https:\/\/showerglasshardware.com\/de-de\/wp-json\/wp\/v2\/product_tag?post=3184"}],"curies":[{"name":"wp","href":"https:\/\/api.w.org\/{rel}","templated":true}]}}