{"id":3193,"date":"2024-08-21T02:14:58","date_gmt":"2024-08-21T02:14:58","guid":{"rendered":"https:\/\/showerglasshardware.com\/?post_type=product&#038;p=3193"},"modified":"2025-11-21T08:06:36","modified_gmt":"2025-11-21T08:06:36","slug":"heavy-duty-brass-arched-glass-to-glass-shower-door-hinge-p402a","status":"publish","type":"product","link":"https:\/\/showerglasshardware.com\/de-de\/product\/heavy-duty-brass-arched-glass-to-glass-shower-door-hinge-p402a\/","title":{"rendered":"Hochbelastbare Messing-Bogenscharniere f\u00fcr Duschen Glas-Glas - P402A"},"content":{"rendered":"<p>Die P402A Duschscharniere <a href=\"https:\/\/showerglasshardware.com\/de-de\/shower-door-hinges\/glass-to-glass-hinges\/\">Von Glas zu Glas<\/a> wurde sorgf\u00e4ltig gefertigt, um Ihren Duscht\u00fcren h\u00f6chste Festigkeit und Eleganz zu verleihen. Mit seiner massiven Messingkonstruktion ist dieses Scharnier f\u00fcr Glast\u00fcren mit einer St\u00e4rke von 8 mm bis 12 mm geeignet und erm\u00f6glicht ein sanftes Ein- und Ausschwenken von 90\u00b0. Das sch\u00f6n gew\u00f6lbte Design verleiht jedem Badezimmer einen Hauch von Raffinesse.<\/p>\n<p>Hauptmerkmale:<\/p>\n<ul>\n<li><strong>Material:<\/strong> Gefertigt aus massivem Messing f\u00fcr un\u00fcbertroffene Haltbarkeit, Korrosionsbest\u00e4ndigkeit und lang anhaltende Sch\u00f6nheit.<\/li>\n<li><strong>Gr\u00f6\u00dfe:<\/strong> Das Scharnier hat die Ma\u00dfe 104 x 70 mm und kann 8 mm (5\/16\u2033) bis 12 mm (1\/2\u2033) flaches, geh\u00e4rtetes Glas aufnehmen, was vielseitige Installationsm\u00f6glichkeiten bietet.<\/li>\n<li><strong>Gewichtskapazit\u00e4t:<\/strong> Entwickelt, um mit nur zwei Scharnieren bis zu 40 kg zu tragen, bietet es zuverl\u00e4ssige Stabilit\u00e4t f\u00fcr schwerere Glast\u00fcren.<\/li>\n<li><strong>Verf\u00fcgbare Ausf\u00fchrungen:<\/strong> Erh\u00e4ltlich in verschiedenen Ausf\u00fchrungen, darunter gl\u00e4nzendes Chrom, goldenes, poliertes Messing, satiniertes Nickel und mattes Schwarz, um Ihr Badezimmerdekor perfekt zu erg\u00e4nzen.<\/li>\n<li><strong>Qualit\u00e4tssicherung:<\/strong> Es wird strengen Tests unterzogen, einschlie\u00dflich eines 48-st\u00fcndigen Salzspr\u00fchnebeltests und \u00fcber 50.000 \u00d6ffnungs- und Schlie\u00dfzyklen, um erstklassige Leistung und Langlebigkeit zu gew\u00e4hrleisten.<\/li>\n<li><strong>Einfache Installation:<\/strong> Wird mit PVC- oder asbestfreien Dichtungen (1mm\/2mm f\u00fcr 4 oder 6 St\u00fcck) und allen erforderlichen Befestigungselementen geliefert, was eine einfache und problemlose Installation erm\u00f6glicht.<\/li>\n<li><strong>Verpackung:<\/strong> Sicher verpackt in einem PE-Schaumbeutel, einem wei\u00dfen Innenkarton und einem Schutzkarton, um eine sichere Lieferung zu gew\u00e4hrleisten.<\/li>\n<li><strong>Anpassungen:<\/strong> OEM- und ODM-Services stehen zur Verf\u00fcgung, um das Scharnier an die spezifischen Bed\u00fcrfnisse und W\u00fcnsche des Kunden anzupassen.<\/li>\n<\/ul>\n<p>Werten Sie Ihr Badezimmer mit dem P402A Bogenscharnier aus schwerem Messing auf, das sowohl \u00e4sthetisch ansprechend als auch zuverl\u00e4ssig f\u00fcr Ihre Glasduscht\u00fcren ist.<\/p>\n<p><!-- notionvc: 3c544fa0-5063-4a7c-8fc1-49bf23ee86be --><\/p>\n<p><!-- notionvc: 547ba3ce-2d6e-42fb-a776-a983528e5523 --><\/p>","protected":false},"excerpt":{"rendered":"<ul>\n<li>Scharnier Typ: Glas-Glas-Scharnier<\/li>\n<li>Material: Messing massiv<\/li>\n<li>Gr\u00f6\u00dfe: 104*70mm<\/li>\n<li>Glasdicke: 8mm(5\/16\u2033) bis 12mm(1\/2\u2033) flaches geh\u00e4rtetes Glas<\/li>\n<li>Funktion: T\u00fcr schwenkt um 90\u00b0 ein\/aus<\/li>\n<li>Ausf\u00fchrungen: Glanzchrom\/Gold\/Messing poliert\/Mattnickel\/Mattschwarz, usw.<\/li>\n<\/ul>","protected":false},"featured_media":3194,"comment_status":"open","ping_status":"closed","template":"","meta":{"_acf_changed":false},"product_brand":[],"product_cat":[20,22],"product_tag":[171],"class_list":{"0":"post-3193","1":"product","2":"type-product","3":"status-publish","4":"has-post-thumbnail","6":"product_cat-shower-door-hinges","7":"product_cat-glass-to-glass-hinges","8":"product_tag-glass-to-glass-hinges","9":"pa_finish-brushed-nickel","10":"pa_finish-chrome","11":"pa_finish-gold","12":"pa_finish-gun-metal","13":"pa_finish-black","14":"pa_glass-thickness-8-12mm","15":"pa_load-bearing-2-hinges-maximum-loading-40kgs","16":"pa_material-brass","18":"first","19":"instock","20":"taxable","21":"shipping-taxable","22":"product-type-simple"},"acf":[],"_links":{"self":[{"href":"https:\/\/showerglasshardware.com\/de-de\/wp-json\/wp\/v2\/product\/3193","targetHints":{"allow":["GET"]}}],"collection":[{"href":"https:\/\/showerglasshardware.com\/de-de\/wp-json\/wp\/v2\/product"}],"about":[{"href":"https:\/\/showerglasshardware.com\/de-de\/wp-json\/wp\/v2\/types\/product"}],"replies":[{"embeddable":true,"href":"https:\/\/showerglasshardware.com\/de-de\/wp-json\/wp\/v2\/comments?post=3193"}],"version-history":[{"count":5,"href":"https:\/\/showerglasshardware.com\/de-de\/wp-json\/wp\/v2\/product\/3193\/revisions"}],"predecessor-version":[{"id":3643,"href":"https:\/\/showerglasshardware.com\/de-de\/wp-json\/wp\/v2\/product\/3193\/revisions\/3643"}],"wp:featuredmedia":[{"embeddable":true,"href":"https:\/\/showerglasshardware.com\/de-de\/wp-json\/wp\/v2\/media\/3194"}],"wp:attachment":[{"href":"https:\/\/showerglasshardware.com\/de-de\/wp-json\/wp\/v2\/media?parent=3193"}],"wp:term":[{"taxonomy":"product_brand","embeddable":true,"href":"https:\/\/showerglasshardware.com\/de-de\/wp-json\/wp\/v2\/product_brand?post=3193"},{"taxonomy":"product_cat","embeddable":true,"href":"https:\/\/showerglasshardware.com\/de-de\/wp-json\/wp\/v2\/product_cat?post=3193"},{"taxonomy":"product_tag","embeddable":true,"href":"https:\/\/showerglasshardware.com\/de-de\/wp-json\/wp\/v2\/product_tag?post=3193"}],"curies":[{"name":"wp","href":"https:\/\/api.w.org\/{rel}","templated":true}]}}