{"id":3201,"date":"2024-08-21T02:25:30","date_gmt":"2024-08-21T02:25:30","guid":{"rendered":"https:\/\/showerglasshardware.com\/?post_type=product&#038;p=3201"},"modified":"2025-11-21T08:04:21","modified_gmt":"2025-11-21T08:04:21","slug":"heavy-duty-180-degree-flat-brass-glass-to-glass-pivot-hinge-p603h","status":"publish","type":"product","link":"https:\/\/showerglasshardware.com\/de-de\/product\/heavy-duty-180-degree-flat-brass-glass-to-glass-pivot-hinge-p603h\/","title":{"rendered":"Hochbelastbares 180-Grad-Flachmessing-Glas-Gelenkscharnier - P603H"},"content":{"rendered":"<p>Das flache 180-Grad-Scharnier P603H ist aus massivem Messing gefertigt und garantiert Langlebigkeit und Eleganz f\u00fcr Ihre Duschkabinent\u00fcren. Dieses Scharnier unterst\u00fctzt sanfte 90\u00b0-Schwenkungen nach au\u00dfen und ist f\u00fcr T\u00fcren mit einem Gewicht von bis zu 40 kg ausgelegt, was es zu einer zuverl\u00e4ssigen Wahl f\u00fcr rahmenlose Duschkabinen macht.<\/p>\n<p>Hauptmerkmale:<\/p>\n<ul>\n<li><strong>Material:<\/strong> Sie sind aus massivem Messing gefertigt und zeichnen sich durch hohe Festigkeit, Langlebigkeit und Korrosionsbest\u00e4ndigkeit aus, so dass die hochwertige Oberfl\u00e4che lange h\u00e4lt.<\/li>\n<li><strong>Gr\u00f6\u00dfe:<\/strong> Mit den Ma\u00dfen 134 x 36 mm ist es f\u00fcr Glasdicken von 8 mm (5\/16\u2033) bis 12 mm (1\/2\u2033) geh\u00e4rtetes Flachglas geeignet und bietet somit eine gro\u00dfe Flexibilit\u00e4t bei der Installation.<\/li>\n<li><strong>Gewichtskapazit\u00e4t:<\/strong> Er kann Glast\u00fcren bis zu 40 kg mit nur zwei Scharnieren tragen und sorgt f\u00fcr einen stabilen und sicheren T\u00fcrbetrieb.<\/li>\n<li><strong>Verf\u00fcgbare Ausf\u00fchrungen:<\/strong> Erh\u00e4ltlich in einer Vielzahl von Ausf\u00fchrungen, darunter gl\u00e4nzendes Chrom, goldenes, poliertes Messing, satiniertes Nickel und mattes Schwarz, so dass sie sich nahtlos in Ihr Baddesign integrieren lassen.<\/li>\n<li><strong>\u00dcberlegene Qualit\u00e4t:<\/strong> Wird einem strengen 48-st\u00fcndigen Salzspr\u00fchnebeltest und \u00fcber 50.000 \u00d6ffnungs- und Schlie\u00dfzyklen unterzogen und \u00fcbertrifft damit die Industriestandards f\u00fcr Haltbarkeit.<\/li>\n<li><strong>Einfache Installation:<\/strong> Im Lieferumfang sind PVC- oder asbestfreie Dichtungen (1mm\/2mm f\u00fcr 4 oder 6 St\u00fcck) und alle erforderlichen Befestigungsmittel enthalten, so dass der Einbau reibungslos und einfach vonstatten geht.<\/li>\n<li><strong>Verpackung:<\/strong> Sorgf\u00e4ltig verpackt in einem PE-Schaumbeutel, einem wei\u00dfen Innenkarton und einem Schutzkarton, um eine sichere Lieferung zu gew\u00e4hrleisten.<\/li>\n<li><strong>Anpassungen:<\/strong> OEM- und ODM-Optionen sind verf\u00fcgbar, um spezifische Kundenanforderungen und -pr\u00e4ferenzen zu erf\u00fcllen.<\/li>\n<\/ul>\n<p>Erweitern Sie Ihren Duschraum mit dem P603H, einem hochbelastbaren, flachen Messingscharnier, das robuste Funktionalit\u00e4t mit zeitloser Eleganz verbindet und so f\u00fcr ein nahtloses Badeerlebnis sorgt.<\/p>","protected":false},"excerpt":{"rendered":"<ul>\n<li>Scharnier Typ: Glas-Glas-Scharniere<\/li>\n<li>Material: Messing massiv<\/li>\n<li>Gr\u00f6\u00dfe: 134*36mm<\/li>\n<li>Glasdicke: 8mm(5\/16\u2033) bis 12mm(1\/2\u2033) flaches geh\u00e4rtetes Glas<\/li>\n<li>Funktion: T\u00fcr schwenkt um 90\u00b0 aus<\/li>\n<li>Ausf\u00fchrungen: Glanzchrom\/Gold\/Messing poliert\/Mattnickel\/Mattschwarz, usw.<\/li>\n<\/ul>","protected":false},"featured_media":3202,"comment_status":"open","ping_status":"closed","template":"","meta":{"_acf_changed":false},"product_brand":[],"product_cat":[20,22],"product_tag":[171],"class_list":{"0":"post-3201","1":"product","2":"type-product","3":"status-publish","4":"has-post-thumbnail","6":"product_cat-shower-door-hinges","7":"product_cat-glass-to-glass-hinges","8":"product_tag-glass-to-glass-hinges","9":"pa_finish-brushed-nickel","10":"pa_finish-chrome","11":"pa_finish-gold","12":"pa_finish-gun-metal","13":"pa_finish-black","14":"pa_glass-thickness-8-12mm","15":"pa_load-bearing-2-hinges-maximum-loading-40kgs","16":"pa_material-brass","18":"first","19":"instock","20":"taxable","21":"shipping-taxable","22":"product-type-simple"},"acf":[],"_links":{"self":[{"href":"https:\/\/showerglasshardware.com\/de-de\/wp-json\/wp\/v2\/product\/3201","targetHints":{"allow":["GET"]}}],"collection":[{"href":"https:\/\/showerglasshardware.com\/de-de\/wp-json\/wp\/v2\/product"}],"about":[{"href":"https:\/\/showerglasshardware.com\/de-de\/wp-json\/wp\/v2\/types\/product"}],"replies":[{"embeddable":true,"href":"https:\/\/showerglasshardware.com\/de-de\/wp-json\/wp\/v2\/comments?post=3201"}],"version-history":[{"count":2,"href":"https:\/\/showerglasshardware.com\/de-de\/wp-json\/wp\/v2\/product\/3201\/revisions"}],"predecessor-version":[{"id":3642,"href":"https:\/\/showerglasshardware.com\/de-de\/wp-json\/wp\/v2\/product\/3201\/revisions\/3642"}],"wp:featuredmedia":[{"embeddable":true,"href":"https:\/\/showerglasshardware.com\/de-de\/wp-json\/wp\/v2\/media\/3202"}],"wp:attachment":[{"href":"https:\/\/showerglasshardware.com\/de-de\/wp-json\/wp\/v2\/media?parent=3201"}],"wp:term":[{"taxonomy":"product_brand","embeddable":true,"href":"https:\/\/showerglasshardware.com\/de-de\/wp-json\/wp\/v2\/product_brand?post=3201"},{"taxonomy":"product_cat","embeddable":true,"href":"https:\/\/showerglasshardware.com\/de-de\/wp-json\/wp\/v2\/product_cat?post=3201"},{"taxonomy":"product_tag","embeddable":true,"href":"https:\/\/showerglasshardware.com\/de-de\/wp-json\/wp\/v2\/product_tag?post=3201"}],"curies":[{"name":"wp","href":"https:\/\/api.w.org\/{rel}","templated":true}]}}