{"id":3209,"date":"2024-08-21T03:09:08","date_gmt":"2024-08-21T03:09:08","guid":{"rendered":"https:\/\/showerglasshardware.com\/?post_type=product&#038;p=3209"},"modified":"2025-11-21T08:02:21","modified_gmt":"2025-11-21T08:02:21","slug":"brass-circular-lift-hinge-for-shower-glass-door-rd203l","status":"publish","type":"product","link":"https:\/\/showerglasshardware.com\/de-de\/product\/brass-circular-lift-hinge-for-shower-glass-door-rd203l\/","title":{"rendered":"Kreisf\u00f6rmiges Hebescharnier aus Messing f\u00fcr Duschglast\u00fcren - RD203L"},"content":{"rendered":"<p>Erh\u00f6hen Sie Ihr Duschdesign mit dem RD203L Rundscharnier aus Messing f\u00fcr Glast\u00fcren, das sorgf\u00e4ltig f\u00fcr Glas-zu-Glas-Installationen hergestellt wurde. Dieses Scharnier wurde entwickelt, um glatte 180\u00b0-T\u00fcrschw\u00fcnge zu gew\u00e4hrleisten und ist daher ideal f\u00fcr flache Hartglast\u00fcren mit einer Dicke von 8 mm (5\/16\u2033) bis 12 mm (1\/2\u2033).<\/p>\n<p>Hauptmerkmale:<\/p>\n<ul>\n<li><strong>Material:<\/strong> Dieses runde Scharnier ist aus hochwertigem, massivem Messing gefertigt und bietet un\u00fcbertroffene Haltbarkeit, St\u00e4rke und ein elegantes Finish, das sich perfekt f\u00fcr moderne und klassische Badezimmerdesigns eignet.<\/li>\n<li><strong>Gr\u00f6\u00dfe:<\/strong> Das Scharnier hat die Ma\u00dfe 80x80mm und ist damit eine kompakte und dennoch effektive L\u00f6sung f\u00fcr Duscht\u00fcrinstallationen von Glas zu Glas.<\/li>\n<li><strong>Glaskompatibilit\u00e4t:<\/strong> Entwickelt f\u00fcr die Verwendung mit flachem, geh\u00e4rtetem Glas mit einer St\u00e4rke zwischen 8 mm und 12 mm, was Flexibilit\u00e4t f\u00fcr verschiedene Duschkonfigurationen bietet.<\/li>\n<li><strong>Funktion:<\/strong> Erm\u00f6glicht das Ausschwenken der T\u00fcr um 180\u00b0 und sorgt so f\u00fcr einen bequemen Zugang und ein nahtloses Duscherlebnis.<\/li>\n<li><strong>Gewichtskapazit\u00e4t:<\/strong> Tr\u00e4gt ein maximales T\u00fcrgewicht von 35 kg bei Verwendung von zwei Scharnieren und gew\u00e4hrleistet eine sichere und stabile Installation.<\/li>\n<li><strong>Verf\u00fcgbare Ausf\u00fchrungen:<\/strong> W\u00e4hlen Sie aus einer Reihe von Oberfl\u00e4chen, darunter gl\u00e4nzendes Chrom, goldenes, poliertes Messing, satiniertes Nickel und mattes Schwarz, passend zu Ihrem Badezimmerdekor.<\/li>\n<li><strong>Qualit\u00e4tssicherung:<\/strong> Jedes Scharnier wird strengen Tests unterzogen, darunter 48 Stunden Salzspr\u00fchnebelbest\u00e4ndigkeit und \u00fcber 50.000 \u00d6ffnungs- und Schlie\u00dfzyklen, um eine dauerhafte Leistung und Zuverl\u00e4ssigkeit zu gew\u00e4hrleisten.<\/li>\n<li><strong>Einfache Installation:<\/strong> Inklusive aller erforderlichen Dichtungen und Befestigungen, verpackt in einem sch\u00fctzenden PE-Schaumstoffbeutel, einem wei\u00dfen Innenkarton und einem Umkarton, f\u00fcr einen problemlosen Aufbau.<\/li>\n<\/ul>\n<p>Verbessern Sie die Funktionalit\u00e4t und \u00c4sthetik Ihrer Dusche mit dem runden Liftscharnier RD203L aus Messing, das eine stilvolle und dauerhafte L\u00f6sung f\u00fcr Ihre Glas-Glas-Duscht\u00fcr darstellt.<\/p>","protected":false},"excerpt":{"rendered":"<ul>\n<li>Scharnier Typ: Glas-Glas-Scharniere<\/li>\n<li>Material: Messing massiv<\/li>\n<li>Gr\u00f6\u00dfe: 80*80mm<\/li>\n<li>Glasdicke: 8mm(5\/16\u2033) bis 12mm(1\/2\u2033) flaches geh\u00e4rtetes Glas<\/li>\n<li>Funktion: T\u00fcr schwenkt um 180\u00b0 aus<\/li>\n<li>Ausf\u00fchrungen: Glanzchrom\/Gold\/Messing poliert\/Mattnickel\/Mattschwarz, usw.<\/li>\n<\/ul>","protected":false},"featured_media":3212,"comment_status":"open","ping_status":"closed","template":"","meta":{"_acf_changed":false},"product_brand":[],"product_cat":[20,22],"product_tag":[171],"class_list":{"0":"post-3209","1":"product","2":"type-product","3":"status-publish","4":"has-post-thumbnail","6":"product_cat-shower-door-hinges","7":"product_cat-glass-to-glass-hinges","8":"product_tag-glass-to-glass-hinges","9":"pa_finish-brushed-nickel","10":"pa_finish-chrome","11":"pa_finish-gold","12":"pa_finish-gun-metal","13":"pa_finish-black","14":"pa_glass-thickness-8-12mm","15":"pa_load-bearing-35kg-2pcs","16":"pa_material-brass","18":"first","19":"instock","20":"taxable","21":"shipping-taxable","22":"product-type-simple"},"acf":[],"_links":{"self":[{"href":"https:\/\/showerglasshardware.com\/de-de\/wp-json\/wp\/v2\/product\/3209","targetHints":{"allow":["GET"]}}],"collection":[{"href":"https:\/\/showerglasshardware.com\/de-de\/wp-json\/wp\/v2\/product"}],"about":[{"href":"https:\/\/showerglasshardware.com\/de-de\/wp-json\/wp\/v2\/types\/product"}],"replies":[{"embeddable":true,"href":"https:\/\/showerglasshardware.com\/de-de\/wp-json\/wp\/v2\/comments?post=3209"}],"version-history":[{"count":3,"href":"https:\/\/showerglasshardware.com\/de-de\/wp-json\/wp\/v2\/product\/3209\/revisions"}],"predecessor-version":[{"id":3640,"href":"https:\/\/showerglasshardware.com\/de-de\/wp-json\/wp\/v2\/product\/3209\/revisions\/3640"}],"wp:featuredmedia":[{"embeddable":true,"href":"https:\/\/showerglasshardware.com\/de-de\/wp-json\/wp\/v2\/media\/3212"}],"wp:attachment":[{"href":"https:\/\/showerglasshardware.com\/de-de\/wp-json\/wp\/v2\/media?parent=3209"}],"wp:term":[{"taxonomy":"product_brand","embeddable":true,"href":"https:\/\/showerglasshardware.com\/de-de\/wp-json\/wp\/v2\/product_brand?post=3209"},{"taxonomy":"product_cat","embeddable":true,"href":"https:\/\/showerglasshardware.com\/de-de\/wp-json\/wp\/v2\/product_cat?post=3209"},{"taxonomy":"product_tag","embeddable":true,"href":"https:\/\/showerglasshardware.com\/de-de\/wp-json\/wp\/v2\/product_tag?post=3209"}],"curies":[{"name":"wp","href":"https:\/\/api.w.org\/{rel}","templated":true}]}}