{"id":3418,"date":"2024-09-26T03:28:06","date_gmt":"2024-09-26T03:28:06","guid":{"rendered":"https:\/\/showerglasshardware.com\/?post_type=product&#038;p=3418"},"modified":"2025-12-01T09:11:19","modified_gmt":"2025-12-01T09:11:19","slug":"frameless-shower-door-hardware-kit","status":"publish","type":"product","link":"https:\/\/showerglasshardware.com\/de-de\/product\/frameless-shower-door-hardware-kit\/","title":{"rendered":"Rahmenloses Duschdoor-Beschlagsatz"},"content":{"rendered":"<p>Verwandeln Sie Ihr Badezimmer mit unserem Set f\u00fcr rahmenlose Duschdoor-Beschl\u00e4ge, das f\u00fcr St\u00e4rke und Stil konzipiert ist. Dieses All-in-One-Set enth\u00e4lt hochwertige Messingkomponenten, die Langlebigkeit und Korrosionsbest\u00e4ndigkeit gew\u00e4hrleisten.<\/p>\n<p><strong>Was ist enthalten:<\/strong><\/p>\n<ul>\n<li><strong>3 Glasbeschl\u00e4ge:<\/strong> 2-Zoll quadratische Beschl\u00e4ge halten Ihre Glasplatten sicher an ihrem Platz.<\/li>\n<li><strong>2 leise 90-Grad-Schaniere:<\/strong> Entwickelt f\u00fcr einen reibungslosen Betrieb mit einem automatischen Schlie\u00dfmechanismus, der ein leises und effizientes \u00d6ffnen und Schlie\u00dfen innerhalb eines Winkels von +25 bis -25 Grad erm\u00f6glicht.<\/li>\n<li><strong>1 Duschdoorgriff von beiden Seiten:<\/strong> Bietet einen eleganten und modernen Akzent f\u00fcr Ihre Duschdoor.<\/li>\n<\/ul>\n<p><em>Wenn Sie andere Kombinationspakete ben\u00f6tigen, k\u00f6nnen Sie <a href=\"https:\/\/showerglasshardware.com\/de-de\/contact\/\"><strong>kontaktiere uns<\/strong><\/a><\/em><\/p>\n<p><strong>Hauptmerkmale:<\/strong><\/p>\n<ul>\n<li><strong>Schweres Glasunterst\u00fctzung:<\/strong> Dieses Set kann bis zu 200 lbs unterst\u00fctzen und ist perfekt f\u00fcr 5\/16\u2033 bis 3\/8\u2033 dickes Glas, was es ideal f\u00fcr gr\u00f6\u00dfere, ma\u00dfgeschneiderte Duschdoors macht.<\/li>\n<li><strong>Umfassendes Kit:<\/strong> Enth\u00e4lt alle erforderlichen Komponenten f\u00fcr den nahtlosen Aufbau einer rahmenlosen, drehbaren Duscht\u00fcr.<\/li>\n<li><strong>Einfache Installation:<\/strong> Das von Bauherren genehmigte Design sorgt f\u00fcr eine unkomplizierte Installation und h\u00e4lt Ihre ma\u00dfgeschneiderte Duschdoor stabil und sicher.<\/li>\n<\/ul>\n<figure id=\"attachment_3425\" aria-describedby=\"caption-attachment-3425\" style=\"width: 214px\" class=\"wp-caption alignnone\"><a href=\"https:\/\/showerglasshardware.com\/wp-content\/uploads\/2024\/09\/Frameless-Shower-Door-Hardware-Kit-Install.jpg\"><img fetchpriority=\"high\" decoding=\"async\" class=\"wp-image-3425 size-medium\" src=\"https:\/\/showerglasshardware.com\/wp-content\/uploads\/2024\/09\/Frameless-Shower-Door-Hardware-Kit-Install-214x300.jpg\" alt=\"\" width=\"214\" height=\"300\" title=\"\" srcset=\"https:\/\/showerglasshardware.com\/wp-content\/uploads\/2024\/09\/Frameless-Shower-Door-Hardware-Kit-Install-214x300.jpg 214w, https:\/\/showerglasshardware.com\/wp-content\/uploads\/2024\/09\/Frameless-Shower-Door-Hardware-Kit-Install-9x12.jpg 9w, https:\/\/showerglasshardware.com\/wp-content\/uploads\/2024\/09\/Frameless-Shower-Door-Hardware-Kit-Install.jpg 277w\" sizes=\"(max-width: 214px) 100vw, 214px\" \/><\/a><figcaption id=\"caption-attachment-3425\" class=\"wp-caption-text\">H\u00e4ufig verwendet in Inline-Duschabtrennungen<\/figcaption><\/figure>\n<p>&nbsp;<\/p>\n<p>Erh\u00f6hen Sie Ihr Badezimmer mit diesem vielseitigen und stilvollen Hardware-Kit f\u00fcr rahmenlose Duschdoors, das die perfekte Kombination aus Funktion und \u00e4sthetischer Anziehungskraft bietet.<\/p>","protected":false},"excerpt":{"rendered":"<p>Dieses umfassende Set f\u00fcr beschlaglose Duschdoor enth\u00e4lt 3 Glasbeschl\u00e4ge, 2 leise 90-Grad-Schaniere und einen r\u00fcckseitig angebrachten Griff, der f\u00fcr Langlebigkeit und einfache Installation konzipiert ist.<\/p>","protected":false},"featured_media":3426,"comment_status":"open","ping_status":"closed","template":"","meta":{"_acf_changed":false},"product_brand":[],"product_cat":[20],"product_tag":[],"class_list":{"0":"post-3418","1":"product","2":"type-product","3":"status-publish","4":"has-post-thumbnail","6":"product_cat-shower-door-hinges","7":"pa_finish-brushed-nickel","8":"pa_finish-chrome","9":"pa_finish-gold","10":"pa_finish-gun-metal","11":"pa_finish-black","12":"pa_glass-thickness-8-10mm-0-32-0-39","13":"pa_material-304-stainless-steel","14":"pa_material-brass","16":"first","17":"instock","18":"product-type-variable"},"acf":[],"_links":{"self":[{"href":"https:\/\/showerglasshardware.com\/de-de\/wp-json\/wp\/v2\/product\/3418","targetHints":{"allow":["GET"]}}],"collection":[{"href":"https:\/\/showerglasshardware.com\/de-de\/wp-json\/wp\/v2\/product"}],"about":[{"href":"https:\/\/showerglasshardware.com\/de-de\/wp-json\/wp\/v2\/types\/product"}],"replies":[{"embeddable":true,"href":"https:\/\/showerglasshardware.com\/de-de\/wp-json\/wp\/v2\/comments?post=3418"}],"version-history":[{"count":3,"href":"https:\/\/showerglasshardware.com\/de-de\/wp-json\/wp\/v2\/product\/3418\/revisions"}],"predecessor-version":[{"id":3432,"href":"https:\/\/showerglasshardware.com\/de-de\/wp-json\/wp\/v2\/product\/3418\/revisions\/3432"}],"wp:featuredmedia":[{"embeddable":true,"href":"https:\/\/showerglasshardware.com\/de-de\/wp-json\/wp\/v2\/media\/3426"}],"wp:attachment":[{"href":"https:\/\/showerglasshardware.com\/de-de\/wp-json\/wp\/v2\/media?parent=3418"}],"wp:term":[{"taxonomy":"product_brand","embeddable":true,"href":"https:\/\/showerglasshardware.com\/de-de\/wp-json\/wp\/v2\/product_brand?post=3418"},{"taxonomy":"product_cat","embeddable":true,"href":"https:\/\/showerglasshardware.com\/de-de\/wp-json\/wp\/v2\/product_cat?post=3418"},{"taxonomy":"product_tag","embeddable":true,"href":"https:\/\/showerglasshardware.com\/de-de\/wp-json\/wp\/v2\/product_tag?post=3418"}],"curies":[{"name":"wp","href":"https:\/\/api.w.org\/{rel}","templated":true}]}}