{"id":3720,"date":"2024-11-05T03:30:29","date_gmt":"2024-11-05T03:30:29","guid":{"rendered":"https:\/\/showerglasshardware.com\/?post_type=product&#038;p=3720"},"modified":"2025-08-11T05:41:31","modified_gmt":"2025-08-11T05:41:31","slug":"shower-door-bottom-seal-1-4-inch-glass","status":"publish","type":"product","link":"https:\/\/showerglasshardware.com\/de-de\/product\/shower-door-bottom-seal-1-4-inch-glass\/","title":{"rendered":"Duscht\u00fcr-Bodendichtung f\u00fcr 1\/4 Zoll Glas"},"content":{"rendered":"<p data-start=\"430\" data-end=\"683\">Die Bodendichtung f\u00fcr Duscht\u00fcren aus 1\/4 Zoll Glas wurde entwickelt, um eine sichere und effektive Wasserbarriere f\u00fcr rahmenlose Duscht\u00fcren aus Glas zu schaffen. Sie passt auf 1\/4\u2033 (6mm), 3\/8\u2033 (8mm) und 1\/2\u2033 (12mm) Glas und ist somit eine vielseitige Wahl f\u00fcr verschiedene Duschkabinendesigns.<\/p>\n<p data-start=\"685\" data-end=\"955\">Diese Bodendichtung aus hochwertigem PVC oder Vinyl hilft, Lecks und Spritzer zu verhindern, indem sie das Wasser zur\u00fcck in den Duschbereich leitet. Sie ist ideal, um verschlissene oder besch\u00e4digte Dichtungen zu ersetzen, und l\u00e4sst sich leicht und ohne Klebstoffe installieren - einfach auf das Glas schieben oder einrasten.<\/p>\n<p data-start=\"957\" data-end=\"976\"><strong data-start=\"957\" data-end=\"974\">Hauptmerkmale:<\/strong><\/p>\n<ul data-start=\"977\" data-end=\"1292\">\n<li data-start=\"977\" data-end=\"1033\">\n<p data-start=\"979\" data-end=\"1033\"><strong data-start=\"979\" data-end=\"992\">Material:<\/strong> Strapazierf\u00e4higes PVC\/Vinyl f\u00fcr eine lange Nutzungsdauer<\/p>\n<\/li>\n<li data-start=\"1034\" data-end=\"1085\">\n<p data-start=\"1036\" data-end=\"1085\"><strong data-start=\"1036\" data-end=\"1049\">Funktion:<\/strong> Verhindert Wasserlecks und Spritzer<\/p>\n<\/li>\n<li data-start=\"1086\" data-end=\"1144\">\n<p data-start=\"1088\" data-end=\"1144\"><strong data-start=\"1088\" data-end=\"1112\">Glaskompatibilit\u00e4t:<\/strong> Passend f\u00fcr 6mm, 8mm und 12mm Glas<\/p>\n<\/li>\n<li data-start=\"1145\" data-end=\"1204\">\n<p data-start=\"1147\" data-end=\"1204\"><strong data-start=\"1147\" data-end=\"1169\">Einfache Installation:<\/strong> Aufschiebbar oder einrastbar ohne Klebstoff<\/p>\n<\/li>\n<li data-start=\"1205\" data-end=\"1292\">\n<p data-start=\"1207\" data-end=\"1292\"><strong data-start=\"1207\" data-end=\"1224\">Anwendungen:<\/strong> Rahmenlose Duscht\u00fcren aus Glas in Wohn- und Gesch\u00e4ftsr\u00e4umen<\/p>\n<\/li>\n<\/ul>\n<p data-start=\"1294\" data-end=\"1315\"><strong data-start=\"1294\" data-end=\"1313\">Spezifikationen:<\/strong><\/p>\n<ul data-start=\"1316\" data-end=\"1533\">\n<li data-start=\"1316\" data-end=\"1353\">\n<p data-start=\"1318\" data-end=\"1353\"><strong data-start=\"1318\" data-end=\"1327\">Typ:<\/strong> Untere Dichtung der Duscht\u00fcr<\/p>\n<\/li>\n<li data-start=\"1354\" data-end=\"1381\">\n<p data-start=\"1356\" data-end=\"1381\"><strong data-start=\"1356\" data-end=\"1369\">Material:<\/strong> PVC\/Vinyl<\/p>\n<\/li>\n<li data-start=\"1382\" data-end=\"1447\">\n<p data-start=\"1384\" data-end=\"1447\"><strong data-start=\"1384\" data-end=\"1409\">Passt zur Glasdicke:<\/strong> 1\/4\u2033 (6mm), 3\/8\u2033 (8mm), 1\/2\u2033 (12mm)<\/p>\n<\/li>\n<li data-start=\"1448\" data-end=\"1490\">\n<p data-start=\"1450\" data-end=\"1490\"><strong data-start=\"1450\" data-end=\"1463\">Funktion:<\/strong> Verhinderung von Wasserlecks<\/p>\n<\/li>\n<li data-start=\"1491\" data-end=\"1533\">\n<p data-start=\"1493\" data-end=\"1533\"><strong data-start=\"1493\" data-end=\"1510\">Einbau:<\/strong> Kein Klebstoff erforderlich<\/p>\n<\/li>\n<\/ul>","protected":false},"excerpt":{"rendered":"<ul>\n<li>Duscht\u00fcr-Bodendichtung f\u00fcr 1\/4 Zoll Glas<\/li>\n<li>F\u00fcr die Bodendichtung der Duschglast\u00fcr;<\/li>\n<li>Geeignetes Glas 1\/4, 3\/8, 1\/2 oder (6mm, 8mm, 10mm, 12mm);<\/li>\n<\/ul>","protected":false},"featured_media":3721,"comment_status":"open","ping_status":"closed","template":"","meta":{"_acf_changed":false},"product_brand":[],"product_cat":[152,114],"product_tag":[],"class_list":{"0":"post-3720","1":"product","2":"type-product","3":"status-publish","4":"has-post-thumbnail","6":"product_cat-drip-rail-seal","7":"product_cat-shower-door-seals","8":"pa_glass-thickness-6-12mm","9":"pa_material-vinyl","11":"first","12":"instock","13":"taxable","14":"shipping-taxable","15":"product-type-simple"},"acf":[],"_links":{"self":[{"href":"https:\/\/showerglasshardware.com\/de-de\/wp-json\/wp\/v2\/product\/3720","targetHints":{"allow":["GET"]}}],"collection":[{"href":"https:\/\/showerglasshardware.com\/de-de\/wp-json\/wp\/v2\/product"}],"about":[{"href":"https:\/\/showerglasshardware.com\/de-de\/wp-json\/wp\/v2\/types\/product"}],"replies":[{"embeddable":true,"href":"https:\/\/showerglasshardware.com\/de-de\/wp-json\/wp\/v2\/comments?post=3720"}],"version-history":[{"count":3,"href":"https:\/\/showerglasshardware.com\/de-de\/wp-json\/wp\/v2\/product\/3720\/revisions"}],"predecessor-version":[{"id":4583,"href":"https:\/\/showerglasshardware.com\/de-de\/wp-json\/wp\/v2\/product\/3720\/revisions\/4583"}],"wp:featuredmedia":[{"embeddable":true,"href":"https:\/\/showerglasshardware.com\/de-de\/wp-json\/wp\/v2\/media\/3721"}],"wp:attachment":[{"href":"https:\/\/showerglasshardware.com\/de-de\/wp-json\/wp\/v2\/media?parent=3720"}],"wp:term":[{"taxonomy":"product_brand","embeddable":true,"href":"https:\/\/showerglasshardware.com\/de-de\/wp-json\/wp\/v2\/product_brand?post=3720"},{"taxonomy":"product_cat","embeddable":true,"href":"https:\/\/showerglasshardware.com\/de-de\/wp-json\/wp\/v2\/product_cat?post=3720"},{"taxonomy":"product_tag","embeddable":true,"href":"https:\/\/showerglasshardware.com\/de-de\/wp-json\/wp\/v2\/product_tag?post=3720"}],"curies":[{"name":"wp","href":"https:\/\/api.w.org\/{rel}","templated":true}]}}